{"id":17734,"date":"2025-10-18T21:23:18","date_gmt":"2025-10-18T13:23:18","guid":{"rendered":"https:\/\/green-grasshopper-921422.hostingersite.com\/?post_type=product&#038;p=17734"},"modified":"2026-03-31T04:20:39","modified_gmt":"2026-03-31T02:20:39","slug":"razz-bar-crystal-10000-puffs-zero-nicotine-vape","status":"publish","type":"product","link":"https:\/\/agoravape.com\/fr\/product\/razz-bar-crystal-10000-puffs-zero-nicotine-vape\/","title":{"rendered":"Razz bar crystal 10K Puffs 0% Nicotine Free Vape | Saveur intense, z\u00e9ro nicotine"},"content":{"rendered":"<h2 data-v-md-heading=\"what-s-special-about-the-razz-bar-crystal-10k-0-nicotine-free-vape\" data-v-md-line=\"3\"><img loading=\"lazy\" decoding=\"async\" class=\"aligncenter size-full wp-image-17759\" src=\"https:\/\/agoravape.com\/wp-content\/uploads\/2025\/10\/Razz-bar-crystal-10K-Puffs-0-Nicotine-Free-Vape_Agora_vape-9.webp\" alt=\"\" width=\"2000\" height=\"2000\" srcset=\"https:\/\/agoravape.com\/wp-content\/uploads\/2025\/10\/Razz-bar-crystal-10K-Puffs-0-Nicotine-Free-Vape_Agora_vape-9.webp 2000w, https:\/\/agoravape.com\/wp-content\/uploads\/2025\/10\/Razz-bar-crystal-10K-Puffs-0-Nicotine-Free-Vape_Agora_vape-9-600x600.webp 600w, https:\/\/agoravape.com\/wp-content\/uploads\/2025\/10\/Razz-bar-crystal-10K-Puffs-0-Nicotine-Free-Vape_Agora_vape-9-1200x1200.webp 1200w, https:\/\/agoravape.com\/wp-content\/uploads\/2025\/10\/Razz-bar-crystal-10K-Puffs-0-Nicotine-Free-Vape_Agora_vape-9-300x300.webp 300w, https:\/\/agoravape.com\/wp-content\/uploads\/2025\/10\/Razz-bar-crystal-10K-Puffs-0-Nicotine-Free-Vape_Agora_vape-9-1024x1024.webp 1024w, https:\/\/agoravape.com\/wp-content\/uploads\/2025\/10\/Razz-bar-crystal-10K-Puffs-0-Nicotine-Free-Vape_Agora_vape-9-150x150.webp 150w, https:\/\/agoravape.com\/wp-content\/uploads\/2025\/10\/Razz-bar-crystal-10K-Puffs-0-Nicotine-Free-Vape_Agora_vape-9-768x768.webp 768w, https:\/\/agoravape.com\/wp-content\/uploads\/2025\/10\/Razz-bar-crystal-10K-Puffs-0-Nicotine-Free-Vape_Agora_vape-9-1536x1536.webp 1536w\" sizes=\"auto, (max-width: 2000px) 100vw, 2000px\" \/><\/h2>\n<h2 data-v-md-heading=\"what-s-special-about-the-razz-bar-crystal-10k-0-nicotine-free-vape\" data-v-md-line=\"3\">Qu'est-ce que la vape sans nicotine Razz bar crystal 10K 0% a de particulier ?<\/h2>\n<p data-v-md-line=\"4\">Si vous souhaitez vivre une exp\u00e9rience de vape sans nicotine, ce produit peut vous faciliter la vie. Razz bar crystal peut supporter jusqu'\u00e0 10000 bouff\u00e9es, de la premi\u00e8re \u00e0 la derni\u00e8re gorg\u00e9e, avec une texture homog\u00e8ne et douce. Pas besoin de s'inqui\u00e9ter, pas besoin de deviner. Il suffit d'ouvrir la bo\u00eete d'emballage et vous pouvez commencer \u00e0 l'utiliser.<\/p>\n<p data-v-md-line=\"6\">Si vous arr\u00eatez la nicotine ou si vous souhaitez simplement profiter d'un go\u00fbt non irritant, ce produit est votre meilleur choix. Vous pourriez penser qu'avoir autant de vapes serait encombrant, mais cette vape est l\u00e9g\u00e8re et portable, ce qui la rend parfaite pour votre vie quotidienne.<\/p>\n<h2 data-v-md-heading=\"excellent-performance-without-any-complex-operations\" data-v-md-line=\"8\">Excellent performance without any complex operations<\/h2>\n<p data-v-md-line=\"9\">Le mesh coil est le c\u0153ur de l'appareil, de sorte que chaque ouverture est aussi propre et nette que la premi\u00e8re. Il contient 18 ml d'e-liquide et est \u00e9quip\u00e9 d'une batterie de 650 mAh, ce qui vous garantit une exp\u00e9rience d'utilisation durable et fiable. Lorsque la batterie est faible, il suffit de la recharger par USB. Simple et pratique.<\/p>\n<h2 data-v-md-heading=\"specification-introduction\" data-v-md-line=\"11\">Introduction aux sp\u00e9cifications<\/h2>\n<ul data-v-md-line=\"12\">\n<li>Fr\u00e9quence d'aspiration : jusqu'\u00e0 10\u00a0000 fois<\/li>\n<li>Teneur en nicotine : 0% (sans nicotine)<\/li>\n<li>E-liquid capacity: 18 milliliters<\/li>\n<li>Batterie : 650 mAh<\/li>\n<li>Principe de fonctionnement : Pr\u00eat \u00e0 l'emploi d\u00e8s la sortie de la bo\u00eete, pas besoin de boutons<\/li>\n<li>M\u00e9thode de chargement\u00a0: chargement USB<\/li>\n<li>Atomization Core: Mesh Atomization Core<\/li>\n<li>Statut : Scell\u00e9, pr\u00eat \u00e0 l'emploi d\u00e8s l'arriv\u00e9e<\/li>\n<\/ul>\n<h2 data-v-md-heading=\"full-range-of-flavors\" data-v-md-line=\"21\">Full range of flavors<\/h2>\n<ul data-v-md-line=\"22\">\n<li>Smoothie \u00e0 la p\u00eache<\/li>\n<li>Fraise et banane<\/li>\n<li>Raisins Red Bull<\/li>\n<li>Smoothie aux myrtilles<\/li>\n<li>Smoothie \u00e0 la past\u00e8que<\/li>\n<li>Smoothie aux myrtilles<\/li>\n<li>fruits tropicaux<\/li>\n<li>fraise kiwi<\/li>\n<li>Smoothie aux fraises<\/li>\n<li>baies m\u00e9lang\u00e9es<\/li>\n<li>Smoothie fraise, framboise, cerise<\/li>\n<li>Amour 66<\/li>\n<li>Sable glac\u00e9 du Dragon Noir<\/li>\n<li>Citron et citron vert<\/li>\n<li>R\u00eaves d'\u00e9t\u00e9<\/li>\n<li>Chewing-gum \u00e0 la fraise et \u00e0 la past\u00e8que<\/li>\n<\/ul>\n<h2 data-v-md-heading=\"for-you-and-your-business\" data-v-md-line=\"39\">Pour vous et votre entreprise<\/h2>\n<p data-v-md-line=\"40\">Si n\u00e9cessaire, achetez une vape sans nicotine, que vous l'essayiez pour la premi\u00e8re fois ou que vous vous pr\u00e9pariez \u00e0 une semaine de shopping. Si vous exploitez un magasin physique ou en ligne, nous sommes toujours pr\u00eats \u00e0 vendre en gros des bo\u00eetes en papier. N'h\u00e9sitez pas \u00e0 nous contacter pour conna\u00eetre la quantit\u00e9 actuelle de bo\u00eetes en papier et les prix \u00e9chelonn\u00e9s.<\/p>\n<p data-v-md-line=\"42\">Nous fournissons des services de livraison DDP dans toute l'Europe par l'interm\u00e9diaire de partenaires de confiance tels que UPS, DPD et DHL, de sorte que les taxes et les frais seront trait\u00e9s \u00e0 l'avance. Cela permet d'\u00e9viter les accidents douaniers et les retards impr\u00e9vus.<\/p>\n<h2 data-v-md-heading=\"why-do-you-like-it\" data-v-md-line=\"44\">Pourquoi l'aimes-tu ?<\/h2>\n<ul data-v-md-line=\"45\">\n<li>Aspiration massive : jusqu'\u00e0 10000 bouff\u00e9es, ce qui signifie moins de commandes r\u00e9p\u00e9t\u00e9es et plus de temps pour appr\u00e9cier vos saveurs pr\u00e9f\u00e9r\u00e9es.<\/li>\n<li>Sans nicotine : Appr\u00e9ciez la gourmandise et les habitudes sans avoir besoin de nicotine.<\/li>\n<li>Grande capacit\u00e9 : 18 millilitres, garantissant un go\u00fbt durable.<\/li>\n<li>Noyau d'atomisation en maille : Chaque aspiration permet d'obtenir une fum\u00e9e homog\u00e8ne et un go\u00fbt pur.<\/li>\n<li>Alimentation stable : La batterie de 650 mAh garantit des performances fiables.<\/li>\n<\/ul>\n<h2 data-v-md-heading=\"why-choose-to-collaborate-with-agoravape\" data-v-md-line=\"51\">Pourquoi choisir de collaborer avec AgoraVape ?<\/h2>\n<p data-v-md-line=\"52\">Nous fournissons uniquement des produits authentiques 100% des marques que vos clients adorent. <a class=\"wpil_keyword_link\" href=\"https:\/\/agoravape.com\/fr\/produit\/razz-bar-50k-50000-puffs-vape\/\" target=\"_blank\" rel=\"noopener\" title=\"Vaporisateur jetable haute capacit\u00e9 Razz Bar 50K bouff\u00e9es | Grande autonomie, simple d&#039;utilisation\" data-wpil-keyword-link=\"linked\" data-wpil-monitor-id=\"7157\">Razz bar<\/a> crystal 10K 0%, une cigarette \u00e9lectronique sans nicotine, proposant des prix de gros r\u00e9duits, une assistance rapide et un paiement rapide des taxes en Europe. N'h\u00e9sitez pas \u00e0 nous contacter et \u00e0 choisir vos produits pr\u00e9f\u00e9r\u00e9s parmi notre gamme sans nicotine.<\/p>","protected":false},"excerpt":{"rendered":"<p>&nbsp;<\/p>","protected":false},"featured_media":17755,"comment_status":"open","ping_status":"closed","template":"","meta":[],"product_brand":[236],"product_cat":[124,187,185,189,174,175,193,163,191,173,186,180,190],"product_tag":[],"class_list":{"0":"post-17734","1":"product","2":"type-product","3":"status-publish","4":"has-post-thumbnail","6":"product_brand-razz-bar","7":"product_cat-vape-by-brand","8":"product_cat-0mg-nicotine-free-vapes","9":"product_cat-10000-puffs-high-capacity","10":"product_cat-20mg-standard-nicotine-vapes","11":"product_cat-fruit-flavors","12":"product_cat-icy-mint","13":"product_cat-mesh-coil","14":"product_cat-razz-bar","15":"product_cat-rechargeable-disposables","16":"product_cat-vape-by-flavor-profile","17":"product_cat-vape-by-nicotine-strength","18":"product_cat-vape-by-puff-count","19":"product_cat-vape-by-feature-or-type","21":"first","22":"onbackorder","23":"shipping-taxable","24":"purchasable","25":"product-type-variable","26":"has-default-attributes"},"tiered_pricing_type":"percentage","tiered_pricing_fixed_rules":[],"tiered_pricing_product_settings":{"layout":"default","base_unit_name":{"singular":null,"plural":null},"default_variation":null},"tiered_pricing_minimum_quantity":50,"tiered_pricing_roles_data":[],"tiered_pricing_percentage_rules":{"100":"40","200":"44","500":"47","1000":"49"},"tiered_pricing_maximum_quantity":null,"tiered_pricing_quantity_step":"10","_links":{"self":[{"href":"https:\/\/agoravape.com\/fr\/wp-json\/wp\/v2\/product\/17734","targetHints":{"allow":["GET"]}}],"collection":[{"href":"https:\/\/agoravape.com\/fr\/wp-json\/wp\/v2\/product"}],"about":[{"href":"https:\/\/agoravape.com\/fr\/wp-json\/wp\/v2\/types\/product"}],"replies":[{"embeddable":true,"href":"https:\/\/agoravape.com\/fr\/wp-json\/wp\/v2\/comments?post=17734"}],"version-history":[{"count":1,"href":"https:\/\/agoravape.com\/fr\/wp-json\/wp\/v2\/product\/17734\/revisions"}],"predecessor-version":[{"id":29809,"href":"https:\/\/agoravape.com\/fr\/wp-json\/wp\/v2\/product\/17734\/revisions\/29809"}],"wp:featuredmedia":[{"embeddable":true,"href":"https:\/\/agoravape.com\/fr\/wp-json\/wp\/v2\/media\/17755"}],"wp:attachment":[{"href":"https:\/\/agoravape.com\/fr\/wp-json\/wp\/v2\/media?parent=17734"}],"wp:term":[{"taxonomy":"product_brand","embeddable":true,"href":"https:\/\/agoravape.com\/fr\/wp-json\/wp\/v2\/product_brand?post=17734"},{"taxonomy":"product_cat","embeddable":true,"href":"https:\/\/agoravape.com\/fr\/wp-json\/wp\/v2\/product_cat?post=17734"},{"taxonomy":"product_tag","embeddable":true,"href":"https:\/\/agoravape.com\/fr\/wp-json\/wp\/v2\/product_tag?post=17734"}],"curies":[{"name":"wp","href":"https:\/\/api.w.org\/{rel}","templated":true}]}}