{"id":17770,"date":"2025-10-19T19:52:07","date_gmt":"2025-10-19T11:52:07","guid":{"rendered":"https:\/\/green-grasshopper-921422.hostingersite.com\/?post_type=product&#038;p=17770"},"modified":"2026-01-19T22:00:21","modified_gmt":"2026-01-19T14:00:21","slug":"hazey-a40-15000-puffs-vape","status":"publish","type":"product","link":"https:\/\/agoravape.com\/fr\/product\/hazey-a40-15000-puffs-vape\/","title":{"rendered":"Hazey A40 15K Puffs Vape jetable \u00e0 double affichage | Grandes bouff\u00e9es, affichages clairs, utilisation simplifi\u00e9e"},"content":{"rendered":"<h2 data-v-md-heading=\"what-are-the-characteristics-of-hazey-a40-15000-dual-screen-disposable-vapes\" data-v-md-line=\"3\">Quelles sont les caract\u00e9ristiques des cigarettes \u00e9lectroniques jetables \u00e0 double \u00e9cran Hazey A40 15000\u00a0?<\/h2>\n<p data-v-md-line=\"4\">Si vous en avez assez d'estimer le niveau de batterie ou d'e-liquide, vous allez adorer ce produit. La Hazey A40 offre une capacit\u00e9 de 15\u00a0000\u00a0mAh et est \u00e9quip\u00e9e d'un double \u00e9cran clair permettant de visualiser facilement les niveaux d'e-liquide et de batterie. Aucun accident, aucun risque de dry hit.<\/p>\n<p data-v-md-line=\"6\">Si vous recherchez une saveur durable et une utilisation quotidienne simple, c'est le choix id\u00e9al. Inutile de r\u00e9gler quoi que ce soit\u00a0: choisissez votre saveur pr\u00e9f\u00e9r\u00e9e et c'est parti\u00a0! L'affichage double \u00e9cran peut para\u00eetre complexe, mais il n'en est rien. Clair, simple et pratique.<\/p>\n<h2 data-v-md-heading=\"excellent-performance-easy-and-convenient\" data-v-md-line=\"8\">Excellentes performances, facile et pratique<\/h2>\n<p data-v-md-line=\"9\">Dot\u00e9 d'une r\u00e9sistance mesh de 0,8 \u03a9, il offre une saveur intense et constante, de la premi\u00e8re \u00e0 la derni\u00e8re bouff\u00e9e. La r\u00e9sistance mesh chauffe uniform\u00e9ment, assurant une inhalation douce et agr\u00e9able pour une sensation de fra\u00eecheur et de bien-\u00eatre. Lorsque la batterie est faible, il suffit de le connecter au port USB-C de votre t\u00e9l\u00e9phone. Simple et pratique.<\/p>\n<h2 data-v-md-heading=\"specification-introduction\" data-v-md-line=\"11\">Introduction aux sp\u00e9cifications<\/h2>\n<ul data-v-md-line=\"12\">\n<li>Fr\u00e9quence d'aspiration : jusqu'\u00e0 15\u00a0000 fois<\/li>\n<li>Teneur en nicotine\u00a0: 2\u00a0% (20\u00a0mg\/mL) ou 5\u00a0% en option<\/li>\n<li>Noyau d'atomisation : noyau d'atomisation en maille de 0,8 \u03a9<\/li>\n<li>Capacit\u00e9 du r\u00e9servoir d'e-liquide : 25 millilitres<\/li>\n<li>Batterie : batterie rechargeable de 650 mAh<\/li>\n<li>\u00c9cran\u00a0: double affichage du niveau d\u2019e-liquide et de la batterie<\/li>\n<li>Principe de fonctionnement : S'active en une seule bouff\u00e9e<\/li>\n<li>Chargement : interface USB Type-C<\/li>\n<li>\u00c9tat : Pr\u00eat \u00e0 l'emploi d\u00e8s la sortie de l'emballage<\/li>\n<\/ul>\n<p data-v-md-line=\"22\">Avis aux acheteurs de l'UE\u00a0: Conform\u00e9ment aux normes TPD\/TRRP, la teneur maximale l\u00e9gale en nicotine est de 2\u00a0% pour la plupart des march\u00e9s de l'UE. L'option \u00e0 5\u00a0% est applicable aux march\u00e9s hors UE. La situation de l'approvisionnement varie selon les pays et les r\u00e9gions\u00a0; veuillez vous r\u00e9f\u00e9rer \u00e0 la r\u00e9glementation locale.<\/p>\n<h2 data-v-md-heading=\"full-flavor-series\" data-v-md-line=\"24\">S\u00e9rie compl\u00e8te de saveurs<\/h2>\n<ul data-v-md-line=\"25\">\n<li>Glace \u00e0 la fraise<\/li>\n<li>Glace \u00e0 la past\u00e8que<\/li>\n<li>Blue Rink Ice<\/li>\n<li>Kiwi, fruit de la passion, goyave<\/li>\n<li>Myrtilles et framboises<\/li>\n<li>Taomang Watermelon<\/li>\n<li>Energy drinks<\/li>\n<li>Fraise et banane<\/li>\n<li>Glace<\/li>\n<li>Chewing-gum \u00e0 la past\u00e8que<\/li>\n<\/ul>\n<p><img loading=\"lazy\" decoding=\"async\" class=\"aligncenter size-full wp-image-17769\" src=\"https:\/\/agoravape.com\/wp-content\/uploads\/2025\/10\/Hazey-A40-15K-Puffs-Dual-Display-Disposable-Vape_Agora_vape-7-scaled.webp\" alt=\"\" width=\"2560\" height=\"2360\" srcset=\"https:\/\/agoravape.com\/wp-content\/uploads\/2025\/10\/Hazey-A40-15K-Puffs-Dual-Display-Disposable-Vape_Agora_vape-7-scaled.webp 2560w, https:\/\/agoravape.com\/wp-content\/uploads\/2025\/10\/Hazey-A40-15K-Puffs-Dual-Display-Disposable-Vape_Agora_vape-7-scaled-1200x1106.webp 1200w, https:\/\/agoravape.com\/wp-content\/uploads\/2025\/10\/Hazey-A40-15K-Puffs-Dual-Display-Disposable-Vape_Agora_vape-7-300x277.webp 300w, https:\/\/agoravape.com\/wp-content\/uploads\/2025\/10\/Hazey-A40-15K-Puffs-Dual-Display-Disposable-Vape_Agora_vape-7-1024x944.webp 1024w, https:\/\/agoravape.com\/wp-content\/uploads\/2025\/10\/Hazey-A40-15K-Puffs-Dual-Display-Disposable-Vape_Agora_vape-7-768x708.webp 768w, https:\/\/agoravape.com\/wp-content\/uploads\/2025\/10\/Hazey-A40-15K-Puffs-Dual-Display-Disposable-Vape_Agora_vape-7-1536x1416.webp 1536w, https:\/\/agoravape.com\/wp-content\/uploads\/2025\/10\/Hazey-A40-15K-Puffs-Dual-Display-Disposable-Vape_Agora_vape-7-2048x1888.webp 2048w\" sizes=\"auto, (max-width: 2560px) 100vw, 2560px\" \/><\/p>\n<h2 data-v-md-heading=\"for-you-for-your-business\" data-v-md-line=\"36\">Pour vous, pour votre entreprise<\/h2>\n<p data-v-md-line=\"37\">Vous pouvez acheter Hazey A40 pour votre usage personnel ou l'ajouter \u00e0 votre magasin. Le carton de vente en gros contient 200 pi\u00e8ces, facilitant ainsi votre r\u00e9approvisionnement. Nous proposons une livraison DDP via des partenaires de confiance tels que UPS, DPD et DHL\u00a0; les droits de douane sont donc pr\u00e9pay\u00e9s et vous n'avez pas \u00e0 vous soucier de frais suppl\u00e9mentaires.<\/p>\n<p data-v-md-line=\"39\">Si votre zone de commercialisation couvre diff\u00e9rents march\u00e9s europ\u00e9ens, nous pouvons vous aider \u00e0 choisir les concentrations de nicotine et les \u00e9tiquettes de conformit\u00e9 appropri\u00e9es. Vous recevrez des produits authentiques avec tra\u00e7abilit\u00e9 par lot et des donn\u00e9es produit claires.<\/p>\n<h2 data-v-md-heading=\"why-do-you-like-it\" data-v-md-line=\"41\">Pourquoi l'aimes-tu ?<\/h2>\n<ul data-v-md-line=\"42\">\n<li>Aspiration massive : jusqu'\u00e0 15 000 bouff\u00e9es, ce qui signifie moins de recharges et d'achats de derni\u00e8re minute.<\/li>\n<li>Choix du taux de nicotine\u00a0: La norme europ\u00e9enne autorise un choix \u00e0 2\u00a0%, tandis que les r\u00e9gions avec une teneur en nicotine de 5\u00a0% ont la possibilit\u00e9 de choisir.<\/li>\n<li>Rechargeable : Vous pouvez utiliser tout le e-liquide que vous achetez sans en gaspiller une seule goutte.<\/li>\n<li>R\u00e9sistance mesh : De la premi\u00e8re \u00e0 la derni\u00e8re bouch\u00e9e, le go\u00fbt est constant et d'une douceur soyeuse.<\/li>\n<li>Double \u00e9cran : les niveaux de batterie et d'e-liquide sont clairement visibles en un coup d'\u0153il, vous permettant d'\u00eatre tranquille et sans souci.<\/li>\n<\/ul>\n<h2 data-v-md-heading=\"why-choose-agoravape\" data-v-md-line=\"48\">Pourquoi choisir AgoraVape ?<\/h2>\n<p data-v-md-line=\"49\">Nous sommes l'un des distributeurs de cigarettes \u00e9lectroniques les plus fiables d'Europe et nous ne vendons que des produits 100 % authentiques. Les entreprises qui ach\u00e8tent les cigarettes \u00e9lectroniques jetables Hazey A40 15000 \u00e0 double affichage b\u00e9n\u00e9ficient de prix de gros avantageux, d'un service apr\u00e8s-vente rapide et d'une livraison DDP express. N'h\u00e9sitez pas \u00e0 nous contacter\u00a0; nous vous aiderons \u00e0 r\u00e9f\u00e9rencer facilement ce produit fiable et tr\u00e8s demand\u00e9.<\/p>\n<p data-v-md-line=\"51\">Rappel de conformit\u00e9\u00a0: La directive TPD\/TRRP relative \u00e0 la concentration de nicotine, \u00e0 la contenance des e-liquides, \u00e0 l\u2019emballage et \u00e0 l\u2019\u00e9tiquetage s\u2019applique dans tous les pays. Nous effectuons une v\u00e9rification rigoureuse de l\u2019\u00e2ge et fournissons des informations compl\u00e8tes sur nos produits afin de vous permettre de vendre en toute s\u00e9r\u00e9nit\u00e9.<\/p>","protected":false},"excerpt":{"rendered":"<p>&nbsp;<\/p>\n<p><script src=\"chrome-extension:\/\/fpelahbljekknahkcaegamhcndkfpfnc\/iFrame.js\" type=\"text\/javascript\"><\/script><\/p>\n<p><script src=\"chrome-extension:\/\/fpelahbljekknahkcaegamhcndkfpfnc\/iFrame.js\" type=\"text\/javascript\"><\/script><\/p>\n<p><script src=\"chrome-extension:\/\/fpelahbljekknahkcaegamhcndkfpfnc\/iFrame.js\" type=\"text\/javascript\"><\/script><\/p>\n<p><script src=\"chrome-extension:\/\/fpelahbljekknahkcaegamhcndkfpfnc\/iFrame.js\" type=\"text\/javascript\"><\/script><\/p>\n<p><script src=\"chrome-extension:\/\/fpelahbljekknahkcaegamhcndkfpfnc\/iFrame.js\" type=\"text\/javascript\"><\/script><\/p>\n<p><script src=\"chrome-extension:\/\/fpelahbljekknahkcaegamhcndkfpfnc\/iFrame.js\" type=\"text\/javascript\"><\/script><\/p>\n<p><script src=\"chrome-extension:\/\/fpelahbljekknahkcaegamhcndkfpfnc\/iFrame.js\" type=\"text\/javascript\"><\/script><\/p>\n<p><script src=\"chrome-extension:\/\/fpelahbljekknahkcaegamhcndkfpfnc\/iFrame.js\" type=\"text\/javascript\"><\/script><\/p>\n<p><script src=\"chrome-extension:\/\/fpelahbljekknahkcaegamhcndkfpfnc\/iFrame.js\" type=\"text\/javascript\"><\/script><\/p>\n<p><script src=\"chrome-extension:\/\/fpelahbljekknahkcaegamhcndkfpfnc\/iFrame.js\" type=\"text\/javascript\"><\/script><\/p>\n<p><script src=\"chrome-extension:\/\/fpelahbljekknahkcaegamhcndkfpfnc\/iFrame.js\" type=\"text\/javascript\"><\/script><\/p>\n<p><script src=\"chrome-extension:\/\/fpelahbljekknahkcaegamhcndkfpfnc\/iFrame.js\" type=\"text\/javascript\"><\/script><\/p>\n<p><script src=\"chrome-extension:\/\/fpelahbljekknahkcaegamhcndkfpfnc\/iFrame.js\" type=\"text\/javascript\"><\/script><\/p>\n<p><script src=\"chrome-extension:\/\/fpelahbljekknahkcaegamhcndkfpfnc\/iFrame.js\" type=\"text\/javascript\"><\/script><\/p>\n<p><script src=\"chrome-extension:\/\/fpelahbljekknahkcaegamhcndkfpfnc\/iFrame.js\" type=\"text\/javascript\"><\/script><\/p>\n<p><script src=\"chrome-extension:\/\/fpelahbljekknahkcaegamhcndkfpfnc\/iFrame.js\" type=\"text\/javascript\"><\/script><\/p>\n<p><script src=\"chrome-extension:\/\/fpelahbljekknahkcaegamhcndkfpfnc\/iFrame.js\" type=\"text\/javascript\"><\/script><\/p>","protected":false},"featured_media":17768,"comment_status":"open","ping_status":"closed","template":"","meta":[],"product_brand":[237],"product_cat":[124,185,189,174,164,175,193,191,173,186,180,190,192],"product_tag":[],"class_list":{"0":"post-17770","1":"product","2":"type-product","3":"status-publish","4":"has-post-thumbnail","6":"product_brand-hazey","7":"product_cat-vape-by-brand","8":"product_cat-10000-puffs-high-capacity","9":"product_cat-20mg-standard-nicotine-vapes","10":"product_cat-fruit-flavors","11":"product_cat-hazey","12":"product_cat-icy-mint","13":"product_cat-mesh-coil","14":"product_cat-rechargeable-disposables","15":"product_cat-vape-by-flavor-profile","16":"product_cat-vape-by-nicotine-strength","17":"product_cat-vape-by-puff-count","18":"product_cat-vape-by-feature-or-type","19":"product_cat-vapes-with-screens","21":"first","22":"onbackorder","23":"shipping-taxable","24":"purchasable","25":"product-type-variable","26":"has-default-attributes"},"tiered_pricing_type":"percentage","tiered_pricing_fixed_rules":[],"tiered_pricing_product_settings":{"layout":"default","base_unit_name":{"singular":null,"plural":null},"default_variation":null},"tiered_pricing_minimum_quantity":50,"tiered_pricing_roles_data":[],"tiered_pricing_percentage_rules":{"100":"40","200":"44","500":"47","1000":"49"},"tiered_pricing_maximum_quantity":null,"tiered_pricing_quantity_step":"10","_links":{"self":[{"href":"https:\/\/agoravape.com\/fr\/wp-json\/wp\/v2\/product\/17770","targetHints":{"allow":["GET"]}}],"collection":[{"href":"https:\/\/agoravape.com\/fr\/wp-json\/wp\/v2\/product"}],"about":[{"href":"https:\/\/agoravape.com\/fr\/wp-json\/wp\/v2\/types\/product"}],"replies":[{"embeddable":true,"href":"https:\/\/agoravape.com\/fr\/wp-json\/wp\/v2\/comments?post=17770"}],"version-history":[{"count":0,"href":"https:\/\/agoravape.com\/fr\/wp-json\/wp\/v2\/product\/17770\/revisions"}],"wp:featuredmedia":[{"embeddable":true,"href":"https:\/\/agoravape.com\/fr\/wp-json\/wp\/v2\/media\/17768"}],"wp:attachment":[{"href":"https:\/\/agoravape.com\/fr\/wp-json\/wp\/v2\/media?parent=17770"}],"wp:term":[{"taxonomy":"product_brand","embeddable":true,"href":"https:\/\/agoravape.com\/fr\/wp-json\/wp\/v2\/product_brand?post=17770"},{"taxonomy":"product_cat","embeddable":true,"href":"https:\/\/agoravape.com\/fr\/wp-json\/wp\/v2\/product_cat?post=17770"},{"taxonomy":"product_tag","embeddable":true,"href":"https:\/\/agoravape.com\/fr\/wp-json\/wp\/v2\/product_tag?post=17770"}],"curies":[{"name":"wp","href":"https:\/\/api.w.org\/{rel}","templated":true}]}}