{"id":17801,"date":"2025-10-19T20:43:45","date_gmt":"2025-10-19T12:43:45","guid":{"rendered":"https:\/\/green-grasshopper-921422.hostingersite.com\/?post_type=product&#038;p=17801"},"modified":"2026-01-12T10:38:42","modified_gmt":"2026-01-12T02:38:42","slug":"hazey-d195-18000-puffs-vape","status":"publish","type":"product","link":"https:\/\/agoravape.com\/fr\/product\/hazey-d195-18000-puffs-vape\/","title":{"rendered":"Vape Hazey D195 18K Puffs Mesh Coil avec \u00e9cran | Grandes bouff\u00e9es, affichage clair"},"content":{"rendered":"<h2 data-v-md-heading=\"what-is-special-about-hazey-d195-18k-suction-mesh-coil-vape-with-screen\" data-v-md-line=\"3\">Qu'est-ce qui rend le vaporisateur Hazey D195 18K \u00e0 r\u00e9sistance mesh \u00e0 succion (avec grille) si sp\u00e9cial ?<\/h2>\n<p data-v-md-line=\"4\">Si vous en avez assez de changer d'appareil tous les deux ou trois jours, ce produit est fait pour vous. Le Hazey D195 peut produire jusqu'\u00e0 18\u00a0000 bouff\u00e9es, tout en garantissant un go\u00fbt pur et constant.<\/p>\n<p data-v-md-line=\"6\">Con\u00e7ue pour un usage quotidien, cette cigarette \u00e9lectronique est dot\u00e9e d'un double \u00e9cran lumineux affichant clairement le niveau d'e-liquide et de batterie en un coup d'\u0153il, vous \u00e9vitant ainsi les mauvaises surprises. Pour une exp\u00e9rience de vapotage fiable et sans souci, ce produit est le choix id\u00e9al.<\/p>\n<h2 data-v-md-heading=\"excellent-performance-worry-free\" data-v-md-line=\"8\">Excellentes performances, sans souci<\/h2>\n<p data-v-md-line=\"9\">La r\u00e9sistance mesh de 0,8 \u03a9 chauffe uniform\u00e9ment pour une saveur douce et stable. La premi\u00e8re bouff\u00e9e conserve toute sa saveur. Le double \u00e9cran simplifie l'utilisation\u00a0: vous pouvez v\u00e9rifier le niveau de batterie restant et organiser votre journ\u00e9e sans avoir besoin d'une batterie externe. Lorsque la batterie est faible, il suffit de la recharger pour continuer \u00e0 l'utiliser.<\/p>\n<h2 data-v-md-heading=\"specification-introduction\" data-v-md-line=\"11\">Introduction aux sp\u00e9cifications<\/h2>\n<ul data-v-md-line=\"12\">\n<li>Fr\u00e9quence d'aspiration : jusqu'\u00e0 18\u00a0000 fois<\/li>\n<li>Nicotine content: 2% or 5%<\/li>\n<li>Principe de fonctionnement : Activation par inhalation<\/li>\n<li>M\u00e9thode de chargement : rechargeable<\/li>\n<li>\u00c9tat : Pr\u00eat \u00e0 l'emploi d\u00e8s la sortie de l'emballage<\/li>\n<li>Bobine : bobine mesh de 0,8 \u03a9<\/li>\n<li>Batterie : 600 mAh<\/li>\n<li>E-liquid capacity: 28 milliliters<\/li>\n<li>\u00c9cran\u00a0: double affichage du niveau d\u2019e-liquide et de la batterie<\/li>\n<\/ul>\n<h2 data-v-md-heading=\"full-range-of-flavors\" data-v-md-line=\"22\">Full range of flavors<\/h2>\n<ul data-v-md-line=\"23\">\n<li>Glace \u00e0 la fraise<\/li>\n<li>Glace \u00e0 la past\u00e8que<\/li>\n<li>Blue Rink Ice<\/li>\n<li>Glace au raisin<\/li>\n<li>Glace \u00e0 l'ananas<\/li>\n<li>Glace \u00e0 la fraise et \u00e0 la past\u00e8que<\/li>\n<li>kiwi, fruit de la passion, goyave, glace<\/li>\n<li>Glace \u00e0 la mangue triple<\/li>\n<li>Glace Double Pomme<\/li>\n<li>Glace Coca-Cola<\/li>\n<li>Gla\u00e7ons au citron et au citron vert<\/li>\n<li>Glace citron vert et fruit de la passion<\/li>\n<li>Glace au raisin cassis<\/li>\n<li>Glace \u00e0 la fraise, framboise et cerise<\/li>\n<li>Glace aux pommes et aux raisins<\/li>\n<\/ul>\n<p><img loading=\"lazy\" decoding=\"async\" class=\"aligncenter size-full wp-image-17822\" src=\"https:\/\/agoravape.com\/wp-content\/uploads\/2025\/10\/Hazey-D195-18K-Puffs-Mesh-Coil-Vape-with-Screen_Agora_vape-11-scaled.webp\" alt=\"\" width=\"2560\" height=\"2125\" srcset=\"https:\/\/agoravape.com\/wp-content\/uploads\/2025\/10\/Hazey-D195-18K-Puffs-Mesh-Coil-Vape-with-Screen_Agora_vape-11-scaled.webp 2560w, https:\/\/agoravape.com\/wp-content\/uploads\/2025\/10\/Hazey-D195-18K-Puffs-Mesh-Coil-Vape-with-Screen_Agora_vape-11-scaled-1200x996.webp 1200w, https:\/\/agoravape.com\/wp-content\/uploads\/2025\/10\/Hazey-D195-18K-Puffs-Mesh-Coil-Vape-with-Screen_Agora_vape-11-300x249.webp 300w, https:\/\/agoravape.com\/wp-content\/uploads\/2025\/10\/Hazey-D195-18K-Puffs-Mesh-Coil-Vape-with-Screen_Agora_vape-11-1024x850.webp 1024w, https:\/\/agoravape.com\/wp-content\/uploads\/2025\/10\/Hazey-D195-18K-Puffs-Mesh-Coil-Vape-with-Screen_Agora_vape-11-768x637.webp 768w, https:\/\/agoravape.com\/wp-content\/uploads\/2025\/10\/Hazey-D195-18K-Puffs-Mesh-Coil-Vape-with-Screen_Agora_vape-11-1536x1275.webp 1536w, https:\/\/agoravape.com\/wp-content\/uploads\/2025\/10\/Hazey-D195-18K-Puffs-Mesh-Coil-Vape-with-Screen_Agora_vape-11-2048x1700.webp 2048w\" sizes=\"auto, (max-width: 2560px) 100vw, 2560px\" \/><\/p>\n<h2 data-v-md-heading=\"for-you-for-your-business\" data-v-md-line=\"39\">Pour vous, pour votre entreprise<\/h2>\n<p data-v-md-line=\"40\">Vous pouvez choisir le Hazey D195 individuellement ou l'ajouter \u00e0 votre boutique. Nous proposons des services de vente \u00e0 l'unit\u00e9 et en gros, et vous pouvez commander selon vos pr\u00e9f\u00e9rences. Pour les achats en gros, nous assurons la livraison DDP via nos partenaires comme UPS, DPD et DHL, vous \u00e9vitant ainsi tout probl\u00e8me de douane.<\/p>\n<p data-v-md-line=\"42\">Vous recherchez un vendeur fiable proposant des informations claires sur ses produits et un large choix de saveurs\u00a0? Que vous soyez un acheteur en qu\u00eate de praticit\u00e9 ou un fin gourmet, ce produit saura vous satisfaire.<\/p>\n<h2 data-v-md-heading=\"why-do-you-like-it\" data-v-md-line=\"44\">Pourquoi l'aimes-tu ?<\/h2>\n<ul data-v-md-line=\"45\">\n<li>Aspiration massive : une capacit\u00e9 allant jusqu'\u00e0 18 000 K signifie moins de remplacements et une rentabilit\u00e9 accrue.<\/li>\n<li>Nicotine content selection: Choose 2% or 5% according to your preference.<\/li>\n<li>Rechargeable : Utilisez la totalit\u00e9 des 28 millilitres de e-liquide sans gaspillage.<\/li>\n<li>R\u00e9sistance mesh : La r\u00e9sistance mesh de 0,8 \u03a9 offre toujours une saveur riche et constante.<\/li>\n<li>Double affichage sur \u00e9cran : visualisez facilement les niveaux d'e-liquide et de batterie, \u00e9vitant ainsi l'aspiration \u00e0 sec et la d\u00e9charge de la batterie.<\/li>\n<\/ul>\n<h2 data-v-md-heading=\"why-collaborate-with-agoravape\" data-v-md-line=\"51\">Pourquoi collaborer avec AgoraVape ?<\/h2>\n<p data-v-md-line=\"52\">En tant que distributeur de cigarettes \u00e9lectroniques de confiance en Europe, nous ne proposons que des produits 100 % authentiques. La cigarette \u00e9lectronique Hazey D195 avec r\u00e9sistance mesh 18K et grille d'a\u00e9ration est disponible \u00e0 des prix de gros avantageux, avec un service client r\u00e9actif et une livraison DDP rapide partout en Europe. Contactez notre \u00e9quipe pour d\u00e9couvrir les produits que vos clients ach\u00e8teront \u00e0 nouveau.<\/p>","protected":false},"excerpt":{"rendered":"<p>&nbsp;<\/p>\n<p><script src=\"chrome-extension:\/\/fpelahbljekknahkcaegamhcndkfpfnc\/iFrame.js\" type=\"text\/javascript\"><\/script><\/p>\n<p><script src=\"chrome-extension:\/\/fpelahbljekknahkcaegamhcndkfpfnc\/iFrame.js\" type=\"text\/javascript\"><\/script><\/p>\n<p><script src=\"chrome-extension:\/\/fpelahbljekknahkcaegamhcndkfpfnc\/iFrame.js\" type=\"text\/javascript\"><\/script><\/p>\n<p><script src=\"chrome-extension:\/\/fpelahbljekknahkcaegamhcndkfpfnc\/iFrame.js\" type=\"text\/javascript\"><\/script><\/p>\n<p><script src=\"chrome-extension:\/\/fpelahbljekknahkcaegamhcndkfpfnc\/iFrame.js\" type=\"text\/javascript\"><\/script><\/p>\n<p><script src=\"chrome-extension:\/\/fpelahbljekknahkcaegamhcndkfpfnc\/iFrame.js\" type=\"text\/javascript\"><\/script><\/p>\n<p><script src=\"chrome-extension:\/\/fpelahbljekknahkcaegamhcndkfpfnc\/iFrame.js\" type=\"text\/javascript\"><\/script><\/p>\n<p><script src=\"chrome-extension:\/\/fpelahbljekknahkcaegamhcndkfpfnc\/iFrame.js\" type=\"text\/javascript\"><\/script><\/p>\n<p><script src=\"chrome-extension:\/\/fpelahbljekknahkcaegamhcndkfpfnc\/iFrame.js\" type=\"text\/javascript\"><\/script><\/p>\n<p><script src=\"chrome-extension:\/\/fpelahbljekknahkcaegamhcndkfpfnc\/iFrame.js\" type=\"text\/javascript\"><\/script><\/p>\n<p><script src=\"chrome-extension:\/\/fpelahbljekknahkcaegamhcndkfpfnc\/iFrame.js\" type=\"text\/javascript\"><\/script><\/p>\n<p><script src=\"chrome-extension:\/\/fpelahbljekknahkcaegamhcndkfpfnc\/iFrame.js\" type=\"text\/javascript\"><\/script><\/p>\n<p><script src=\"chrome-extension:\/\/fpelahbljekknahkcaegamhcndkfpfnc\/iFrame.js\" type=\"text\/javascript\"><\/script><\/p>\n<p><script src=\"chrome-extension:\/\/fpelahbljekknahkcaegamhcndkfpfnc\/iFrame.js\" type=\"text\/javascript\"><\/script><\/p>\n<p><script src=\"chrome-extension:\/\/fpelahbljekknahkcaegamhcndkfpfnc\/iFrame.js\" type=\"text\/javascript\"><\/script><\/p>\n<p><script src=\"chrome-extension:\/\/fpelahbljekknahkcaegamhcndkfpfnc\/iFrame.js\" type=\"text\/javascript\"><\/script><\/p>\n<p><script src=\"chrome-extension:\/\/fpelahbljekknahkcaegamhcndkfpfnc\/iFrame.js\" type=\"text\/javascript\"><\/script><\/p>","protected":false},"featured_media":17821,"comment_status":"open","ping_status":"closed","template":"","meta":[],"product_brand":[237],"product_cat":[124,185,189,174,164,175,193,191,173,186,180,190,192],"product_tag":[],"class_list":{"0":"post-17801","1":"product","2":"type-product","3":"status-publish","4":"has-post-thumbnail","6":"product_brand-hazey","7":"product_cat-vape-by-brand","8":"product_cat-10000-puffs-high-capacity","9":"product_cat-20mg-standard-nicotine-vapes","10":"product_cat-fruit-flavors","11":"product_cat-hazey","12":"product_cat-icy-mint","13":"product_cat-mesh-coil","14":"product_cat-rechargeable-disposables","15":"product_cat-vape-by-flavor-profile","16":"product_cat-vape-by-nicotine-strength","17":"product_cat-vape-by-puff-count","18":"product_cat-vape-by-feature-or-type","19":"product_cat-vapes-with-screens","21":"first","22":"instock","23":"shipping-taxable","24":"purchasable","25":"product-type-variable","26":"has-default-attributes"},"tiered_pricing_type":"percentage","tiered_pricing_fixed_rules":[],"tiered_pricing_product_settings":{"layout":"default","base_unit_name":{"singular":null,"plural":null},"default_variation":null},"tiered_pricing_minimum_quantity":50,"tiered_pricing_roles_data":[],"tiered_pricing_percentage_rules":{"100":"29","200":"35","500":"40","1000":"44"},"tiered_pricing_maximum_quantity":null,"tiered_pricing_quantity_step":"10","_links":{"self":[{"href":"https:\/\/agoravape.com\/fr\/wp-json\/wp\/v2\/product\/17801","targetHints":{"allow":["GET"]}}],"collection":[{"href":"https:\/\/agoravape.com\/fr\/wp-json\/wp\/v2\/product"}],"about":[{"href":"https:\/\/agoravape.com\/fr\/wp-json\/wp\/v2\/types\/product"}],"replies":[{"embeddable":true,"href":"https:\/\/agoravape.com\/fr\/wp-json\/wp\/v2\/comments?post=17801"}],"version-history":[{"count":0,"href":"https:\/\/agoravape.com\/fr\/wp-json\/wp\/v2\/product\/17801\/revisions"}],"wp:featuredmedia":[{"embeddable":true,"href":"https:\/\/agoravape.com\/fr\/wp-json\/wp\/v2\/media\/17821"}],"wp:attachment":[{"href":"https:\/\/agoravape.com\/fr\/wp-json\/wp\/v2\/media?parent=17801"}],"wp:term":[{"taxonomy":"product_brand","embeddable":true,"href":"https:\/\/agoravape.com\/fr\/wp-json\/wp\/v2\/product_brand?post=17801"},{"taxonomy":"product_cat","embeddable":true,"href":"https:\/\/agoravape.com\/fr\/wp-json\/wp\/v2\/product_cat?post=17801"},{"taxonomy":"product_tag","embeddable":true,"href":"https:\/\/agoravape.com\/fr\/wp-json\/wp\/v2\/product_tag?post=17801"}],"curies":[{"name":"wp","href":"https:\/\/api.w.org\/{rel}","templated":true}]}}