{"id":17830,"date":"2025-10-19T20:56:20","date_gmt":"2025-10-19T12:56:20","guid":{"rendered":"https:\/\/green-grasshopper-921422.hostingersite.com\/?post_type=product&#038;p=17830"},"modified":"2026-01-12T13:34:43","modified_gmt":"2026-01-12T05:34:43","slug":"hazey-d200-50000-puffs-dual-flavor-vape","status":"publish","type":"product","link":"https:\/\/agoravape.com\/fr\/product\/hazey-d200-50000-puffs-dual-flavor-vape\/","title":{"rendered":"Hazey D200 50K bouff\u00e9es, cigarette \u00e9lectronique \u00e0 double saveur et mode turbo | Une puissance double saveur qui dure longtemps"},"content":{"rendered":"<h2 data-v-md-heading=\"what-s-special-about-the-hazey-d200-50k-dual-flavor-turbo-mode-vape\" data-v-md-line=\"3\">Qu'est-ce qui rend le vaporisateur Hazey D200 50K \u00e0 double saveur et mode turbo si sp\u00e9cial ?<\/h2>\n<p data-v-md-line=\"4\">Si vous en avez assez de vapoter en milieu de semaine, la Hazey D200 vous permet de continuer \u00e0 le faire. Cette cigarette \u00e9lectronique jetable bi-saveur vous offre une grande durabilit\u00e9 et vous permet de changer de saveur \u00e0 tout moment. Fini les manipulations fastidieuses et les menus compliqu\u00e9s\u00a0: il vous suffit de glisser votre doigt sur l\u2019\u00e9cran pour choisir votre saveur pr\u00e9f\u00e9r\u00e9e et vapoter.<\/p>\n<p data-v-md-line=\"6\">Il convient \u00e0 tous ceux qui recherchent une grande endurance et une utilisation simple. Vous pouvez profiter de jusqu'\u00e0 50\u00a0000 aspirations en mode normal, ou opter pour le mode turbo pour une exp\u00e9rience plus intense. La puissance \u00e9tant plus \u00e9lev\u00e9e en mode turbo, la capacit\u00e9 d'aspiration totale est r\u00e9duite \u00e0 environ 35\u00a0000 aspirations. Si vous recherchez une exp\u00e9rience plus puissante, ce compromis en vaut la peine.<\/p>\n<h2 data-v-md-heading=\"excellent-performance-easy-and-convenient\" data-v-md-line=\"8\">Excellentes performances, facile et pratique<\/h2>\n<p data-v-md-line=\"9\">Dot\u00e9 d'une r\u00e9sistance de 1,0 \u03a9, cet appareil assure une diffusion homog\u00e8ne de la chaleur, garantissant ainsi une saveur constante \u00e0 chaque bouff\u00e9e. Ses deux compartiments \u00e0 huile de 28 ml chacun pr\u00e9servent la puret\u00e9 du go\u00fbt et \u00e9vitent toute turbidit\u00e9. Envie d'une exp\u00e9rience plus intense\u00a0? Activez le mode Turbo pour une puissance accrue. Rechargez simplement la batterie pour une utilisation imm\u00e9diate.<\/p>\n<h2 data-v-md-heading=\"specification-overview\" data-v-md-line=\"11\">Aper\u00e7u des sp\u00e9cifications<\/h2>\n<ul data-v-md-line=\"12\">\n<li>Fr\u00e9quence d'aspiration : jusqu'\u00e0 50\u00a0000 fois en mode normal\u00a0; jusqu'\u00e0 35\u00a0000 fois en mode turbo<\/li>\n<li>Teneur en nicotine\u00a0: 2\u00a0% et 5\u00a0% en option<\/li>\n<li>Principe de fonctionnement\u00a0: Alternance entre deux saveurs\u00a0; choisissez entre la puissance standard et la puissance Turbo.<\/li>\n<li>Mode de chargement\u00a0: rechargeable\u00a0; type d\u2019interface \u00e0 confirmer<\/li>\n<li>\u00c9tat : Pr\u00eat \u00e0 l'emploi d\u00e8s la sortie de l'emballage<\/li>\n<li>Capacit\u00e9 du r\u00e9servoir d'e-liquide : 28 millilitres x 2 (double compartiment)<\/li>\n<li>Atomizing core: 1.0 \u03a9 mesh<\/li>\n<li>Batterie : 600 mAh<\/li>\n<\/ul>\n<h2 data-v-md-heading=\"full-flavor-series\" data-v-md-line=\"21\">S\u00e9rie compl\u00e8te de saveurs<\/h2>\n<ul data-v-md-line=\"22\">\n<li>Myrtilles, cerises, canneberges \u2013 Bonbons arc-en-ciel<\/li>\n<li>Past\u00e8que, citron, citron vert, ananas, p\u00eache, mangue<\/li>\n<li>Cassis menthe \u2013 fruit de la passion<\/li>\n<li>kiwi grenade pomme baie<\/li>\n<li>Citron vert \u2013 Vimto<\/li>\n<li>Smoothie p\u00eache blanche, poire et myrtille<\/li>\n<li>Pomme-Poire \u2013 Myrtille-Framboise<\/li>\n<li>Eau citronn\u00e9e rose \u2013 Glace au cola<\/li>\n<li>Bonbons g\u00e9lifi\u00e9s aux baies m\u00e9lang\u00e9es<\/li>\n<li>Cr\u00e8me glac\u00e9e \u00e0 la fraise \u2013 Chewing-gum fraise-cerise<\/li>\n<li>Mangue P\u00eache Fraise Mangue<\/li>\n<li>Fraise Past\u00e8que \u2013 Fruit de la passion Orange Grenade<\/li>\n<li>Smoothie aux myrtilles \u2013 Smoothie fraise-framboise-cerise<\/li>\n<li>Smoothie aux fraises \u2013 Fraise-kiwi<\/li>\n<li>Smoothie au raisin \u2013 Red Bull past\u00e8que<\/li>\n<\/ul>\n<h2 data-v-md-heading=\"for-you-and-for-your-business-as-well\" data-v-md-line=\"38\">Pour vous, et pour votre entreprise \u00e9galement<\/h2>\n<p data-v-md-line=\"39\">Vous pouvez en acheter une pour votre usage personnel ou constituer un stock pour votre magasin. Conditionnement en gros par carton de 200 unit\u00e9s, pratique pour la planification et la tarification. Chaque carton p\u00e8se environ 24 kg, facilitant ainsi le tri, le stockage et le transport.<\/p>\n<p data-v-md-line=\"41\">Nous assurons la livraison DDP dans toute l'Europe gr\u00e2ce \u00e0 des partenaires de confiance tels que UPS, DPD et DHL. Le pr\u00e9traitement des droits de douane garantit que votre commande ne rencontrera aucun probl\u00e8me impr\u00e9vu lors du d\u00e9douanement.<\/p>\n<h2 data-v-md-heading=\"why-do-you-like-it\" data-v-md-line=\"43\">Pourquoi l'aimes-tu ?<\/h2>\n<ul data-v-md-line=\"44\">\n<li>Savourez vos boissons sans mod\u00e9ration : r\u00e9duisez les recharges et les commandes r\u00e9p\u00e9t\u00e9es.<\/li>\n<li>Choix du taux de nicotine\u00a0: Choisissez un taux de nicotine de 2\u00a0% ou 5\u00a0% selon vos pr\u00e9f\u00e9rences.<\/li>\n<li>Rechargeable : Utilisez le e-liquide enti\u00e8rement rempli au lieu de le jeter pr\u00e9matur\u00e9ment.<\/li>\n<li>R\u00e9sistance mesh : Saveur douce et uniforme du d\u00e9but \u00e0 la fin.<\/li>\n<li>Double saveur : alternez les saveurs pour \u00e9liminer instantan\u00e9ment la lassitude gustative.<\/li>\n<li>Mode Turbo : Puissance maximale \u00e0 tout moment ; Mode Normal : Port\u00e9e maximale.<\/li>\n<\/ul>\n<h2 data-v-md-heading=\"why-choose-to-collaborate-with-agoravape\" data-v-md-line=\"51\">Pourquoi choisir de collaborer avec AgoraVape ?<\/h2>\n<p data-v-md-line=\"52\">Nous proposons des produits 100 % authentiques, des prix de gros avantageux et un service client irr\u00e9prochable. Notre r\u00e9seau logistique couvre toute l'Europe et la cigarette \u00e9lectronique Hazey D200 50K \u00e0 double saveur et mode turbo b\u00e9n\u00e9ficie d'une livraison fiable, taxes comprises. Vous recherchez un produit phare qui fid\u00e9lisera votre client\u00e8le\u00a0? Confiez-nous votre approvisionnement.<\/p>","protected":false},"excerpt":{"rendered":"<p>&nbsp;<\/p>","protected":false},"featured_media":17847,"comment_status":"open","ping_status":"closed","template":"","meta":[],"product_brand":[237],"product_cat":[124,185,189,195,174,164,175,193,191,173,186,180,190,192],"product_tag":[],"class_list":{"0":"post-17830","1":"product","2":"type-product","3":"status-publish","4":"has-post-thumbnail","6":"product_brand-hazey","7":"product_cat-vape-by-brand","8":"product_cat-10000-puffs-high-capacity","9":"product_cat-20mg-standard-nicotine-vapes","10":"product_cat-dual-flavor-switch","11":"product_cat-fruit-flavors","12":"product_cat-hazey","13":"product_cat-icy-mint","14":"product_cat-mesh-coil","15":"product_cat-rechargeable-disposables","16":"product_cat-vape-by-flavor-profile","17":"product_cat-vape-by-nicotine-strength","18":"product_cat-vape-by-puff-count","19":"product_cat-vape-by-feature-or-type","20":"product_cat-vapes-with-screens","22":"first","23":"instock","24":"shipping-taxable","25":"purchasable","26":"product-type-variable","27":"has-default-attributes"},"tiered_pricing_type":"percentage","tiered_pricing_fixed_rules":[],"tiered_pricing_product_settings":{"layout":"default","base_unit_name":{"singular":null,"plural":null},"default_variation":null},"tiered_pricing_minimum_quantity":60,"tiered_pricing_roles_data":[],"tiered_pricing_percentage_rules":{"100":"35","200":"44","500":"47","1000":"49"},"tiered_pricing_maximum_quantity":null,"tiered_pricing_quantity_step":"10","_links":{"self":[{"href":"https:\/\/agoravape.com\/fr\/wp-json\/wp\/v2\/product\/17830","targetHints":{"allow":["GET"]}}],"collection":[{"href":"https:\/\/agoravape.com\/fr\/wp-json\/wp\/v2\/product"}],"about":[{"href":"https:\/\/agoravape.com\/fr\/wp-json\/wp\/v2\/types\/product"}],"replies":[{"embeddable":true,"href":"https:\/\/agoravape.com\/fr\/wp-json\/wp\/v2\/comments?post=17830"}],"version-history":[{"count":0,"href":"https:\/\/agoravape.com\/fr\/wp-json\/wp\/v2\/product\/17830\/revisions"}],"wp:featuredmedia":[{"embeddable":true,"href":"https:\/\/agoravape.com\/fr\/wp-json\/wp\/v2\/media\/17847"}],"wp:attachment":[{"href":"https:\/\/agoravape.com\/fr\/wp-json\/wp\/v2\/media?parent=17830"}],"wp:term":[{"taxonomy":"product_brand","embeddable":true,"href":"https:\/\/agoravape.com\/fr\/wp-json\/wp\/v2\/product_brand?post=17830"},{"taxonomy":"product_cat","embeddable":true,"href":"https:\/\/agoravape.com\/fr\/wp-json\/wp\/v2\/product_cat?post=17830"},{"taxonomy":"product_tag","embeddable":true,"href":"https:\/\/agoravape.com\/fr\/wp-json\/wp\/v2\/product_tag?post=17830"}],"curies":[{"name":"wp","href":"https:\/\/api.w.org\/{rel}","templated":true}]}}