{"id":17927,"date":"2025-10-20T11:18:51","date_gmt":"2025-10-20T03:18:51","guid":{"rendered":"https:\/\/green-grasshopper-921422.hostingersite.com\/?post_type=product&#038;p=17927"},"modified":"2025-12-15T21:30:09","modified_gmt":"2025-12-15T13:30:09","slug":"lavie-cube-10000-puffs","status":"publish","type":"product","link":"https:\/\/agoravape.com\/fr\/product\/lavie-cube-10000-puffs\/","title":{"rendered":"LAVIE Cube 10\u00a0000 bouff\u00e9es, cigarette \u00e9lectronique jetable | Batterie 1\u00a0600\u00a0mAh | Saveur longue dur\u00e9e, en toute simplicit\u00e9"},"content":{"rendered":"<h2 data-v-md-heading=\"lavie-cube-10000-disposable-vape-1600mah-battery-what-are-the-highlights\" data-v-md-line=\"3\">LAVIE Cube 10000, cigarette \u00e9lectronique jetable | Batterie 1600 mAh\u00a0: quels sont ses points forts\u00a0?<\/h2>\n<p data-v-md-line=\"4\">Si vous en avez assez des cigarettes \u00e9lectroniques jetables dont la batterie se d\u00e9charge en quelques jours, ce produit pourrait vous int\u00e9resser. La LAVIE Cube est \u00e9quip\u00e9e d'un r\u00e9servoir de 16 ml et d'une batterie rechargeable de 1600 mAh, offrant jusqu'\u00e0 10\u00a0000 bouff\u00e9es. Elle est con\u00e7ue pour les utilisateurs recherchant une cigarette \u00e9lectronique fiable, offrant une vapeur savoureuse et durable.<\/p>\n<p data-v-md-line=\"6\">On pourrait croire qu'un vaporisateur de grande capacit\u00e9 serait encombrant, mais le Cube est \u00e9tonnamment portable. Son format compact (112 \u00d7 40 \u00d7 17,5 mm) offre une prise en main tr\u00e8s agr\u00e9able et il ne p\u00e8se que 74 grammes.<\/p>\n<h2 data-v-md-heading=\"excellent-performance-without-any-complex-operations\" data-v-md-line=\"8\">Excellent performance without any complex operations<\/h2>\n<p data-v-md-line=\"9\">La double r\u00e9sistance en mesh assure une chauffe uniforme, garantissant une saveur intense \u00e0 chaque bouch\u00e9e. M\u00eame apr\u00e8s une semaine d'utilisation, aucune trace de br\u00fblure n'est \u00e0 d\u00e9plorer. Pour recharger la batterie, il suffit d'utiliser le port USB-C. Compatible avec le c\u00e2ble de donn\u00e9es de votre t\u00e9l\u00e9phone, vous n'aurez pas besoin d'en chercher un sp\u00e9cifique.<\/p>\n<h2 data-v-md-heading=\"specification-introduction\" data-v-md-line=\"11\">Introduction aux sp\u00e9cifications<\/h2>\n<p data-v-md-line=\"12\"><strong>Fr\u00e9quence d'aspiration<\/strong>: jusqu'\u00e0 10 000 fois<br \/>\n<strong>Teneur en nicotine<\/strong>: Standard 2 % ou personnalis\u00e9 OEM 5 %<br \/>\n<strong>Usage<\/strong>Inspirez pour activer<br \/>\n<strong>Chargement<\/strong>Interface USB Type-C standard<br \/>\n<strong>Statut<\/strong>Pr\u00eat \u00e0 l'emploi d\u00e8s le d\u00e9ballage<\/p>\n<h2 data-v-md-heading=\"full-range-of-flavors\" data-v-md-line=\"18\">Full range of flavors<\/h2>\n<ul data-v-md-line=\"19\">\n<li>Glace au raisin<\/li>\n<li>Glace \u00e0 la past\u00e8que<\/li>\n<li>Myrtilles, framboises, raisins, glace<\/li>\n<li>glace fraise-kiwi<\/li>\n<li>Glace \u00e0 la fraise et \u00e0 la past\u00e8que<\/li>\n<li>Glace \u00e0 la m\u00fbre<\/li>\n<li>Glace \u00e0 la m\u00fbre, \u00e0 la grenade et \u00e0 la cerise<\/li>\n<li>Glace \u00e0 la fraise et au litchi<\/li>\n<li>Comme<\/li>\n<li>Pommes doubles<\/li>\n<li>Chewing-gum myrtille framboise<\/li>\n<li>Glace aux pommes et aux raisins<\/li>\n<li>Glace raisin p\u00eache<\/li>\n<li>Monstre de mangue<\/li>\n<li>Glace au raisin et \u00e0 l'aloe vera<\/li>\n<\/ul>\n<p><img loading=\"lazy\" decoding=\"async\" class=\"aligncenter size-full wp-image-17977\" src=\"https:\/\/agoravape.com\/wp-content\/uploads\/2025\/10\/LAVIE-Cube-10000-port-disposable-vape_Agora_vape-19-scaled.webp\" alt=\"\" width=\"2560\" height=\"1811\" srcset=\"https:\/\/agoravape.com\/wp-content\/uploads\/2025\/10\/LAVIE-Cube-10000-port-disposable-vape_Agora_vape-19-scaled.webp 2560w, https:\/\/agoravape.com\/wp-content\/uploads\/2025\/10\/LAVIE-Cube-10000-port-disposable-vape_Agora_vape-19-scaled-1200x849.webp 1200w, https:\/\/agoravape.com\/wp-content\/uploads\/2025\/10\/LAVIE-Cube-10000-port-disposable-vape_Agora_vape-19-300x212.webp 300w, https:\/\/agoravape.com\/wp-content\/uploads\/2025\/10\/LAVIE-Cube-10000-port-disposable-vape_Agora_vape-19-1024x724.webp 1024w, https:\/\/agoravape.com\/wp-content\/uploads\/2025\/10\/LAVIE-Cube-10000-port-disposable-vape_Agora_vape-19-768x543.webp 768w, https:\/\/agoravape.com\/wp-content\/uploads\/2025\/10\/LAVIE-Cube-10000-port-disposable-vape_Agora_vape-19-1536x1086.webp 1536w, https:\/\/agoravape.com\/wp-content\/uploads\/2025\/10\/LAVIE-Cube-10000-port-disposable-vape_Agora_vape-19-2048x1448.webp 2048w\" sizes=\"auto, (max-width: 2560px) 100vw, 2560px\" \/><\/p>\n<h2 data-v-md-heading=\"for-you-and-your-business\" data-v-md-line=\"35\">Pour vous et votre entreprise<\/h2>\n<p data-v-md-line=\"36\">Achetez-le pour vous-m\u00eame, c'est simple et pratique. Choisissez votre saveur et votre taux de nicotine pr\u00e9f\u00e9r\u00e9s, puis rechargez-le facilement gr\u00e2ce au port USB-C. Si vous \u00eates un professionnel, nous pouvons \u00e9galement r\u00e9pondre \u00e0 vos besoins. LAVIE Cube est disponible en conditionnement de 200 unit\u00e9s par bo\u00eete, id\u00e9al pour constituer un stock et satisfaire vos clients.<\/p>\n<p data-v-md-line=\"38\">Nous exp\u00e9dions en DDP par l'interm\u00e9diaire de partenaires de confiance tels que UPS, DPD et DHL afin de garantir la commercialisation de vos marchandises apr\u00e8s le d\u00e9douanement. Aucun frais impr\u00e9vu ne vous sera factur\u00e9 \u00e0 l'entr\u00e9e.<\/p>\n<h2 data-v-md-heading=\"why-do-you-like-it\" data-v-md-line=\"40\">Pourquoi l'aimes-tu ?<\/h2>\n<p data-v-md-line=\"41\"><strong>Aspiration massive<\/strong>: jusqu'\u00e0 10 000 bouff\u00e9es, ce qui signifie moins de rachats et plus de temps pour savourer votre go\u00fbt.<br \/>\n<strong>S\u00e9lection de nicotine<\/strong>Choisissez une concentration de nicotine de 2 % pour un go\u00fbt plus doux ; ou, pour les march\u00e9s \u00e9ligibles, choisissez une concentration de nicotine OEM de 5 %.<br \/>\n<strong>Rechargeable<\/strong>Le chargement de type C vous permet d'utiliser la totalit\u00e9 des 16 millilitres d'e-liquide sans gaspillage.<br \/>\n<strong>Bobine en maille<\/strong>Les r\u00e9sistances \u00e0 double maille assurent un go\u00fbt constant et une aspiration stable \u00e0 chaque utilisation.<\/p>\n<h2 data-v-md-heading=\"why-collaborate-with-agoravape\" data-v-md-line=\"46\">Pourquoi collaborer avec AgoraVape ?<\/h2>\n<p data-v-md-line=\"47\">Nous ne vendons que des produits 100 % authentiques, sans aucun doute. Pour les clients grossistes, cela se traduit par des prix justes, un service client fiable et une livraison rapide et s\u00fbre. LAVIE Cube 10000 cigarettes \u00e9lectroniques jetables | Batterie 1600 mAh. Contactez-nous pour vous approvisionner et fid\u00e9liser votre client\u00e8le.<\/p>\n<p><script src=\"chrome-extension:\/\/fpelahbljekknahkcaegamhcndkfpfnc\/iFrame.js\" type=\"text\/javascript\"><\/script><\/p>","protected":false},"excerpt":{"rendered":"<p>&nbsp;<\/p>\n<p><script src=\"chrome-extension:\/\/fpelahbljekknahkcaegamhcndkfpfnc\/iFrame.js\" type=\"text\/javascript\"><\/script><\/p>\n<p><script src=\"chrome-extension:\/\/fpelahbljekknahkcaegamhcndkfpfnc\/iFrame.js\" type=\"text\/javascript\"><\/script><\/p>\n<p><script src=\"chrome-extension:\/\/fpelahbljekknahkcaegamhcndkfpfnc\/iFrame.js\" type=\"text\/javascript\"><\/script><\/p>\n<p><script src=\"chrome-extension:\/\/fpelahbljekknahkcaegamhcndkfpfnc\/iFrame.js\" type=\"text\/javascript\"><\/script><\/p>\n<p><script src=\"chrome-extension:\/\/fpelahbljekknahkcaegamhcndkfpfnc\/iFrame.js\" type=\"text\/javascript\"><\/script><\/p>\n<p><script src=\"chrome-extension:\/\/fpelahbljekknahkcaegamhcndkfpfnc\/iFrame.js\" type=\"text\/javascript\"><\/script><\/p>\n<p><script src=\"chrome-extension:\/\/fpelahbljekknahkcaegamhcndkfpfnc\/iFrame.js\" type=\"text\/javascript\"><\/script><\/p>\n<p><script src=\"chrome-extension:\/\/fpelahbljekknahkcaegamhcndkfpfnc\/iFrame.js\" type=\"text\/javascript\"><\/script><\/p>\n<p><script src=\"chrome-extension:\/\/fpelahbljekknahkcaegamhcndkfpfnc\/iFrame.js\" type=\"text\/javascript\"><\/script><\/p>\n<p><script src=\"chrome-extension:\/\/fpelahbljekknahkcaegamhcndkfpfnc\/iFrame.js\" type=\"text\/javascript\"><\/script><\/p>\n<p><script src=\"chrome-extension:\/\/fpelahbljekknahkcaegamhcndkfpfnc\/iFrame.js\" type=\"text\/javascript\"><\/script><\/p>\n<p><script src=\"chrome-extension:\/\/fpelahbljekknahkcaegamhcndkfpfnc\/iFrame.js\" type=\"text\/javascript\"><\/script><\/p>\n<p><script src=\"chrome-extension:\/\/fpelahbljekknahkcaegamhcndkfpfnc\/iFrame.js\" type=\"text\/javascript\"><\/script><\/p>\n<p><script src=\"chrome-extension:\/\/fpelahbljekknahkcaegamhcndkfpfnc\/iFrame.js\" type=\"text\/javascript\"><\/script><\/p>\n<p><script src=\"chrome-extension:\/\/fpelahbljekknahkcaegamhcndkfpfnc\/iFrame.js\" type=\"text\/javascript\"><\/script><\/p>\n<p><script src=\"chrome-extension:\/\/fpelahbljekknahkcaegamhcndkfpfnc\/iFrame.js\" type=\"text\/javascript\"><\/script><\/p>\n<p><script src=\"chrome-extension:\/\/fpelahbljekknahkcaegamhcndkfpfnc\/iFrame.js\" type=\"text\/javascript\"><\/script><\/p>\n<p><script src=\"chrome-extension:\/\/fpelahbljekknahkcaegamhcndkfpfnc\/iFrame.js\" type=\"text\/javascript\"><\/script><\/p>","protected":false},"featured_media":17976,"comment_status":"open","ping_status":"closed","template":"","meta":[],"product_brand":[238],"product_cat":[124,185,189,174,175,165,193,191,173,186,180,190],"product_tag":[],"class_list":{"0":"post-17927","1":"product","2":"type-product","3":"status-publish","4":"has-post-thumbnail","6":"product_brand-lavie","7":"product_cat-vape-by-brand","8":"product_cat-10000-puffs-high-capacity","9":"product_cat-20mg-standard-nicotine-vapes","10":"product_cat-fruit-flavors","11":"product_cat-icy-mint","12":"product_cat-lavie","13":"product_cat-mesh-coil","14":"product_cat-rechargeable-disposables","15":"product_cat-vape-by-flavor-profile","16":"product_cat-vape-by-nicotine-strength","17":"product_cat-vape-by-puff-count","18":"product_cat-vape-by-feature-or-type","20":"first","21":"instock","22":"shipping-taxable","23":"purchasable","24":"product-type-variable","25":"has-default-attributes"},"tiered_pricing_type":"percentage","tiered_pricing_fixed_rules":[],"tiered_pricing_product_settings":{"layout":"default","base_unit_name":{"singular":null,"plural":null},"default_variation":null},"tiered_pricing_minimum_quantity":10,"tiered_pricing_roles_data":[],"tiered_pricing_percentage_rules":{"30":"29","50":"35","100":"40","200":"44","500":"47","1000":"49"},"tiered_pricing_maximum_quantity":null,"tiered_pricing_quantity_step":"10","_links":{"self":[{"href":"https:\/\/agoravape.com\/fr\/wp-json\/wp\/v2\/product\/17927","targetHints":{"allow":["GET"]}}],"collection":[{"href":"https:\/\/agoravape.com\/fr\/wp-json\/wp\/v2\/product"}],"about":[{"href":"https:\/\/agoravape.com\/fr\/wp-json\/wp\/v2\/types\/product"}],"replies":[{"embeddable":true,"href":"https:\/\/agoravape.com\/fr\/wp-json\/wp\/v2\/comments?post=17927"}],"version-history":[{"count":0,"href":"https:\/\/agoravape.com\/fr\/wp-json\/wp\/v2\/product\/17927\/revisions"}],"wp:featuredmedia":[{"embeddable":true,"href":"https:\/\/agoravape.com\/fr\/wp-json\/wp\/v2\/media\/17976"}],"wp:attachment":[{"href":"https:\/\/agoravape.com\/fr\/wp-json\/wp\/v2\/media?parent=17927"}],"wp:term":[{"taxonomy":"product_brand","embeddable":true,"href":"https:\/\/agoravape.com\/fr\/wp-json\/wp\/v2\/product_brand?post=17927"},{"taxonomy":"product_cat","embeddable":true,"href":"https:\/\/agoravape.com\/fr\/wp-json\/wp\/v2\/product_cat?post=17927"},{"taxonomy":"product_tag","embeddable":true,"href":"https:\/\/agoravape.com\/fr\/wp-json\/wp\/v2\/product_tag?post=17927"}],"curies":[{"name":"wp","href":"https:\/\/api.w.org\/{rel}","templated":true}]}}