{"id":17986,"date":"2025-10-20T11:50:36","date_gmt":"2025-10-20T03:50:36","guid":{"rendered":"https:\/\/green-grasshopper-921422.hostingersite.com\/?post_type=product&#038;p=17986"},"modified":"2025-12-15T21:30:09","modified_gmt":"2025-12-15T13:30:09","slug":"lavie-camera-8000-puffs-vape","status":"publish","type":"product","link":"https:\/\/agoravape.com\/fr\/product\/lavie-camera-8000-puffs-vape\/","title":{"rendered":"LAVIE Camera 8000 bouff\u00e9es, cigarette \u00e9lectronique jetable au design r\u00e9tro | Style r\u00e9tro, longue dur\u00e9e et praticit\u00e9"},"content":{"rendered":"<h2 data-v-md-heading=\"what-are-the-special-features-of-lavie-camera-8000-retro-design-disposable-vape\" data-v-md-line=\"3\"><img loading=\"lazy\" decoding=\"async\" class=\"aligncenter size-full wp-image-18011\" src=\"https:\/\/agoravape.com\/wp-content\/uploads\/2025\/10\/Lavie-Camera-8000-Puffs-Retro-Camera-Design-Vape-Online_Agora_vape-12.webp\" alt=\"\" width=\"1500\" height=\"1500\" srcset=\"https:\/\/agoravape.com\/wp-content\/uploads\/2025\/10\/Lavie-Camera-8000-Puffs-Retro-Camera-Design-Vape-Online_Agora_vape-12.webp 1500w, https:\/\/agoravape.com\/wp-content\/uploads\/2025\/10\/Lavie-Camera-8000-Puffs-Retro-Camera-Design-Vape-Online_Agora_vape-12-600x600.webp 600w, https:\/\/agoravape.com\/wp-content\/uploads\/2025\/10\/Lavie-Camera-8000-Puffs-Retro-Camera-Design-Vape-Online_Agora_vape-12-1200x1200.webp 1200w, https:\/\/agoravape.com\/wp-content\/uploads\/2025\/10\/Lavie-Camera-8000-Puffs-Retro-Camera-Design-Vape-Online_Agora_vape-12-300x300.webp 300w, https:\/\/agoravape.com\/wp-content\/uploads\/2025\/10\/Lavie-Camera-8000-Puffs-Retro-Camera-Design-Vape-Online_Agora_vape-12-1024x1024.webp 1024w, https:\/\/agoravape.com\/wp-content\/uploads\/2025\/10\/Lavie-Camera-8000-Puffs-Retro-Camera-Design-Vape-Online_Agora_vape-12-150x150.webp 150w, https:\/\/agoravape.com\/wp-content\/uploads\/2025\/10\/Lavie-Camera-8000-Puffs-Retro-Camera-Design-Vape-Online_Agora_vape-12-768x768.webp 768w\" sizes=\"auto, (max-width: 1500px) 100vw, 1500px\" \/><\/h2>\n<h2 data-v-md-heading=\"what-are-the-special-features-of-lavie-camera-8000-retro-design-disposable-vape\" data-v-md-line=\"3\">Quelles sont les caract\u00e9ristiques particuli\u00e8res de la cigarette \u00e9lectronique jetable LAVIE Camera 8000 au design r\u00e9tro ?<\/h2>\n<p data-v-md-line=\"4\">Si vous en avez assez de changer de cigarette \u00e9lectronique tous les deux ou trois jours, ce produit vous simplifiera la vie. La LAVIE Camera arbore un look r\u00e9tro original et offre jusqu'\u00e0 8\u00a0000\u00a0inhalations, pour une prise en main tr\u00e8s agr\u00e9able. Compacte, l\u00e9g\u00e8re et facile \u00e0 utiliser, elle est id\u00e9ale pour une utilisation quotidienne.<\/p>\n<p data-v-md-line=\"6\">Elle convient \u00e0 tous ceux qui recherchent une cigarette \u00e9lectronique jetable fiable, offrant une vapeur savoureuse et facile \u00e0 utiliser. Vous b\u00e9n\u00e9ficierez d'une grande quantit\u00e9 d'e-liquide, de batteries rechargeables et d'une exp\u00e9rience toujours agr\u00e9able.<\/p>\n<h2 data-v-md-heading=\"excellent-performance-no-need-for-complex-operations\" data-v-md-line=\"8\">Excellentes performances, aucune op\u00e9ration complexe requise<\/h2>\n<p data-v-md-line=\"9\">La conception de la r\u00e9sistance assure une saveur stable, pour une exp\u00e9rience gustative identique \u00e0 la premi\u00e8re et \u00e0 la derni\u00e8re bouff\u00e9e. Lorsque la batterie est faible, il suffit de la recharger via USB-C, comme un c\u00e2ble de donn\u00e9es pour votre t\u00e9l\u00e9phone. Aucun bouton ni r\u00e9glage n'est n\u00e9cessaire. Choisissez votre saveur pr\u00e9f\u00e9r\u00e9e et savourez-la pleinement.<\/p>\n<h2 data-v-md-heading=\"specification-overview\" data-v-md-line=\"11\">Aper\u00e7u des sp\u00e9cifications<\/h2>\n<ul data-v-md-line=\"12\">\n<li>Fr\u00e9quence d'aspiration : jusqu'\u00e0 8000 fois<\/li>\n<li>Nicotine : 2 % et 5 % en option<\/li>\n<li>E-liquid capacity: 18 milliliters<\/li>\n<li>Batterie : batterie rechargeable de 550 mAh<\/li>\n<li>Principe de fonctionnement : Activation par inhalation<\/li>\n<li>Charging: Standard Type-C USB interface<\/li>\n<li>Dimensions : 50 \u00d7 26 \u00d7 65 millim\u00e8tres<\/li>\n<li>Poids net : 70 grammes<\/li>\n<li>\u00c9tat : Pr\u00eat \u00e0 l'emploi d\u00e8s le d\u00e9ballage<\/li>\n<\/ul>\n<h2 data-v-md-heading=\"complete-flavor-series\" data-v-md-line=\"22\">Gamme compl\u00e8te de saveurs<\/h2>\n<ul data-v-md-line=\"23\">\n<li>Comme<\/li>\n<li>baies m\u00e9lang\u00e9es<\/li>\n<li>lait \u00e0 la rose<\/li>\n<li>Yakult Duo<\/li>\n<li>Strawberry watermelon<\/li>\n<li>Pommes doubles<\/li>\n<li>Fruit de la passion<\/li>\n<li>Glace au raisin<\/li>\n<li>Glace \u00e0 la past\u00e8que<\/li>\n<li>Peach Juice<\/li>\n<li>Glace Coca-Cola<\/li>\n<li>Glace \u00e0 la mangue<\/li>\n<\/ul>\n<p>&nbsp;<\/p>\n<h2 data-v-md-heading=\"for-you-for-your-business\" data-v-md-line=\"36\">Pour vous, pour votre entreprise<\/h2>\n<p data-v-md-line=\"37\">Facile \u00e0 choisir. Que vous teniez une boutique physique ou en ligne, achetez en toute confiance. Nous proposons des cartons moyens de 10 unit\u00e9s et des cartons grands de 300 unit\u00e9s pour un r\u00e9approvisionnement efficace.<\/p>\n<p data-v-md-line=\"39\">Nous collaborons \u00e9galement avec des partenaires de confiance tels que UPS, DPD et DHL pour fournir des services d'exp\u00e9dition DDP (taxes acquitt\u00e9es) \u00e0 travers l'Europe, garantissant une livraison pr\u00e9visible et \u00e9vitant les probl\u00e8mes de douane.<\/p>\n<h2 data-v-md-heading=\"why-do-you-like-it\" data-v-md-line=\"41\">Pourquoi l'aimes-tu ?<\/h2>\n<ul data-v-md-line=\"42\">\n<li>Grande capacit\u00e9 d'aspiration : jusqu'\u00e0 8\u00a0000 unit\u00e9s, ce qui signifie moins de recharges et de commandes r\u00e9p\u00e9t\u00e9es.<\/li>\n<li>Choix du taux de nicotine\u00a0: Choisissez 2\u00a0% ou 5\u00a0% selon votre pr\u00e9f\u00e9rence<\/li>\n<li>Rechargeable : le chargement USB-C vous permet d'utiliser la totalit\u00e9 des 18 ml d'e-liquide.<\/li>\n<li>Go\u00fbt constant : Le noyau de l'atomiseur, soigneusement r\u00e9gl\u00e9, garantit un go\u00fbt stable en toutes circonstances.<\/li>\n<li>Portables et faciles \u00e0 transporter : les e-liquides 8000 peuvent para\u00eetre encombrants, mais ils sont petits et l\u00e9gers.<\/li>\n<li>Facile d'utilisation : conception \u00e0 ventouse, sans boutons ni menus.<\/li>\n<\/ul>\n<h2 data-v-md-heading=\"why-choose-to-collaborate-with-agoravape\" data-v-md-line=\"49\">Pourquoi choisir de collaborer avec AgoraVape ?<\/h2>\n<p data-v-md-line=\"50\">Nous proposons des produits 100 % authentiques, issus de marques reconnues par vos clients. Avec la cigarette \u00e9lectronique jetable LAVIE Camera 8000 au design r\u00e9tro, b\u00e9n\u00e9ficiez de prix de gros avantageux, d'une assistance r\u00e9active et d'une livraison rapide et fiable. Besoin d'une fabrication OEM ou d'une personnalisation (taux de nicotine de 2 % ou 5 %)\u00a0? Contactez-nous\u00a0! Nous fournissons des produits faciles \u00e0 vendre et tr\u00e8s appr\u00e9ci\u00e9s des consommateurs.<\/p>","protected":false},"excerpt":{"rendered":"<p>&nbsp;<\/p>\n<p><script src=\"chrome-extension:\/\/fpelahbljekknahkcaegamhcndkfpfnc\/iFrame.js\" type=\"text\/javascript\"><\/script><\/p>\n<p><script src=\"chrome-extension:\/\/fpelahbljekknahkcaegamhcndkfpfnc\/iFrame.js\" type=\"text\/javascript\"><\/script><\/p>\n<p><script src=\"chrome-extension:\/\/fpelahbljekknahkcaegamhcndkfpfnc\/iFrame.js\" type=\"text\/javascript\"><\/script><\/p>\n<p><script src=\"chrome-extension:\/\/fpelahbljekknahkcaegamhcndkfpfnc\/iFrame.js\" type=\"text\/javascript\"><\/script><\/p>\n<p><script src=\"chrome-extension:\/\/fpelahbljekknahkcaegamhcndkfpfnc\/iFrame.js\" type=\"text\/javascript\"><\/script><\/p>\n<p><script src=\"chrome-extension:\/\/fpelahbljekknahkcaegamhcndkfpfnc\/iFrame.js\" type=\"text\/javascript\"><\/script><\/p>\n<p><script src=\"chrome-extension:\/\/fpelahbljekknahkcaegamhcndkfpfnc\/iFrame.js\" type=\"text\/javascript\"><\/script><\/p>\n<p><script src=\"chrome-extension:\/\/fpelahbljekknahkcaegamhcndkfpfnc\/iFrame.js\" type=\"text\/javascript\"><\/script><\/p>\n<p><script src=\"chrome-extension:\/\/fpelahbljekknahkcaegamhcndkfpfnc\/iFrame.js\" type=\"text\/javascript\"><\/script><\/p>\n<p><script src=\"chrome-extension:\/\/fpelahbljekknahkcaegamhcndkfpfnc\/iFrame.js\" type=\"text\/javascript\"><\/script><\/p>\n<p><script src=\"chrome-extension:\/\/fpelahbljekknahkcaegamhcndkfpfnc\/iFrame.js\" type=\"text\/javascript\"><\/script><\/p>\n<p><script src=\"chrome-extension:\/\/fpelahbljekknahkcaegamhcndkfpfnc\/iFrame.js\" type=\"text\/javascript\"><\/script><\/p>\n<p><script src=\"chrome-extension:\/\/fpelahbljekknahkcaegamhcndkfpfnc\/iFrame.js\" type=\"text\/javascript\"><\/script><\/p>\n<p><script src=\"chrome-extension:\/\/fpelahbljekknahkcaegamhcndkfpfnc\/iFrame.js\" type=\"text\/javascript\"><\/script><\/p>\n<p><script src=\"chrome-extension:\/\/fpelahbljekknahkcaegamhcndkfpfnc\/iFrame.js\" type=\"text\/javascript\"><\/script><\/p>\n<p><script src=\"chrome-extension:\/\/fpelahbljekknahkcaegamhcndkfpfnc\/iFrame.js\" type=\"text\/javascript\"><\/script><\/p>\n<p><script src=\"chrome-extension:\/\/fpelahbljekknahkcaegamhcndkfpfnc\/iFrame.js\" type=\"text\/javascript\"><\/script><\/p>\n<p><script src=\"chrome-extension:\/\/fpelahbljekknahkcaegamhcndkfpfnc\/iFrame.js\" type=\"text\/javascript\"><\/script><\/p>","protected":false},"featured_media":18010,"comment_status":"open","ping_status":"closed","template":"","meta":[],"product_brand":[238],"product_cat":[124,189,184,176,174,175,165,193,191,179,173,186,180,190],"product_tag":[],"class_list":{"0":"post-17986","1":"product","2":"type-product","3":"status-publish","4":"has-post-thumbnail","6":"product_brand-lavie","7":"product_cat-vape-by-brand","8":"product_cat-20mg-standard-nicotine-vapes","9":"product_cat-5000-8000-puffs","10":"product_cat-beverage","11":"product_cat-fruit-flavors","12":"product_cat-icy-mint","13":"product_cat-lavie","14":"product_cat-mesh-coil","15":"product_cat-rechargeable-disposables","16":"product_cat-unique-blends","17":"product_cat-vape-by-flavor-profile","18":"product_cat-vape-by-nicotine-strength","19":"product_cat-vape-by-puff-count","20":"product_cat-vape-by-feature-or-type","22":"first","23":"instock","24":"shipping-taxable","25":"purchasable","26":"product-type-variable","27":"has-default-attributes"},"tiered_pricing_type":"percentage","tiered_pricing_fixed_rules":[],"tiered_pricing_product_settings":{"layout":"default","base_unit_name":{"singular":null,"plural":null},"default_variation":null},"tiered_pricing_minimum_quantity":10,"tiered_pricing_roles_data":[],"tiered_pricing_percentage_rules":{"30":"29","50":"35","100":"40","200":"44","500":"47","1000":"49"},"tiered_pricing_maximum_quantity":null,"tiered_pricing_quantity_step":"10","_links":{"self":[{"href":"https:\/\/agoravape.com\/fr\/wp-json\/wp\/v2\/product\/17986","targetHints":{"allow":["GET"]}}],"collection":[{"href":"https:\/\/agoravape.com\/fr\/wp-json\/wp\/v2\/product"}],"about":[{"href":"https:\/\/agoravape.com\/fr\/wp-json\/wp\/v2\/types\/product"}],"replies":[{"embeddable":true,"href":"https:\/\/agoravape.com\/fr\/wp-json\/wp\/v2\/comments?post=17986"}],"version-history":[{"count":0,"href":"https:\/\/agoravape.com\/fr\/wp-json\/wp\/v2\/product\/17986\/revisions"}],"wp:featuredmedia":[{"embeddable":true,"href":"https:\/\/agoravape.com\/fr\/wp-json\/wp\/v2\/media\/18010"}],"wp:attachment":[{"href":"https:\/\/agoravape.com\/fr\/wp-json\/wp\/v2\/media?parent=17986"}],"wp:term":[{"taxonomy":"product_brand","embeddable":true,"href":"https:\/\/agoravape.com\/fr\/wp-json\/wp\/v2\/product_brand?post=17986"},{"taxonomy":"product_cat","embeddable":true,"href":"https:\/\/agoravape.com\/fr\/wp-json\/wp\/v2\/product_cat?post=17986"},{"taxonomy":"product_tag","embeddable":true,"href":"https:\/\/agoravape.com\/fr\/wp-json\/wp\/v2\/product_tag?post=17986"}],"curies":[{"name":"wp","href":"https:\/\/api.w.org\/{rel}","templated":true}]}}