{"id":18050,"date":"2025-10-20T12:35:54","date_gmt":"2025-10-20T04:35:54","guid":{"rendered":"https:\/\/green-grasshopper-921422.hostingersite.com\/?post_type=product&#038;p=18050"},"modified":"2026-01-12T13:57:30","modified_gmt":"2026-01-12T05:57:30","slug":"pluscig-x30-heat-not-burn-device","status":"publish","type":"product","link":"https:\/\/agoravape.com\/fr\/product\/pluscig-x30-heat-not-burn-device\/","title":{"rendered":"Dispositif Pluscig X30 pour cigarettes \u00e9lectroniques TEREA | Puissance toute la journ\u00e9e, chaleur propre et constante"},"content":{"rendered":"<h2 data-v-md-heading=\"pluscig-x30-heating-non-combustible-device-suitable-for-terea-cigars-what-are-the-advantages\" data-v-md-line=\"3\"><img loading=\"lazy\" decoding=\"async\" class=\"size-full wp-image-18067 alignright\" src=\"https:\/\/agoravape.com\/wp-content\/uploads\/2025\/10\/Pluscig-X30-Heat-Not-Burn-Device-for-Terea-Vape-Online_Agora_vape-3-scaled.webp\" alt=\"\" width=\"588\" height=\"2560\" srcset=\"https:\/\/agoravape.com\/wp-content\/uploads\/2025\/10\/Pluscig-X30-Heat-Not-Burn-Device-for-Terea-Vape-Online_Agora_vape-3-scaled.webp 588w, https:\/\/agoravape.com\/wp-content\/uploads\/2025\/10\/Pluscig-X30-Heat-Not-Burn-Device-for-Terea-Vape-Online_Agora_vape-3-69x300.webp 69w, https:\/\/agoravape.com\/wp-content\/uploads\/2025\/10\/Pluscig-X30-Heat-Not-Burn-Device-for-Terea-Vape-Online_Agora_vape-3-235x1024.webp 235w, https:\/\/agoravape.com\/wp-content\/uploads\/2025\/10\/Pluscig-X30-Heat-Not-Burn-Device-for-Terea-Vape-Online_Agora_vape-3-353x1536.webp 353w\" sizes=\"auto, (max-width: 588px) 100vw, 588px\" \/><\/h2>\n<h2 data-v-md-heading=\"pluscig-x30-heating-non-combustible-device-suitable-for-terea-cigars-what-are-the-advantages\" data-v-md-line=\"3\">Dispositif de chauffage non combustible Pluscig X30, adapt\u00e9 aux cigares TEREA, quels sont ses avantages ?<\/h2>\n<p data-v-md-line=\"4\">Pour profiter pleinement de l'exp\u00e9rience cigare TEREA, le Pluscig X30 est la solution id\u00e9ale. Con\u00e7u pour les amateurs de cigares exigeants, il offre une chauffe stable, une longue dur\u00e9e de combustion et une fum\u00e9e douce, du premier au cinquanti\u00e8me cigare. Ins\u00e9rez simplement le cigare TEREA et r\u00e9glez la temp\u00e9rature selon vos pr\u00e9f\u00e9rences.<\/p>\n<p data-v-md-line=\"6\">Elle convient \u00e0 tous ceux qui recherchent une exp\u00e9rience utilisateur intuitive et un contr\u00f4le pr\u00e9cis de la temp\u00e9rature et du temps. Ses performances sont fiables et vous n'aurez pas \u00e0 vous soucier de la recharger en cours d'utilisation.<\/p>\n<h2 data-v-md-heading=\"excellent-performance-easy-and-convenient\" data-v-md-line=\"8\">Excellentes performances, facile et pratique<\/h2>\n<p data-v-md-line=\"9\">Le X30 chauffe votre cigare TEREA avec pr\u00e9cision, sans le br\u00fbler. Vous b\u00e9n\u00e9ficiez ainsi d'un go\u00fbt constant et d'une inhalation plus douce. R\u00e9glez la temp\u00e9rature entre 200 et 350 \u00b0C selon vos pr\u00e9f\u00e9rences\u00a0: chaud ou doux, l'utilisation est simple. Il est \u00e9galement dot\u00e9 d'une fonction autonettoyante qui pr\u00e9serve la cavit\u00e9 entre deux utilisations. Lorsque la batterie est faible, rechargez-le via l'interface USB-C avec le m\u00eame c\u00e2ble que votre t\u00e9l\u00e9phone. C'est simple comme bonjour.<\/p>\n<p data-v-md-line=\"11\">Vous pourriez penser qu'une batterie aussi volumineuse implique un format encombrant, mais le X30 se glisse facilement dans une poche et est tr\u00e8s agr\u00e9able \u00e0 tenir en main.<\/p>\n<h2 data-v-md-heading=\"specification-introduction\" data-v-md-line=\"13\">Introduction aux sp\u00e9cifications<\/h2>\n<ul data-v-md-line=\"14\">\n<li>45 \u00e0 50 unit\u00e9s d'e-liquide TEREA peuvent \u00eatre utilis\u00e9es sur chaque charge<\/li>\n<li>Batterie : batterie int\u00e9gr\u00e9e de 3500 mAh<\/li>\n<li>Dur\u00e9e de chaque utilisation\u00a0: 240 secondes par d\u00e9faut<\/li>\n<li>Contr\u00f4le de la temp\u00e9rature : r\u00e9glable de 200 \u00e0 350 \u00b0C<\/li>\n<li>Chargement\u00a0: USB de type C, environ 120 \u00e0 180\u00a0minutes pour une charge compl\u00e8te<\/li>\n<li>Utilisation : Ins\u00e9rez le e-liquide TEREA, appuyez pour chauffer et savourez.<\/li>\n<li>Nettoyage : Fonction de nettoyage automatique int\u00e9gr\u00e9e<\/li>\n<li>Mati\u00e8re : PEEK, ornementation en cuir<\/li>\n<li>Dimensions et poids\u00a0: 106,7 \u00d7 32 \u00d7 23 millim\u00e8tres, 86,7 grammes<\/li>\n<li>Couleurs : Noir, Orange, Bleu, Marron<\/li>\n<li>Contenu de l'emballage\u00a0: appareil X30, c\u00e2ble de donn\u00e9es USB-C, manuel d'utilisation, carte de garantie, coffret cadeau<\/li>\n<li>\u00c9tat : Pr\u00eat \u00e0 l'emploi d\u00e8s le d\u00e9ballage<\/li>\n<\/ul>\n<h2 data-v-md-heading=\"full-range-of-products\" data-v-md-line=\"27\">Gamme compl\u00e8te de produits<\/h2>\n<ul data-v-md-line=\"28\">\n<li>Cet appareil utilise le e-liquide TEREA. Le go\u00fbt et le taux de nicotine d\u00e9pendent du b\u00e2tonnet de tabac TEREA que vous choisissez.<\/li>\n<\/ul>\n<h2 data-v-md-heading=\"for-you-and-for-your-business-as-well\" data-v-md-line=\"30\">Pour vous, et pour votre entreprise \u00e9galement<\/h2>\n<p data-v-md-line=\"31\">Vous souhaitez l'acheter\u00a0? Choisissez simplement la couleur. Le X30 est simple d'utilisation, facile d'entretien et s'int\u00e8gre facilement \u00e0 votre quotidien.<\/p>\n<p data-v-md-line=\"33\">Vous souhaitez faire des provisions pour le magasin\u00a0? Nous proposons des produits authentiques <a class=\"wpil_keyword_link\" title=\"Pluscig\" href=\"https:\/\/agoravape.com\/fr\/vape-par-marque\/pluscig\/\" data-wpil-keyword-link=\"linked\" data-wpil-monitor-id=\"43\">Pluscig X30<\/a> Cigarettes en b\u00e2tonnets \u00e0 prix de gros tr\u00e8s comp\u00e9titifs. Les commandes group\u00e9es sont exp\u00e9di\u00e9es par nos partenaires UPS, DPD et DHL en DDP (livraison directe en douane) dans toute l'Europe, garantissant ainsi l'absence d'impr\u00e9vus en douane et un suivi fiable de bout en bout. Vous souhaitez pr\u00e9ciser le nombre de bo\u00eetes ou commander des couleurs assorties\u00a0? Contactez-nous et nous nous en occuperons.<\/p>\n<h2 data-v-md-heading=\"why-do-you-like-it\" data-v-md-line=\"35\">Pourquoi l'aimes-tu ?<\/h2>\n<ul data-v-md-line=\"36\">\n<li>Batterie haute capacit\u00e9, sans souci et sans effort : jusqu'\u00e0 45 \u00e0 50 cigarettes peuvent \u00eatre utilis\u00e9es par charge, ce qui signifie qu'il n'est pas n\u00e9cessaire de recharger fr\u00e9quemment pendant la journ\u00e9e.<\/li>\n<li>Chauffage continu pour un meilleur contr\u00f4le\u00a0: temp\u00e9rature r\u00e9glable pour une exp\u00e9rience utilisateur id\u00e9ale \u00e0 chaque utilisation.<\/li>\n<li>Interface Type-C, chargement pratique : vous pouvez charger votre appareil \u00e0 l'aide du c\u00e2ble que vous avez sur vous.<\/li>\n<li>Un compartiment \u00e0 e-liquide plus propre pour un meilleur go\u00fbt\u00a0: la fonction de nettoyage automatique contribue \u00e0 r\u00e9duire les r\u00e9sidus d\u2019e-liquide apr\u00e8s chaque utilisation.<\/li>\n<li>R\u00e9sistant et robuste, agr\u00e9able au toucher : le mat\u00e9riau PEEK associ\u00e9 \u00e0 des finitions en cuir offre une apparence \u00e9l\u00e9gante et durable.<\/li>\n<li>Sp\u00e9cialement con\u00e7u pour TEREA : Con\u00e7u pour compl\u00e9ter l'utilisation des b\u00e2tonnets de tabac TEREA, offrant une exp\u00e9rience utilisateur famili\u00e8re.<\/li>\n<\/ul>\n<h2 data-v-md-heading=\"why-collaborate-with-agoravape\" data-v-md-line=\"43\">Pourquoi collaborer avec AgoraVape ?<\/h2>\n<p data-v-md-line=\"44\">Nous ne vendons que des produits 100 % authentiques, sans le moindre doute. Cela signifie un stock Pluscig authentique, une garantie claire et un service apr\u00e8s-vente r\u00e9actif. Nos clients B2B b\u00e9n\u00e9ficient de prix r\u00e9duits, d'une livraison DDP rapide en Europe et de services de livraison flexibles assur\u00e9s par des transporteurs de confiance tels que UPS, DPD et DHL. Si vous recherchez un appareil de chauffage sans combustible que vos clients utiliseront au quotidien, <a class=\"wpil_keyword_link\" title=\"Pluscig\" href=\"https:\/\/agoravape.com\/fr\/marque\/pluscig\/\" data-wpil-keyword-link=\"linked\" data-wpil-monitor-id=\"64\">Pluscig X30<\/a> est votre choix id\u00e9al.<\/p>\n<p data-v-md-line=\"46\">Pr\u00e9cautions et techniques d'entretien\u00a0:<\/p>\n<ul data-v-md-line=\"47\">\n<li>Pour un fonctionnement optimal, veuillez laisser l'appareil terminer son cycle de nettoyage automatique. Si n\u00e9cessaire, nettoyez d\u00e9licatement le compartiment \u00e0 e-liquide \u00e0 l'aide d'un coton-tige sec afin de garantir sa propret\u00e9.<\/li>\n<li>Les b\u00e2tonnets de tabac TEREA permettent de personnaliser le go\u00fbt et la concentration de nicotine. Choisissez le b\u00e2tonnet qui correspond \u00e0 vos pr\u00e9f\u00e9rences.<\/li>\n<li>Le prix varie selon la capacit\u00e9. Veuillez nous contacter pour conna\u00eetre les remises en vigueur pour les particuliers et les professionnels.<\/li>\n<\/ul>","protected":false},"excerpt":{"rendered":"<p>Pluscig X30, appareil chauffant non combustible, adapt\u00e9 aux cigares TEREA, quels sont les avantages ? Si vous souhaitez profiter facilement<\/p>","protected":false},"featured_media":18069,"comment_status":"open","ping_status":"closed","template":"","meta":[],"product_brand":[239],"product_cat":[124,165,166,191,178,173,190],"product_tag":[],"class_list":{"0":"post-18050","1":"product","2":"type-product","3":"status-publish","4":"has-post-thumbnail","6":"product_brand-pluscig","7":"product_cat-vape-by-brand","8":"product_cat-lavie","9":"product_cat-pluscig","10":"product_cat-rechargeable-disposables","11":"product_cat-tobacco","12":"product_cat-vape-by-flavor-profile","13":"product_cat-vape-by-feature-or-type","15":"first","16":"instock","17":"shipping-taxable","18":"purchasable","19":"product-type-variable","20":"has-default-attributes"},"tiered_pricing_type":"percentage","tiered_pricing_fixed_rules":[],"tiered_pricing_product_settings":{"layout":"default","base_unit_name":{"singular":null,"plural":null},"default_variation":null},"tiered_pricing_minimum_quantity":20,"tiered_pricing_roles_data":[],"tiered_pricing_percentage_rules":{"50":"35","100":"40","200":"44","500":"47","1000":"49"},"tiered_pricing_maximum_quantity":null,"tiered_pricing_quantity_step":"10","_links":{"self":[{"href":"https:\/\/agoravape.com\/fr\/wp-json\/wp\/v2\/product\/18050","targetHints":{"allow":["GET"]}}],"collection":[{"href":"https:\/\/agoravape.com\/fr\/wp-json\/wp\/v2\/product"}],"about":[{"href":"https:\/\/agoravape.com\/fr\/wp-json\/wp\/v2\/types\/product"}],"replies":[{"embeddable":true,"href":"https:\/\/agoravape.com\/fr\/wp-json\/wp\/v2\/comments?post=18050"}],"version-history":[{"count":0,"href":"https:\/\/agoravape.com\/fr\/wp-json\/wp\/v2\/product\/18050\/revisions"}],"wp:featuredmedia":[{"embeddable":true,"href":"https:\/\/agoravape.com\/fr\/wp-json\/wp\/v2\/media\/18069"}],"wp:attachment":[{"href":"https:\/\/agoravape.com\/fr\/wp-json\/wp\/v2\/media?parent=18050"}],"wp:term":[{"taxonomy":"product_brand","embeddable":true,"href":"https:\/\/agoravape.com\/fr\/wp-json\/wp\/v2\/product_brand?post=18050"},{"taxonomy":"product_cat","embeddable":true,"href":"https:\/\/agoravape.com\/fr\/wp-json\/wp\/v2\/product_cat?post=18050"},{"taxonomy":"product_tag","embeddable":true,"href":"https:\/\/agoravape.com\/fr\/wp-json\/wp\/v2\/product_tag?post=18050"}],"curies":[{"name":"wp","href":"https:\/\/api.w.org\/{rel}","templated":true}]}}