{"id":18112,"date":"2025-10-20T13:25:17","date_gmt":"2025-10-20T05:25:17","guid":{"rendered":"https:\/\/green-grasshopper-921422.hostingersite.com\/?post_type=product&#038;p=18112"},"modified":"2026-01-12T13:58:07","modified_gmt":"2026-01-12T05:58:07","slug":"pluscig-morex-hnb","status":"publish","type":"product","link":"https:\/\/agoravape.com\/fr\/product\/pluscig-morex-hnb\/","title":{"rendered":"Pluscig MoreX Heat Not Burn Device | 3 Temp Levels | Steady Heat Control, No Fuss"},"content":{"rendered":"<h2 data-v-md-heading=\"pluscig-morex-heating-non-combustion-equipment-what-are-the-characteristics-of-3-speed-temperature\" data-v-md-line=\"3\"><img loading=\"lazy\" decoding=\"async\" class=\"size-full wp-image-18111 alignright\" src=\"https:\/\/agoravape.com\/wp-content\/uploads\/2025\/10\/Pluscig-MoreX-Heat-Not-Burn-Device-3-Temp-Levels_Agora_vape-5.webp\" alt=\"\" width=\"800\" height=\"999\" srcset=\"https:\/\/agoravape.com\/wp-content\/uploads\/2025\/10\/Pluscig-MoreX-Heat-Not-Burn-Device-3-Temp-Levels_Agora_vape-5.webp 800w, https:\/\/agoravape.com\/wp-content\/uploads\/2025\/10\/Pluscig-MoreX-Heat-Not-Burn-Device-3-Temp-Levels_Agora_vape-5-240x300.webp 240w, https:\/\/agoravape.com\/wp-content\/uploads\/2025\/10\/Pluscig-MoreX-Heat-Not-Burn-Device-3-Temp-Levels_Agora_vape-5-768x959.webp 768w\" sizes=\"auto, (max-width: 800px) 100vw, 800px\" \/><\/h2>\n<h2 data-v-md-heading=\"pluscig-morex-heating-non-combustion-equipment-what-are-the-characteristics-of-3-speed-temperature\" data-v-md-line=\"3\">\u00c9quipement de chauffage sans combustion Pluscig MoreX | Quelles sont les caract\u00e9ristiques de la temp\u00e9rature \u00e0 3 vitesses\u00a0?<\/h2>\n<p data-v-md-line=\"4\">Pour une exp\u00e9rience de chauffage propre et sans br\u00fblure, ce produit est id\u00e9al. Le Pluscig MoreX propose trois niveaux de temp\u00e9rature, vous permettant de l'ajuster selon vos pr\u00e9f\u00e9rences. Con\u00e7u pour un usage quotidien, il est \u00e9quip\u00e9 d'une batterie haute capacit\u00e9 qui r\u00e9pond \u00e0 vos besoins en \u00e9lectricit\u00e9 pour toute la journ\u00e9e.<\/p>\n<p data-v-md-line=\"6\">On pourrait croire qu'un appareil aussi performant serait encombrant, mais il se glisse facilement dans une poche. Son bo\u00eetier en aluminium a\u00e9ronautique lui conf\u00e8re une grande robustesse et ses dimensions de seulement 106 \u00d7 30 \u00d7 22 millim\u00e8tres le rendent l\u00e9ger et portable. Avec un poids plume de seulement 88,5 grammes, il ne vous g\u00eanera pas sous votre veste.<\/p>\n<h2 data-v-md-heading=\"excellent-performance-easy-and-convenient\" data-v-md-line=\"8\">Excellentes performances, facile et pratique<\/h2>\n<p data-v-md-line=\"9\">R\u00e9glez la temp\u00e9rature \u00e0 280 \u00b0C, 320 \u00b0C ou 360 \u00b0C pour commencer et profiter d'une sensation d'aspiration naturelle. Utilisez le r\u00e9glage par d\u00e9faut pendant 240 secondes \u00e0 chaque utilisation pour garantir la stabilit\u00e9 de chaque tige de tabac. La fonction de nettoyage automatique assure une performance durable, vous offrant ainsi plus de temps pour profiter pleinement de votre appareil et moins de temps consacr\u00e9 aux r\u00e9glages. Lorsque la batterie est faible, vous pouvez la recharger \u00e0 l'aide du c\u00e2ble USB-C standard de votre t\u00e9l\u00e9phone. Facile \u00e0 utiliser.<\/p>\n<h2 data-v-md-heading=\"specification-introduction\" data-v-md-line=\"11\">Introduction aux sp\u00e9cifications<\/h2>\n<ul data-v-md-line=\"12\">\n<li>Fr\u00e9quence d'aspiration\u00a0: variable selon l'utilisation. Apr\u00e8s une charge compl\u00e8te, il est possible de fumer environ 45 \u00e0 50 cigarettes.<\/li>\n<li>Teneur en nicotine : d\u00e9pend de la tige de tabac Terea que vous choisissez.<\/li>\n<li>Principe de fonctionnement : D\u00e9marrer le mode de chauffage puis aspirer normalement.<\/li>\n<li>Chargement\u00a0: Interface USB Type-C standard. Le temps de charge typique est de 120 \u00e0 180\u00a0minutes.<\/li>\n<li>\u00c9tat : Pr\u00eat \u00e0 l'emploi d\u00e8s l'ouverture de la bo\u00eete. Il suffit d'ajouter un b\u00e2tonnet de tabac Terea.<\/li>\n<li>Temp\u00e9rature : 280 \u00b0C\/320 \u00b0C\/360 \u00b0C<\/li>\n<li>Dur\u00e9e de chaque utilisation\u00a0: par d\u00e9faut, 240 secondes.<\/li>\n<li>Mat\u00e9riau : PEEK + aluminium a\u00e9ronautique.<\/li>\n<li>Dimensions et poids\u00a0: 106 \u00d7 30 \u00d7 22 millim\u00e8tres. 88,5 grammes<\/li>\n<li>Compatibilit\u00e9 : Peut \u00eatre utilis\u00e9 avec les b\u00e2tonnets fumig\u00e8nes Terea.<\/li>\n<\/ul>\n<h2 data-v-md-heading=\"for-you-and-for-your-business-as-well\" data-v-md-line=\"23\">Pour vous, et pour votre entreprise \u00e9galement<\/h2>\n<p data-v-md-line=\"24\">Vous pouvez choisir Pluscig MoreX pour un usage personnel ou l'ajouter \u00e0 votre magasin. Conditionn\u00e9 en cartons de 50 unit\u00e9s en gros, pour un poids brut d'environ 8,5 kg, ce format est pratique pour le stockage et facile \u00e0 compter en rayon.<\/p>\n<p data-v-md-line=\"26\">Nous collaborons avec des partenaires de confiance tels que UPS, DPD et DHL pour exp\u00e9dier vos marchandises \u00e0 travers l'Europe en DDP (rendu droits acquitt\u00e9s), garantissant ainsi un d\u00e9douanement rapide et sans incident. Si vous avez besoin d'aide concernant les d\u00e9lais de livraison ou l'\u00e9tiquetage pour un pays ou une r\u00e9gion sp\u00e9cifique, notre \u00e9quipe se tient \u00e0 votre disposition.<\/p>\n<h2 data-v-md-heading=\"why-do-you-like-it\" data-v-md-line=\"28\">Pourquoi l'aimes-tu ?<\/h2>\n<ul data-v-md-line=\"29\">\n<li>Durable et performante : la batterie de 3500 mAh permet de fumer environ 45 \u00e0 50 cigarettes par charge.<\/li>\n<li>Trois niveaux de puissance d'aspiration : ajustez l'aspiration selon vos pr\u00e9f\u00e9rences, sans avoir \u00e0 deviner.<\/li>\n<li>Recharge pratique : Rechargez-le via l'interface Type-C pour une utilisation continue<\/li>\n<li>Nettoyage automatique : assure un fonctionnement stable de la chambre de chauffe<\/li>\n<li>Portable et facile \u00e0 transporter : structure compacte, facile \u00e0 transporter<\/li>\n<li>Compatible avec Terea : Approvisionnement pratique en b\u00e2tonnets de tabac, offrant des options communes<\/li>\n<\/ul>\n<h2 data-v-md-heading=\"why-collaborate-with-agoravape\" data-v-md-line=\"36\">Pourquoi collaborer avec AgoraVape ?<\/h2>\n<p data-v-md-line=\"37\">Nous ne vendons que des produits 100 % authentiques, sans le moindre doute. L'\u00e9quipement de chauffage non combustible Pluscig MoreX propose trois niveaux de puissance, vous permettant de b\u00e9n\u00e9ficier de prix de gros tr\u00e8s comp\u00e9titifs, d'une assistance technique r\u00e9active et d'une livraison DDP rapide. Si vous souhaitez un appareil durable pour vos clients, contactez-nous\u00a0: nous l'installerons rapidement et vous proposerons un mode de paiement s\u00e9curis\u00e9 ainsi qu'une facture claire.<\/p>","protected":false},"excerpt":{"rendered":"<p>&nbsp;<\/p>\n<p><script src=\"chrome-extension:\/\/fpelahbljekknahkcaegamhcndkfpfnc\/iFrame.js\" type=\"text\/javascript\"><\/script><\/p>\n<p><script src=\"chrome-extension:\/\/fpelahbljekknahkcaegamhcndkfpfnc\/iFrame.js\" type=\"text\/javascript\"><\/script><\/p>\n<p><script src=\"chrome-extension:\/\/fpelahbljekknahkcaegamhcndkfpfnc\/iFrame.js\" type=\"text\/javascript\"><\/script><\/p>\n<p><script src=\"chrome-extension:\/\/fpelahbljekknahkcaegamhcndkfpfnc\/iFrame.js\" type=\"text\/javascript\"><\/script><\/p>\n<p><script src=\"chrome-extension:\/\/fpelahbljekknahkcaegamhcndkfpfnc\/iFrame.js\" type=\"text\/javascript\"><\/script><\/p>\n<p><script src=\"chrome-extension:\/\/fpelahbljekknahkcaegamhcndkfpfnc\/iFrame.js\" type=\"text\/javascript\"><\/script><\/p>\n<p><script src=\"chrome-extension:\/\/fpelahbljekknahkcaegamhcndkfpfnc\/iFrame.js\" type=\"text\/javascript\"><\/script><\/p>\n<p><script src=\"chrome-extension:\/\/fpelahbljekknahkcaegamhcndkfpfnc\/iFrame.js\" type=\"text\/javascript\"><\/script><\/p>\n<p><script src=\"chrome-extension:\/\/fpelahbljekknahkcaegamhcndkfpfnc\/iFrame.js\" type=\"text\/javascript\"><\/script><\/p>\n<p><script src=\"chrome-extension:\/\/fpelahbljekknahkcaegamhcndkfpfnc\/iFrame.js\" type=\"text\/javascript\"><\/script><\/p>\n<p><script src=\"chrome-extension:\/\/fpelahbljekknahkcaegamhcndkfpfnc\/iFrame.js\" type=\"text\/javascript\"><\/script><\/p>\n<p><script src=\"chrome-extension:\/\/fpelahbljekknahkcaegamhcndkfpfnc\/iFrame.js\" type=\"text\/javascript\"><\/script><\/p>\n<p><script src=\"chrome-extension:\/\/fpelahbljekknahkcaegamhcndkfpfnc\/iFrame.js\" type=\"text\/javascript\"><\/script><\/p>\n<p><script src=\"chrome-extension:\/\/fpelahbljekknahkcaegamhcndkfpfnc\/iFrame.js\" type=\"text\/javascript\"><\/script><\/p>\n<p><script src=\"chrome-extension:\/\/fpelahbljekknahkcaegamhcndkfpfnc\/iFrame.js\" type=\"text\/javascript\"><\/script><\/p>\n<p><script src=\"chrome-extension:\/\/fpelahbljekknahkcaegamhcndkfpfnc\/iFrame.js\" type=\"text\/javascript\"><\/script><\/p>\n<p><script src=\"chrome-extension:\/\/fpelahbljekknahkcaegamhcndkfpfnc\/iFrame.js\" type=\"text\/javascript\"><\/script><\/p>\n<p><script src=\"chrome-extension:\/\/fpelahbljekknahkcaegamhcndkfpfnc\/iFrame.js\" type=\"text\/javascript\"><\/script><\/p>","protected":false},"featured_media":18110,"comment_status":"open","ping_status":"closed","template":"","meta":[],"product_brand":[239],"product_cat":[124,165,166,191,178,173,190],"product_tag":[],"class_list":{"0":"post-18112","1":"product","2":"type-product","3":"status-publish","4":"has-post-thumbnail","6":"product_brand-pluscig","7":"product_cat-vape-by-brand","8":"product_cat-lavie","9":"product_cat-pluscig","10":"product_cat-rechargeable-disposables","11":"product_cat-tobacco","12":"product_cat-vape-by-flavor-profile","13":"product_cat-vape-by-feature-or-type","15":"first","16":"instock","17":"shipping-taxable","18":"purchasable","19":"product-type-variable","20":"has-default-attributes"},"tiered_pricing_type":"percentage","tiered_pricing_fixed_rules":[],"tiered_pricing_product_settings":{"layout":"default","base_unit_name":{"singular":null,"plural":null},"default_variation":null},"tiered_pricing_minimum_quantity":20,"tiered_pricing_roles_data":[],"tiered_pricing_percentage_rules":{"50":"35","100":"40","200":"44","500":"47","1000":"49"},"tiered_pricing_maximum_quantity":null,"tiered_pricing_quantity_step":"10","_links":{"self":[{"href":"https:\/\/agoravape.com\/fr\/wp-json\/wp\/v2\/product\/18112","targetHints":{"allow":["GET"]}}],"collection":[{"href":"https:\/\/agoravape.com\/fr\/wp-json\/wp\/v2\/product"}],"about":[{"href":"https:\/\/agoravape.com\/fr\/wp-json\/wp\/v2\/types\/product"}],"replies":[{"embeddable":true,"href":"https:\/\/agoravape.com\/fr\/wp-json\/wp\/v2\/comments?post=18112"}],"version-history":[{"count":0,"href":"https:\/\/agoravape.com\/fr\/wp-json\/wp\/v2\/product\/18112\/revisions"}],"wp:featuredmedia":[{"embeddable":true,"href":"https:\/\/agoravape.com\/fr\/wp-json\/wp\/v2\/media\/18110"}],"wp:attachment":[{"href":"https:\/\/agoravape.com\/fr\/wp-json\/wp\/v2\/media?parent=18112"}],"wp:term":[{"taxonomy":"product_brand","embeddable":true,"href":"https:\/\/agoravape.com\/fr\/wp-json\/wp\/v2\/product_brand?post=18112"},{"taxonomy":"product_cat","embeddable":true,"href":"https:\/\/agoravape.com\/fr\/wp-json\/wp\/v2\/product_cat?post=18112"},{"taxonomy":"product_tag","embeddable":true,"href":"https:\/\/agoravape.com\/fr\/wp-json\/wp\/v2\/product_tag?post=18112"}],"curies":[{"name":"wp","href":"https:\/\/api.w.org\/{rel}","templated":true}]}}