{"id":18177,"date":"2025-10-20T14:18:04","date_gmt":"2025-10-20T06:18:04","guid":{"rendered":"https:\/\/green-grasshopper-921422.hostingersite.com\/?post_type=product&#038;p=18177"},"modified":"2026-02-22T15:15:24","modified_gmt":"2026-02-22T14:15:24","slug":"bimo-40k-40000-puffs-replaceable-pod","status":"publish","type":"product","link":"https:\/\/agoravape.com\/fr\/product\/bimo-40k-40000-puffs-replaceable-pod\/","title":{"rendered":"BIMO 40K Puffs Syst\u00e8me de cartouches rempla\u00e7ables pour cigarette \u00e9lectronique | Saveur longue dur\u00e9e, remplacement facile"},"content":{"rendered":"<h2 data-v-md-heading=\"what-is-special-about-agoravape-a-bimo-40k-interchangeable-cigarette-cartridge-system-vape\" data-v-md-line=\"3\"><img loading=\"lazy\" decoding=\"async\" class=\"aligncenter size-full wp-image-18175\" src=\"https:\/\/agoravape.com\/wp-content\/uploads\/2025\/10\/BIMO-40k-40000-Puffs-Replaceable-Pod-Vape-Buy-Vapes_Agora_vape-2.webp\" alt=\"\" width=\"1920\" height=\"1080\" srcset=\"https:\/\/agoravape.com\/wp-content\/uploads\/2025\/10\/BIMO-40k-40000-Puffs-Replaceable-Pod-Vape-Buy-Vapes_Agora_vape-2.webp 1920w, https:\/\/agoravape.com\/wp-content\/uploads\/2025\/10\/BIMO-40k-40000-Puffs-Replaceable-Pod-Vape-Buy-Vapes_Agora_vape-2-1200x675.webp 1200w, https:\/\/agoravape.com\/wp-content\/uploads\/2025\/10\/BIMO-40k-40000-Puffs-Replaceable-Pod-Vape-Buy-Vapes_Agora_vape-2-300x169.webp 300w, https:\/\/agoravape.com\/wp-content\/uploads\/2025\/10\/BIMO-40k-40000-Puffs-Replaceable-Pod-Vape-Buy-Vapes_Agora_vape-2-1024x576.webp 1024w, https:\/\/agoravape.com\/wp-content\/uploads\/2025\/10\/BIMO-40k-40000-Puffs-Replaceable-Pod-Vape-Buy-Vapes_Agora_vape-2-768x432.webp 768w, https:\/\/agoravape.com\/wp-content\/uploads\/2025\/10\/BIMO-40k-40000-Puffs-Replaceable-Pod-Vape-Buy-Vapes_Agora_vape-2-1536x864.webp 1536w\" sizes=\"auto, (max-width: 1920px) 100vw, 1920px\" \/><\/h2>\n<h2 data-v-md-heading=\"what-is-special-about-agoravape-a-bimo-40k-interchangeable-cigarette-cartridge-system-vape\" data-v-md-line=\"3\">Qu'est-ce qui rend l'AgoraVape, un syst\u00e8me de vapotage \u00e0 cartouches interchangeables BIMO 40K, si particulier ?<\/h2>\n<p data-v-md-line=\"4\">Si vous en avez assez des cartouches de cigarettes jetables avant le week-end, ce produit vous offrira une alternative int\u00e9ressante. Le syst\u00e8me de cartouches interchangeables BIMO est \u00e9quip\u00e9 d'une base rechargeable, permettant un remplacement facile et pouvant contenir jusqu'\u00e0 40\u00a0000 cartouches. Simple et pratique, il garantit un go\u00fbt constant et une utilisation optimale.<\/p>\n<p data-v-md-line=\"6\">Elle convient \u00e0 tous ceux qui recherchent une cigarette \u00e9lectronique fiable, offrant une vapeur savoureuse et ne n\u00e9cessitant pas de remplacement fr\u00e9quent. Il suffit d'ins\u00e9rer la cartouche, de profiter de la r\u00e9sistance mesh propre, puis de recharger la base lorsque n\u00e9cessaire. Un confort d'utilisation au quotidien et une autonomie longue dur\u00e9e.<\/p>\n<h2 data-v-md-heading=\"excellent-performance-easy-and-convenient\" data-v-md-line=\"8\">Excellentes performances, facile et pratique<\/h2>\n<p data-v-md-line=\"9\">Le c\u0153ur du syst\u00e8me BIMO est son atomiseur \u00e0 mesh 1+1, garantissant une vapeur aussi savoureuse \u00e0 chaque bouff\u00e9e qu'\u00e0 la premi\u00e8re. Le go\u00fbt reste constant, avec une vapeur douce et onctueuse. Lorsque la batterie est faible, il suffit de recharger la base pour continuer \u00e0 l'utiliser. Les cartouches sont rempla\u00e7ables, vous offrant ainsi une autonomie prolong\u00e9e sans avoir \u00e0 jeter une cartouche pleine \u00e0 chaque utilisation.<\/p>\n<h2 data-v-md-heading=\"specification-overview\" data-v-md-line=\"11\">Aper\u00e7u des sp\u00e9cifications<\/h2>\n<p data-v-md-line=\"12\"><strong>Fr\u00e9quence d'aspiration<\/strong>: jusqu'\u00e0 40 000 fois<br \/>\n<strong>Nicotine<\/strong>: 2 % (20 mg) ou 5 % (50 mg)<br \/>\n<strong>Principe de fonctionnement<\/strong>Syst\u00e8me de cartouches rempla\u00e7ables ; Vapes faciles \u00e0 inhaler<br \/>\n<strong>Charging:<\/strong>\u00a0Base de batterie rechargeable<br \/>\n<strong>Bobine:<\/strong>\u00a0Bobine \u00e0 mailles 1+1, 1,1 \u03a9<br \/>\n<strong>Capacit\u00e9 en e-liquide :<\/strong>\u00a026 millilitres par cartouche<br \/>\n<strong>Batterie:<\/strong>\u00a01000 mAh + 450 mAh<br \/>\n<strong>Statut:<\/strong>\u00a0Pr\u00eat \u00e0 l'emploi d\u00e8s sa sortie de l'emballage<\/p>\n<h2 data-v-md-heading=\"full-range-of-flavors\" data-v-md-line=\"21\">Full range of flavors<\/h2>\n<ul data-v-md-line=\"22\">\n<li>Coconut Grove Fragrance<\/li>\n<li>Fraise Mangue<\/li>\n<li>fraise kiwi<\/li>\n<li>Raisins<\/li>\n<li>Citron rose<\/li>\n<li>Glace \u00e0 la past\u00e8que<\/li>\n<li>Sour apples<\/li>\n<li>Soda au jus d'orange<\/li>\n<li>Grenade Framboise<\/li>\n<li>Triple Berry<\/li>\n<li>Le pomelo comme<\/li>\n<li>Blue Rink Ice<\/li>\n<\/ul>\n<p><img loading=\"lazy\" decoding=\"async\" class=\"aligncenter size-full wp-image-18176\" src=\"https:\/\/agoravape.com\/wp-content\/uploads\/2025\/10\/BIMO-40k-40000-Puffs-Replaceable-Pod-Vape-Buy-Vapes_Agora_vape-3.webp\" alt=\"\" width=\"1920\" height=\"1080\" srcset=\"https:\/\/agoravape.com\/wp-content\/uploads\/2025\/10\/BIMO-40k-40000-Puffs-Replaceable-Pod-Vape-Buy-Vapes_Agora_vape-3.webp 1920w, https:\/\/agoravape.com\/wp-content\/uploads\/2025\/10\/BIMO-40k-40000-Puffs-Replaceable-Pod-Vape-Buy-Vapes_Agora_vape-3-1200x675.webp 1200w, https:\/\/agoravape.com\/wp-content\/uploads\/2025\/10\/BIMO-40k-40000-Puffs-Replaceable-Pod-Vape-Buy-Vapes_Agora_vape-3-300x169.webp 300w, https:\/\/agoravape.com\/wp-content\/uploads\/2025\/10\/BIMO-40k-40000-Puffs-Replaceable-Pod-Vape-Buy-Vapes_Agora_vape-3-1024x576.webp 1024w, https:\/\/agoravape.com\/wp-content\/uploads\/2025\/10\/BIMO-40k-40000-Puffs-Replaceable-Pod-Vape-Buy-Vapes_Agora_vape-3-768x432.webp 768w, https:\/\/agoravape.com\/wp-content\/uploads\/2025\/10\/BIMO-40k-40000-Puffs-Replaceable-Pod-Vape-Buy-Vapes_Agora_vape-3-1536x864.webp 1536w\" sizes=\"auto, (max-width: 1920px) 100vw, 1920px\" \/><\/p>\n<h2 data-v-md-heading=\"for-you-and-your-business\" data-v-md-line=\"35\">Pour vous et votre entreprise<\/h2>\n<p data-v-md-line=\"36\">Vous pouvez choisir le syst\u00e8me de cartouches rempla\u00e7ables \u00e0 aspiration BIMO 40K pour un usage personnel ou l'acheter pour votre magasin. Le carton de gros contient 100 unit\u00e9s, ce qui facilite la planification et le r\u00e9approvisionnement. La base de batterie et les cartouches de vapeur sont emball\u00e9es individuellement, par bo\u00eetes de 100, simplifiant ainsi la gestion de vos stocks.<\/p>\n<p data-v-md-line=\"38\">Nous exp\u00e9dions dans diff\u00e9rentes r\u00e9gions d'Europe via des transporteurs de confiance tels que UPS, DPD et DHL, en DDP (rendu droits acquitt\u00e9s). Votre commande sera prise en charge par les douanes afin de garantir une livraison en toute s\u00e9curit\u00e9 et d'\u00e9viter tout incident.<\/p>\n<h2 data-v-md-heading=\"why-do-you-like-it\" data-v-md-line=\"40\">Pourquoi l'aimes-tu ?<\/h2>\n<p data-v-md-line=\"41\"><strong>Plusieurs cycles d'aspiration\u00a0:<\/strong>\u00a0Dur\u00e9e de vie plus longue, vous n'aurez donc pas besoin d'acheter fr\u00e9quemment de nouveaux kits.<br \/>\n<strong>S\u00e9lection de la nicotine :<\/strong>\u00a0Choisissez un taux de nicotine de 2 % ou 5 % en fonction de vos besoins quotidiens.<br \/>\n<strong>Base rechargeable :<\/strong>\u00a0Vous pouvez utiliser tous les e-liquides que vous achetez.<br \/>\n<strong>Noyau d'atomisation en maille :<\/strong>\u00a0Un go\u00fbt constant et stable, une fum\u00e9e onctueuse, bouff\u00e9e apr\u00e8s bouff\u00e9e.<br \/>\n<strong>Cartouche interchangeable :<\/strong>\u00a0Il est possible de changer les saveurs sans avoir \u00e0 remplacer l'appareil entier.<\/p>\n<h2 data-v-md-heading=\"why-collaborate-with-agoravape\" data-v-md-line=\"47\">Pourquoi collaborer avec AgoraVape ?<\/h2>\n<p data-v-md-line=\"48\">Nous ne vendons que du mat\u00e9riel authentique et fiable. Vous pouvez donc avoir confiance en sa performance. Pour les professionnels, nous proposons des prix de gros comp\u00e9titifs, une assistance r\u00e9active et une livraison express TVA incluse dans toute l'Europe pour les vaporisateurs \u00e0 cartouches rempla\u00e7ables BIMO 40K. Contactez-nous pour concevoir un appareil qui ravira vos clients.<\/p>\n<p data-v-md-line=\"48\"><img loading=\"lazy\" decoding=\"async\" class=\"aligncenter size-full wp-image-18174\" src=\"https:\/\/agoravape.com\/wp-content\/uploads\/2025\/10\/BIMO-40k-40000-Puffs-Replaceable-Pod-Vape-Buy-Vapes_Agora_vape-1.webp\" alt=\"\" width=\"1920\" height=\"1080\" srcset=\"https:\/\/agoravape.com\/wp-content\/uploads\/2025\/10\/BIMO-40k-40000-Puffs-Replaceable-Pod-Vape-Buy-Vapes_Agora_vape-1.webp 1920w, https:\/\/agoravape.com\/wp-content\/uploads\/2025\/10\/BIMO-40k-40000-Puffs-Replaceable-Pod-Vape-Buy-Vapes_Agora_vape-1-1200x675.webp 1200w, https:\/\/agoravape.com\/wp-content\/uploads\/2025\/10\/BIMO-40k-40000-Puffs-Replaceable-Pod-Vape-Buy-Vapes_Agora_vape-1-300x169.webp 300w, https:\/\/agoravape.com\/wp-content\/uploads\/2025\/10\/BIMO-40k-40000-Puffs-Replaceable-Pod-Vape-Buy-Vapes_Agora_vape-1-1024x576.webp 1024w, https:\/\/agoravape.com\/wp-content\/uploads\/2025\/10\/BIMO-40k-40000-Puffs-Replaceable-Pod-Vape-Buy-Vapes_Agora_vape-1-768x432.webp 768w, https:\/\/agoravape.com\/wp-content\/uploads\/2025\/10\/BIMO-40k-40000-Puffs-Replaceable-Pod-Vape-Buy-Vapes_Agora_vape-1-1536x864.webp 1536w\" sizes=\"auto, (max-width: 1920px) 100vw, 1920px\" \/><\/p>","protected":false},"excerpt":{"rendered":"<p>&nbsp;<\/p>\n<p><script src=\"chrome-extension:\/\/fpelahbljekknahkcaegamhcndkfpfnc\/iFrame.js\" type=\"text\/javascript\"><\/script><\/p>\n<p><script src=\"chrome-extension:\/\/fpelahbljekknahkcaegamhcndkfpfnc\/iFrame.js\" type=\"text\/javascript\"><\/script><\/p>\n<p><script src=\"chrome-extension:\/\/fpelahbljekknahkcaegamhcndkfpfnc\/iFrame.js\" type=\"text\/javascript\"><\/script><\/p>\n<p><script src=\"chrome-extension:\/\/fpelahbljekknahkcaegamhcndkfpfnc\/iFrame.js\" type=\"text\/javascript\"><\/script><\/p>\n<p><script src=\"chrome-extension:\/\/fpelahbljekknahkcaegamhcndkfpfnc\/iFrame.js\" type=\"text\/javascript\"><\/script><\/p>\n<p><script src=\"chrome-extension:\/\/fpelahbljekknahkcaegamhcndkfpfnc\/iFrame.js\" type=\"text\/javascript\"><\/script><\/p>\n<p><script src=\"chrome-extension:\/\/fpelahbljekknahkcaegamhcndkfpfnc\/iFrame.js\" type=\"text\/javascript\"><\/script><\/p>\n<p><script src=\"chrome-extension:\/\/fpelahbljekknahkcaegamhcndkfpfnc\/iFrame.js\" type=\"text\/javascript\"><\/script><\/p>\n<p><script src=\"chrome-extension:\/\/fpelahbljekknahkcaegamhcndkfpfnc\/iFrame.js\" type=\"text\/javascript\"><\/script><\/p>\n<p><script src=\"chrome-extension:\/\/fpelahbljekknahkcaegamhcndkfpfnc\/iFrame.js\" type=\"text\/javascript\"><\/script><\/p>\n<p><script src=\"chrome-extension:\/\/fpelahbljekknahkcaegamhcndkfpfnc\/iFrame.js\" type=\"text\/javascript\"><\/script><\/p>\n<p><script src=\"chrome-extension:\/\/fpelahbljekknahkcaegamhcndkfpfnc\/iFrame.js\" type=\"text\/javascript\"><\/script><\/p>\n<p><script src=\"chrome-extension:\/\/fpelahbljekknahkcaegamhcndkfpfnc\/iFrame.js\" type=\"text\/javascript\"><\/script><\/p>\n<p><script src=\"chrome-extension:\/\/fpelahbljekknahkcaegamhcndkfpfnc\/iFrame.js\" type=\"text\/javascript\"><\/script><\/p>\n<p><script src=\"chrome-extension:\/\/fpelahbljekknahkcaegamhcndkfpfnc\/iFrame.js\" type=\"text\/javascript\"><\/script><\/p>\n<p><script src=\"chrome-extension:\/\/fpelahbljekknahkcaegamhcndkfpfnc\/iFrame.js\" type=\"text\/javascript\"><\/script><\/p>\n<p><script src=\"chrome-extension:\/\/fpelahbljekknahkcaegamhcndkfpfnc\/iFrame.js\" type=\"text\/javascript\"><\/script><\/p>\n<p><script src=\"chrome-extension:\/\/fpelahbljekknahkcaegamhcndkfpfnc\/iFrame.js\" type=\"text\/javascript\"><\/script><\/p>","protected":false},"featured_media":18200,"comment_status":"open","ping_status":"closed","template":"","meta":[],"product_brand":[241],"product_cat":[124,185,189,176,168,174,175,193,191,173,186,180,190],"product_tag":[],"class_list":{"0":"post-18177","1":"product","2":"type-product","3":"status-publish","4":"has-post-thumbnail","6":"product_brand-bimo","7":"product_cat-vape-by-brand","8":"product_cat-10000-puffs-high-capacity","9":"product_cat-20mg-standard-nicotine-vapes","10":"product_cat-beverage","11":"product_cat-bimo","12":"product_cat-fruit-flavors","13":"product_cat-icy-mint","14":"product_cat-mesh-coil","15":"product_cat-rechargeable-disposables","16":"product_cat-vape-by-flavor-profile","17":"product_cat-vape-by-nicotine-strength","18":"product_cat-vape-by-puff-count","19":"product_cat-vape-by-feature-or-type","21":"first","22":"instock","23":"shipping-taxable","24":"purchasable","25":"product-type-variable","26":"has-default-attributes"},"tiered_pricing_type":"percentage","tiered_pricing_fixed_rules":[],"tiered_pricing_product_settings":{"layout":"default","base_unit_name":{"singular":null,"plural":null},"default_variation":null},"tiered_pricing_minimum_quantity":10,"tiered_pricing_roles_data":[],"tiered_pricing_percentage_rules":{"30":"29","50":"35","100":"40","200":"44","500":"47","1000":"49"},"tiered_pricing_maximum_quantity":null,"tiered_pricing_quantity_step":"10","_links":{"self":[{"href":"https:\/\/agoravape.com\/fr\/wp-json\/wp\/v2\/product\/18177","targetHints":{"allow":["GET"]}}],"collection":[{"href":"https:\/\/agoravape.com\/fr\/wp-json\/wp\/v2\/product"}],"about":[{"href":"https:\/\/agoravape.com\/fr\/wp-json\/wp\/v2\/types\/product"}],"replies":[{"embeddable":true,"href":"https:\/\/agoravape.com\/fr\/wp-json\/wp\/v2\/comments?post=18177"}],"version-history":[{"count":0,"href":"https:\/\/agoravape.com\/fr\/wp-json\/wp\/v2\/product\/18177\/revisions"}],"wp:featuredmedia":[{"embeddable":true,"href":"https:\/\/agoravape.com\/fr\/wp-json\/wp\/v2\/media\/18200"}],"wp:attachment":[{"href":"https:\/\/agoravape.com\/fr\/wp-json\/wp\/v2\/media?parent=18177"}],"wp:term":[{"taxonomy":"product_brand","embeddable":true,"href":"https:\/\/agoravape.com\/fr\/wp-json\/wp\/v2\/product_brand?post=18177"},{"taxonomy":"product_cat","embeddable":true,"href":"https:\/\/agoravape.com\/fr\/wp-json\/wp\/v2\/product_cat?post=18177"},{"taxonomy":"product_tag","embeddable":true,"href":"https:\/\/agoravape.com\/fr\/wp-json\/wp\/v2\/product_tag?post=18177"}],"curies":[{"name":"wp","href":"https:\/\/api.w.org\/{rel}","templated":true}]}}