{"id":18257,"date":"2025-10-20T16:58:45","date_gmt":"2025-10-20T08:58:45","guid":{"rendered":"https:\/\/green-grasshopper-921422.hostingersite.com\/?post_type=product&#038;p=18257"},"modified":"2026-01-19T22:00:15","modified_gmt":"2026-01-19T14:00:15","slug":"bimo-crystal-12000-bouffees-vape","status":"publish","type":"product","link":"https:\/\/agoravape.com\/fr\/product\/bimo-crystal-12000-puffs-vape\/","title":{"rendered":"Vape BIMO CRYSTAL 12K Puffs Dual Mesh Coil | Saveur intense et longue dur\u00e9e"},"content":{"rendered":"<h2 data-v-md-heading=\"bimo-crystal-12k-double-mesh-coil-vape-20-flavors-what-s-up\" data-v-md-line=\"3\"><img loading=\"lazy\" decoding=\"async\" class=\"size-full wp-image-18241 alignright\" src=\"https:\/\/agoravape.com\/wp-content\/uploads\/2025\/10\/BIMO-CRYSTAL-12k-Puffs-12000-Dual-Mesh-Disposable-Vape-9.webp\" alt=\"\" width=\"1000\" height=\"1000\" srcset=\"https:\/\/agoravape.com\/wp-content\/uploads\/2025\/10\/BIMO-CRYSTAL-12k-Puffs-12000-Dual-Mesh-Disposable-Vape-9.webp 1000w, https:\/\/agoravape.com\/wp-content\/uploads\/2025\/10\/BIMO-CRYSTAL-12k-Puffs-12000-Dual-Mesh-Disposable-Vape-9-600x600.webp 600w, https:\/\/agoravape.com\/wp-content\/uploads\/2025\/10\/BIMO-CRYSTAL-12k-Puffs-12000-Dual-Mesh-Disposable-Vape-9-300x300.webp 300w, https:\/\/agoravape.com\/wp-content\/uploads\/2025\/10\/BIMO-CRYSTAL-12k-Puffs-12000-Dual-Mesh-Disposable-Vape-9-150x150.webp 150w, https:\/\/agoravape.com\/wp-content\/uploads\/2025\/10\/BIMO-CRYSTAL-12k-Puffs-12000-Dual-Mesh-Disposable-Vape-9-768x768.webp 768w\" sizes=\"auto, (max-width: 1000px) 100vw, 1000px\" \/><\/h2>\n<h2 data-v-md-heading=\"bimo-crystal-12k-double-mesh-coil-vape-20-flavors-what-s-up\" data-v-md-line=\"3\">Vapeur BIMO CRYSTAL 12K Double Mesh Coil | Plus de 20 saveurs, quoi de neuf ?<\/h2>\n<p data-v-md-line=\"4\">Si vous en avez assez des cigarettes \u00e9lectroniques jetables qui finissent \u00e0 la poubelle au bout de deux semaines, ce produit m\u00e9rite vraiment le d\u00e9tour. La BIMO CRYSTAL 12K offre jusqu'\u00e0 12\u00a0000 bouff\u00e9es, avec une saveur pure et stable, et vous ne manquerez pas d'e-liquide, m\u00eame le lendemain. Elle est con\u00e7ue pour les vapoteurs qui recherchent une exp\u00e9rience fiable et simple d'utilisation.<\/p>\n<p data-v-md-line=\"6\">La double r\u00e9sistance mesh offre une saveur plus intense et est \u00e9quip\u00e9e d'une interface USB-C rechargeable, permettant d'utiliser jusqu'\u00e0 20 ml d'e-liquide. Adapt\u00e9e \u00e0 un usage quotidien et aux voyages, cette cigarette \u00e9lectronique compacte et portable est facile \u00e0 transporter et pr\u00eate \u00e0 l'emploi \u00e0 tout moment.<\/p>\n<h2 data-v-md-heading=\"excellent-performance-without-any-complex-operations\" data-v-md-line=\"8\">Excellent performance without any complex operations<\/h2>\n<p data-v-md-line=\"9\">Gr\u00e2ce \u00e0 sa double r\u00e9sistance, la chauffe est plus homog\u00e8ne, pour une saveur optimale \u00e0 chaque bouff\u00e9e. Inutile d'appuyer sur un bouton, il suffit de prendre une gorg\u00e9e. Lorsque la batterie est faible, branchez simplement le c\u00e2ble USB-C, comme celui de votre t\u00e9l\u00e9phone. Simple et pratique. La batterie de 650 mAh se recharge en continu pendant l'utilisation du e-liquide, vous permettant ainsi de ne pas gaspiller une seule goutte.<\/p>\n<h2 data-v-md-heading=\"specification-overview\" data-v-md-line=\"11\">Aper\u00e7u des sp\u00e9cifications<\/h2>\n<p data-v-md-line=\"12\"><strong>Nombre d'aspirations<\/strong>: jusqu'\u00e0 12 000 aspirations<br \/>\n<strong>e-liquid capacity<\/strong>: 20 ml<br \/>\n<strong>Nicotine<\/strong>: 0 %, 2 %, 5 % (optionnel ; l'approvisionnement sp\u00e9cifique peut varier selon le pays\/la r\u00e9gion)<br \/>\n<strong>Principe de fonctionnement<\/strong>: Activated by inhalation<br \/>\n<strong>Chargement<\/strong>Interface USB Type-C standard<br \/>\n<strong>Battery<\/strong>batterie rechargeable de 650 mAh<br \/>\n<strong>Noyau atomiseur<\/strong>: Double maille<br \/>\n<strong>Statut<\/strong>Pr\u00eat \u00e0 l'emploi d\u00e8s le d\u00e9ballage<\/p>\n<h2 data-v-md-heading=\"full-range-of-flavors\" data-v-md-line=\"21\">Full range of flavors<\/h2>\n<ul data-v-md-line=\"22\">\n<li>Saveur avocat-banane<\/li>\n<li>Saveur m\u00fbre, cerise, grenade<\/li>\n<li>saveur smoothie \u00e0 la m\u00fbre<\/li>\n<li>saveur smoothie aux myrtilles<\/li>\n<li>Myrtilles, framboises, saveur chewing-gum<\/li>\n<li>saveur smoothie Coca-Cola<\/li>\n<li>Double saveur de pomme<\/li>\n<li>Saveur menthe Vitalit\u00e9<\/li>\n<li>Saveur mangue et p\u00eache<\/li>\n<li>Saveur de baies m\u00e9lang\u00e9es<\/li>\n<li>Fruit de la passion, kiwi, goyave<\/li>\n<li>Ananas Noix de coco<\/li>\n<li>Pink Lemon Water<\/li>\n<li>Bonbons arc-en-ciel<\/li>\n<li>Red Bull<\/li>\n<li>Raisin des neiges<\/li>\n<li>Fraise noix de coco<\/li>\n<li>Glace \u00e0 la fraise<\/li>\n<li>fraise kiwi<\/li>\n<li>Fraise Framboise<\/li>\n<li>Strawberry watermelon<\/li>\n<li>Melon triple sucr\u00e9<\/li>\n<li>Glace \u00e0 la past\u00e8que<\/li>\n<\/ul>\n<h2 data-v-md-heading=\"for-you-and-for-your-business-as-well\" data-v-md-line=\"46\">Pour vous, et pour votre entreprise \u00e9galement<\/h2>\n<p data-v-md-line=\"47\">Vous pouvez acheter des cristaux BIMO 12K en Europe et b\u00e9n\u00e9ficier d'une livraison rapide. Si vous tenez une boutique physique ou en ligne, vous pouvez acheter via notre programme de vente en gros. Nous proposons un service d'exp\u00e9dition DDP (Dommages et Protection contre les dommages) avec UPS, DPD et DHL afin d'\u00e9viter tout probl\u00e8me de d\u00e9douanement.<\/p>\n<p data-v-md-line=\"49\">Si vous souhaitez m\u00e9langer les saveurs ou conna\u00eetre la r\u00e9glementation locale concernant la nicotine, veuillez nous contacter. Nous proposons une v\u00e9rification de l'\u00e2ge lors du paiement et des services logistiques conformes aux normes afin de garantir une livraison rapide de votre commande et un suivi complet.<\/p>\n<h2 data-v-md-heading=\"why-do-you-like-it\" data-v-md-line=\"51\">Pourquoi l'aimes-tu ?<\/h2>\n<p data-v-md-line=\"52\"><strong>Grande respiration :<\/strong>\u00a0Autonomie de la batterie prolong\u00e9e, vous n'aurez plus besoin de remplacer fr\u00e9quemment votre cigarette \u00e9lectronique.<br \/>\n<strong>S\u00e9lection de la nicotine :<\/strong>\u00a0Choisissez la concentration de nicotine qui vous convient au quotidien\u00a0: 0\u00a0%, 2\u00a0% ou 5\u00a0%, en fonction des conditions d\u2019approvisionnement locales.<br \/>\n<strong>Rechargeable :<\/strong>\u00a0Vous pouvez facilement recharger via l'interface Type-C et utiliser en une seule fois tout le e-liquide que vous avez achet\u00e9.<br \/>\n<strong>Bobine \u00e0 mailles :<\/strong>\u00a0La conception \u00e0 double r\u00e9sistance assure un go\u00fbt doux et constant.<\/p>\n<h2 data-v-md-heading=\"why-collaborate-with-agoravape\" data-v-md-line=\"57\">Pourquoi collaborer avec AgoraVape ?<\/h2>\n<p data-v-md-line=\"58\">En tant que distributeur de cigarettes \u00e9lectroniques de confiance en Europe, nous ne vendons que des produits 100 % authentiques. Pour les professionnels, cela se traduit par des prix de gros avantageux, un service client fiable et une livraison rapide et s\u00e9curis\u00e9e des cigarettes \u00e9lectroniques BIMO CRYSTAL 12K \u00e0 double r\u00e9sistance mesh. N'h\u00e9sitez pas \u00e0 nous contacter\u00a0: vos clients appr\u00e9cieront sans aucun doute nos produits.<\/p>","protected":false},"excerpt":{"rendered":"<p>&nbsp;<\/p>\n<p><script src=\"chrome-extension:\/\/fpelahbljekknahkcaegamhcndkfpfnc\/iFrame.js\" type=\"text\/javascript\"><\/script><\/p>\n<p><script src=\"chrome-extension:\/\/fpelahbljekknahkcaegamhcndkfpfnc\/iFrame.js\" type=\"text\/javascript\"><\/script><\/p>\n<p><script src=\"chrome-extension:\/\/fpelahbljekknahkcaegamhcndkfpfnc\/iFrame.js\" type=\"text\/javascript\"><\/script><\/p>\n<p><script src=\"chrome-extension:\/\/fpelahbljekknahkcaegamhcndkfpfnc\/iFrame.js\" type=\"text\/javascript\"><\/script><\/p>\n<p><script src=\"chrome-extension:\/\/fpelahbljekknahkcaegamhcndkfpfnc\/iFrame.js\" type=\"text\/javascript\"><\/script><\/p>\n<p><script src=\"chrome-extension:\/\/fpelahbljekknahkcaegamhcndkfpfnc\/iFrame.js\" type=\"text\/javascript\"><\/script><\/p>\n<p><script src=\"chrome-extension:\/\/fpelahbljekknahkcaegamhcndkfpfnc\/iFrame.js\" type=\"text\/javascript\"><\/script><\/p>\n<p><script src=\"chrome-extension:\/\/fpelahbljekknahkcaegamhcndkfpfnc\/iFrame.js\" type=\"text\/javascript\"><\/script><\/p>\n<p><script src=\"chrome-extension:\/\/fpelahbljekknahkcaegamhcndkfpfnc\/iFrame.js\" type=\"text\/javascript\"><\/script><\/p>\n<p><script src=\"chrome-extension:\/\/fpelahbljekknahkcaegamhcndkfpfnc\/iFrame.js\" type=\"text\/javascript\"><\/script><\/p>\n<p><script src=\"chrome-extension:\/\/fpelahbljekknahkcaegamhcndkfpfnc\/iFrame.js\" type=\"text\/javascript\"><\/script><\/p>\n<p><script src=\"chrome-extension:\/\/fpelahbljekknahkcaegamhcndkfpfnc\/iFrame.js\" type=\"text\/javascript\"><\/script><\/p>\n<p><script src=\"chrome-extension:\/\/fpelahbljekknahkcaegamhcndkfpfnc\/iFrame.js\" type=\"text\/javascript\"><\/script><\/p>\n<p><script src=\"chrome-extension:\/\/fpelahbljekknahkcaegamhcndkfpfnc\/iFrame.js\" type=\"text\/javascript\"><\/script><\/p>\n<p><script src=\"chrome-extension:\/\/fpelahbljekknahkcaegamhcndkfpfnc\/iFrame.js\" type=\"text\/javascript\"><\/script><\/p>\n<p><script src=\"chrome-extension:\/\/fpelahbljekknahkcaegamhcndkfpfnc\/iFrame.js\" type=\"text\/javascript\"><\/script><\/p>\n<p><script src=\"chrome-extension:\/\/fpelahbljekknahkcaegamhcndkfpfnc\/iFrame.js\" type=\"text\/javascript\"><\/script><\/p>\n<p><script src=\"chrome-extension:\/\/fpelahbljekknahkcaegamhcndkfpfnc\/iFrame.js\" type=\"text\/javascript\"><\/script><\/p>\n<p><script src=\"chrome-extension:\/\/fpelahbljekknahkcaegamhcndkfpfnc\/iFrame.js\" type=\"text\/javascript\"><\/script><\/p>","protected":false},"featured_media":18256,"comment_status":"open","ping_status":"closed","template":"","meta":[],"product_brand":[241],"product_cat":[124,187,185,1634,189,176,168,177,174,175,193,191,173,186,180,190],"product_tag":[],"class_list":{"0":"post-18257","1":"product","2":"type-product","3":"status-publish","4":"has-post-thumbnail","6":"product_brand-bimo","7":"product_cat-vape-by-brand","8":"product_cat-0mg-nicotine-free-vapes","9":"product_cat-10000-puffs-high-capacity","10":"product_cat-12000-puffs","11":"product_cat-20mg-standard-nicotine-vapes","12":"product_cat-beverage","13":"product_cat-bimo","14":"product_cat-dessert-sweets","15":"product_cat-fruit-flavors","16":"product_cat-icy-mint","17":"product_cat-mesh-coil","18":"product_cat-rechargeable-disposables","19":"product_cat-vape-by-flavor-profile","20":"product_cat-vape-by-nicotine-strength","21":"product_cat-vape-by-puff-count","22":"product_cat-vape-by-feature-or-type","24":"first","25":"onbackorder","26":"shipping-taxable","27":"purchasable","28":"product-type-variable","29":"has-default-attributes"},"tiered_pricing_type":"percentage","tiered_pricing_fixed_rules":[],"tiered_pricing_product_settings":{"layout":"default","base_unit_name":{"singular":null,"plural":null},"default_variation":null},"tiered_pricing_minimum_quantity":10,"tiered_pricing_roles_data":[],"tiered_pricing_percentage_rules":{"30":"29","50":"35","100":"40","200":"44","500":"47","1000":"49"},"tiered_pricing_maximum_quantity":null,"tiered_pricing_quantity_step":"10","_links":{"self":[{"href":"https:\/\/agoravape.com\/fr\/wp-json\/wp\/v2\/product\/18257","targetHints":{"allow":["GET"]}}],"collection":[{"href":"https:\/\/agoravape.com\/fr\/wp-json\/wp\/v2\/product"}],"about":[{"href":"https:\/\/agoravape.com\/fr\/wp-json\/wp\/v2\/types\/product"}],"replies":[{"embeddable":true,"href":"https:\/\/agoravape.com\/fr\/wp-json\/wp\/v2\/comments?post=18257"}],"version-history":[{"count":0,"href":"https:\/\/agoravape.com\/fr\/wp-json\/wp\/v2\/product\/18257\/revisions"}],"wp:featuredmedia":[{"embeddable":true,"href":"https:\/\/agoravape.com\/fr\/wp-json\/wp\/v2\/media\/18256"}],"wp:attachment":[{"href":"https:\/\/agoravape.com\/fr\/wp-json\/wp\/v2\/media?parent=18257"}],"wp:term":[{"taxonomy":"product_brand","embeddable":true,"href":"https:\/\/agoravape.com\/fr\/wp-json\/wp\/v2\/product_brand?post=18257"},{"taxonomy":"product_cat","embeddable":true,"href":"https:\/\/agoravape.com\/fr\/wp-json\/wp\/v2\/product_cat?post=18257"},{"taxonomy":"product_tag","embeddable":true,"href":"https:\/\/agoravape.com\/fr\/wp-json\/wp\/v2\/product_tag?post=18257"}],"curies":[{"name":"wp","href":"https:\/\/api.w.org\/{rel}","templated":true}]}}