{"id":18456,"date":"2025-10-20T19:07:47","date_gmt":"2025-10-20T11:07:47","guid":{"rendered":"https:\/\/green-grasshopper-921422.hostingersite.com\/?post_type=product&#038;p=18456"},"modified":"2026-02-14T17:33:10","modified_gmt":"2026-02-14T16:33:10","slug":"uwin-twins-crystal-40k-dual-flavor","status":"publish","type":"product","link":"https:\/\/agoravape.com\/fr\/product\/uwin-twins-crystal-40k-dual-flavor\/","title":{"rendered":"Uwin Twins Crystal 40K Puffs Vape jetable double saveur | Deux saveurs, longue autonomie"},"content":{"rendered":"<h2 data-v-md-heading=\"what-is-special-about-the-uwin-twins-crystal-40k-suction-dual-flavored-disposable-vape\" data-v-md-line=\"3\"><img loading=\"lazy\" decoding=\"async\" class=\"aligncenter size-full wp-image-18455\" src=\"https:\/\/agoravape.com\/wp-content\/uploads\/2025\/10\/Uwin-Twins-Crystal-40K-Puffs-Dual-Flavor-Disposable-Vape_Agora_vape-2.webp\" alt=\"\" width=\"1474\" height=\"1020\" srcset=\"https:\/\/agoravape.com\/wp-content\/uploads\/2025\/10\/Uwin-Twins-Crystal-40K-Puffs-Dual-Flavor-Disposable-Vape_Agora_vape-2.webp 1474w, https:\/\/agoravape.com\/wp-content\/uploads\/2025\/10\/Uwin-Twins-Crystal-40K-Puffs-Dual-Flavor-Disposable-Vape_Agora_vape-2-1200x830.webp 1200w, https:\/\/agoravape.com\/wp-content\/uploads\/2025\/10\/Uwin-Twins-Crystal-40K-Puffs-Dual-Flavor-Disposable-Vape_Agora_vape-2-300x208.webp 300w, https:\/\/agoravape.com\/wp-content\/uploads\/2025\/10\/Uwin-Twins-Crystal-40K-Puffs-Dual-Flavor-Disposable-Vape_Agora_vape-2-1024x709.webp 1024w, https:\/\/agoravape.com\/wp-content\/uploads\/2025\/10\/Uwin-Twins-Crystal-40K-Puffs-Dual-Flavor-Disposable-Vape_Agora_vape-2-768x531.webp 768w\" sizes=\"auto, (max-width: 1474px) 100vw, 1474px\" \/><\/h2>\n<h2 data-v-md-heading=\"what-is-special-about-the-uwin-twins-crystal-40k-suction-dual-flavored-disposable-vape\" data-v-md-line=\"3\">Qu'est-ce qui rend le vaporisateur jetable \u00e0 double saveur et \u00e0 aspiration Uwin Twins Crystal 40K si sp\u00e9cial ?<\/h2>\n<p data-v-md-line=\"4\">Si vous en avez assez de changer constamment d'appareil pour varier les saveurs, ce produit vous simplifiera la vie. Uwin Twins Crystal combine deux saveurs en un seul appareil, vous permettant de savourer un m\u00e9lange adapt\u00e9 \u00e0 votre humeur et qui dure longtemps.<\/p>\n<p data-v-md-line=\"6\">Si vous recherchez une cigarette \u00e9lectronique jetable rechargeable, durable et offrant des saveurs stables sans r\u00e9glages compliqu\u00e9s, ce produit est fait pour vous. Une simple inhalation suffit. Inutile d'appuyer sur des boutons ou de naviguer dans des menus.<\/p>\n<h2 data-v-md-heading=\"excellent-performance-without-any-complex-operations\" data-v-md-line=\"8\">Excellent performance without any complex operations<\/h2>\n<p data-v-md-line=\"9\">La r\u00e9sistance mesh de 0,6 \u03a9, au c\u0153ur du Twins Crystal, garantit une vapeur onctueuse et une saveur intense de la premi\u00e8re \u00e0 la derni\u00e8re bouff\u00e9e. Lorsque la batterie est faible, vous pouvez la recharger via l'interface USB-C pour utiliser tous les e-liquides que vous avez achet\u00e9s. Le c\u00e2ble de connexion est simple et la recharge est pratique.<\/p>\n<h2 data-v-md-heading=\"specification-introduction\" data-v-md-line=\"11\">Introduction aux sp\u00e9cifications<\/h2>\n<ul data-v-md-line=\"12\">\n<li>Fr\u00e9quence d'aspiration : jusqu'\u00e0 40\u00a0000 fois<\/li>\n<li>Nicotine : Disponible en quatre concentrations : 0 %, 2 %, 3 % et 5 % (l'approvisionnement pr\u00e9cis varie selon le march\u00e9)<\/li>\n<li>Capacit\u00e9 du r\u00e9servoir d'e-liquide : 30 millilitres<\/li>\n<li>Battery: 850 mAh rechargeable battery<\/li>\n<li>Noyau d'atomisation : maille de 0,6 \u03a9<\/li>\n<li>Principe de fonctionnement : S'active en une seule bouff\u00e9e<\/li>\n<li>Chargement : interface USB Type-C<\/li>\n<li>\u00c9tat : Pr\u00eat \u00e0 l'emploi d\u00e8s la sortie de l'emballage<\/li>\n<li>Format : Chaque appareil contient deux combinaisons de saveurs<\/li>\n<\/ul>\n<h2 data-v-md-heading=\"complete-flavor-lineup\" data-v-md-line=\"22\">Gamme compl\u00e8te de saveurs<\/h2>\n<ul data-v-md-line=\"23\">\n<li>Glace aux myrtilles\/Glace \u00e0 la p\u00eache d'\u00e9t\u00e9<\/li>\n<li>kiwi, fruit de la passion, goyave, myrtille, framboise<\/li>\n<li>Glace fraise-kiwi\/raisin<\/li>\n<li>Kiwi, fruit de la passion, goyave\/pomme double<\/li>\n<li>Fraise-past\u00e8que\/citron-lime<\/li>\n<li>Glace \u00e0 la myrtille, \u00e0 la framboise et \u00e0 la cerise<\/li>\n<li>Fraise Framboise Cerise\/Monsieur Bleu<\/li>\n<li>P\u00eache, mangue, ananas\/Red Bull<\/li>\n<li>Glace \u00e0 la past\u00e8que\/fruits rouges m\u00e9lang\u00e9s<\/li>\n<li>Fraise Banane\/Love 66 (Glace Melon Fruit de la Passion)<\/li>\n<\/ul>\n<p><img loading=\"lazy\" decoding=\"async\" class=\"aligncenter size-full wp-image-18454\" src=\"https:\/\/agoravape.com\/wp-content\/uploads\/2025\/10\/Uwin-Twins-Crystal-40K-Puffs-Dual-Flavor-Disposable-Vape_Agora_vape-1.webp\" alt=\"\" width=\"1200\" height=\"1200\" srcset=\"https:\/\/agoravape.com\/wp-content\/uploads\/2025\/10\/Uwin-Twins-Crystal-40K-Puffs-Dual-Flavor-Disposable-Vape_Agora_vape-1.webp 1200w, https:\/\/agoravape.com\/wp-content\/uploads\/2025\/10\/Uwin-Twins-Crystal-40K-Puffs-Dual-Flavor-Disposable-Vape_Agora_vape-1-600x600.webp 600w, https:\/\/agoravape.com\/wp-content\/uploads\/2025\/10\/Uwin-Twins-Crystal-40K-Puffs-Dual-Flavor-Disposable-Vape_Agora_vape-1-300x300.webp 300w, https:\/\/agoravape.com\/wp-content\/uploads\/2025\/10\/Uwin-Twins-Crystal-40K-Puffs-Dual-Flavor-Disposable-Vape_Agora_vape-1-1024x1024.webp 1024w, https:\/\/agoravape.com\/wp-content\/uploads\/2025\/10\/Uwin-Twins-Crystal-40K-Puffs-Dual-Flavor-Disposable-Vape_Agora_vape-1-150x150.webp 150w, https:\/\/agoravape.com\/wp-content\/uploads\/2025\/10\/Uwin-Twins-Crystal-40K-Puffs-Dual-Flavor-Disposable-Vape_Agora_vape-1-768x768.webp 768w\" sizes=\"auto, (max-width: 1200px) 100vw, 1200px\" \/><\/p>\n<h2 data-v-md-heading=\"for-you-and-for-your-business-as-well\" data-v-md-line=\"34\">Pour vous, et pour votre entreprise \u00e9galement<\/h2>\n<p data-v-md-line=\"35\">Vous pouvez en acheter une unit\u00e9 pour votre usage personnel ou en constituer un stock pour votre magasin. Le conditionnement en gros comprend 10 unit\u00e9s par bo\u00eete, soit 160 unit\u00e9s par bo\u00eete, ce qui facilite le r\u00e9approvisionnement. Chaque bo\u00eete p\u00e8se 18,5 kg. Les commandes de saveurs assorties sont exp\u00e9di\u00e9es al\u00e9atoirement toutes les 10 unit\u00e9s\u00a0; nous ne pouvons donc pas garantir la pr\u00e9sence d'une saveur sp\u00e9cifique dans chaque bo\u00eete.<\/p>\n<p data-v-md-line=\"37\">Nous collaborons avec des partenaires fiables tels que UPS, DPD et DHL pour vous proposer des services d'exp\u00e9dition DDP (droits acquitt\u00e9s) dans toute l'Europe, vous \u00e9vitant ainsi tout probl\u00e8me de douane. Information relative \u00e0 la conformit\u00e9\u00a0: Twins Crystal a une contenance maximale de 30\u00a0ml et propose une option de taux de nicotine plus \u00e9lev\u00e9. Si vous op\u00e9rez sur un march\u00e9 r\u00e9glement\u00e9 par la directive TPD (Total Daily Direct Export), veuillez consulter la r\u00e9glementation locale. Dans de nombreux pays de l'UE, une concentration de nicotine de 0\u00a0% est g\u00e9n\u00e9ralement conforme \u00e0 la r\u00e9glementation, tandis que les concentrations sup\u00e9rieures \u00e0 0\u00a0% et les volumes importants de nicotine peuvent \u00eatre interdits.<\/p>\n<h2 data-v-md-heading=\"why-do-you-like-it\" data-v-md-line=\"39\">Pourquoi l'aimes-tu ?<\/h2>\n<ul data-v-md-line=\"40\">\n<li>Aspiration massive : moins de remplacements et moins de probl\u00e8mes.<\/li>\n<li>Choix du taux de nicotine\u00a0: Choisissez un taux adapt\u00e9 \u00e0 vos habitudes quotidiennes.<\/li>\n<li>Rechargeable : Lorsque la batterie est d\u00e9charg\u00e9e, elle ne gaspille pas de e-liquide.<\/li>\n<li>R\u00e9sistance en mesh : assure un go\u00fbt constant et une satisfaction \u00e0 chaque aspiration.<\/li>\n<li>R\u00e9glage \u00e0 double saveur\u00a0: un seul appareil offre deux configurations, qui peuvent \u00eatre altern\u00e9es sans changer de cigarette \u00e9lectronique.<\/li>\n<\/ul>\n<h2 data-v-md-heading=\"why-collaborate-with-agoravape\" data-v-md-line=\"46\">Pourquoi collaborer avec AgoraVape ?<\/h2>\n<p data-v-md-line=\"47\">Nous achetons et vendons uniquement des produits 100 % authentiques afin de garantir la satisfaction de nos clients et de renforcer leur r\u00e9putation. Pour la cigarette \u00e9lectronique jetable Uwin Twins Crystal 40K \u00e0 double saveur, b\u00e9n\u00e9ficiez de prix de gros avantageux, d'un service client performant et d'une livraison DDP rapide. Si vous recherchez des produits performants et savoureux, n'h\u00e9sitez pas \u00e0 nous contacter.<\/p>","protected":false},"excerpt":{"rendered":"<p>&nbsp;<\/p>","protected":false},"featured_media":18498,"comment_status":"open","ping_status":"closed","template":"","meta":[],"product_brand":[244],"product_cat":[124,187,185,189,176,1674,174,175,193,191,171,173,186,180,190],"product_tag":[],"class_list":{"0":"post-18456","1":"product","2":"type-product","3":"status-publish","4":"has-post-thumbnail","6":"product_brand-uwin","7":"product_cat-vape-by-brand","8":"product_cat-0mg-nicotine-free-vapes","9":"product_cat-10000-puffs-high-capacity","10":"product_cat-20mg-standard-nicotine-vapes","11":"product_cat-beverage","12":"product_cat-eu-warehouse","13":"product_cat-fruit-flavors","14":"product_cat-icy-mint","15":"product_cat-mesh-coil","16":"product_cat-rechargeable-disposables","17":"product_cat-uwin","18":"product_cat-vape-by-flavor-profile","19":"product_cat-vape-by-nicotine-strength","20":"product_cat-vape-by-puff-count","21":"product_cat-vape-by-feature-or-type","23":"first","24":"instock","25":"shipping-taxable","26":"purchasable","27":"product-type-variable","28":"has-default-attributes"},"tiered_pricing_type":"percentage","tiered_pricing_fixed_rules":[],"tiered_pricing_product_settings":{"layout":"default","base_unit_name":{"singular":null,"plural":null},"default_variation":null},"tiered_pricing_minimum_quantity":10,"tiered_pricing_roles_data":[],"tiered_pricing_percentage_rules":{"30":"29","50":"35","100":"40","200":"44","500":"47","1000":"49"},"tiered_pricing_maximum_quantity":null,"tiered_pricing_quantity_step":"10","_links":{"self":[{"href":"https:\/\/agoravape.com\/fr\/wp-json\/wp\/v2\/product\/18456","targetHints":{"allow":["GET"]}}],"collection":[{"href":"https:\/\/agoravape.com\/fr\/wp-json\/wp\/v2\/product"}],"about":[{"href":"https:\/\/agoravape.com\/fr\/wp-json\/wp\/v2\/types\/product"}],"replies":[{"embeddable":true,"href":"https:\/\/agoravape.com\/fr\/wp-json\/wp\/v2\/comments?post=18456"}],"version-history":[{"count":0,"href":"https:\/\/agoravape.com\/fr\/wp-json\/wp\/v2\/product\/18456\/revisions"}],"wp:featuredmedia":[{"embeddable":true,"href":"https:\/\/agoravape.com\/fr\/wp-json\/wp\/v2\/media\/18498"}],"wp:attachment":[{"href":"https:\/\/agoravape.com\/fr\/wp-json\/wp\/v2\/media?parent=18456"}],"wp:term":[{"taxonomy":"product_brand","embeddable":true,"href":"https:\/\/agoravape.com\/fr\/wp-json\/wp\/v2\/product_brand?post=18456"},{"taxonomy":"product_cat","embeddable":true,"href":"https:\/\/agoravape.com\/fr\/wp-json\/wp\/v2\/product_cat?post=18456"},{"taxonomy":"product_tag","embeddable":true,"href":"https:\/\/agoravape.com\/fr\/wp-json\/wp\/v2\/product_tag?post=18456"}],"curies":[{"name":"wp","href":"https:\/\/api.w.org\/{rel}","templated":true}]}}