{"id":19113,"date":"2025-10-29T13:42:12","date_gmt":"2025-10-29T05:42:12","guid":{"rendered":"https:\/\/agoravape.com\/?post_type=product&#038;p=19113"},"modified":"2026-03-21T12:44:22","modified_gmt":"2026-03-21T11:44:22","slug":"bang-20000-puffs-digital-screen-vape","status":"publish","type":"product","link":"https:\/\/agoravape.com\/fr\/product\/bang-20000-puffs-digital-screen-vape\/","title":{"rendered":"Bang 20000 Puffs Vape jetable avec \u00e9cran num\u00e9rique | Puissance et saveur longue dur\u00e9e"},"content":{"rendered":"<h2 data-v-md-heading=\"what-is-the-special-feature-of-bang-20000-digital-disposable-vapes\" data-v-md-line=\"3\">Quelle est la particularit\u00e9 des cigarettes \u00e9lectroniques jetables num\u00e9riques Bang 20000\u00a0?<\/h2>\n<p data-v-md-line=\"5\">Si vous en avez assez des cigarettes \u00e9lectroniques jetables dont la batterie se d\u00e9charge en moins d'une semaine, ce produit m\u00e9rite toute votre attention. La Bang 20000 est con\u00e7ue pour une utilisation prolong\u00e9e\u00a0: robuste et durable, elle offre une prise en main confortable et permet de profiter de jusqu'\u00e0 20\u00a0000 bouff\u00e9es en une seule fois. Avouons-le, une panne de batterie ou de e-liquide est toujours frustrante. Cette cigarette \u00e9lectronique est \u00e9quip\u00e9e d'un \u00e9cran num\u00e9rique clair affichant simultan\u00e9ment le niveau de e-liquide et le niveau de batterie, pour ne plus jamais \u00eatre pris au d\u00e9pourvu.<\/p>\n<p data-v-md-line=\"7\">Pour tout utilisateur recherchant une cigarette \u00e9lectronique fiable, savoureuse et facile d'utilisation, c'est le choix id\u00e9al. Aucun bouton ni r\u00e9glage n\u00e9cessaire\u00a0: il suffit d'une inhalation. Elle allie la performance d'un kit professionnel \u00e0 la praticit\u00e9 d'une cigarette \u00e9lectronique jetable.<\/p>\n<h2 data-v-md-heading=\"excellent-performance-easy-and-convenient\" data-v-md-line=\"9\">Excellentes performances, facile et pratique<\/h2>\n<p data-v-md-line=\"11\">Le secret de l'excellente saveur de cette cigarette \u00e9lectronique r\u00e9side dans son atomiseur \u00e0 mesh int\u00e9gr\u00e9. Ce dernier chauffe uniform\u00e9ment le e-liquide, garantissant une saveur intense et constante, de la premi\u00e8re \u00e0 la derni\u00e8re bouff\u00e9e, sans aucun go\u00fbt de br\u00fbl\u00e9. Vous pourriez penser que cette cigarette \u00e9lectronique offre une grande autonomie et qu'elle est compacte, mais sa l\u00e9g\u00e8ret\u00e9 et sa portabilit\u00e9 vous surprendront.<\/p>\n<p data-v-md-line=\"13\">M\u00eame si la batterie est faible, vous pouvez la recharger avec un c\u00e2ble USB-C standard, comme celui de votre t\u00e9l\u00e9phone. Gr\u00e2ce \u00e0 cette conception pratique, vous utiliserez jusqu'\u00e0 la derni\u00e8re goutte les 28 ml d'e-liquide.<\/p>\n<h2 data-v-md-heading=\"quick-specifications\" data-v-md-line=\"15\">Sp\u00e9cifications rapides<\/h2>\n<p data-v-md-line=\"17\"><strong>Fr\u00e9quence de tabagisme :<\/strong>\u00a0jusqu'\u00e0 20 000 bouff\u00e9es<\/p>\n<p data-v-md-line=\"19\"><strong>Concentration de nicotine :<\/strong>\u00a0Disponible en quatre concentrations : 0 %, 2 %, 3 % et 5 %.<\/p>\n<p data-v-md-line=\"21\"><strong>Usage:<\/strong>\u00a0Inspirez pour activer<\/p>\n<p data-v-md-line=\"23\"><strong>Capacit\u00e9 en e-liquide :<\/strong>\u00a0e-liquide pr\u00e9-rempli de 28 ml<\/p>\n<p data-v-md-line=\"25\"><strong>Noyau du n\u00e9buliseur :<\/strong>\u00a0Noyau de n\u00e9buliseur \u00e0 membrane, pour une exp\u00e9rience constante et d\u00e9licieuse<\/p>\n<p data-v-md-line=\"27\"><strong>\u00c9cran d'affichage\u00a0:<\/strong>\u00a0\u00c9cran num\u00e9rique affichant le niveau de la batterie et le niveau d'e-liquide<\/p>\n<p data-v-md-line=\"29\"><strong>M\u00e9thode de chargement\u00a0:<\/strong>\u00a0Interface USB Type-C standard<\/p>\n<p data-v-md-line=\"31\"><strong>Statut:<\/strong>\u00a0Pr\u00eat \u00e0 l'emploi d\u00e8s sa sortie de l'emballage<\/p>\n<h2 data-v-md-heading=\"complete-flavor-lineup\" data-v-md-line=\"33\">Gamme compl\u00e8te de saveurs<\/h2>\n<ul data-v-md-line=\"35\">\n<li>Glace au menthol<\/li>\n<li>litchi \u00e0 la fraise<\/li>\n<li>fraise kiwi<\/li>\n<li>Strawberry watermelon<\/li>\n<li>Red Bull<\/li>\n<li>Fruits m\u00e9lang\u00e9s<\/li>\n<li>Blue Rink Ice<\/li>\n<li>Myrtilles et framboises<\/li>\n<li>Myrtilles et past\u00e8ques<\/li>\n<li>Glace au raisin<\/li>\n<li>Glace \u00e0 la p\u00eache<\/li>\n<li>Glace \u00e0 la past\u00e8que<\/li>\n<li>past\u00e8que framboise<\/li>\n<li>Saveur fraise et mangue<\/li>\n<li>Double saveur de pomme<\/li>\n<li>Saveur p\u00eache et past\u00e8que<\/li>\n<\/ul>\n<p><img loading=\"lazy\" decoding=\"async\" class=\"wp-image-19137 size-full aligncenter\" src=\"https:\/\/agoravape.com\/wp-content\/uploads\/2025\/10\/Bang-20000-Puffs-Digital-Screen-Disposable-Vape-Power-and-Flavour-That-Lasts_Agora_vape-1.webp\" alt=\"\" width=\"1080\" height=\"2158\" srcset=\"https:\/\/agoravape.com\/wp-content\/uploads\/2025\/10\/Bang-20000-Puffs-Digital-Screen-Disposable-Vape-Power-and-Flavour-That-Lasts_Agora_vape-1.webp 1080w, https:\/\/agoravape.com\/wp-content\/uploads\/2025\/10\/Bang-20000-Puffs-Digital-Screen-Disposable-Vape-Power-and-Flavour-That-Lasts_Agora_vape-1-150x300.webp 150w, https:\/\/agoravape.com\/wp-content\/uploads\/2025\/10\/Bang-20000-Puffs-Digital-Screen-Disposable-Vape-Power-and-Flavour-That-Lasts_Agora_vape-1-512x1024.webp 512w, https:\/\/agoravape.com\/wp-content\/uploads\/2025\/10\/Bang-20000-Puffs-Digital-Screen-Disposable-Vape-Power-and-Flavour-That-Lasts_Agora_vape-1-768x1535.webp 768w, https:\/\/agoravape.com\/wp-content\/uploads\/2025\/10\/Bang-20000-Puffs-Digital-Screen-Disposable-Vape-Power-and-Flavour-That-Lasts_Agora_vape-1-769x1536.webp 769w, https:\/\/agoravape.com\/wp-content\/uploads\/2025\/10\/Bang-20000-Puffs-Digital-Screen-Disposable-Vape-Power-and-Flavour-That-Lasts_Agora_vape-1-1025x2048.webp 1025w\" sizes=\"auto, (max-width: 1080px) 100vw, 1080px\" \/><\/p>\n<h2 data-v-md-heading=\"tailored-for-you-and-your-business\" data-v-md-line=\"52\">Con\u00e7u sur mesure pour vous et votre entreprise<\/h2>\n<p data-v-md-line=\"54\">Nous proposons d\u00e9sormais les cigarettes \u00e9lectroniques jetables Bang 20000, disponibles \u00e0 l'unit\u00e9 ou en gros. Nous offrons un conditionnement de 200 unit\u00e9s, id\u00e9al pour fournir \u00e0 vos clients des produits de vapotage performants et durables.<\/p>\n<p data-v-md-line=\"56\">Nous collaborons avec des transporteurs DDP (rendu droits acquitt\u00e9s) de confiance, tels que UPS, DPD et DHL, pour acheminer vos produits vers diff\u00e9rentes destinations en Europe. Ainsi, le prix affich\u00e9 est le prix final, sans frais de douane \u00e0 pr\u00e9voir. Garantie d'authenticit\u00e9 et livraison \u00e0 domicile.<\/p>\n<h2 data-v-md-heading=\"reasons-why-you-will-like-it\" data-v-md-line=\"58\">Reasons why you will like it<\/h2>\n<p data-v-md-line=\"60\"><strong>Autonomie de batterie ultra longue :<\/strong>\u00a0Durable et r\u00e9sistant, pas besoin d'achats fr\u00e9quents.<br \/>\n<strong>Affichage num\u00e9rique\u00a0:<\/strong>\u00a0Le niveau de la batterie et la quantit\u00e9 de e-liquide restante sont clairement visibles en un coup d'\u0153il.<br \/>\n<strong>S\u00e9lection de la nicotine :<\/strong>\u00a0Vous pouvez choisir la concentration de nicotine qui vous convient, allant de 0 % \u00e0 5 %.<br \/>\n<strong>Rechargeable :<\/strong>\u00a0Cela signifie que vous pouvez utiliser pleinement tous les e-liquides que vous achetez.<br \/>\n<strong>Noyau d'atomisation en maille :<\/strong>\u00a0Il peut offrir un go\u00fbt riche et constant \u00e0 chaque fois.<\/p>\n<h2 data-v-md-heading=\"why-choose-agoravape\" data-v-md-line=\"66\">Pourquoi choisir AgoraVape ?<\/h2>\n<p data-v-md-line=\"68\">Figurant parmi les distributeurs de cigarettes \u00e9lectroniques les plus fiables d'Europe, nous ne vendons que des produits 100 % authentiques. Pour nos clients professionnels, cela signifie que les 20\u00a0000 cigarettes \u00e9lectroniques jetables Bang sont propos\u00e9es \u00e0 prix de gros avantageux, avec une assistance technique compl\u00e8te et une livraison rapide et fiable. Contactez-nous pour offrir \u00e0 vos clients une exp\u00e9rience exceptionnelle.<\/p>\n<p><script src=\"chrome-extension:\/\/fpelahbljekknahkcaegamhcndkfpfnc\/iFrame.js\" type=\"text\/javascript\"><\/script><\/p>","protected":false},"excerpt":{"rendered":"<p>What is the special feature of Bang 20000 digital disposable vapes? If you\u2019re tired of disposable vapes that run out<\/p>","protected":false},"featured_media":19153,"comment_status":"open","ping_status":"closed","template":"","meta":[],"product_brand":[197],"product_cat":[124,187,185,1636,189,123,176,174,175,193,191,173,186,180,190,192],"product_tag":[],"class_list":{"0":"post-19113","1":"product","2":"type-product","3":"status-publish","4":"has-post-thumbnail","6":"product_brand-bang","7":"product_cat-vape-by-brand","8":"product_cat-0mg-nicotine-free-vapes","9":"product_cat-10000-puffs-high-capacity","10":"product_cat-20000-puffs","11":"product_cat-20mg-standard-nicotine-vapes","12":"product_cat-bang","13":"product_cat-beverage","14":"product_cat-fruit-flavors","15":"product_cat-icy-mint","16":"product_cat-mesh-coil","17":"product_cat-rechargeable-disposables","18":"product_cat-vape-by-flavor-profile","19":"product_cat-vape-by-nicotine-strength","20":"product_cat-vape-by-puff-count","21":"product_cat-vape-by-feature-or-type","22":"product_cat-vapes-with-screens","24":"first","25":"instock","26":"shipping-taxable","27":"purchasable","28":"product-type-variable","29":"has-default-attributes"},"tiered_pricing_type":"percentage","tiered_pricing_fixed_rules":[],"tiered_pricing_product_settings":{"layout":"default","base_unit_name":{"singular":null,"plural":null},"default_variation":null},"tiered_pricing_minimum_quantity":10,"tiered_pricing_roles_data":[],"tiered_pricing_percentage_rules":{"30":"29","50":"35","100":"40","200":"44","500":"47","1000":"49"},"tiered_pricing_maximum_quantity":null,"tiered_pricing_quantity_step":"10","_links":{"self":[{"href":"https:\/\/agoravape.com\/fr\/wp-json\/wp\/v2\/product\/19113","targetHints":{"allow":["GET"]}}],"collection":[{"href":"https:\/\/agoravape.com\/fr\/wp-json\/wp\/v2\/product"}],"about":[{"href":"https:\/\/agoravape.com\/fr\/wp-json\/wp\/v2\/types\/product"}],"replies":[{"embeddable":true,"href":"https:\/\/agoravape.com\/fr\/wp-json\/wp\/v2\/comments?post=19113"}],"version-history":[{"count":0,"href":"https:\/\/agoravape.com\/fr\/wp-json\/wp\/v2\/product\/19113\/revisions"}],"wp:featuredmedia":[{"embeddable":true,"href":"https:\/\/agoravape.com\/fr\/wp-json\/wp\/v2\/media\/19153"}],"wp:attachment":[{"href":"https:\/\/agoravape.com\/fr\/wp-json\/wp\/v2\/media?parent=19113"}],"wp:term":[{"taxonomy":"product_brand","embeddable":true,"href":"https:\/\/agoravape.com\/fr\/wp-json\/wp\/v2\/product_brand?post=19113"},{"taxonomy":"product_cat","embeddable":true,"href":"https:\/\/agoravape.com\/fr\/wp-json\/wp\/v2\/product_cat?post=19113"},{"taxonomy":"product_tag","embeddable":true,"href":"https:\/\/agoravape.com\/fr\/wp-json\/wp\/v2\/product_tag?post=19113"}],"curies":[{"name":"wp","href":"https:\/\/api.w.org\/{rel}","templated":true}]}}