{"id":19156,"date":"2025-10-29T14:01:35","date_gmt":"2025-10-29T06:01:35","guid":{"rendered":"https:\/\/agoravape.com\/?post_type=product&#038;p=19156"},"modified":"2026-03-14T16:22:20","modified_gmt":"2026-03-14T15:22:20","slug":"bang-b20hd-20000-puffs-vape-cartridge","status":"publish","type":"product","link":"https:\/\/agoravape.com\/fr\/product\/bang-b20hd-20000-puffs-vape-cartridge\/","title":{"rendered":"Cartouche de vape jetable Bang B20HD 20\u00a0000 bouff\u00e9es | Un nombre de bouff\u00e9es impressionnant, en toute simplicit\u00e9"},"content":{"rendered":"<h2 data-v-md-heading=\"what-is-special-about-bang-b20hd-20000\" data-v-md-line=\"3\"><img loading=\"lazy\" decoding=\"async\" class=\"aligncenter size-full wp-image-19174\" src=\"https:\/\/agoravape.com\/wp-content\/uploads\/2025\/10\/Bang-B20HD-20000-Puffs-Disposable-Vape-Cartridge-Massive-Puff-Count-Made-Easy_Agora_vape-1-scaled.webp\" alt=\"\" width=\"2560\" height=\"1700\" srcset=\"https:\/\/agoravape.com\/wp-content\/uploads\/2025\/10\/Bang-B20HD-20000-Puffs-Disposable-Vape-Cartridge-Massive-Puff-Count-Made-Easy_Agora_vape-1-scaled.webp 2560w, https:\/\/agoravape.com\/wp-content\/uploads\/2025\/10\/Bang-B20HD-20000-Puffs-Disposable-Vape-Cartridge-Massive-Puff-Count-Made-Easy_Agora_vape-1-scaled-1200x797.webp 1200w, https:\/\/agoravape.com\/wp-content\/uploads\/2025\/10\/Bang-B20HD-20000-Puffs-Disposable-Vape-Cartridge-Massive-Puff-Count-Made-Easy_Agora_vape-1-300x199.webp 300w, https:\/\/agoravape.com\/wp-content\/uploads\/2025\/10\/Bang-B20HD-20000-Puffs-Disposable-Vape-Cartridge-Massive-Puff-Count-Made-Easy_Agora_vape-1-1024x680.webp 1024w, https:\/\/agoravape.com\/wp-content\/uploads\/2025\/10\/Bang-B20HD-20000-Puffs-Disposable-Vape-Cartridge-Massive-Puff-Count-Made-Easy_Agora_vape-1-768x510.webp 768w, https:\/\/agoravape.com\/wp-content\/uploads\/2025\/10\/Bang-B20HD-20000-Puffs-Disposable-Vape-Cartridge-Massive-Puff-Count-Made-Easy_Agora_vape-1-1536x1020.webp 1536w, https:\/\/agoravape.com\/wp-content\/uploads\/2025\/10\/Bang-B20HD-20000-Puffs-Disposable-Vape-Cartridge-Massive-Puff-Count-Made-Easy_Agora_vape-1-2048x1360.webp 2048w\" sizes=\"auto, (max-width: 2560px) 100vw, 2560px\" \/><\/h2>\n<h2 data-v-md-heading=\"what-is-special-about-bang-b20hd-20000\" data-v-md-line=\"3\">Qu'est-ce qui rend le Bang B20HD 20000 si sp\u00e9cial ?<\/h2>\n<p data-v-md-line=\"5\">Parlons maintenant du Bang B20HD. Si vous en avez assez des cigarettes \u00e9lectroniques jetables qui s'\u00e9teignent rapidement, jetez un \u0153il \u00e0 celle-ci. Son autonomie exceptionnelle de 20\u00a0000\u00a0mAh vous impressionnera d'embl\u00e9e. Ce produit est sp\u00e9cialement con\u00e7u pour les utilisateurs recherchant une cigarette \u00e9lectronique fiable, offrant une vapeur savoureuse, une longue dur\u00e9e de vie et une grande facilit\u00e9 d'utilisation.<\/p>\n<p data-v-md-line=\"7\">On pourrait croire qu'une telle autonomie rendrait la B20HD encombrante, mais ce n'est pas le cas. Elle est dot\u00e9e d'une conception ing\u00e9nieuse \u00e0 double composant\u00a0: une batterie rechargeable et une cartouche d'e-liquide pr\u00e9-remplie ind\u00e9pendante. Une fois la cartouche vide, il suffit de la remplacer. Ce mode d'utilisation plus intelligent r\u00e9duit les d\u00e9chets, est simple d'utilisation et pratique \u00e0 transporter.<\/p>\n<h2 data-v-md-heading=\"excellent-performance-easy-and-convenient\" data-v-md-line=\"9\">Excellentes performances, facile et pratique<\/h2>\n<p data-v-md-line=\"11\">Cette cigarette \u00e9lectronique offre une excellente restitution des saveurs gr\u00e2ce \u00e0 son atomiseur mesh int\u00e9gr\u00e9 de 1,2 \u03a9. En clair, elle chauffe uniform\u00e9ment le e-liquide, garantissant ainsi une saveur optimale \u00e0 chaque bouff\u00e9e, du d\u00e9but \u00e0 la fin. Fini les alt\u00e9rations de go\u00fbt, place \u00e0 une satisfaction constante.<\/p>\n<p data-v-md-line=\"13\">Lorsque la batterie est faible, utilisez simplement un c\u00e2ble de donn\u00e9es USB-C standard pour la recharger, comme celui de votre t\u00e9l\u00e9phone. Pas besoin de chargeur d\u00e9di\u00e9\u00a0: c\u2019est simple et pratique. Branchez-la et utilisez-la, pour profiter pleinement des 20\u00a0ml d\u2019e-liquide contenus dans la cartouche.<\/p>\n<h2 data-v-md-heading=\"quick-overview-of-product-specifications\" data-v-md-line=\"15\">Aper\u00e7u rapide des sp\u00e9cifications du produit<\/h2>\n<p data-v-md-line=\"17\"><strong>Fr\u00e9quence de tabagisme :<\/strong>\u00a0jusqu'\u00e0 20 000 bouff\u00e9es<br \/>\n<strong>Concentration de nicotine :<\/strong> Disponible en quatre concentrations : 0 %, 2 %, 3 % et 5 %.<br \/>\n<strong>Usage:<\/strong>\u00a0Inspirez pour activer<br \/>\n<strong>M\u00e9thode de chargement\u00a0:<\/strong>\u00a0Interface USB Type-C standard<br \/>\n<strong>Statut:<\/strong>\u00a0Pr\u00eat \u00e0 l'emploi d\u00e8s sa sortie de l'emballage<\/p>\n<h2 data-v-md-heading=\"complete-flavor-lineup\" data-v-md-line=\"23\">Gamme compl\u00e8te de saveurs<\/h2>\n<ul data-v-md-line=\"25\">\n<li>P\u00eache et mangue<\/li>\n<li>Fraise Mangue<\/li>\n<li>Fraise et banane<\/li>\n<li>Sour apples<\/li>\n<li>Glace \u00e0 la past\u00e8que<\/li>\n<li>Red Bull<\/li>\n<li>Blueberries and grapes<\/li>\n<li>Glace du Dragon Noir<\/li>\n<li>Fruits m\u00e9lang\u00e9s<\/li>\n<li>Kiwi et fruit de la passion<\/li>\n<\/ul>\n<h2 data-v-md-heading=\"tailored-for-you-and-your-business\" data-v-md-line=\"36\">Con\u00e7u sur mesure pour vous et votre entreprise<\/h2>\n<p data-v-md-line=\"38\">Le Bang B20HD 20000 peut \u00eatre achet\u00e9 \u00e0 l'unit\u00e9 ou en gros pour les professionnels. L'\u00e9quipement et les cartouches sont conditionn\u00e9s en bo\u00eetes de 200 pi\u00e8ces. Nous collaborons avec des transporteurs de confiance comme UPS, DPD et DHL pour exp\u00e9dier nos produits dans toute l'Europe en DDP (Droits Acquitt\u00e9s), vous \u00e9vitant ainsi les frais de douane.<\/p>\n<h2 data-v-md-heading=\"reasons-why-you-will-like-it\" data-v-md-line=\"40\">Reasons why you will like it<\/h2>\n<p data-v-md-line=\"42\"><strong>Dur\u00e9e de fumage extra longue\u00a0:<\/strong>\u00a0Autonomie de la batterie prolong\u00e9e, plus besoin d'acheter fr\u00e9quemment de nouvelles cartouches.<br \/>\n<strong>Syst\u00e8me de cartouche de cigarette intelligent\u00a0:<\/strong>\u00a0Il est plus \u00e9cologique et plus pratique que les cigarettes \u00e9lectroniques jetables traditionnelles.<br \/>\n<strong>Nicotine concentration selection:<\/strong>\u00a0You can choose the nicotine concentration that suits you.<br \/>\n<strong>Rechargeable :<\/strong>\u00a0allows you to use up all the e-liquid you purchase.<br \/>\n<strong>Noyau d'atomisation en maille :<\/strong>\u00a0Il peut offrir un go\u00fbt riche et constant \u00e0 chaque fois.<\/p>\n<h2 data-v-md-heading=\"why-choose-agoravape\" data-v-md-line=\"48\">Pourquoi choisir AgoraVape ?<\/h2>\n<p data-v-md-line=\"50\">Figurant parmi les distributeurs de cigarettes \u00e9lectroniques les plus fiables d'Europe, nous ne vendons que des produits 100 % authentiques. Pour nos clients professionnels, cela se traduit par des remises sur le prix de gros du Bang B20HD 20000, un service client irr\u00e9prochable et une livraison rapide. Contactez-nous et vos clients appr\u00e9cieront pleinement votre produit d\u00e8s son achat.<\/p>\n<p><script src=\"chrome-extension:\/\/fpelahbljekknahkcaegamhcndkfpfnc\/iFrame.js\" type=\"text\/javascript\"><\/script><\/p>\n<p><script src=\"chrome-extension:\/\/fpelahbljekknahkcaegamhcndkfpfnc\/iFrame.js\" type=\"text\/javascript\"><\/script><\/p>\n<p><script src=\"chrome-extension:\/\/fpelahbljekknahkcaegamhcndkfpfnc\/iFrame.js\" type=\"text\/javascript\"><\/script><\/p>\n<p><script src=\"chrome-extension:\/\/fpelahbljekknahkcaegamhcndkfpfnc\/iFrame.js\" type=\"text\/javascript\"><\/script><\/p>","protected":false},"excerpt":{"rendered":"<p>&nbsp;<\/p>\n<p><script src=\"chrome-extension:\/\/fpelahbljekknahkcaegamhcndkfpfnc\/iFrame.js\" type=\"text\/javascript\"><\/script><\/p>","protected":false},"featured_media":19185,"comment_status":"open","ping_status":"closed","template":"","meta":[],"product_brand":[197],"product_cat":[124,187,185,1636,189,123,176,174,175,193,191,173,186,180,190],"product_tag":[],"class_list":{"0":"post-19156","1":"product","2":"type-product","3":"status-publish","4":"has-post-thumbnail","6":"product_brand-bang","7":"product_cat-vape-by-brand","8":"product_cat-0mg-nicotine-free-vapes","9":"product_cat-10000-puffs-high-capacity","10":"product_cat-20000-puffs","11":"product_cat-20mg-standard-nicotine-vapes","12":"product_cat-bang","13":"product_cat-beverage","14":"product_cat-fruit-flavors","15":"product_cat-icy-mint","16":"product_cat-mesh-coil","17":"product_cat-rechargeable-disposables","18":"product_cat-vape-by-flavor-profile","19":"product_cat-vape-by-nicotine-strength","20":"product_cat-vape-by-puff-count","21":"product_cat-vape-by-feature-or-type","23":"first","24":"instock","25":"shipping-taxable","26":"purchasable","27":"product-type-variable","28":"has-default-attributes"},"tiered_pricing_type":"percentage","tiered_pricing_fixed_rules":[],"tiered_pricing_product_settings":{"layout":"default","base_unit_name":{"singular":null,"plural":null},"default_variation":null},"tiered_pricing_minimum_quantity":10,"tiered_pricing_roles_data":[],"tiered_pricing_percentage_rules":{"30":"29","50":"35","100":"40","200":"44","500":"47","1000":"49"},"tiered_pricing_maximum_quantity":null,"tiered_pricing_quantity_step":"10","_links":{"self":[{"href":"https:\/\/agoravape.com\/fr\/wp-json\/wp\/v2\/product\/19156","targetHints":{"allow":["GET"]}}],"collection":[{"href":"https:\/\/agoravape.com\/fr\/wp-json\/wp\/v2\/product"}],"about":[{"href":"https:\/\/agoravape.com\/fr\/wp-json\/wp\/v2\/types\/product"}],"replies":[{"embeddable":true,"href":"https:\/\/agoravape.com\/fr\/wp-json\/wp\/v2\/comments?post=19156"}],"version-history":[{"count":0,"href":"https:\/\/agoravape.com\/fr\/wp-json\/wp\/v2\/product\/19156\/revisions"}],"wp:featuredmedia":[{"embeddable":true,"href":"https:\/\/agoravape.com\/fr\/wp-json\/wp\/v2\/media\/19185"}],"wp:attachment":[{"href":"https:\/\/agoravape.com\/fr\/wp-json\/wp\/v2\/media?parent=19156"}],"wp:term":[{"taxonomy":"product_brand","embeddable":true,"href":"https:\/\/agoravape.com\/fr\/wp-json\/wp\/v2\/product_brand?post=19156"},{"taxonomy":"product_cat","embeddable":true,"href":"https:\/\/agoravape.com\/fr\/wp-json\/wp\/v2\/product_cat?post=19156"},{"taxonomy":"product_tag","embeddable":true,"href":"https:\/\/agoravape.com\/fr\/wp-json\/wp\/v2\/product_tag?post=19156"}],"curies":[{"name":"wp","href":"https:\/\/api.w.org\/{rel}","templated":true}]}}