{"id":19202,"date":"2025-10-29T14:20:51","date_gmt":"2025-10-29T06:20:51","guid":{"rendered":"https:\/\/agoravape.com\/?post_type=product&#038;p=19202"},"modified":"2026-01-19T21:59:49","modified_gmt":"2026-01-19T13:59:49","slug":"bang-gear-20000-puffs-vape","status":"publish","type":"product","link":"https:\/\/agoravape.com\/fr\/product\/bang-gear-20000-puffs-vape\/","title":{"rendered":"Bang Gear 20000 bouff\u00e9es | Nombre de bouff\u00e9es impressionnant, vapotage simple"},"content":{"rendered":"<h2 data-v-md-heading=\"what-s-so-special-about-bang-gear-20000\" data-v-md-line=\"3\"><img loading=\"lazy\" decoding=\"async\" class=\"size-full wp-image-19214 alignright\" src=\"https:\/\/agoravape.com\/wp-content\/uploads\/2025\/10\/Bang-Gear-20000-Puffs-Massive-Puff-Count-Simple-Vaping_Agora_vape-1.webp\" alt=\"\" width=\"1180\" height=\"1920\" srcset=\"https:\/\/agoravape.com\/wp-content\/uploads\/2025\/10\/Bang-Gear-20000-Puffs-Massive-Puff-Count-Simple-Vaping_Agora_vape-1.webp 1180w, https:\/\/agoravape.com\/wp-content\/uploads\/2025\/10\/Bang-Gear-20000-Puffs-Massive-Puff-Count-Simple-Vaping_Agora_vape-1-184x300.webp 184w, https:\/\/agoravape.com\/wp-content\/uploads\/2025\/10\/Bang-Gear-20000-Puffs-Massive-Puff-Count-Simple-Vaping_Agora_vape-1-629x1024.webp 629w, https:\/\/agoravape.com\/wp-content\/uploads\/2025\/10\/Bang-Gear-20000-Puffs-Massive-Puff-Count-Simple-Vaping_Agora_vape-1-768x1250.webp 768w, https:\/\/agoravape.com\/wp-content\/uploads\/2025\/10\/Bang-Gear-20000-Puffs-Massive-Puff-Count-Simple-Vaping_Agora_vape-1-944x1536.webp 944w\" sizes=\"auto, (max-width: 1180px) 100vw, 1180px\" \/><\/h2>\n<h2 data-v-md-heading=\"what-s-so-special-about-bang-gear-20000\" data-v-md-line=\"3\">Qu'est-ce que Bang Gear 20000 a de si sp\u00e9cial ?<\/h2>\n<p data-v-md-line=\"5\">Si vous en avez assez des vapes jetables dont la batterie s'\u00e9puise au bout d'une semaine, vous devez jeter un coup d'\u0153il \u00e0 ce produit. Le concept de Bang Gear 20000 n'a qu'un seul but : la durabilit\u00e9. La dur\u00e9e de vie de la batterie est de 20000 ports, ce qui signifie que vous pouvez en profiter pleinement sans vous soucier des probl\u00e8mes de remplacement. On pourrait penser que les cigarettes \u00e9lectroniques dot\u00e9es d'une telle autonomie sont encombrantes, mais ce produit est \u00e9tonnamment l\u00e9ger et portable.<\/p>\n<p data-v-md-line=\"7\">Pour les utilisateurs de cigarettes \u00e9lectroniques qui veulent seulement une cigarette fiable, d\u00e9licieuse et facile \u00e0 utiliser, c'est le choix parfait. Pas besoin de se pr\u00e9occuper de r\u00e9glages ou de boutons complexes ; il suffit d'ouvrir la bo\u00eete d'emballage pour l'utiliser. Il s'agit d'un appareil simple et facile \u00e0 utiliser qui vous apporte puret\u00e9 et commodit\u00e9.<\/p>\n<h2 data-v-md-heading=\"excellent-performance-easy-to-operate\" data-v-md-line=\"9\">Excellent performance, easy to operate<\/h2>\n<p data-v-md-line=\"11\">Le secret de son go\u00fbt stable et durable r\u00e9side dans son noyau d'atomisation int\u00e9gr\u00e9 de 1,0 ohm. Cette technologie garantit que chaque bouch\u00e9e est aussi d\u00e9licieuse que la premi\u00e8re, sans aucun go\u00fbt de br\u00fbl\u00e9. Du d\u00e9but \u00e0 la fin, le go\u00fbt est toujours doux et \u00e9quilibr\u00e9.<\/p>\n<p data-v-md-line=\"13\">En raison de sa capacit\u00e9 \u00e0 contenir une grande quantit\u00e9 d'e-liquide, l'appareil est \u00e9quip\u00e9 d'une batterie rechargeable int\u00e9gr\u00e9e. Lorsque la batterie est faible, il suffit d'utiliser un c\u00e2ble de donn\u00e9es Type-C standard pour la recharger - comme pour votre t\u00e9l\u00e9phone. Cela signifie que vous pouvez utiliser pleinement chaque goutte des 25 millilitres d'e-liquide achet\u00e9s.<\/p>\n<h2 data-v-md-heading=\"brief-specifications\" data-v-md-line=\"15\">Sp\u00e9cifications succinctes<\/h2>\n<p data-v-md-line=\"17\"><strong>Number of ports:<\/strong>\u00a0jusqu'\u00e0 20000 ports.<\/p>\n<p data-v-md-line=\"19\"><strong>Concentration de nicotine :<\/strong>\u00a0Disponible en quatre concentrations : 0 %, 2 %, 3 % et 5 %.<\/p>\n<p data-v-md-line=\"21\"><strong>Usage:<\/strong>\u00a0Inspirez pour activer.<\/p>\n<p data-v-md-line=\"23\"><em>M\u00e9thode de chargement\u00a0:<\/em>* Interface USB Type-C standard.<\/p>\n<p data-v-md-line=\"25\"><strong>Statut:<\/strong>\u00a0Pr\u00eat \u00e0 l'emploi d\u00e8s le d\u00e9ballage.<\/p>\n<h2 data-v-md-heading=\"complete-flavor-series\" data-v-md-line=\"27\">Gamme compl\u00e8te de saveurs<\/h2>\n<ul data-v-md-line=\"29\">\n<li>fraise kiwi<\/li>\n<li>Glace \u00e0 la past\u00e8que<\/li>\n<li>Myrtilles et framboises<\/li>\n<li>Strawberry watermelon<\/li>\n<li>Fraise Mangue<\/li>\n<li>Energy drinks<\/li>\n<li>Myrtilles, cerises, citrons<\/li>\n<li>Glace du Dragon Noir<\/li>\n<li>Fruits m\u00e9lang\u00e9s<\/li>\n<li>Fraise et banane<\/li>\n<li>Glace \u00e0 la p\u00eache<\/li>\n<li>Blue Rink Ice<\/li>\n<\/ul>\n<h2 data-v-md-heading=\"tailored-for-you-and-your-business\" data-v-md-line=\"42\">Con\u00e7u sur mesure pour vous et votre entreprise<\/h2>\n<p data-v-md-line=\"44\">Bang Gear 20000 peut \u00eatre achet\u00e9 s\u00e9par\u00e9ment ou en gros si vous \u00eates propri\u00e9taire d'une entreprise. Le produit est vendu dans un emballage de gros de 200 unit\u00e9s par bo\u00eete, avec 10 unit\u00e9s par bo\u00eete pour une pr\u00e9sentation facile.<\/p>\n<p data-v-md-line=\"46\">En tant que distributeur europ\u00e9en de confiance, nous vous offrons des services pratiques. Nous travaillons avec des partenaires DDP (Delivered Duty Paid) fiables tels que UPS, DPD et DHL, de sorte que le devis que vous voyez est le prix final que vous payez. Il n'y aura pas d'accidents lors du d\u00e9douanement, seulement des produits de haute qualit\u00e9 qui peuvent \u00eatre mis en rayon \u00e0 tout moment.<\/p>\n<h2 data-v-md-heading=\"reasons-why-you-will-like-it\" data-v-md-line=\"48\">Reasons why you will like it<\/h2>\n<p data-v-md-line=\"50\"><strong>Autonomie de batterie ultra longue :<\/strong>\u00a0Durable et r\u00e9sistant, pas besoin d'achats fr\u00e9quents.<\/p>\n<p data-v-md-line=\"52\"><strong>Nicotine concentration selection:<\/strong>\u00a0You can choose the most suitable nicotine concentration for yourself.<\/p>\n<p data-v-md-line=\"54\"><strong>Rechargeable :<\/strong>\u00a0L'interface Type-C vous permet d'utiliser pleinement tous les e-liquides contenus dans l'appareil.<\/p>\n<p data-v-md-line=\"56\"><strong>Noyau d'atomisation en maille :<\/strong>\u00a0Il peut offrir un go\u00fbt riche et constant \u00e0 chaque fois.<\/p>\n<h2 data-v-md-heading=\"why-choose-agoravape\" data-v-md-line=\"58\">Pourquoi choisir AgoraVape ?<\/h2>\n<p data-v-md-line=\"60\">En tant que l'un des distributeurs de cigarettes \u00e9lectroniques les plus fiables en Europe, nous ne vendons que des produits authentiques 100%. Pour nos entreprises clientes, cela signifie que Bang Gear 20000 Puffs offre des prix de gros r\u00e9duits, un support technique complet et une livraison rapide et fiable. Contactez-nous pour remercier sinc\u00e8rement vos clients de vous avoir fourni ce produit.<\/p>","protected":false},"excerpt":{"rendered":"<p>What\u2019s so special about Bang Gear 20000? If you\u2019re tired of disposable vapes that run out of battery before a<\/p>","protected":false},"featured_media":19225,"comment_status":"open","ping_status":"closed","template":"","meta":[],"product_brand":[197],"product_cat":[124,187,185,1636,189,123,176,174,175,193,191,173,186,180,190,192],"product_tag":[],"class_list":{"0":"post-19202","1":"product","2":"type-product","3":"status-publish","4":"has-post-thumbnail","6":"product_brand-bang","7":"product_cat-vape-by-brand","8":"product_cat-0mg-nicotine-free-vapes","9":"product_cat-10000-puffs-high-capacity","10":"product_cat-20000-puffs","11":"product_cat-20mg-standard-nicotine-vapes","12":"product_cat-bang","13":"product_cat-beverage","14":"product_cat-fruit-flavors","15":"product_cat-icy-mint","16":"product_cat-mesh-coil","17":"product_cat-rechargeable-disposables","18":"product_cat-vape-by-flavor-profile","19":"product_cat-vape-by-nicotine-strength","20":"product_cat-vape-by-puff-count","21":"product_cat-vape-by-feature-or-type","22":"product_cat-vapes-with-screens","24":"first","25":"onbackorder","26":"shipping-taxable","27":"purchasable","28":"product-type-variable","29":"has-default-attributes"},"tiered_pricing_type":"percentage","tiered_pricing_fixed_rules":[],"tiered_pricing_product_settings":{"layout":"default","base_unit_name":{"singular":null,"plural":null},"default_variation":null},"tiered_pricing_minimum_quantity":10,"tiered_pricing_roles_data":[],"tiered_pricing_percentage_rules":{"30":"29","50":"35","100":"40","200":"44","500":"47","1000":"49"},"tiered_pricing_maximum_quantity":null,"tiered_pricing_quantity_step":"10","_links":{"self":[{"href":"https:\/\/agoravape.com\/fr\/wp-json\/wp\/v2\/product\/19202","targetHints":{"allow":["GET"]}}],"collection":[{"href":"https:\/\/agoravape.com\/fr\/wp-json\/wp\/v2\/product"}],"about":[{"href":"https:\/\/agoravape.com\/fr\/wp-json\/wp\/v2\/types\/product"}],"replies":[{"embeddable":true,"href":"https:\/\/agoravape.com\/fr\/wp-json\/wp\/v2\/comments?post=19202"}],"version-history":[{"count":0,"href":"https:\/\/agoravape.com\/fr\/wp-json\/wp\/v2\/product\/19202\/revisions"}],"wp:featuredmedia":[{"embeddable":true,"href":"https:\/\/agoravape.com\/fr\/wp-json\/wp\/v2\/media\/19225"}],"wp:attachment":[{"href":"https:\/\/agoravape.com\/fr\/wp-json\/wp\/v2\/media?parent=19202"}],"wp:term":[{"taxonomy":"product_brand","embeddable":true,"href":"https:\/\/agoravape.com\/fr\/wp-json\/wp\/v2\/product_brand?post=19202"},{"taxonomy":"product_cat","embeddable":true,"href":"https:\/\/agoravape.com\/fr\/wp-json\/wp\/v2\/product_cat?post=19202"},{"taxonomy":"product_tag","embeddable":true,"href":"https:\/\/agoravape.com\/fr\/wp-json\/wp\/v2\/product_tag?post=19202"}],"curies":[{"name":"wp","href":"https:\/\/api.w.org\/{rel}","templated":true}]}}