{"id":19230,"date":"2025-10-29T14:58:50","date_gmt":"2025-10-29T06:58:50","guid":{"rendered":"https:\/\/agoravape.com\/?post_type=product&#038;p=19230"},"modified":"2026-03-26T13:22:49","modified_gmt":"2026-03-26T12:22:49","slug":"bang-25000-puffs-full-screen-vape","status":"publish","type":"product","link":"https:\/\/agoravape.com\/fr\/product\/bang-25000-puffs-full-screen-vape\/","title":{"rendered":"Bang 25000 bouff\u00e9es | Nombre de bouff\u00e9es impressionnant avec un \u00e9cran plein format"},"content":{"rendered":"<h2 data-v-md-heading=\"what-s-so-special-about-bang-25000\" data-v-md-line=\"3\"><img loading=\"lazy\" decoding=\"async\" class=\"aligncenter size-full wp-image-19244\" src=\"https:\/\/agoravape.com\/wp-content\/uploads\/2025\/10\/Bang-25000-Puffs-Massive-Puff-Count-with-a-Full-Screen-Display_Agora_vape-1.webp\" alt=\"\" width=\"1180\" height=\"1950\" srcset=\"https:\/\/agoravape.com\/wp-content\/uploads\/2025\/10\/Bang-25000-Puffs-Massive-Puff-Count-with-a-Full-Screen-Display_Agora_vape-1.webp 1180w, https:\/\/agoravape.com\/wp-content\/uploads\/2025\/10\/Bang-25000-Puffs-Massive-Puff-Count-with-a-Full-Screen-Display_Agora_vape-1-182x300.webp 182w, https:\/\/agoravape.com\/wp-content\/uploads\/2025\/10\/Bang-25000-Puffs-Massive-Puff-Count-with-a-Full-Screen-Display_Agora_vape-1-620x1024.webp 620w, https:\/\/agoravape.com\/wp-content\/uploads\/2025\/10\/Bang-25000-Puffs-Massive-Puff-Count-with-a-Full-Screen-Display_Agora_vape-1-768x1269.webp 768w, https:\/\/agoravape.com\/wp-content\/uploads\/2025\/10\/Bang-25000-Puffs-Massive-Puff-Count-with-a-Full-Screen-Display_Agora_vape-1-929x1536.webp 929w\" sizes=\"auto, (max-width: 1180px) 100vw, 1180px\" \/><\/h2>\n<h2 data-v-md-heading=\"what-s-so-special-about-bang-25000\" data-v-md-line=\"3\">What\u2019s so special about Bang 25000?<\/h2>\n<p data-v-md-line=\"5\">If you\u2019re tired of disposable e-cigarettes that run out of battery before a week, then you must take a look at this product. The Bang 25000 is designed for long-lasting use and has a battery life of up to 25000 ports, which means it can last for a long time. For electronic cigarette users who only want reliability, excellent taste, and easy operation, it is the perfect choice. What is the best? It is equipped with a clear large screen that can accurately display the remaining e-liquid level and battery power, allowing you to keep track of the remaining power at any time and avoid being caught off guard.<\/p>\n<h2 data-v-md-heading=\"excellent-performance-and-easy-operation\" data-v-md-line=\"7\">Excellentes performances et facilit\u00e9 d'utilisation<\/h2>\n<p data-v-md-line=\"9\">This device is designed to be simple and efficient. Its true highlight lies in its large capacity 25ml e-liquid, which is why it is so durable and long-lasting. Internally, high-quality mesh coils are used to ensure that every bite is as delicious as the first sip, providing a consistent smooth taste. When the 650mAh battery is depleted, it can be charged using a standard Type-C data cable, which may be the same cable used on your phone. Everything is just to make your life easier.<\/p>\n<h2 data-v-md-heading=\"product-specifications\" data-v-md-line=\"11\">Product specifications<\/h2>\n<p data-v-md-line=\"13\">Smoking frequency: up to 25000 puffs<\/p>\n<p data-v-md-line=\"15\">Nicotine concentration: Available in four concentration options: 0%, 2%, 3%, and 5%<\/p>\n<p data-v-md-line=\"17\"><strong>Usage:<\/strong>\u00a0Inspirez pour activer<\/p>\n<p data-v-md-line=\"19\"><strong>M\u00e9thode de chargement\u00a0:<\/strong>\u00a0Interface USB Type-C standard<\/p>\n<p data-v-md-line=\"21\"><strong>Statut:<\/strong>\u00a0Pr\u00eat \u00e0 l'emploi d\u00e8s sa sortie de l'emballage<\/p>\n<h2 data-v-md-heading=\"complete-flavor-lineup\" data-v-md-line=\"23\">Gamme compl\u00e8te de saveurs<\/h2>\n<ul data-v-md-line=\"25\">\n<li>Glace \u00e0 la past\u00e8que<\/li>\n<li>fraise kiwi<\/li>\n<li>Glace \u00e0 la fraise<\/li>\n<li>Mango Peach<\/li>\n<li>Myrtilles et framboises<\/li>\n<li>myrtille menthe<\/li>\n<li>Fruits m\u00e9lang\u00e9s<\/li>\n<li>Strawberry watermelon<\/li>\n<li>Glace au raisin<\/li>\n<li>Chewing-gum \u00e0 la past\u00e8que<\/li>\n<li>Blue Rink Ice<\/li>\n<li>Tiger Blood<\/li>\n<\/ul>\n<h2 data-v-md-heading=\"tailored-for-you-and-your-business\" data-v-md-line=\"38\">Con\u00e7u sur mesure pour vous et votre entreprise<\/h2>\n<p data-v-md-line=\"40\">Bang 25000 can be purchased separately or in bulk if you are a business owner. They are sold in wholesale packaging of 200 units per box, so you can provide your customers with durable and long-lasting electronic cigarette products they love. We collaborate with trusted DDP partners such as UPS, DPD, and DHL for all shipments, which means all goods have been taxed. No need to worry about additional customs fees, you can enjoy smooth and reliable delivery services.<\/p>\n<h2 data-v-md-heading=\"the-reason-why-you-will-like-it\" data-v-md-line=\"42\">La raison pour laquelle vous allez l'aimer<\/h2>\n<p data-v-md-line=\"44\"><strong>Autonomie de batterie ultra longue :<\/strong>\u00a0Longer battery life, no need to frequently purchase new products.<\/p>\n<p data-v-md-line=\"46\"><strong>Nicotine concentration selection:<\/strong>\u00a0You can choose the nicotine concentration that suits you.<\/p>\n<p data-v-md-line=\"48\"><strong>Full screen display:<\/strong>\u00a0The clear display screen can show the battery level and e-liquid remaining, allowing you to control it at any time.<\/p>\n<p data-v-md-line=\"50\"><strong>Rechargeable :<\/strong>\u00a0vous permet d'utiliser jusqu'\u00e0 la derni\u00e8re goutte de e-liquide achet\u00e9.<\/p>\n<p data-v-md-line=\"52\"><strong>Noyau d'atomisation en maille :<\/strong>\u00a0Il peut offrir un go\u00fbt riche et constant \u00e0 chaque fois.<\/p>\n<h2 data-v-md-heading=\"why-choose-to-collaborate-with-agoravape\" data-v-md-line=\"54\">Pourquoi choisir de collaborer avec AgoraVape ?<\/h2>\n<p data-v-md-line=\"56\">Figurant parmi les distributeurs de cigarettes \u00e9lectroniques les plus fiables d'Europe, nous ne vendons que des produits 100 % authentiques. Pour nos clients professionnels, cela signifie que Bang 25000 propose des prix de gros avantageux, un service client irr\u00e9prochable et une livraison rapide et fiable. N'h\u00e9sitez pas \u00e0 nous contacter et \u00e0 choisir un produit qui r\u00e9pondra \u00e0 toutes vos attentes.<\/p>","protected":false},"excerpt":{"rendered":"<p>What\u2019s so special about Bang 25000? If you\u2019re tired of disposable e-cigarettes that run out of battery before a week,<\/p>","protected":false},"featured_media":19256,"comment_status":"open","ping_status":"closed","template":"","meta":[],"product_brand":[197],"product_cat":[124,187,185,189,123,174,175,193,191,173,186,180,190,192],"product_tag":[],"class_list":{"0":"post-19230","1":"product","2":"type-product","3":"status-publish","4":"has-post-thumbnail","6":"product_brand-bang","7":"product_cat-vape-by-brand","8":"product_cat-0mg-nicotine-free-vapes","9":"product_cat-10000-puffs-high-capacity","10":"product_cat-20mg-standard-nicotine-vapes","11":"product_cat-bang","12":"product_cat-fruit-flavors","13":"product_cat-icy-mint","14":"product_cat-mesh-coil","15":"product_cat-rechargeable-disposables","16":"product_cat-vape-by-flavor-profile","17":"product_cat-vape-by-nicotine-strength","18":"product_cat-vape-by-puff-count","19":"product_cat-vape-by-feature-or-type","20":"product_cat-vapes-with-screens","22":"first","23":"instock","24":"shipping-taxable","25":"purchasable","26":"product-type-variable","27":"has-default-attributes"},"tiered_pricing_type":"percentage","tiered_pricing_fixed_rules":[],"tiered_pricing_product_settings":{"layout":"default","base_unit_name":{"singular":null,"plural":null},"default_variation":null},"tiered_pricing_minimum_quantity":10,"tiered_pricing_roles_data":[],"tiered_pricing_percentage_rules":{"30":"29","50":"35","100":"40","200":"44","500":"47","1000":"49"},"tiered_pricing_maximum_quantity":null,"tiered_pricing_quantity_step":"10","_links":{"self":[{"href":"https:\/\/agoravape.com\/fr\/wp-json\/wp\/v2\/product\/19230","targetHints":{"allow":["GET"]}}],"collection":[{"href":"https:\/\/agoravape.com\/fr\/wp-json\/wp\/v2\/product"}],"about":[{"href":"https:\/\/agoravape.com\/fr\/wp-json\/wp\/v2\/types\/product"}],"replies":[{"embeddable":true,"href":"https:\/\/agoravape.com\/fr\/wp-json\/wp\/v2\/comments?post=19230"}],"version-history":[{"count":0,"href":"https:\/\/agoravape.com\/fr\/wp-json\/wp\/v2\/product\/19230\/revisions"}],"wp:featuredmedia":[{"embeddable":true,"href":"https:\/\/agoravape.com\/fr\/wp-json\/wp\/v2\/media\/19256"}],"wp:attachment":[{"href":"https:\/\/agoravape.com\/fr\/wp-json\/wp\/v2\/media?parent=19230"}],"wp:term":[{"taxonomy":"product_brand","embeddable":true,"href":"https:\/\/agoravape.com\/fr\/wp-json\/wp\/v2\/product_brand?post=19230"},{"taxonomy":"product_cat","embeddable":true,"href":"https:\/\/agoravape.com\/fr\/wp-json\/wp\/v2\/product_cat?post=19230"},{"taxonomy":"product_tag","embeddable":true,"href":"https:\/\/agoravape.com\/fr\/wp-json\/wp\/v2\/product_tag?post=19230"}],"curies":[{"name":"wp","href":"https:\/\/api.w.org\/{rel}","templated":true}]}}