{"id":19258,"date":"2025-10-29T15:14:53","date_gmt":"2025-10-29T07:14:53","guid":{"rendered":"https:\/\/agoravape.com\/?post_type=product&#038;p=19258"},"modified":"2026-03-26T13:22:49","modified_gmt":"2026-03-26T12:22:49","slug":"bang-28000-puffs-mesh-vape","status":"publish","type":"product","link":"https:\/\/agoravape.com\/fr\/product\/bang-28000-puffs-mesh-vape\/","title":{"rendered":"Bang 28000 bouff\u00e9es Vape jetable | Saveur longue dur\u00e9e"},"content":{"rendered":"<h2 data-v-md-heading=\"what-s-special-about-bang-28000\" data-v-md-line=\"3\">Qu'est-ce qui rend le Bang 28000 si sp\u00e9cial ?<\/h2>\n<p data-v-md-line=\"5\">Si vous en avez assez des cigarettes \u00e9lectroniques jetables dont la batterie se d\u00e9charge en moins d'une semaine, alors ce produit est fait pour vous. La philosophie de conception de la Bang 28000 est simple\u00a0: la durabilit\u00e9. Avec une autonomie allant jusqu'\u00e0 28\u00a0000 bouff\u00e9es, elle vous offre des exp\u00e9riences de vapotage sans fin. Vous pourriez penser qu'une cigarette \u00e9lectronique aussi robuste serait encombrante, mais vous serez agr\u00e9ablement surpris par son confort. Pour les vapoteurs qui recherchent fiabilit\u00e9, saveurs exceptionnelles et simplicit\u00e9 d'utilisation, c'est le choix id\u00e9al.<\/p>\n<h2 data-v-md-heading=\"excellent-performance-simple-and-easy-to-use\" data-v-md-line=\"7\">Excellentes performances, simple et facile \u00e0 utiliser<\/h2>\n<p data-v-md-line=\"9\">Le secret de l'excellente saveur de la Bang 28000 r\u00e9side dans son atomiseur \u00e0 mesh int\u00e9gr\u00e9. Cette technologie garantit un go\u00fbt riche et constant, vous permettant de retrouver la m\u00eame saveur exquise \u00e0 chaque bouff\u00e9e. Aucun bouton ni r\u00e9glage n\u00e9cessaire\u00a0: il suffit d'inhaler. Lorsque la batterie est faible, rechargez-la simplement avec un c\u00e2ble USB-C standard, comme vous le feriez pour votre t\u00e9l\u00e9phone. Simple et pratique.<\/p>\n<h2 data-v-md-heading=\"quick-specifications\" data-v-md-line=\"11\">Sp\u00e9cifications rapides<\/h2>\n<p data-v-md-line=\"13\"><strong>Nombre d'orifices d'aspiration\u00a0:<\/strong>\u00a0jusqu'\u00e0 28 000.<br \/>\n<strong>Concentration de nicotine :<\/strong>\u00a0Disponible en quatre concentrations : 0 %, 2 %, 3 % et 5 %.<br \/>\n<strong>Principe de fonctionnement :<\/strong>\u00a0Il suffit d'inspirer pour activer.<br \/>\n<em>M\u00e9thode de chargement\u00a0:<\/em>* Interface USB Type-C standard.<br \/>\n<strong>Statut:<\/strong>\u00a0Pr\u00eat \u00e0 l'emploi d\u00e8s le d\u00e9ballage.<\/p>\n<h2 data-v-md-heading=\"full-range-of-flavors\" data-v-md-line=\"19\">Full range of flavors<\/h2>\n<ul data-v-md-line=\"20\">\n<li>Glace \u00e0 la fraise et \u00e0 la past\u00e8que<\/li>\n<li>Blue Rink Ice<\/li>\n<li>Sang de tigre (Sang et sable)<\/li>\n<li>Ananas Noix de coco<\/li>\n<li>Fraise et banane<\/li>\n<li>Fruits m\u00e9lang\u00e9s<\/li>\n<li>Myrtilles et framboises<\/li>\n<li>Glace \u00e0 la p\u00eache<\/li>\n<li>Mangue et p\u00eache<\/li>\n<li>Past\u00e8que<\/li>\n<li>Glace au raisin<\/li>\n<li>fraise kiwi<\/li>\n<\/ul>\n<h2 data-v-md-heading=\"for-you-for-your-business\" data-v-md-line=\"33\">Pour vous, pour votre entreprise<\/h2>\n<p data-v-md-line=\"34\">Nous proposons l'achat s\u00e9par\u00e9 de Bang 28000, mais si vous \u00eates un professionnel, vous pouvez \u00e9galement vous approvisionner. Vendus en gros par bo\u00eetes de 200 pi\u00e8ces, ils vous permettent de les stocker facilement. Nous exp\u00e9dions dans toute l'Europe via des transporteurs de confiance tels que UPS, DPD et DHL, pour une livraison rapide et fiable, sans risque de probl\u00e8mes douaniers.<\/p>\n<h2 data-v-md-heading=\"why-do-you-like-it\" data-v-md-line=\"36\">Pourquoi l'aimes-tu ?<\/h2>\n<p data-v-md-line=\"37\"><strong>Aspiration suppl\u00e9mentaire :<\/strong>\u00a0On a l'impression que \u00e7a se vide en permanence, donc on n'a pas besoin d'en acheter de nouveaux fr\u00e9quemment.<br \/>\n<strong>S\u00e9lection de la nicotine :<\/strong>\u00a0Vous pouvez choisir la concentration de nicotine qui vous convient, de sans nicotine \u00e0 une concentration plus \u00e9lev\u00e9e.<br \/>\n<strong>Rechargeable :<\/strong>\u00a0Cela signifie que vous pouvez utiliser chaque goutte d'e-liquide que vous achetez.<br \/>\n<strong>Bobine \u00e0 mailles :<\/strong>\u00a0Il offre un go\u00fbt riche et constant \u00e0 chaque fois.<\/p>\n<h2 data-v-md-heading=\"why-collaborate-with-agoravape\" data-v-md-line=\"42\">Pourquoi collaborer avec AgoraVape ?<\/h2>\n<p data-v-md-line=\"43\">Figurant parmi les distributeurs de cigarettes \u00e9lectroniques les plus fiables d'Europe, nous ne vendons que des produits 100 % authentiques. Pour nos clients professionnels, cela signifie des prix de gros avantageux sur les cigarettes \u00e9lectroniques Bang 28000, un service client irr\u00e9prochable et une livraison rapide et fiable. Contactez-nous et nous vous fournirons un produit pl\u00e9biscit\u00e9 par nos clients.<\/p>","protected":false},"excerpt":{"rendered":"<p>What\u2019s special about Bang 28000? If you\u2019re tired of disposable vapes that run out of battery before a week, then<\/p>","protected":false},"featured_media":19280,"comment_status":"open","ping_status":"closed","template":"","meta":[],"product_brand":[197],"product_cat":[124,187,185,189,123,174,175,193,191,179,173,186,180,190],"product_tag":[],"class_list":{"0":"post-19258","1":"product","2":"type-product","3":"status-publish","4":"has-post-thumbnail","6":"product_brand-bang","7":"product_cat-vape-by-brand","8":"product_cat-0mg-nicotine-free-vapes","9":"product_cat-10000-puffs-high-capacity","10":"product_cat-20mg-standard-nicotine-vapes","11":"product_cat-bang","12":"product_cat-fruit-flavors","13":"product_cat-icy-mint","14":"product_cat-mesh-coil","15":"product_cat-rechargeable-disposables","16":"product_cat-unique-blends","17":"product_cat-vape-by-flavor-profile","18":"product_cat-vape-by-nicotine-strength","19":"product_cat-vape-by-puff-count","20":"product_cat-vape-by-feature-or-type","22":"first","23":"instock","24":"shipping-taxable","25":"purchasable","26":"product-type-variable","27":"has-default-attributes"},"tiered_pricing_type":"percentage","tiered_pricing_fixed_rules":[],"tiered_pricing_product_settings":{"layout":"default","base_unit_name":{"singular":null,"plural":null},"default_variation":null},"tiered_pricing_minimum_quantity":10,"tiered_pricing_roles_data":[],"tiered_pricing_percentage_rules":{"30":"29","50":"35","100":"40","200":"44","500":"47","1000":"49"},"tiered_pricing_maximum_quantity":null,"tiered_pricing_quantity_step":"10","_links":{"self":[{"href":"https:\/\/agoravape.com\/fr\/wp-json\/wp\/v2\/product\/19258","targetHints":{"allow":["GET"]}}],"collection":[{"href":"https:\/\/agoravape.com\/fr\/wp-json\/wp\/v2\/product"}],"about":[{"href":"https:\/\/agoravape.com\/fr\/wp-json\/wp\/v2\/types\/product"}],"replies":[{"embeddable":true,"href":"https:\/\/agoravape.com\/fr\/wp-json\/wp\/v2\/comments?post=19258"}],"version-history":[{"count":0,"href":"https:\/\/agoravape.com\/fr\/wp-json\/wp\/v2\/product\/19258\/revisions"}],"wp:featuredmedia":[{"embeddable":true,"href":"https:\/\/agoravape.com\/fr\/wp-json\/wp\/v2\/media\/19280"}],"wp:attachment":[{"href":"https:\/\/agoravape.com\/fr\/wp-json\/wp\/v2\/media?parent=19258"}],"wp:term":[{"taxonomy":"product_brand","embeddable":true,"href":"https:\/\/agoravape.com\/fr\/wp-json\/wp\/v2\/product_brand?post=19258"},{"taxonomy":"product_cat","embeddable":true,"href":"https:\/\/agoravape.com\/fr\/wp-json\/wp\/v2\/product_cat?post=19258"},{"taxonomy":"product_tag","embeddable":true,"href":"https:\/\/agoravape.com\/fr\/wp-json\/wp\/v2\/product_tag?post=19258"}],"curies":[{"name":"wp","href":"https:\/\/api.w.org\/{rel}","templated":true}]}}