{"id":19282,"date":"2025-10-29T17:00:15","date_gmt":"2025-10-29T09:00:15","guid":{"rendered":"https:\/\/agoravape.com\/?post_type=product&#038;p=19282"},"modified":"2026-03-26T13:22:49","modified_gmt":"2026-03-26T12:22:49","slug":"bang-30000-puffs-dual-flavor-vape","status":"publish","type":"product","link":"https:\/\/agoravape.com\/fr\/product\/bang-30000-puffs-dual-flavor-vape\/","title":{"rendered":"Bang 30000 bouff\u00e9es double saveur | Deux saveurs, un seul appareil"},"content":{"rendered":"<h2 data-v-md-heading=\"what-s-special-about-bang-s-30000-dual-flavored-vapes\" data-v-md-line=\"3\"><img loading=\"lazy\" decoding=\"async\" class=\"size-full wp-image-19311 alignright\" src=\"https:\/\/agoravape.com\/wp-content\/uploads\/2025\/10\/Bang-30000-Puffs-Dual-Flavor-Two-Flavours-One-Simple-Device_Agora_vape-16.webp\" alt=\"\" width=\"800\" height=\"800\" srcset=\"https:\/\/agoravape.com\/wp-content\/uploads\/2025\/10\/Bang-30000-Puffs-Dual-Flavor-Two-Flavours-One-Simple-Device_Agora_vape-16.webp 800w, https:\/\/agoravape.com\/wp-content\/uploads\/2025\/10\/Bang-30000-Puffs-Dual-Flavor-Two-Flavours-One-Simple-Device_Agora_vape-16-600x600.webp 600w, https:\/\/agoravape.com\/wp-content\/uploads\/2025\/10\/Bang-30000-Puffs-Dual-Flavor-Two-Flavours-One-Simple-Device_Agora_vape-16-300x300.webp 300w, https:\/\/agoravape.com\/wp-content\/uploads\/2025\/10\/Bang-30000-Puffs-Dual-Flavor-Two-Flavours-One-Simple-Device_Agora_vape-16-150x150.webp 150w, https:\/\/agoravape.com\/wp-content\/uploads\/2025\/10\/Bang-30000-Puffs-Dual-Flavor-Two-Flavours-One-Simple-Device_Agora_vape-16-768x768.webp 768w\" sizes=\"auto, (max-width: 800px) 100vw, 800px\" \/><\/h2>\n<h2 data-v-md-heading=\"what-s-special-about-bang-s-30000-dual-flavored-vapes\" data-v-md-line=\"3\">Qu'est-ce qui rend les 30 000 cigarettes \u00e9lectroniques \u00e0 double saveur de Bang si sp\u00e9ciales ?<\/h2>\n<p data-v-md-line=\"5\">Vous est-il d\u00e9j\u00e0 arriv\u00e9 d'acheter une cigarette \u00e9lectronique jetable grande capacit\u00e9 et de vous lasser de la saveur avant la fin\u00a0? La Bang 30000 offre une solution simple et ing\u00e9nieuse. Elle propose non pas une, mais deux saveurs. D'une simple pression, vous pouvez changer de saveur \u00e0 tout moment\u00a0: une fonctionnalit\u00e9 vraiment g\u00e9niale. Votre exp\u00e9rience restera ainsi fra\u00eeche et int\u00e9ressante jusqu'\u00e0 la derni\u00e8re bouff\u00e9e.<\/p>\n<p data-v-md-line=\"7\">Pour celles et ceux qui aiment explorer diff\u00e9rentes saveurs sans avoir \u00e0 transporter deux appareils, c'est le choix id\u00e9al. Cette cigarette \u00e9lectronique offre un excellent rapport qualit\u00e9-prix et une restitution des saveurs exceptionnelle, tout en \u00e9tant extr\u00eamement simple d'utilisation. Fiable et durable, elle ne vous d\u00e9cevra jamais.<\/p>\n<h2 data-v-md-heading=\"excellent-performance-and-simple-operation\" data-v-md-line=\"9\">Excellentes performances et fonctionnement simple<\/h2>\n<p data-v-md-line=\"11\">Le secret de son go\u00fbt exceptionnel r\u00e9side dans ses r\u00e9sistances internes en mesh. Gr\u00e2ce \u00e0 sa conception \u00e0 chauffe uniforme, l'e-liquide est chauff\u00e9 de fa\u00e7on homog\u00e8ne. Que ce soit \u00e0 la premi\u00e8re bouff\u00e9e ou apr\u00e8s des milliers, vous profiterez d'une saveur riche et constante. Vous pourriez penser qu'une telle cigarette \u00e9lectronique offre une telle autonomie et que son utilisation est complexe, mais elle est en r\u00e9alit\u00e9 d'une simplicit\u00e9 surprenante.<\/p>\n<p data-v-md-line=\"13\">Lorsque la batterie est faible, l'appareil est \u00e9quip\u00e9 d'une interface de charge standard de type C. Il vous suffit d'utiliser le m\u00eame c\u00e2ble de donn\u00e9es que celui que vous utilisez habituellement pour charger votre t\u00e9l\u00e9phone ou d'autres appareils \u00e9lectroniques. Ce petit d\u00e9tail rend l'utilisation plus pratique.<\/p>\n<h2 data-v-md-heading=\"quick-specifications\" data-v-md-line=\"15\">Sp\u00e9cifications rapides<\/h2>\n<p data-v-md-line=\"17\"><strong>Nombre d'orifices d'aspiration\u00a0:<\/strong>\u00a0jusqu'\u00e0 30 000 ports<\/p>\n<p data-v-md-line=\"19\"><strong>Capacit\u00e9 en e-liquide :<\/strong>\u00a0e-liquide pr\u00e9install\u00e9 de 36 ml<\/p>\n<p data-v-md-line=\"21\"><strong>Concentration de nicotine :<\/strong>\u00a0Disponible en quatre concentrations : 0 %, 2 %, 3 % et 5 %.<\/p>\n<p data-v-md-line=\"23\"><strong>Usage:<\/strong>\u00a0Inspirez pour activer<\/p>\n<p data-v-md-line=\"25\"><strong>M\u00e9thode de chargement\u00a0:<\/strong>\u00a0Interface USB Type-C standard<\/p>\n<p data-v-md-line=\"27\"><strong>Statut:<\/strong>\u00a0Pr\u00eat \u00e0 l'emploi d\u00e8s sa sortie de l'emballage<\/p>\n<h2 data-v-md-heading=\"complete-flavor-lineup\" data-v-md-line=\"29\">Gamme compl\u00e8te de saveurs<\/h2>\n<ul data-v-md-line=\"31\">\n<li>Past\u00e8que\/Myrtille Menthe poivr\u00e9e<\/li>\n<li>pomme verte\/myrtille framboise<\/li>\n<li>Red Bull\/Fraise Mangue<\/li>\n<li>Glace au raisin\/Cola \u00e0 la cerise<\/li>\n<li>Glace \u00e0 la p\u00eache\/past\u00e8que \u00e0 la fraise<\/li>\n<li>Love66\/Kiwi Fraise<\/li>\n<li>raisin aux fleurs de cerisier\/fraise litchi<\/li>\n<li>Glace aux fruits assortis\/myrtilles<\/li>\n<li>Glace Dragon Noir\/Banane Fraise<\/li>\n<li>Glace mangue p\u00eache\/banane<\/li>\n<li>double pomme\/kiwi fruit de la passion goyave<\/li>\n<li>Menthe glac\u00e9e\/Triple baies<\/li>\n<li>Myrtilles, cerises, canneberges\/baies de past\u00e8que<\/li>\n<li>Glace \u00e0 l'ananas \/ Myrtilles, framboises, m\u00fbres<\/li>\n<li>Purple Rain\/Glace \u00e0 la fraise, framboise et cerise<\/li>\n<li>Glace \u00e0 la m\u00fbre et \u00e0 la myrtille \/ mangue, ananas et p\u00eache<\/li>\n<\/ul>\n<h2 data-v-md-heading=\"suitable-for-you-and-your-business\" data-v-md-line=\"48\">Adapt\u00e9 \u00e0 vous et \u00e0 votre entreprise<\/h2>\n<p data-v-md-line=\"50\">Nous avons lanc\u00e9 les cigarettes \u00e9lectroniques Bang 30000 \u00e0 double saveur, disponibles \u00e0 l'unit\u00e9. Les commer\u00e7ants peuvent \u00e9galement commander en gros. Nous proposons des conditionnements de 200 unit\u00e9s, id\u00e9aux pour les comptoirs de boutiques sp\u00e9cialis\u00e9es.<\/p>\n<p data-v-md-line=\"52\">Nous collaborons avec des partenaires logistiques de confiance tels que UPS, DPD et DHL pour g\u00e9rer l'ensemble des aspects logistiques. Tous les produits sont livr\u00e9s DDP (droits de livraison acquitt\u00e9s), ce qui signifie que le prix affich\u00e9 est le prix final. Vous n'avez donc pas \u00e0 vous soucier de frais de douane ou de taxes suppl\u00e9mentaires.<\/p>\n<h2 data-v-md-heading=\"the-reason-why-you-will-like-it\" data-v-md-line=\"54\">La raison pour laquelle vous allez l'aimer<\/h2>\n<p data-v-md-line=\"56\"><strong>Autonomie de batterie ultra longue :<\/strong>\u00a0Durable et r\u00e9sistant, il vous permet de r\u00e9aliser des \u00e9conomies et de r\u00e9duire la fr\u00e9quence de vos visites au magasin.<\/p>\n<p data-v-md-line=\"58\"><strong>Deux saveurs :<\/strong>\u00a0Envie de changer de saveur ? C'est comme avoir deux cigarettes \u00e9lectroniques.<\/p>\n<p data-v-md-line=\"60\"><strong>S\u00e9lection de la nicotine :<\/strong>\u00a0Vous pouvez choisir le taux de nicotine qui vous convient le mieux, selon vos besoins\u00a0: sans nicotine ou avec un go\u00fbt plus prononc\u00e9, tout est disponible.<\/p>\n<p data-v-md-line=\"62\"><strong>Rechargeable :<\/strong>\u00a0Cela signifie que vous pouvez utiliser pleinement les 36 millilitres de e-liquide que vous avez achet\u00e9s.<\/p>\n<p data-v-md-line=\"64\"><strong>Noyau d'atomisation en maille :<\/strong>\u00a0Il peut offrir un go\u00fbt riche et constant \u00e0 chaque fois.<\/p>\n<h2 data-v-md-heading=\"why-choose-to-collaborate-with-agoravape\" data-v-md-line=\"66\">Pourquoi choisir de collaborer avec AgoraVape ?<\/h2>\n<p data-v-md-line=\"68\">Figurant parmi les distributeurs de cigarettes \u00e9lectroniques les plus fiables d'Europe, nous ne vendons que des produits 100 % authentiques. Pour nos clients professionnels, cela signifie que les cigarettes \u00e9lectroniques Bang 30000 \u00e0 double saveur vous offriront des prix de gros tr\u00e8s comp\u00e9titifs, une assistance technique fiable et un service de livraison rapide et s\u00fbr. Contactez-nous sans tarder pour remercier vos clients de leur confiance.<\/p>\n<p><script src=\"chrome-extension:\/\/fpelahbljekknahkcaegamhcndkfpfnc\/iFrame.js\" type=\"text\/javascript\"><\/script><\/p>","protected":false},"excerpt":{"rendered":"<p>&nbsp;<\/p>\n<p><script src=\"chrome-extension:\/\/fpelahbljekknahkcaegamhcndkfpfnc\/iFrame.js\" type=\"text\/javascript\"><\/script><\/p>","protected":false},"featured_media":19296,"comment_status":"open","ping_status":"closed","template":"","meta":[],"product_brand":[197],"product_cat":[124,187,185,189,123,176,195,174,175,193,191,173,186,180,190],"product_tag":[],"class_list":{"0":"post-19282","1":"product","2":"type-product","3":"status-publish","4":"has-post-thumbnail","6":"product_brand-bang","7":"product_cat-vape-by-brand","8":"product_cat-0mg-nicotine-free-vapes","9":"product_cat-10000-puffs-high-capacity","10":"product_cat-20mg-standard-nicotine-vapes","11":"product_cat-bang","12":"product_cat-beverage","13":"product_cat-dual-flavor-switch","14":"product_cat-fruit-flavors","15":"product_cat-icy-mint","16":"product_cat-mesh-coil","17":"product_cat-rechargeable-disposables","18":"product_cat-vape-by-flavor-profile","19":"product_cat-vape-by-nicotine-strength","20":"product_cat-vape-by-puff-count","21":"product_cat-vape-by-feature-or-type","23":"first","24":"instock","25":"shipping-taxable","26":"purchasable","27":"product-type-variable","28":"has-default-attributes"},"tiered_pricing_type":"percentage","tiered_pricing_fixed_rules":[],"tiered_pricing_product_settings":{"layout":"default","base_unit_name":{"singular":null,"plural":null},"default_variation":null},"tiered_pricing_minimum_quantity":10,"tiered_pricing_roles_data":[],"tiered_pricing_percentage_rules":{"30":"29","50":"35","100":"40","200":"44","500":"47","1000":"49"},"tiered_pricing_maximum_quantity":null,"tiered_pricing_quantity_step":"10","_links":{"self":[{"href":"https:\/\/agoravape.com\/fr\/wp-json\/wp\/v2\/product\/19282","targetHints":{"allow":["GET"]}}],"collection":[{"href":"https:\/\/agoravape.com\/fr\/wp-json\/wp\/v2\/product"}],"about":[{"href":"https:\/\/agoravape.com\/fr\/wp-json\/wp\/v2\/types\/product"}],"replies":[{"embeddable":true,"href":"https:\/\/agoravape.com\/fr\/wp-json\/wp\/v2\/comments?post=19282"}],"version-history":[{"count":0,"href":"https:\/\/agoravape.com\/fr\/wp-json\/wp\/v2\/product\/19282\/revisions"}],"wp:featuredmedia":[{"embeddable":true,"href":"https:\/\/agoravape.com\/fr\/wp-json\/wp\/v2\/media\/19296"}],"wp:attachment":[{"href":"https:\/\/agoravape.com\/fr\/wp-json\/wp\/v2\/media?parent=19282"}],"wp:term":[{"taxonomy":"product_brand","embeddable":true,"href":"https:\/\/agoravape.com\/fr\/wp-json\/wp\/v2\/product_brand?post=19282"},{"taxonomy":"product_cat","embeddable":true,"href":"https:\/\/agoravape.com\/fr\/wp-json\/wp\/v2\/product_cat?post=19282"},{"taxonomy":"product_tag","embeddable":true,"href":"https:\/\/agoravape.com\/fr\/wp-json\/wp\/v2\/product_tag?post=19282"}],"curies":[{"name":"wp","href":"https:\/\/api.w.org\/{rel}","templated":true}]}}