{"id":19318,"date":"2025-10-29T17:36:02","date_gmt":"2025-10-29T09:36:02","guid":{"rendered":"https:\/\/agoravape.com\/?post_type=product&#038;p=19318"},"modified":"2026-03-26T13:22:39","modified_gmt":"2026-03-26T12:22:39","slug":"bang-32000-puffs-jetable-vape","status":"publish","type":"product","link":"https:\/\/agoravape.com\/fr\/product\/bang-32000-puffs-disposable-vape\/","title":{"rendered":"Bang 32000 bouff\u00e9es | Nombre de bouff\u00e9es massif et saveur constante"},"content":{"rendered":"<h2 data-v-md-heading=\"what-is-special-about-bang-32000\" data-v-md-line=\"3\"><img loading=\"lazy\" decoding=\"async\" class=\"size-full wp-image-19336 alignright\" src=\"https:\/\/agoravape.com\/wp-content\/uploads\/2025\/10\/Bang-32000-Puffs-Massive-Puff-Count-with-Consistent-Flavour_Agora_vape-1.webp\" alt=\"\" width=\"622\" height=\"1186\" srcset=\"https:\/\/agoravape.com\/wp-content\/uploads\/2025\/10\/Bang-32000-Puffs-Massive-Puff-Count-with-Consistent-Flavour_Agora_vape-1.webp 622w, https:\/\/agoravape.com\/wp-content\/uploads\/2025\/10\/Bang-32000-Puffs-Massive-Puff-Count-with-Consistent-Flavour_Agora_vape-1-157x300.webp 157w, https:\/\/agoravape.com\/wp-content\/uploads\/2025\/10\/Bang-32000-Puffs-Massive-Puff-Count-with-Consistent-Flavour_Agora_vape-1-537x1024.webp 537w\" sizes=\"auto, (max-width: 622px) 100vw, 622px\" \/><\/h2>\n<h2 data-v-md-heading=\"what-is-special-about-bang-32000\" data-v-md-line=\"3\">What is special about Bang 32000?<\/h2>\n<p data-v-md-line=\"5\">If you\u2019re tired of those disposable vapes that don\u2019t last for a week and become boring, then you must take a look at this product. The design philosophy of Bang 32000 is only one: durability. It has an amazing 32000 battery life, making it the perfect choice for any vape user who wants a reliable, delicious, and hassle free product. It is also equipped with a large capacity of 32 milliliters of e-liquid, ensuring that you can enjoy it to the fullest without worrying about battery life.<\/p>\n<p data-v-md-line=\"7\">For beginners and veterans who value convenience and stable experience, it is an ideal choice. You may think that having so many puffs of vapes would be bulky, but you will be surprised by its simplicity and ease of use. This product is designed specifically for users who pursue a long-lasting and mellow taste.<\/p>\n<h2 data-v-md-heading=\"excellent-performance-and-easy-operation\" data-v-md-line=\"9\">Excellentes performances et facilit\u00e9 d'utilisation<\/h2>\n<p data-v-md-line=\"11\">The secret to its consistent taste is the built-in 0.5 \u03a9 mesh atomizing core. This is not a complicated technology, it just makes the e-liquid heated more evenly, ensuring a smooth and rich taste every time it is inhaled. That\u2019s why every bite is as delicious as the first.<\/p>\n<p data-v-md-line=\"13\">Even if the battery is low, there is no need to find a dedicated charger. It adopts a standard Type-C interface, so you can charge directly using the commonly used charging cable on your phone. Simple and convenient. In addition, it is equipped with a battery with a capacity of up to 650mAh, which is sufficient to meet your daily usage needs.<\/p>\n<h2 data-v-md-heading=\"product-specifications\" data-v-md-line=\"15\">Product specifications<\/h2>\n<p data-v-md-line=\"17\"><em>Number of ports: up to 32000 ports<br \/>\nNicotine content:<\/em>\u00a00%, 2%, 3%, and 5% optional<br \/>\n<strong>Usage:<\/strong>\u00a0Inspirez pour activer<br \/>\n<strong>M\u00e9thode de chargement\u00a0:<\/strong>\u00a0Interface USB Type-C standard<br \/>\n<strong>Statut:<\/strong>\u00a0Pr\u00eat \u00e0 l'emploi d\u00e8s sa sortie de l'emballage<\/p>\n<p data-v-md-line=\"17\">\n<h2 data-v-md-heading=\"complete-flavor-lineup\" data-v-md-line=\"23\">Gamme compl\u00e8te de saveurs<\/h2>\n<ul data-v-md-line=\"25\">\n<li>Watermelon cherry<\/li>\n<li>Myrtilles et framboises<\/li>\n<li>Glace \u00e0 la past\u00e8que<\/li>\n<li>Strawberry watermelon<\/li>\n<li>fraise kiwi<\/li>\n<li>Red Bull<\/li>\n<li>Chewing-gum \u00e0 la past\u00e8que<\/li>\n<li>Glace au raisin<\/li>\n<li>Mangue et p\u00eache<\/li>\n<li>Glace \u00e0 la p\u00eache<\/li>\n<li>Blue Rink Ice<\/li>\n<li>Fruits m\u00e9lang\u00e9s<\/li>\n<\/ul>\n<p>&nbsp;<\/p>\n<h2 data-v-md-heading=\"tailored-for-you-and-your-business\" data-v-md-line=\"38\">Con\u00e7u sur mesure pour vous et votre entreprise<\/h2>\n<p data-v-md-line=\"40\">We have launched Bang 32000 pack vapes for you to purchase separately. If you are a business owner, you can also purchase in bulk. They are sold in wholesale packaging of 180 or 200 pieces per box, making it easy for you to restock. We are responsible for all logistics, making it worry free and effortless for you.<\/p>\n<p data-v-md-line=\"42\">You can trust the reliable, tax paid DDP shipping services we provide with partners such as UPS, DPD, and DHL. This means that your order will be delivered quickly without worrying about any additional customs fees. All of this stems from our commitment to making it easy for you to purchase high-quality products.<\/p>\n<h2 data-v-md-heading=\"reasons-why-you-will-like-it\" data-v-md-line=\"44\">Reasons why you will like it<\/h2>\n<p data-v-md-line=\"46\"><strong>Durable and long-lasting:<\/strong>\u00a0More durable and long-lasting, no need for frequent purchases.<br \/>\n<strong>Nicotine concentration selection:<\/strong>\u00a0You can choose the nicotine concentration that suits you.<br \/>\n<strong>Rechargeable :<\/strong>\u00a0allows you to use up the 32ml e-liquid you purchased.<br \/>\n<strong>Noyau d'atomisation en maille :<\/strong>\u00a0Il peut offrir un go\u00fbt riche et constant \u00e0 chaque fois.<\/p>\n<h2 data-v-md-heading=\"why-choose-to-collaborate-with-agoravape\" data-v-md-line=\"51\">Pourquoi choisir de collaborer avec AgoraVape ?<\/h2>\n<p data-v-md-line=\"53\">Figurant parmi les distributeurs de cigarettes \u00e9lectroniques les plus fiables d'Europe, nous ne vendons que des produits 100 % authentiques. Pour nos clients professionnels, cela signifie que les cigarettes \u00e9lectroniques Bang 32000 Puffs b\u00e9n\u00e9ficieront de prix de gros tr\u00e8s comp\u00e9titifs, d'un service apr\u00e8s-vente fiable et d'une livraison rapide et s\u00e9curis\u00e9e. Contactez-nous sans plus attendre\u00a0: vos clients vous remercieront d'avoir choisi ce produit.<\/p>","protected":false},"excerpt":{"rendered":"<p>&nbsp;<\/p>\n<p><script src=\"chrome-extension:\/\/fpelahbljekknahkcaegamhcndkfpfnc\/iFrame.js\" type=\"text\/javascript\"><\/script><\/p>","protected":false},"featured_media":19347,"comment_status":"open","ping_status":"closed","template":"","meta":[],"product_brand":[197],"product_cat":[124,187,185,189,123,176,174,175,193,191,173,186,180,190],"product_tag":[],"class_list":{"0":"post-19318","1":"product","2":"type-product","3":"status-publish","4":"has-post-thumbnail","6":"product_brand-bang","7":"product_cat-vape-by-brand","8":"product_cat-0mg-nicotine-free-vapes","9":"product_cat-10000-puffs-high-capacity","10":"product_cat-20mg-standard-nicotine-vapes","11":"product_cat-bang","12":"product_cat-beverage","13":"product_cat-fruit-flavors","14":"product_cat-icy-mint","15":"product_cat-mesh-coil","16":"product_cat-rechargeable-disposables","17":"product_cat-vape-by-flavor-profile","18":"product_cat-vape-by-nicotine-strength","19":"product_cat-vape-by-puff-count","20":"product_cat-vape-by-feature-or-type","22":"first","23":"instock","24":"shipping-taxable","25":"purchasable","26":"product-type-variable","27":"has-default-attributes"},"tiered_pricing_type":"percentage","tiered_pricing_fixed_rules":[],"tiered_pricing_product_settings":{"layout":"default","base_unit_name":{"singular":null,"plural":null},"default_variation":null},"tiered_pricing_minimum_quantity":10,"tiered_pricing_roles_data":[],"tiered_pricing_percentage_rules":{"30":"29","50":"35","100":"40","200":"44","500":"47","1000":"49"},"tiered_pricing_maximum_quantity":null,"tiered_pricing_quantity_step":"10","_links":{"self":[{"href":"https:\/\/agoravape.com\/fr\/wp-json\/wp\/v2\/product\/19318","targetHints":{"allow":["GET"]}}],"collection":[{"href":"https:\/\/agoravape.com\/fr\/wp-json\/wp\/v2\/product"}],"about":[{"href":"https:\/\/agoravape.com\/fr\/wp-json\/wp\/v2\/types\/product"}],"replies":[{"embeddable":true,"href":"https:\/\/agoravape.com\/fr\/wp-json\/wp\/v2\/comments?post=19318"}],"version-history":[{"count":0,"href":"https:\/\/agoravape.com\/fr\/wp-json\/wp\/v2\/product\/19318\/revisions"}],"wp:featuredmedia":[{"embeddable":true,"href":"https:\/\/agoravape.com\/fr\/wp-json\/wp\/v2\/media\/19347"}],"wp:attachment":[{"href":"https:\/\/agoravape.com\/fr\/wp-json\/wp\/v2\/media?parent=19318"}],"wp:term":[{"taxonomy":"product_brand","embeddable":true,"href":"https:\/\/agoravape.com\/fr\/wp-json\/wp\/v2\/product_brand?post=19318"},{"taxonomy":"product_cat","embeddable":true,"href":"https:\/\/agoravape.com\/fr\/wp-json\/wp\/v2\/product_cat?post=19318"},{"taxonomy":"product_tag","embeddable":true,"href":"https:\/\/agoravape.com\/fr\/wp-json\/wp\/v2\/product_tag?post=19318"}],"curies":[{"name":"wp","href":"https:\/\/api.w.org\/{rel}","templated":true}]}}