{"id":19379,"date":"2025-10-29T21:14:24","date_gmt":"2025-10-29T13:14:24","guid":{"rendered":"https:\/\/agoravape.com\/?post_type=product&#038;p=19379"},"modified":"2026-03-26T13:22:39","modified_gmt":"2026-03-26T12:22:39","slug":"bang-36000-puffs-mesh-coil-vape","status":"publish","type":"product","link":"https:\/\/agoravape.com\/fr\/product\/bang-36000-puffs-mesh-coil-vape\/","title":{"rendered":"Bang 36000 bouff\u00e9es | Une vape \u00e0 l'autonomie exceptionnelle."},"content":{"rendered":"<h2 data-v-md-heading=\"what-is-special-about-bang-36000\" data-v-md-line=\"3\"><img loading=\"lazy\" decoding=\"async\" class=\"size-full wp-image-19393 alignright\" src=\"https:\/\/agoravape.com\/wp-content\/uploads\/2025\/10\/Bang-36000-Puffs-A-Seriously-Long-Lasting-Vape_Agora_vape-1.webp\" alt=\"\" width=\"721\" height=\"1192\" srcset=\"https:\/\/agoravape.com\/wp-content\/uploads\/2025\/10\/Bang-36000-Puffs-A-Seriously-Long-Lasting-Vape_Agora_vape-1.webp 721w, https:\/\/agoravape.com\/wp-content\/uploads\/2025\/10\/Bang-36000-Puffs-A-Seriously-Long-Lasting-Vape_Agora_vape-1-181x300.webp 181w, https:\/\/agoravape.com\/wp-content\/uploads\/2025\/10\/Bang-36000-Puffs-A-Seriously-Long-Lasting-Vape_Agora_vape-1-619x1024.webp 619w\" sizes=\"auto, (max-width: 721px) 100vw, 721px\" \/><\/h2>\n<h2 data-v-md-heading=\"what-is-special-about-bang-36000\" data-v-md-line=\"3\">Qu'est-ce qui rend le Bang 36000 si sp\u00e9cial ?<\/h2>\n<p data-v-md-line=\"5\">Si vous en avez assez des cigarettes \u00e9lectroniques jetables dont la batterie se d\u00e9charge en moins d'une semaine, alors ce produit m\u00e9rite toute votre attention. La philosophie de conception de la Bang 36000 est simple\u00a0: la durabilit\u00e9. Son autonomie exceptionnelle de 36\u00a0000\u00a0mAh vous permet d'espacer les remplacements.<\/p>\n<p data-v-md-line=\"7\">Pour celles et ceux qui recherchent une cigarette \u00e9lectronique fiable, savoureuse et facile d'utilisation, c'est le choix id\u00e9al. Plus besoin de fastidieuses \u00e9tapes d'huilage ni de r\u00e9glages complexes. Il suffit de la sortir de son emballage et de profiter d'une exp\u00e9rience longue dur\u00e9e et intense. C'est aussi simple que \u00e7a.<\/p>\n<h2 data-v-md-heading=\"excellent-performance-and-easy-operation\" data-v-md-line=\"9\">Excellentes performances et facilit\u00e9 d'utilisation<\/h2>\n<p data-v-md-line=\"11\">Vous pourriez penser que cette cigarette \u00e9lectronique poss\u00e8de de nombreux orifices d'aspiration, qu'elle est assez volumineuse et que son utilisation est relativement complexe. Pourtant, vous serez agr\u00e9ablement surpris par son excellente prise en main. Le secret de sa saveur exceptionnelle r\u00e9side dans sa r\u00e9sistance mesh int\u00e9gr\u00e9e de 1,0 \u03a9. En clair, chaque bouff\u00e9e est aussi pure et intense que la premi\u00e8re, sans aucun go\u00fbt de br\u00fbl\u00e9.<\/p>\n<p data-v-md-line=\"13\">M\u00eame si la batterie est faible, vous pouvez utiliser un c\u00e2ble de donn\u00e9es USB-C standard pour la recharger, comme pour votre t\u00e9l\u00e9phone. Cette conception simple vous permet de profiter pleinement des 36 ml d'e-liquide que vous avez achet\u00e9s.<\/p>\n<h2 data-v-md-heading=\"brief-specifications\" data-v-md-line=\"15\">Sp\u00e9cifications succinctes<\/h2>\n<p data-v-md-line=\"17\"><strong>Nombre d'orifices d'aspiration\u00a0:<\/strong>\u00a0jusqu'\u00e0 36 000 ports<\/p>\n<p data-v-md-line=\"19\"><strong>Concentration de nicotine :<\/strong>\u00a0Disponible en quatre concentrations : 0 %, 2 %, 3 % et 5 %.<\/p>\n<p data-v-md-line=\"21\"><strong>Usage:<\/strong>\u00a0Inspirez pour activer<\/p>\n<p data-v-md-line=\"23\"><strong>M\u00e9thode de chargement\u00a0:<\/strong>\u00a0Interface USB Type-C standard<\/p>\n<p data-v-md-line=\"25\"><strong>Statut:<\/strong>\u00a0Pr\u00eat \u00e0 l'emploi d\u00e8s sa sortie de l'emballage<\/p>\n<h2 data-v-md-heading=\"complete-flavor-lineup\" data-v-md-line=\"27\">Gamme compl\u00e8te de saveurs<\/h2>\n<ul data-v-md-line=\"29\">\n<li>Glace \u00e0 la past\u00e8que<\/li>\n<li>Strawberry watermelon<\/li>\n<li>fraise kiwi<\/li>\n<li>Fraise Mangue<\/li>\n<li>Fraise et banane<\/li>\n<li>Glace du Dragon Noir<\/li>\n<li>Glace au raisin<\/li>\n<li>Blue Rink Ice<\/li>\n<li>Myrtilles et framboises<\/li>\n<li>Fruits m\u00e9lang\u00e9s<\/li>\n<li>Taomang Watermelon<\/li>\n<li>Triple Berry<\/li>\n<\/ul>\n<h2 data-v-md-heading=\"tailored-for-you-and-your-business\" data-v-md-line=\"42\">Con\u00e7u sur mesure pour vous et votre entreprise<\/h2>\n<p data-v-md-line=\"44\">Le Bang 36000 est disponible \u00e0 l'achat individuel et, si vous \u00eates un professionnel, vous pouvez \u00e9galement l'acheter en gros. Nous proposons un conditionnement de 160 unit\u00e9s, une offre irr\u00e9sistible pour vos clients.<\/p>\n<p data-v-md-line=\"46\">Nous simplifions vos achats au maximum. Gr\u00e2ce \u00e0 notre collaboration avec des partenaires DDP (rendu droits acquitt\u00e9s) de confiance tels que UPS, DPD et DHL pour vos livraisons en Europe, vous n'avez aucun souci \u00e0 vous faire concernant les formalit\u00e9s douani\u00e8res. Nous vous offrons des services simples et fiables.<\/p>\n<h2 data-v-md-heading=\"reasons-why-you-will-like-it\" data-v-md-line=\"48\">Reasons why you will like it<\/h2>\n<p data-v-md-line=\"50\"><strong>Autonomie de batterie ultra longue :<\/strong>\u00a0Durable et r\u00e9sistant, il vous permet d'\u00e9conomiser de l'argent et de l'\u00e9nergie.<\/p>\n<p data-v-md-line=\"52\"><strong>Nicotine concentration selection:<\/strong>\u00a0You can choose the nicotine concentration that suits you.<\/p>\n<p data-v-md-line=\"54\"><strong>Rechargeable :<\/strong>\u00a0vous permet d'utiliser jusqu'\u00e0 la derni\u00e8re goutte de e-liquide.<\/p>\n<p data-v-md-line=\"56\"><strong>Noyau d'atomisation en maille :<\/strong>\u00a0Il peut offrir un go\u00fbt onctueux et riche \u00e0 chaque fois.<\/p>\n<p data-v-md-line=\"58\"><strong>Facile \u00e0 utiliser :<\/strong>\u00a0Aucun bouton \u00e0 activer, aucun r\u00e9glage n\u00e9cessaire. Ouvrez-le et profitez-en.<\/p>\n<h2 data-v-md-heading=\"why-choose-to-collaborate-with-agoravape\" data-v-md-line=\"60\">Pourquoi choisir de collaborer avec AgoraVape ?<\/h2>\n<p data-v-md-line=\"62\">Figurant parmi les distributeurs de cigarettes \u00e9lectroniques les plus fiables d'Europe, nous ne vendons que des produits 100 % authentiques. Pour nos clients professionnels, cela signifie que les cigarettes \u00e9lectroniques Bang 36000 Puffs b\u00e9n\u00e9ficient de prix de gros avantageux, d'une assistance technique de qualit\u00e9 et d'une livraison rapide et fiable. Contactez-nous sans plus attendre pour commander ce produit. Vos clients l'appr\u00e9cieront \u00e0 coup s\u00fbr.<\/p>\n<p><script src=\"chrome-extension:\/\/fpelahbljekknahkcaegamhcndkfpfnc\/iFrame.js\" type=\"text\/javascript\"><\/script><\/p>","protected":false},"excerpt":{"rendered":"<p>&nbsp;<\/p>\n<p><script src=\"chrome-extension:\/\/fpelahbljekknahkcaegamhcndkfpfnc\/iFrame.js\" type=\"text\/javascript\"><\/script><\/p>\n<p><script src=\"chrome-extension:\/\/fpelahbljekknahkcaegamhcndkfpfnc\/iFrame.js\" type=\"text\/javascript\"><\/script><\/p>","protected":false},"featured_media":19398,"comment_status":"open","ping_status":"closed","template":"","meta":[],"product_brand":[197],"product_cat":[124,187,185,189,123,174,175,193,191,173,186,180,190],"product_tag":[],"class_list":{"0":"post-19379","1":"product","2":"type-product","3":"status-publish","4":"has-post-thumbnail","6":"product_brand-bang","7":"product_cat-vape-by-brand","8":"product_cat-0mg-nicotine-free-vapes","9":"product_cat-10000-puffs-high-capacity","10":"product_cat-20mg-standard-nicotine-vapes","11":"product_cat-bang","12":"product_cat-fruit-flavors","13":"product_cat-icy-mint","14":"product_cat-mesh-coil","15":"product_cat-rechargeable-disposables","16":"product_cat-vape-by-flavor-profile","17":"product_cat-vape-by-nicotine-strength","18":"product_cat-vape-by-puff-count","19":"product_cat-vape-by-feature-or-type","21":"first","22":"instock","23":"shipping-taxable","24":"purchasable","25":"product-type-variable","26":"has-default-attributes"},"tiered_pricing_type":"percentage","tiered_pricing_fixed_rules":[],"tiered_pricing_product_settings":{"layout":"default","base_unit_name":{"singular":null,"plural":null},"default_variation":null},"tiered_pricing_minimum_quantity":10,"tiered_pricing_roles_data":[],"tiered_pricing_percentage_rules":{"30":"29","50":"35","100":"40","200":"44","500":"47","1000":"49"},"tiered_pricing_maximum_quantity":null,"tiered_pricing_quantity_step":"10","_links":{"self":[{"href":"https:\/\/agoravape.com\/fr\/wp-json\/wp\/v2\/product\/19379","targetHints":{"allow":["GET"]}}],"collection":[{"href":"https:\/\/agoravape.com\/fr\/wp-json\/wp\/v2\/product"}],"about":[{"href":"https:\/\/agoravape.com\/fr\/wp-json\/wp\/v2\/types\/product"}],"replies":[{"embeddable":true,"href":"https:\/\/agoravape.com\/fr\/wp-json\/wp\/v2\/comments?post=19379"}],"version-history":[{"count":0,"href":"https:\/\/agoravape.com\/fr\/wp-json\/wp\/v2\/product\/19379\/revisions"}],"wp:featuredmedia":[{"embeddable":true,"href":"https:\/\/agoravape.com\/fr\/wp-json\/wp\/v2\/media\/19398"}],"wp:attachment":[{"href":"https:\/\/agoravape.com\/fr\/wp-json\/wp\/v2\/media?parent=19379"}],"wp:term":[{"taxonomy":"product_brand","embeddable":true,"href":"https:\/\/agoravape.com\/fr\/wp-json\/wp\/v2\/product_brand?post=19379"},{"taxonomy":"product_cat","embeddable":true,"href":"https:\/\/agoravape.com\/fr\/wp-json\/wp\/v2\/product_cat?post=19379"},{"taxonomy":"product_tag","embeddable":true,"href":"https:\/\/agoravape.com\/fr\/wp-json\/wp\/v2\/product_tag?post=19379"}],"curies":[{"name":"wp","href":"https:\/\/api.w.org\/{rel}","templated":true}]}}