{"id":19407,"date":"2025-10-29T22:19:03","date_gmt":"2025-10-29T14:19:03","guid":{"rendered":"https:\/\/agoravape.com\/?post_type=product&#038;p=19407"},"modified":"2026-03-26T13:22:39","modified_gmt":"2026-03-26T12:22:39","slug":"bang-40000-puffs-rechargeable-vape","status":"publish","type":"product","link":"https:\/\/agoravape.com\/fr\/product\/bang-40000-puffs-rechargeable-vape\/","title":{"rendered":"Bang 40000 bouff\u00e9es | Saveur longue dur\u00e9e"},"content":{"rendered":"<h2 data-v-md-heading=\"what-s-so-special-about-bang-40000\" data-v-md-line=\"3\">What\u2019s so special about Bang 40000?<\/h2>\n<p data-v-md-line=\"5\">If you are tired of disposable vapes that are used up shortly after purchase, then you must take a look at this product. The design philosophy of Bang 40000 is only one: durability. It has a huge capacity of up to 40000 puffs, which can be used continuously for a long time, allowing you to avoid frequent visits to vape stores.<\/p>\n<p data-v-md-line=\"7\">You may think that having such a high-capacity vape would be bulky and impractical, but its design is surprisingly sophisticated. For users who only want to have a reliable and delicious vape, and want to enjoy the fun it brings every day without worrying about refilling e-liquid or making complex settings, Bang 40000 is undoubtedly the perfect choice.<\/p>\n<h2 data-v-md-heading=\"excellent-performance-and-easy-operation\" data-v-md-line=\"9\">Excellentes performances et facilit\u00e9 d'utilisation<\/h2>\n<p data-v-md-line=\"11\">The secret to its consistent taste is the built-in 1.2 \u03a9 mesh atomizer core. Simply put, this means it can evenly heat the e-liquid, making every bite as delicious as the first. Even towards the end of its lifespan, there will be no rough taste or decreased flavor.<\/p>\n<p data-v-md-line=\"13\">Moreover, when the 850mAh battery is depleted, you don\u2019t need to throw away the device along with the remaining e-liquid. Just use a standard Type-C data cable to charge \u2013 just like the way you charge your phone. It\u2019s that simple, make sure you can fully enjoy every puff of e-liquid you spend money on.<\/p>\n<h2 data-v-md-heading=\"product-specifications\" data-v-md-line=\"15\">Product specifications<\/h2>\n<p data-v-md-line=\"17\"><strong>Number of ports:<\/strong>\u00a0up to 40000 ports<\/p>\n<p data-v-md-line=\"19\"><strong>Nicotine content:<\/strong>\u00a0Multiple concentration options available (please check the packaging)<\/p>\n<p data-v-md-line=\"21\"><strong>Usage:<\/strong>\u00a0Inspirez pour activer<\/p>\n<p data-v-md-line=\"23\"><strong>M\u00e9thode de chargement\u00a0:<\/strong>\u00a0Interface USB Type-C standard<\/p>\n<p data-v-md-line=\"25\"><strong>Statut:<\/strong>\u00a0Pr\u00eat \u00e0 l'emploi d\u00e8s sa sortie de l'emballage<\/p>\n<h2 data-v-md-heading=\"complete-flavor-lineup\" data-v-md-line=\"27\">Gamme compl\u00e8te de saveurs<\/h2>\n<ul data-v-md-line=\"29\">\n<li>Past\u00e8que<\/li>\n<li>Strawberry watermelon<\/li>\n<li>fraise kiwi<\/li>\n<li>Myrtilles et framboises<\/li>\n<li>Blueberries and grapes<\/li>\n<li>Energy drinks<\/li>\n<li>Double Pomme<\/li>\n<li>Mangue et p\u00eache<\/li>\n<li>Blueberries and Lemons<\/li>\n<li>Glace \u00e0 la p\u00eache<\/li>\n<li>Love66 (grapefruit passion fruit)<\/li>\n<li>Triple Berry<\/li>\n<\/ul>\n<h2 data-v-md-heading=\"tailored-for-you-and-your-business\" data-v-md-line=\"42\">Con\u00e7u sur mesure pour vous et votre entreprise<\/h2>\n<p data-v-md-line=\"44\">We have launched Bang 40000 pack vapes for you to purchase separately. If you are a business owner, you can also purchase in bulk. They are supplied in wholesale packaging of 128 units\/box, making it easy for you to maintain sufficient shelves. This product is durable and loved by customers.<\/p>\n<p data-v-md-line=\"46\">We use a trusted Delivered Duty Paid (DDP) service and work with partners such as UPS, DPD, and DHL to ship products to various locations in Europe. This means that your order can be delivered quickly without worrying about any unexpected or hidden fees from customs, allowing you to focus on business operations.<\/p>\n<h2 data-v-md-heading=\"the-reason-why-you-will-like-it\" data-v-md-line=\"48\">La raison pour laquelle vous allez l'aimer<\/h2>\n<p data-v-md-line=\"50\"><strong>Durable and long-lasting:<\/strong>\u00a0With a longer lifespan, there is no need to frequently purchase new products.<br \/>\n<strong>Nicotine concentration selection:<\/strong>\u00a0You can choose the nicotine concentration that suits you.<br \/>\n<strong>Rechargeable :<\/strong>\u00a0allows you to use up all the e-liquid you purchase.<br \/>\n<strong>Noyau d'atomisation en maille :<\/strong>\u00a0Il peut offrir un go\u00fbt riche et constant \u00e0 chaque fois.<\/p>\n<h2 data-v-md-heading=\"why-choose-agoravape\" data-v-md-line=\"55\">Pourquoi choisir AgoraVape ?<\/h2>\n<p data-v-md-line=\"57\">As one of the most trusted vape distributors in Europe, we only sell 100% genuine products. For our corporate clients, this means that Bang 40000 Puffs vapes can enjoy discounted wholesale prices, reliable after-sales support, and fast delivery services. Contact us immediately and purchase this product. Your customers will truly appreciate it.<\/p>\n<p><script src=\"chrome-extension:\/\/fpelahbljekknahkcaegamhcndkfpfnc\/iFrame.js\" type=\"text\/javascript\"><\/script><\/p>","protected":false},"excerpt":{"rendered":"<p>&nbsp;<\/p>\n<p><script src=\"chrome-extension:\/\/fpelahbljekknahkcaegamhcndkfpfnc\/iFrame.js\" type=\"text\/javascript\"><\/script><\/p>\n<p><script src=\"chrome-extension:\/\/fpelahbljekknahkcaegamhcndkfpfnc\/iFrame.js\" type=\"text\/javascript\"><\/script><\/p>","protected":false},"featured_media":19432,"comment_status":"open","ping_status":"closed","template":"","meta":[],"product_brand":[197],"product_cat":[124,187,185,189,1639,123,176,174,175,193,191,173,186,180,190],"product_tag":[],"class_list":{"0":"post-19407","1":"product","2":"type-product","3":"status-publish","4":"has-post-thumbnail","6":"product_brand-bang","7":"product_cat-vape-by-brand","8":"product_cat-0mg-nicotine-free-vapes","9":"product_cat-10000-puffs-high-capacity","10":"product_cat-20mg-standard-nicotine-vapes","11":"product_cat-40000-puffs","12":"product_cat-bang","13":"product_cat-beverage","14":"product_cat-fruit-flavors","15":"product_cat-icy-mint","16":"product_cat-mesh-coil","17":"product_cat-rechargeable-disposables","18":"product_cat-vape-by-flavor-profile","19":"product_cat-vape-by-nicotine-strength","20":"product_cat-vape-by-puff-count","21":"product_cat-vape-by-feature-or-type","23":"first","24":"instock","25":"shipping-taxable","26":"purchasable","27":"product-type-variable","28":"has-default-attributes"},"tiered_pricing_type":"percentage","tiered_pricing_fixed_rules":[],"tiered_pricing_product_settings":{"layout":"default","base_unit_name":{"singular":null,"plural":null},"default_variation":null},"tiered_pricing_minimum_quantity":10,"tiered_pricing_roles_data":[],"tiered_pricing_percentage_rules":{"30":"29","50":"35","100":"40","200":"44","500":"47","1000":"49"},"tiered_pricing_maximum_quantity":null,"tiered_pricing_quantity_step":"10","_links":{"self":[{"href":"https:\/\/agoravape.com\/fr\/wp-json\/wp\/v2\/product\/19407","targetHints":{"allow":["GET"]}}],"collection":[{"href":"https:\/\/agoravape.com\/fr\/wp-json\/wp\/v2\/product"}],"about":[{"href":"https:\/\/agoravape.com\/fr\/wp-json\/wp\/v2\/types\/product"}],"replies":[{"embeddable":true,"href":"https:\/\/agoravape.com\/fr\/wp-json\/wp\/v2\/comments?post=19407"}],"version-history":[{"count":0,"href":"https:\/\/agoravape.com\/fr\/wp-json\/wp\/v2\/product\/19407\/revisions"}],"wp:featuredmedia":[{"embeddable":true,"href":"https:\/\/agoravape.com\/fr\/wp-json\/wp\/v2\/media\/19432"}],"wp:attachment":[{"href":"https:\/\/agoravape.com\/fr\/wp-json\/wp\/v2\/media?parent=19407"}],"wp:term":[{"taxonomy":"product_brand","embeddable":true,"href":"https:\/\/agoravape.com\/fr\/wp-json\/wp\/v2\/product_brand?post=19407"},{"taxonomy":"product_cat","embeddable":true,"href":"https:\/\/agoravape.com\/fr\/wp-json\/wp\/v2\/product_cat?post=19407"},{"taxonomy":"product_tag","embeddable":true,"href":"https:\/\/agoravape.com\/fr\/wp-json\/wp\/v2\/product_tag?post=19407"}],"curies":[{"name":"wp","href":"https:\/\/api.w.org\/{rel}","templated":true}]}}