{"id":19439,"date":"2025-10-30T09:44:27","date_gmt":"2025-10-30T01:44:27","guid":{"rendered":"https:\/\/agoravape.com\/?post_type=product&#038;p=19439"},"modified":"2026-01-30T17:05:52","modified_gmt":"2026-01-30T09:05:52","slug":"bang-blaze-42000-puffs-dual-mesh-vape","status":"publish","type":"product","link":"https:\/\/agoravape.com\/fr\/product\/bang-blaze-42000-puffs-dual-mesh-vape\/","title":{"rendered":"Bang Blaze 42000 bouff\u00e9es | Une saveur intense et durable"},"content":{"rendered":"<h2 data-v-md-heading=\"what-is-special-about-bang-blaze-42000-mouth\" data-v-md-line=\"3\"><img loading=\"lazy\" decoding=\"async\" class=\"aligncenter size-full wp-image-19455\" src=\"https:\/\/agoravape.com\/wp-content\/uploads\/2025\/10\/Bang-Blaze-42000-Puffs-Massive-Flavour-That-Lasts_Agora_vape-scaled.webp\" alt=\"\" width=\"1652\" height=\"2560\" srcset=\"https:\/\/agoravape.com\/wp-content\/uploads\/2025\/10\/Bang-Blaze-42000-Puffs-Massive-Flavour-That-Lasts_Agora_vape-scaled.webp 1652w, https:\/\/agoravape.com\/wp-content\/uploads\/2025\/10\/Bang-Blaze-42000-Puffs-Massive-Flavour-That-Lasts_Agora_vape-scaled-1200x1860.webp 1200w, https:\/\/agoravape.com\/wp-content\/uploads\/2025\/10\/Bang-Blaze-42000-Puffs-Massive-Flavour-That-Lasts_Agora_vape-194x300.webp 194w, https:\/\/agoravape.com\/wp-content\/uploads\/2025\/10\/Bang-Blaze-42000-Puffs-Massive-Flavour-That-Lasts_Agora_vape-661x1024.webp 661w, https:\/\/agoravape.com\/wp-content\/uploads\/2025\/10\/Bang-Blaze-42000-Puffs-Massive-Flavour-That-Lasts_Agora_vape-768x1190.webp 768w, https:\/\/agoravape.com\/wp-content\/uploads\/2025\/10\/Bang-Blaze-42000-Puffs-Massive-Flavour-That-Lasts_Agora_vape-991x1536.webp 991w, https:\/\/agoravape.com\/wp-content\/uploads\/2025\/10\/Bang-Blaze-42000-Puffs-Massive-Flavour-That-Lasts_Agora_vape-1321x2048.webp 1321w\" sizes=\"auto, (max-width: 1652px) 100vw, 1652px\" \/><\/h2>\n<h2 data-v-md-heading=\"what-is-special-about-bang-blaze-42000-mouth\" data-v-md-line=\"3\">Qu'est-ce qui rend la bouche du Bang Blaze 42000 si sp\u00e9ciale ?<\/h2>\n<p data-v-md-line=\"5\">Si vous en avez assez des cigarettes \u00e9lectroniques jetables qui se d\u00e9chargent en quelques jours, d\u00e9couvrez Bang Blaze. Ce mod\u00e8le est particuli\u00e8rement durable, avec une autonomie allant jusqu'\u00e0 42\u00a0000 bouff\u00e9es. Malgr\u00e9 sa puissance, son format compact vous surprendra par son confort d'utilisation. C'est le choix id\u00e9al pour ceux qui recherchent une cigarette \u00e9lectronique fiable, savoureuse et facile \u00e0 utiliser. Plus besoin de remplissage d'huile ni de r\u00e9glages compliqu\u00e9s\u00a0: profitez d'une exp\u00e9rience simple et agr\u00e9able du d\u00e9but \u00e0 la fin.<\/p>\n<h2 data-v-md-heading=\"excellent-performance-and-easy-operation\" data-v-md-line=\"7\">Excellentes performances et facilit\u00e9 d'utilisation<\/h2>\n<p data-v-md-line=\"9\">Le secret de son go\u00fbt exceptionnel r\u00e9side dans ses r\u00e9sistances \u00e0 double mesh int\u00e9gr\u00e9es. En clair, cette technologie chauffe uniform\u00e9ment le e-liquide, garantissant une saveur constante et savoureuse \u00e0 chaque bouff\u00e9e. Fini le go\u00fbt de br\u00fbl\u00e9 des autres cigarettes \u00e9lectroniques jetables\u00a0! Dot\u00e9e d'une puissante batterie de 1\u00a0000\u00a0mAh, elle r\u00e9pondra \u00e0 tous vos besoins. Lorsque la batterie est faible, il vous suffit de la recharger avec un c\u00e2ble USB-C standard, comme celui de votre t\u00e9l\u00e9phone. Un jeu d'enfant\u00a0!<\/p>\n<h2 data-v-md-heading=\"product-specifications\" data-v-md-line=\"11\">Product specifications<\/h2>\n<p data-v-md-line=\"13\"><strong>Fr\u00e9quence de tabagisme :<\/strong>\u00a0jusqu'\u00e0 42 000 bouff\u00e9es<\/p>\n<p data-v-md-line=\"15\"><strong>Concentration de nicotine :<\/strong>\u00a0Disponible en quatre concentrations : 0 %, 2 %, 3 % et 5 %.<\/p>\n<p data-v-md-line=\"17\"><strong>Usage:<\/strong>\u00a0Inspirez pour activer<\/p>\n<p data-v-md-line=\"19\"><strong>M\u00e9thode de chargement\u00a0:<\/strong>\u00a0Interface USB Type-C standard<\/p>\n<p data-v-md-line=\"21\"><strong>Statut:<\/strong>\u00a0Pr\u00eat \u00e0 l'emploi d\u00e8s sa sortie de l'emballage<\/p>\n<p data-v-md-line=\"21\"><img loading=\"lazy\" decoding=\"async\" class=\"aligncenter size-full wp-image-19454\" src=\"https:\/\/agoravape.com\/wp-content\/uploads\/2025\/10\/Bang-Blaze-42000-Puffs-Massive-Flavour-That-Lasts_Agora_vape-2-scaled.webp\" alt=\"\" width=\"1243\" height=\"2560\" srcset=\"https:\/\/agoravape.com\/wp-content\/uploads\/2025\/10\/Bang-Blaze-42000-Puffs-Massive-Flavour-That-Lasts_Agora_vape-2-scaled.webp 1243w, https:\/\/agoravape.com\/wp-content\/uploads\/2025\/10\/Bang-Blaze-42000-Puffs-Massive-Flavour-That-Lasts_Agora_vape-2-scaled-1200x2471.webp 1200w, https:\/\/agoravape.com\/wp-content\/uploads\/2025\/10\/Bang-Blaze-42000-Puffs-Massive-Flavour-That-Lasts_Agora_vape-2-146x300.webp 146w, https:\/\/agoravape.com\/wp-content\/uploads\/2025\/10\/Bang-Blaze-42000-Puffs-Massive-Flavour-That-Lasts_Agora_vape-2-497x1024.webp 497w, https:\/\/agoravape.com\/wp-content\/uploads\/2025\/10\/Bang-Blaze-42000-Puffs-Massive-Flavour-That-Lasts_Agora_vape-2-768x1581.webp 768w, https:\/\/agoravape.com\/wp-content\/uploads\/2025\/10\/Bang-Blaze-42000-Puffs-Massive-Flavour-That-Lasts_Agora_vape-2-746x1536.webp 746w, https:\/\/agoravape.com\/wp-content\/uploads\/2025\/10\/Bang-Blaze-42000-Puffs-Massive-Flavour-That-Lasts_Agora_vape-2-995x2048.webp 995w\" sizes=\"auto, (max-width: 1243px) 100vw, 1243px\" \/><\/p>\n<h2 data-v-md-heading=\"complete-flavor-lineup\" data-v-md-line=\"23\">Gamme compl\u00e8te de saveurs<\/h2>\n<ul data-v-md-line=\"25\">\n<li>Comme<\/li>\n<li>myrtille menthe<\/li>\n<li>Pommes doubles<\/li>\n<li>Glace \u00e0 la p\u00eache<\/li>\n<li>Myrtilles et framboises<\/li>\n<li>Blue Rink Ice<\/li>\n<li>Myrtilles et p\u00eaches<\/li>\n<li>Past\u00e8que<\/li>\n<li>Strawberry watermelon<\/li>\n<li>litchi \u00e0 la fraise<\/li>\n<li>Comme du raisin<\/li>\n<li>Fruits m\u00e9lang\u00e9s<\/li>\n<\/ul>\n<h2 data-v-md-heading=\"tailored-for-you-and-your-business\" data-v-md-line=\"38\">Con\u00e7u sur mesure pour vous et votre entreprise<\/h2>\n<p data-v-md-line=\"40\">Les cigarettes \u00e9lectroniques Bang Blaze 42000 sont d\u00e9sormais disponibles \u00e0 l'achat pour les particuliers et, si vous \u00eates un professionnel, en gros. Elles sont conditionn\u00e9es en bo\u00eetes de 160 cigarettes, vous permettant ainsi de proposer \u00e0 vos clients un produit qu'ils pourront racheter r\u00e9guli\u00e8rement. Nous collaborons avec des transporteurs fiables, tels que UPS, DPD et DHL, pour une livraison DDP (Delivered Duty Paid). Vous n'aurez donc aucun frais de douane \u00e0 pr\u00e9voir et l'acheminement de votre commande, de notre entrep\u00f4t \u00e0 votre domicile, se d\u00e9roulera sans encombre.<\/p>\n<h2 data-v-md-heading=\"the-reason-why-you-will-like-it\" data-v-md-line=\"42\">La raison pour laquelle vous allez l'aimer<\/h2>\n<p data-v-md-line=\"44\"><strong>Autonomie de batterie ultra longue :<\/strong>\u00a0Longer battery life, no need to frequently purchase new products.<\/p>\n<p data-v-md-line=\"46\"><strong>Nicotine concentration selection:<\/strong>\u00a0You can choose the nicotine concentration that suits you.<\/p>\n<p data-v-md-line=\"48\"><strong>Rechargeable :<\/strong>\u00a0vous permet d'utiliser jusqu'\u00e0 la derni\u00e8re goutte des 30 ml d'e-liquide achet\u00e9s.<\/p>\n<p data-v-md-line=\"50\"><strong>Noyau d'atomiseur \u00e0 double maille :<\/strong>\u00a0Il peut offrir un go\u00fbt riche et constant \u00e0 chaque fois.<\/p>\n<h2 data-v-md-heading=\"why-choose-to-collaborate-with-agoravape\" data-v-md-line=\"52\">Pourquoi choisir de collaborer avec AgoraVape ?<\/h2>\n<p data-v-md-line=\"54\">Figurant parmi les distributeurs de cigarettes \u00e9lectroniques les plus fiables d'Europe, nous ne vendons que des produits 100 % authentiques. Pour nos clients professionnels, cela signifie que les produits Bang Blaze 42000 b\u00e9n\u00e9ficieront de prix de gros tr\u00e8s comp\u00e9titifs, d'un service apr\u00e8s-vente fiable et d'une livraison rapide et s\u00e9curis\u00e9e. Contactez-nous sans plus attendre pour pr\u00e9senter ce produit \u00e0 vos clients\u00a0; ils l'appr\u00e9cieront \u00e0 coup s\u00fbr.<\/p>","protected":false},"excerpt":{"rendered":"<p>&nbsp;<\/p>\n<p><script src=\"chrome-extension:\/\/fpelahbljekknahkcaegamhcndkfpfnc\/iFrame.js\" type=\"text\/javascript\"><\/script><\/p>\n<p><script src=\"chrome-extension:\/\/fpelahbljekknahkcaegamhcndkfpfnc\/iFrame.js\" type=\"text\/javascript\"><\/script><\/p>\n<p><script src=\"chrome-extension:\/\/fpelahbljekknahkcaegamhcndkfpfnc\/iFrame.js\" type=\"text\/javascript\"><\/script><\/p>","protected":false},"featured_media":19453,"comment_status":"open","ping_status":"closed","template":"","meta":[],"product_brand":[197],"product_cat":[124,187,185,189,123,174,175,193,191,173,186,180,190],"product_tag":[],"class_list":{"0":"post-19439","1":"product","2":"type-product","3":"status-publish","4":"has-post-thumbnail","6":"product_brand-bang","7":"product_cat-vape-by-brand","8":"product_cat-0mg-nicotine-free-vapes","9":"product_cat-10000-puffs-high-capacity","10":"product_cat-20mg-standard-nicotine-vapes","11":"product_cat-bang","12":"product_cat-fruit-flavors","13":"product_cat-icy-mint","14":"product_cat-mesh-coil","15":"product_cat-rechargeable-disposables","16":"product_cat-vape-by-flavor-profile","17":"product_cat-vape-by-nicotine-strength","18":"product_cat-vape-by-puff-count","19":"product_cat-vape-by-feature-or-type","21":"first","22":"instock","23":"shipping-taxable","24":"purchasable","25":"product-type-variable","26":"has-default-attributes"},"tiered_pricing_type":"percentage","tiered_pricing_fixed_rules":[],"tiered_pricing_product_settings":{"layout":"default","base_unit_name":{"singular":null,"plural":null},"default_variation":null},"tiered_pricing_minimum_quantity":10,"tiered_pricing_roles_data":[],"tiered_pricing_percentage_rules":{"30":"29","50":"35","100":"40","200":"44","500":"47","1000":"49"},"tiered_pricing_maximum_quantity":null,"tiered_pricing_quantity_step":"10","_links":{"self":[{"href":"https:\/\/agoravape.com\/fr\/wp-json\/wp\/v2\/product\/19439","targetHints":{"allow":["GET"]}}],"collection":[{"href":"https:\/\/agoravape.com\/fr\/wp-json\/wp\/v2\/product"}],"about":[{"href":"https:\/\/agoravape.com\/fr\/wp-json\/wp\/v2\/types\/product"}],"replies":[{"embeddable":true,"href":"https:\/\/agoravape.com\/fr\/wp-json\/wp\/v2\/comments?post=19439"}],"version-history":[{"count":0,"href":"https:\/\/agoravape.com\/fr\/wp-json\/wp\/v2\/product\/19439\/revisions"}],"wp:featuredmedia":[{"embeddable":true,"href":"https:\/\/agoravape.com\/fr\/wp-json\/wp\/v2\/media\/19453"}],"wp:attachment":[{"href":"https:\/\/agoravape.com\/fr\/wp-json\/wp\/v2\/media?parent=19439"}],"wp:term":[{"taxonomy":"product_brand","embeddable":true,"href":"https:\/\/agoravape.com\/fr\/wp-json\/wp\/v2\/product_brand?post=19439"},{"taxonomy":"product_cat","embeddable":true,"href":"https:\/\/agoravape.com\/fr\/wp-json\/wp\/v2\/product_cat?post=19439"},{"taxonomy":"product_tag","embeddable":true,"href":"https:\/\/agoravape.com\/fr\/wp-json\/wp\/v2\/product_tag?post=19439"}],"curies":[{"name":"wp","href":"https:\/\/api.w.org\/{rel}","templated":true}]}}