{"id":19458,"date":"2025-10-30T10:15:31","date_gmt":"2025-10-30T02:15:31","guid":{"rendered":"https:\/\/agoravape.com\/?post_type=product&#038;p=19458"},"modified":"2026-01-30T17:05:21","modified_gmt":"2026-01-30T09:05:21","slug":"bang-blaze-20000-puffs-vape","status":"publish","type":"product","link":"https:\/\/agoravape.com\/fr\/product\/bang-blaze-20000-puffs-vape\/","title":{"rendered":"Bang Blaze 20\u00a0000 bouff\u00e9es | Grande capacit\u00e9, simplicit\u00e9 d'utilisation"},"content":{"rendered":"<h2 data-v-md-heading=\"what-is-special-about-bang-blaze-20000\" data-v-md-line=\"3\"><img loading=\"lazy\" decoding=\"async\" class=\"size-full wp-image-19472 alignright\" src=\"https:\/\/agoravape.com\/wp-content\/uploads\/2025\/10\/Bang-Blaze-20000-Puffs-Massive-Capacity-Made-Simple_Agora_vape-1-scaled.webp\" alt=\"\" width=\"1434\" height=\"2560\" srcset=\"https:\/\/agoravape.com\/wp-content\/uploads\/2025\/10\/Bang-Blaze-20000-Puffs-Massive-Capacity-Made-Simple_Agora_vape-1-scaled.webp 1434w, https:\/\/agoravape.com\/wp-content\/uploads\/2025\/10\/Bang-Blaze-20000-Puffs-Massive-Capacity-Made-Simple_Agora_vape-1-scaled-1200x2142.webp 1200w, https:\/\/agoravape.com\/wp-content\/uploads\/2025\/10\/Bang-Blaze-20000-Puffs-Massive-Capacity-Made-Simple_Agora_vape-1-168x300.webp 168w, https:\/\/agoravape.com\/wp-content\/uploads\/2025\/10\/Bang-Blaze-20000-Puffs-Massive-Capacity-Made-Simple_Agora_vape-1-574x1024.webp 574w, https:\/\/agoravape.com\/wp-content\/uploads\/2025\/10\/Bang-Blaze-20000-Puffs-Massive-Capacity-Made-Simple_Agora_vape-1-768x1371.webp 768w, https:\/\/agoravape.com\/wp-content\/uploads\/2025\/10\/Bang-Blaze-20000-Puffs-Massive-Capacity-Made-Simple_Agora_vape-1-860x1536.webp 860w, https:\/\/agoravape.com\/wp-content\/uploads\/2025\/10\/Bang-Blaze-20000-Puffs-Massive-Capacity-Made-Simple_Agora_vape-1-1147x2048.webp 1147w\" sizes=\"auto, (max-width: 1434px) 100vw, 1434px\" \/><\/h2>\n<h2 data-v-md-heading=\"what-is-special-about-bang-blaze-20000\" data-v-md-line=\"3\">Qu'est-ce qui rend Bang Blaze 20000 si sp\u00e9cial ?<\/h2>\n<p data-v-md-line=\"5\">Si vous en avez assez des cigarettes \u00e9lectroniques jetables dont la batterie se d\u00e9charge au bout de deux semaines, d\u00e9couvrez le Bang Blaze 20000. Son concept\u00a0? La durabilit\u00e9. Avec une capacit\u00e9 impressionnante de 20\u00a0000\u00a0battements, il vous offre une exp\u00e9rience longue dur\u00e9e. Pour ceux qui recherchent une cigarette \u00e9lectronique fiable, savoureuse et facile \u00e0 utiliser, c'est le choix id\u00e9al. Pr\u00eate \u00e0 l'emploi d\u00e8s la sortie de la bo\u00eete, sans aucune manipulation compliqu\u00e9e.<\/p>\n<p data-v-md-line=\"7\">Vous pourriez penser qu'une cigarette \u00e9lectronique de grande capacit\u00e9 serait encombrante, mais vous serez surpris par sa taille compacte et sa facilit\u00e9 de transport. C'est un appareil simple et pratique, con\u00e7u pour ceux qui savent pr\u00e9cis\u00e9ment ce qu'ils veulent\u00a0: une cigarette \u00e9lectronique fiable et durable. Certains mod\u00e8les sont m\u00eame \u00e9quip\u00e9s d'un petit \u00e9cran pratique affichant le niveau de batterie et la quantit\u00e9 d'e-liquide restante, vous permettant ainsi de contr\u00f4ler l'autonomie \u00e0 tout moment.<\/p>\n<h2 data-v-md-heading=\"excellent-performance-and-easy-operation\" data-v-md-line=\"9\">Excellentes performances et facilit\u00e9 d'utilisation<\/h2>\n<p data-v-md-line=\"11\">Le secret de son go\u00fbt exceptionnel r\u00e9side dans son atomiseur \u00e0 mesh int\u00e9gr\u00e9. En clair, il chauffe le e-liquide de fa\u00e7on plus homog\u00e8ne, garantissant une saveur constante et d\u00e9licieuse \u00e0 chaque bouff\u00e9e. Fini le go\u00fbt de br\u00fbl\u00e9\u00a0: la texture est toujours onctueuse. Du d\u00e9but \u00e0 la fin, le go\u00fbt est riche et harmonieux.<\/p>\n<p data-v-md-line=\"13\">M\u00eame si la batterie est faible, vous pouvez toujours utiliser un c\u00e2ble de donn\u00e9es USB-C standard pour la recharger, comme pour votre t\u00e9l\u00e9phone. Ce petit d\u00e9tail vous \u00e9vite de chercher un c\u00e2ble de donn\u00e9es sp\u00e9cifique. Simple et pratique.<\/p>\n<h2 data-v-md-heading=\"product-specifications\" data-v-md-line=\"15\">Product specifications<\/h2>\n<p data-v-md-line=\"17\"><strong>Fr\u00e9quence de tabagisme :<\/strong>\u00a0jusqu'\u00e0 20 000 bouff\u00e9es<\/p>\n<p data-v-md-line=\"19\"><strong>Concentration de nicotine :<\/strong>\u00a0Disponible en quatre concentrations : 0 %, 2 %, 3 % et 5 %.<\/p>\n<p data-v-md-line=\"21\"><strong>Usage:<\/strong>\u00a0Inspirez pour activer<\/p>\n<p data-v-md-line=\"23\"><strong>M\u00e9thode de chargement\u00a0:<\/strong>\u00a0Interface USB Type-C standard<\/p>\n<p data-v-md-line=\"25\"><strong>Statut:<\/strong>\u00a0Pr\u00eat \u00e0 l'emploi d\u00e8s sa sortie de l'emballage<\/p>\n<h2 data-v-md-heading=\"complete-flavor-lineup\" data-v-md-line=\"27\">Gamme compl\u00e8te de saveurs<\/h2>\n<ul data-v-md-line=\"29\">\n<li>Saveur past\u00e8que<\/li>\n<li>Saveur fraise et past\u00e8que<\/li>\n<li>Saveur glace \u00e0 la myrtille<\/li>\n<li>Saveur myrtille et framboise<\/li>\n<li>Saveur glace \u00e0 la fraise<\/li>\n<li>Saveur \u00e9trange de fraise<\/li>\n<li>Mangue, p\u00eache, saveur past\u00e8que<\/li>\n<li>kiwi, fruit de la passion, saveur de goyave<\/li>\n<li>Go\u00fbt de glace \u00e0 la p\u00eache<\/li>\n<li>Saveur de baies m\u00e9lang\u00e9es<\/li>\n<li>Saveur myrtille et raisin<\/li>\n<li>Go\u00fbt de chewing-gum \u00e0 la past\u00e8que<\/li>\n<\/ul>\n<h2 data-v-md-heading=\"tailored-for-you-and-your-business\" data-v-md-line=\"42\">Con\u00e7u sur mesure pour vous et votre entreprise<\/h2>\n<p data-v-md-line=\"44\">Les Bang Blaze 20000 sont d\u00e9sormais disponibles \u00e0 l'achat pour les particuliers et, si vous \u00eates un professionnel, vous pouvez \u00e9galement les commander en gros. Ils sont conditionn\u00e9s en cartons de 10 unit\u00e9s et en grands cartons de 200 unit\u00e9s, facilitant ainsi la mise en rayon de produits de haute qualit\u00e9.<\/p>\n<p data-v-md-line=\"46\">Nous collaborons avec des partenaires logistiques de confiance tels que UPS, DPD et DHL pour g\u00e9rer l'ensemble des aspects logistiques. Toutes les marchandises sont exp\u00e9di\u00e9es en DDP (rendu droits acquitt\u00e9s), vous n'avez donc pas \u00e0 vous soucier des frais de douane. Nous nous engageons \u00e0 vous offrir un processus simple et fiable, vous permettant d'obtenir facilement des produits authentiques et populaires.<\/p>\n<h2 data-v-md-heading=\"reasons-why-you-will-like-it\" data-v-md-line=\"48\">Reasons why you will like it<\/h2>\n<p data-v-md-line=\"50\"><strong>Autonomie de batterie ultra longue :<\/strong>\u00a0Durable et r\u00e9sistant, pas besoin d'achats fr\u00e9quents.<\/p>\n<p data-v-md-line=\"52\"><strong>Nicotine concentration selection:<\/strong>\u00a0Vous pouvez choisir la concentration de nicotine qui vous convient, de sans nicotine \u00e0 5 % de nicotine.<\/p>\n<p data-v-md-line=\"54\"><strong>Rechargeable :<\/strong>\u00a0vous permet d'utiliser jusqu'\u00e0 la derni\u00e8re goutte de e-liquide achet\u00e9.<\/p>\n<p data-v-md-line=\"56\"><strong>Noyau d'atomisation en maille :<\/strong>\u00a0Il peut offrir un go\u00fbt riche et constant \u00e0 chaque fois.<\/p>\n<h2 data-v-md-heading=\"why-choose-to-collaborate-with-agoravape\" data-v-md-line=\"58\">Pourquoi choisir de collaborer avec AgoraVape ?<\/h2>\n<p data-v-md-line=\"60\">Figurant parmi les distributeurs de cigarettes \u00e9lectroniques les plus fiables d'Europe, nous ne vendons que des produits 100 % authentiques. Pour nos clients professionnels, cela se traduit par des remises sur les produits Bang Blaze 20000, une assistance technique compl\u00e8te et une livraison rapide et fiable. Contactez-nous sans plus attendre pour que vos clients appr\u00e9cient pleinement la qualit\u00e9 de vos produits.<\/p>\n<p><script src=\"chrome-extension:\/\/fpelahbljekknahkcaegamhcndkfpfnc\/iFrame.js\" type=\"text\/javascript\"><\/script><\/p>","protected":false},"excerpt":{"rendered":"<p>&nbsp;<\/p>\n<p><script src=\"chrome-extension:\/\/fpelahbljekknahkcaegamhcndkfpfnc\/iFrame.js\" type=\"text\/javascript\"><\/script><\/p>\n<p><script src=\"chrome-extension:\/\/fpelahbljekknahkcaegamhcndkfpfnc\/iFrame.js\" type=\"text\/javascript\"><\/script><\/p>\n<p><script src=\"chrome-extension:\/\/fpelahbljekknahkcaegamhcndkfpfnc\/iFrame.js\" type=\"text\/javascript\"><\/script><\/p>\n<p><script src=\"chrome-extension:\/\/fpelahbljekknahkcaegamhcndkfpfnc\/iFrame.js\" type=\"text\/javascript\"><\/script><\/p>","protected":false},"featured_media":19483,"comment_status":"open","ping_status":"closed","template":"","meta":[],"product_brand":[197],"product_cat":[124,187,185,1636,189,123,174,175,193,191,173,186,180,190],"product_tag":[],"class_list":{"0":"post-19458","1":"product","2":"type-product","3":"status-publish","4":"has-post-thumbnail","6":"product_brand-bang","7":"product_cat-vape-by-brand","8":"product_cat-0mg-nicotine-free-vapes","9":"product_cat-10000-puffs-high-capacity","10":"product_cat-20000-puffs","11":"product_cat-20mg-standard-nicotine-vapes","12":"product_cat-bang","13":"product_cat-fruit-flavors","14":"product_cat-icy-mint","15":"product_cat-mesh-coil","16":"product_cat-rechargeable-disposables","17":"product_cat-vape-by-flavor-profile","18":"product_cat-vape-by-nicotine-strength","19":"product_cat-vape-by-puff-count","20":"product_cat-vape-by-feature-or-type","22":"first","23":"onbackorder","24":"shipping-taxable","25":"purchasable","26":"product-type-variable","27":"has-default-attributes"},"tiered_pricing_type":"percentage","tiered_pricing_fixed_rules":[],"tiered_pricing_product_settings":{"layout":"default","base_unit_name":{"singular":null,"plural":null},"default_variation":null},"tiered_pricing_minimum_quantity":10,"tiered_pricing_roles_data":[],"tiered_pricing_percentage_rules":{"30":"29","50":"35","100":"40","200":"44","500":"47","1000":"49"},"tiered_pricing_maximum_quantity":null,"tiered_pricing_quantity_step":"10","_links":{"self":[{"href":"https:\/\/agoravape.com\/fr\/wp-json\/wp\/v2\/product\/19458","targetHints":{"allow":["GET"]}}],"collection":[{"href":"https:\/\/agoravape.com\/fr\/wp-json\/wp\/v2\/product"}],"about":[{"href":"https:\/\/agoravape.com\/fr\/wp-json\/wp\/v2\/types\/product"}],"replies":[{"embeddable":true,"href":"https:\/\/agoravape.com\/fr\/wp-json\/wp\/v2\/comments?post=19458"}],"version-history":[{"count":0,"href":"https:\/\/agoravape.com\/fr\/wp-json\/wp\/v2\/product\/19458\/revisions"}],"wp:featuredmedia":[{"embeddable":true,"href":"https:\/\/agoravape.com\/fr\/wp-json\/wp\/v2\/media\/19483"}],"wp:attachment":[{"href":"https:\/\/agoravape.com\/fr\/wp-json\/wp\/v2\/media?parent=19458"}],"wp:term":[{"taxonomy":"product_brand","embeddable":true,"href":"https:\/\/agoravape.com\/fr\/wp-json\/wp\/v2\/product_brand?post=19458"},{"taxonomy":"product_cat","embeddable":true,"href":"https:\/\/agoravape.com\/fr\/wp-json\/wp\/v2\/product_cat?post=19458"},{"taxonomy":"product_tag","embeddable":true,"href":"https:\/\/agoravape.com\/fr\/wp-json\/wp\/v2\/product_tag?post=19458"}],"curies":[{"name":"wp","href":"https:\/\/api.w.org\/{rel}","templated":true}]}}