{"id":19539,"date":"2025-10-30T11:23:46","date_gmt":"2025-10-30T03:23:46","guid":{"rendered":"https:\/\/agoravape.com\/?post_type=product&#038;p=19539"},"modified":"2026-01-30T17:04:35","modified_gmt":"2026-01-30T09:04:35","slug":"bang-blaze-60000-puffs-flavor-vape","status":"publish","type":"product","link":"https:\/\/agoravape.com\/fr\/product\/bang-blaze-60000-puffs-flavor-vape\/","title":{"rendered":"Bang Blaze 60\u00a0000 bouff\u00e9es | Quatre saveurs dans un seul appareil simple"},"content":{"rendered":"<h2 data-v-md-heading=\"what-s-special-about-bang-blaze-60000\" data-v-md-line=\"3\"><img loading=\"lazy\" decoding=\"async\" class=\"aligncenter size-full wp-image-19556\" src=\"https:\/\/agoravape.com\/wp-content\/uploads\/2025\/10\/Bang-Blaze-60000-Puffs-Four-Flavours-in-One-Simple-Device_Agora_vape-4-scaled.webp\" alt=\"\" width=\"2560\" height=\"1280\" srcset=\"https:\/\/agoravape.com\/wp-content\/uploads\/2025\/10\/Bang-Blaze-60000-Puffs-Four-Flavours-in-One-Simple-Device_Agora_vape-4-scaled.webp 2560w, https:\/\/agoravape.com\/wp-content\/uploads\/2025\/10\/Bang-Blaze-60000-Puffs-Four-Flavours-in-One-Simple-Device_Agora_vape-4-scaled-1200x600.webp 1200w, https:\/\/agoravape.com\/wp-content\/uploads\/2025\/10\/Bang-Blaze-60000-Puffs-Four-Flavours-in-One-Simple-Device_Agora_vape-4-300x150.webp 300w, https:\/\/agoravape.com\/wp-content\/uploads\/2025\/10\/Bang-Blaze-60000-Puffs-Four-Flavours-in-One-Simple-Device_Agora_vape-4-1024x512.webp 1024w, https:\/\/agoravape.com\/wp-content\/uploads\/2025\/10\/Bang-Blaze-60000-Puffs-Four-Flavours-in-One-Simple-Device_Agora_vape-4-768x384.webp 768w, https:\/\/agoravape.com\/wp-content\/uploads\/2025\/10\/Bang-Blaze-60000-Puffs-Four-Flavours-in-One-Simple-Device_Agora_vape-4-1536x768.webp 1536w, https:\/\/agoravape.com\/wp-content\/uploads\/2025\/10\/Bang-Blaze-60000-Puffs-Four-Flavours-in-One-Simple-Device_Agora_vape-4-2048x1024.webp 2048w\" sizes=\"auto, (max-width: 2560px) 100vw, 2560px\" \/><\/h2>\n<h2 data-v-md-heading=\"what-s-special-about-bang-blaze-60000\" data-v-md-line=\"3\">Qu'est-ce qui rend le Bang Blaze 60000 si sp\u00e9cial ?<\/h2>\n<p data-v-md-line=\"5\">Honn\u00eatement, il est normal de se lasser des cigarettes \u00e9lectroniques \u00e0 saveur unique. Vous l'appr\u00e9ciez peut-\u00eatre encore cette semaine, mais la semaine prochaine, vous aurez envie de changer. La Bang Blaze 60000 l'a bien compris. Cet appareil ing\u00e9nieux int\u00e8gre quatre saveurs diff\u00e9rentes de cartouches de cigarette \u00e9lectronique en une seule, que l'on peut changer d'un simple geste, pour profiter d'une fra\u00eecheur instantan\u00e9e o\u00f9 que l'on soit.<\/p>\n<p data-v-md-line=\"7\">Normalement, il faudrait emporter quatre cigarettes \u00e9lectroniques diff\u00e9rentes pour profiter d'une telle vari\u00e9t\u00e9 de saveurs, mais la Bang Blaze r\u00e9unit toutes les fonctionnalit\u00e9s en une seule. C'est le choix id\u00e9al pour ceux qui aiment tester diff\u00e9rentes saveurs sans s'encombrer de mat\u00e9riel, ou pour ceux qui ont du mal \u00e0 choisir. Cet appareil offre une autonomie allant jusqu'\u00e0 60\u00a0000 bouff\u00e9es et est tr\u00e8s r\u00e9sistant.<\/p>\n<h2 data-v-md-heading=\"excellent-performance-and-easy-operation\" data-v-md-line=\"9\">Excellentes performances et facilit\u00e9 d'utilisation<\/h2>\n<p data-v-md-line=\"11\">Elle est \u00e9quip\u00e9e d'une r\u00e9sistance mesh int\u00e9gr\u00e9e de 1,0 \u03a9, ce qui garantit une saveur constante et riche \u00e0 chaque bouff\u00e9e. Fini le go\u00fbt de br\u00fbl\u00e9 d\u00e9sagr\u00e9able que l'on retrouve avec d'autres cigarettes \u00e9lectroniques.<\/p>\n<p data-v-md-line=\"13\">Elle est \u00e9quip\u00e9e d'une batterie d'une capacit\u00e9 allant jusqu'\u00e0 650 mAh, offrant une autonomie prolong\u00e9e. Lorsque la batterie est faible, il suffit d'utiliser un c\u00e2ble de donn\u00e9es USB-C standard pour la recharger, comme vous le feriez pour votre t\u00e9l\u00e9phone. Simple et pratique.<\/p>\n<h2 data-v-md-heading=\"quick-specifications\" data-v-md-line=\"15\">Sp\u00e9cifications rapides<\/h2>\n<p data-v-md-line=\"17\"><strong>Fr\u00e9quence de tabagisme :<\/strong>\u00a0jusqu'\u00e0 60 000 bouff\u00e9es<\/p>\n<p data-v-md-line=\"19\"><strong>Concentration de nicotine :<\/strong>\u00a0Disponible en quatre concentrations : 0 %, 2 %, 3 % et 5 %.<\/p>\n<p data-v-md-line=\"21\"><strong>Usage:<\/strong>\u00a0Inspirez pour activer<\/p>\n<p data-v-md-line=\"23\"><strong>M\u00e9thode de chargement\u00a0:<\/strong>\u00a0Interface USB Type-C standard<\/p>\n<p data-v-md-line=\"25\"><strong>Statut:<\/strong>\u00a0Pr\u00eat \u00e0 l'emploi d\u00e8s sa sortie de l'emballage<\/p>\n<h2 data-v-md-heading=\"rich-flavor-options\" data-v-md-line=\"27\">options de saveurs riches<\/h2>\n<p data-v-md-line=\"29\">Chaque appareil est pr\u00e9install\u00e9 avec quatre combinaisons de saveurs compl\u00e9mentaires. Il vous suffit de choisir celle que vous pr\u00e9f\u00e9rez pour commencer \u00e0 l'utiliser.<\/p>\n<p data-v-md-line=\"31\"><strong>Groupe 1 :<\/strong>\u00a0Glace \u00e0 la past\u00e8que\/Menthe myrtille\/Glace Fuji\/Romance citronn\u00e9e<br \/>\n<strong>Groupe 2 :<\/strong>\u00a0Glace \u00e0 la past\u00e8que\/Myrtille-cerise\/\u00c9t\u00e9\/Mangue-ananas acidul\u00e9e<br \/>\n<strong>Groupe 3 :<\/strong>\u00a0Glace \u00e0 la myrtille\/Glace \u00e0 la p\u00eache\/Bonbons arc-en-ciel\/Citron vert<br \/>\n<strong>Groupe 4 :<\/strong>\u00a0Glace aux myrtilles\/P\u00eache, mangue et past\u00e8que\/Baiser passionn\u00e9\/Melon miel<br \/>\n<strong>Groupe 5 :<\/strong>\u00a0Myrtilles, framboises, baies m\u00e9lang\u00e9es, cerises de Californie, mangues fruit\u00e9es de la passion<br \/>\n<strong>Groupe 6 :<\/strong>\u00a0Myrtilles, framboises, glace au raisin, glace aux fruits rouges, alo\u00e8s, mangue, melon miel<br \/>\n<strong>Groupe 7 :<\/strong>\u00a0Boissons \u00e9nergisantes \/ fraises, bananes, mangues, p\u00eaches, abricots, fruits de la passion, kiwis, citron vert<br \/>\n<strong>Groupe 8 :<\/strong>\u00a0Boissons \u00e9nergisantes \/ myrtilles et past\u00e8ques \/ pommes vertes et framboises \/ oursons g\u00e9lifi\u00e9s<br \/>\n<strong>Groupe 9 :<\/strong>\u00a0Chewing-gum fraise-mangue\/past\u00e8que\/mojito rouge\/Love 66<br \/>\n<strong>Groupe 10 :<\/strong>\u00a0Mangue-fraise\/Kiwi-fraise\/Pomme-raisin\/Past\u00e8que-fruit du dragon<br \/>\n<strong>Groupe 11 :<\/strong>\u00a0Fraise Past\u00e8que\/Eau Dragon Noir\/Triple Melon Miel\/Canneberge Raisin<br \/>\n<strong>Groupe 12 :<\/strong>\u00a0Fraise Past\u00e8que\/Kiwi Fruit de la Passion Goyave\/Mangue Glac\u00e9e\/Past\u00e8que P\u00eache Acidul\u00e9e<\/p>\n<h2 data-v-md-heading=\"tailored-for-you-and-your-business\" data-v-md-line=\"44\">Con\u00e7u sur mesure pour vous et votre entreprise<\/h2>\n<p data-v-md-line=\"46\">Bang Blaze 60000 est d\u00e9sormais disponible \u00e0 l'unit\u00e9. Si vous \u00eates un professionnel, vous pouvez \u00e9galement commander en gros. Nous proposons des conditionnements de 100 ou 200 bouteilles, facilitant ainsi votre approvisionnement et vous assurant de toujours avoir en rayon les produits pr\u00e9f\u00e9r\u00e9s de vos clients.<\/p>\n<p data-v-md-line=\"48\">Nous collaborons avec des partenaires fiables proposant le transport DDP (Delivered Duty Paid), tels que UPS, DPD et DHL, pour g\u00e9rer l'int\u00e9gralit\u00e9 du transport. Ainsi, le prix affich\u00e9 est le prix final, sans frais de douane ni retards \u00e0 pr\u00e9voir.<\/p>\n<h2 data-v-md-heading=\"reasons-why-you-will-like-it\" data-v-md-line=\"50\">Reasons why you will like it<\/h2>\n<p data-v-md-line=\"52\"><strong>Quatre saveurs en une :<\/strong>\u00a0Vous pouvez changer de saveur \u00e0 tout moment sans changer d'appareil.<\/p>\n<p data-v-md-line=\"54\"><strong>Durable:<\/strong>\u00a0Durable, pas besoin d'acheter fr\u00e9quemment de nouvelles cartouches.<\/p>\n<p data-v-md-line=\"56\"><strong>Nicotine concentration selection:<\/strong>\u00a0You can choose the nicotine concentration that suits you.<\/p>\n<p data-v-md-line=\"58\"><strong>Rechargeable :<\/strong>\u00a0Cela signifie que vous pouvez utiliser pleinement chaque goutte d'e-liquide que vous achetez.<\/p>\n<p data-v-md-line=\"60\"><strong>Noyau d'atomisation en maille :<\/strong>\u00a0Il peut offrir un go\u00fbt riche et constant \u00e0 chaque fois.<\/p>\n<h2 data-v-md-heading=\"why-choose-to-collaborate-with-agoravape\" data-v-md-line=\"62\">Pourquoi choisir de collaborer avec AgoraVape ?<\/h2>\n<p data-v-md-line=\"64\">Figurant parmi les distributeurs de cigarettes \u00e9lectroniques les plus fiables d'Europe, nous ne vendons que des produits 100 % authentiques. Pour nos clients professionnels, cela se traduit par des remises sur le Bang Blaze 60000, une assistance technique compl\u00e8te et une livraison rapide et fiable. Contactez-nous pour obtenir ce produit que vos clients appr\u00e9cieront sans aucun doute.<\/p>\n<p><script src=\"chrome-extension:\/\/fpelahbljekknahkcaegamhcndkfpfnc\/iFrame.js\" type=\"text\/javascript\"><\/script><\/p>","protected":false},"excerpt":{"rendered":"<p>&nbsp;<\/p>\n<p><script src=\"chrome-extension:\/\/fpelahbljekknahkcaegamhcndkfpfnc\/iFrame.js\" type=\"text\/javascript\"><\/script><\/p>\n<p><script src=\"chrome-extension:\/\/fpelahbljekknahkcaegamhcndkfpfnc\/iFrame.js\" type=\"text\/javascript\"><\/script><\/p>\n<p><script src=\"chrome-extension:\/\/fpelahbljekknahkcaegamhcndkfpfnc\/iFrame.js\" type=\"text\/javascript\"><\/script><\/p>","protected":false},"featured_media":19563,"comment_status":"open","ping_status":"closed","template":"","meta":[],"product_brand":[197],"product_cat":[124,187,185,189,1642,123,176,177,195,174,175,193,191,173,186,180,190],"product_tag":[],"class_list":{"0":"post-19539","1":"product","2":"type-product","3":"status-publish","4":"has-post-thumbnail","6":"product_brand-bang","7":"product_cat-vape-by-brand","8":"product_cat-0mg-nicotine-free-vapes","9":"product_cat-10000-puffs-high-capacity","10":"product_cat-20mg-standard-nicotine-vapes","11":"product_cat-60000-puffs","12":"product_cat-bang","13":"product_cat-beverage","14":"product_cat-dessert-sweets","15":"product_cat-dual-flavor-switch","16":"product_cat-fruit-flavors","17":"product_cat-icy-mint","18":"product_cat-mesh-coil","19":"product_cat-rechargeable-disposables","20":"product_cat-vape-by-flavor-profile","21":"product_cat-vape-by-nicotine-strength","22":"product_cat-vape-by-puff-count","23":"product_cat-vape-by-feature-or-type","25":"first","26":"instock","27":"shipping-taxable","28":"purchasable","29":"product-type-variable","30":"has-default-attributes"},"tiered_pricing_type":"percentage","tiered_pricing_fixed_rules":[],"tiered_pricing_product_settings":{"layout":"default","base_unit_name":{"singular":null,"plural":null},"default_variation":null},"tiered_pricing_minimum_quantity":10,"tiered_pricing_roles_data":[],"tiered_pricing_percentage_rules":{"30":"29","50":"35","100":"40","200":"44","500":"47","1000":"49"},"tiered_pricing_maximum_quantity":null,"tiered_pricing_quantity_step":"10","_links":{"self":[{"href":"https:\/\/agoravape.com\/fr\/wp-json\/wp\/v2\/product\/19539","targetHints":{"allow":["GET"]}}],"collection":[{"href":"https:\/\/agoravape.com\/fr\/wp-json\/wp\/v2\/product"}],"about":[{"href":"https:\/\/agoravape.com\/fr\/wp-json\/wp\/v2\/types\/product"}],"replies":[{"embeddable":true,"href":"https:\/\/agoravape.com\/fr\/wp-json\/wp\/v2\/comments?post=19539"}],"version-history":[{"count":0,"href":"https:\/\/agoravape.com\/fr\/wp-json\/wp\/v2\/product\/19539\/revisions"}],"wp:featuredmedia":[{"embeddable":true,"href":"https:\/\/agoravape.com\/fr\/wp-json\/wp\/v2\/media\/19563"}],"wp:attachment":[{"href":"https:\/\/agoravape.com\/fr\/wp-json\/wp\/v2\/media?parent=19539"}],"wp:term":[{"taxonomy":"product_brand","embeddable":true,"href":"https:\/\/agoravape.com\/fr\/wp-json\/wp\/v2\/product_brand?post=19539"},{"taxonomy":"product_cat","embeddable":true,"href":"https:\/\/agoravape.com\/fr\/wp-json\/wp\/v2\/product_cat?post=19539"},{"taxonomy":"product_tag","embeddable":true,"href":"https:\/\/agoravape.com\/fr\/wp-json\/wp\/v2\/product_tag?post=19539"}],"curies":[{"name":"wp","href":"https:\/\/api.w.org\/{rel}","templated":true}]}}