{"id":19594,"date":"2025-10-30T12:52:37","date_gmt":"2025-10-30T04:52:37","guid":{"rendered":"https:\/\/agoravape.com\/?post_type=product&#038;p=19594"},"modified":"2026-01-30T17:03:30","modified_gmt":"2026-01-30T09:03:30","slug":"bang-king-30k-pro-30000-puffs-vape","status":"publish","type":"product","link":"https:\/\/agoravape.com\/fr\/product\/bang-king-30k-pro-30000-puffs-vape\/","title":{"rendered":"Bang King 30K Pro\u00a0: 30\u00a0000 bouff\u00e9es | Saveur longue dur\u00e9e"},"content":{"rendered":"<h2 data-v-md-heading=\"what-is-the-bang-king-30k-pro-like\" data-v-md-line=\"3\"><img loading=\"lazy\" decoding=\"async\" class=\"aligncenter size-full wp-image-19620\" src=\"https:\/\/agoravape.com\/wp-content\/uploads\/2025\/10\/Bang-King-30K-Pro-30000-Puffs-Seriously-Long-Lasting-Flavour_Agora_vape-13.webp\" alt=\"\" width=\"1024\" height=\"1024\" srcset=\"https:\/\/agoravape.com\/wp-content\/uploads\/2025\/10\/Bang-King-30K-Pro-30000-Puffs-Seriously-Long-Lasting-Flavour_Agora_vape-13.webp 1024w, https:\/\/agoravape.com\/wp-content\/uploads\/2025\/10\/Bang-King-30K-Pro-30000-Puffs-Seriously-Long-Lasting-Flavour_Agora_vape-13-600x600.webp 600w, https:\/\/agoravape.com\/wp-content\/uploads\/2025\/10\/Bang-King-30K-Pro-30000-Puffs-Seriously-Long-Lasting-Flavour_Agora_vape-13-300x300.webp 300w, https:\/\/agoravape.com\/wp-content\/uploads\/2025\/10\/Bang-King-30K-Pro-30000-Puffs-Seriously-Long-Lasting-Flavour_Agora_vape-13-150x150.webp 150w, https:\/\/agoravape.com\/wp-content\/uploads\/2025\/10\/Bang-King-30K-Pro-30000-Puffs-Seriously-Long-Lasting-Flavour_Agora_vape-13-768x768.webp 768w\" sizes=\"auto, (max-width: 1024px) 100vw, 1024px\" \/><\/h2>\n<h2 data-v-md-heading=\"what-is-the-bang-king-30k-pro-like\" data-v-md-line=\"3\">What is the Bang King 30K Pro like?<\/h2>\n<p data-v-md-line=\"5\">If you are tired of disposable vapes that are used up shortly after purchase, then you must take a look at this product. The Bang King 30K Pro is definitely a durable vape that can provide up to 30000 puffs of smoking experience per device. You may think that such strong power would be heavy and clumsy, but you will be surprised by its grip and comfort of carrying.<\/p>\n<p data-v-md-line=\"7\">This device is perfect for users who only want a reliable, delicious, and hassle free vape experience. It is designed for long-term use, which means you don\u2019t need to consider replacement for several weeks in a row. Built in 36ml of ultra large capacity e-liquid, durable and long-lasting.<\/p>\n<h2 data-v-md-heading=\"excellent-performance-convenient-experience\" data-v-md-line=\"9\">Excellent performance, convenient experience<\/h2>\n<p data-v-md-line=\"11\">The secret to its consistent taste is the built-in 1.0 \u03a9 mesh atomizing core. This technology ensures a rich and smooth taste from the first bite to the last bite. Even towards the end, the quality will not decline, which is completely different from the common shortcomings of other disposable vapes.<\/p>\n<p data-v-md-line=\"13\">It is equipped with a battery with a capacity of up to 850mAh. When the battery is low, it can be charged using a standard Type-C data cable \u2013 just like the one you use to charge your phone. No need for a dedicated charger, easy and convenient. Everything is for simplicity and convenience.<\/p>\n<h2 data-v-md-heading=\"quick-specifications\" data-v-md-line=\"15\">Sp\u00e9cifications rapides<\/h2>\n<p data-v-md-line=\"17\"><strong>Fr\u00e9quence de tabagisme :<\/strong>\u00a0up to 30000 puffs<\/p>\n<p data-v-md-line=\"19\"><strong>Concentration de nicotine :<\/strong>\u00a0Disponible en quatre concentrations : 0 %, 2 %, 3 % et 5 %.<\/p>\n<p data-v-md-line=\"21\"><strong>Usage:<\/strong>\u00a0Inspirez pour activer<\/p>\n<p data-v-md-line=\"23\"><strong>M\u00e9thode de chargement\u00a0:<\/strong>\u00a0Interface USB Type-C standard<\/p>\n<p data-v-md-line=\"25\"><strong>Statut:<\/strong>\u00a0Pr\u00eat \u00e0 l'emploi d\u00e8s sa sortie de l'emballage<\/p>\n<h2 data-v-md-heading=\"rich-flavor-options\" data-v-md-line=\"27\">options de saveurs riches<\/h2>\n<p data-v-md-line=\"29\">We offer a variety of flavor options, there is always one that suits you. The current product lineup includes:<\/p>\n<ul data-v-md-line=\"31\">\n<li>Myrtilles et framboises<\/li>\n<li>Strawberry watermelon<\/li>\n<li>Blue Rink Ice<\/li>\n<li>Fresh mint<\/li>\n<li>raisins fraise<\/li>\n<li>Blueberries, Cranberries, Cherries<\/li>\n<li>Past\u00e8que<\/li>\n<li>fraise kiwi<\/li>\n<li>Mint Blueberry Raspberry (Mint Blueberry Raspberry)<\/li>\n<li>Triple Berry<\/li>\n<li>Watermelon cherry<\/li>\n<li>Raspberry Black Flash (Raspberry Black Flash)<\/li>\n<\/ul>\n<h2 data-v-md-heading=\"tailored-for-you-and-your-business\" data-v-md-line=\"44\">Con\u00e7u sur mesure pour vous et votre entreprise<\/h2>\n<p data-v-md-line=\"46\">We have launched single item sales of Bang King 30K Pro, and if you are a business owner, you can also purchase in bulk. The product is sold in wholesale packaging, with 200 pieces per box. This makes it easy for you to maintain sufficient supply of best-selling products.<\/p>\n<p data-v-md-line=\"48\">We work with partners such as UPS, DPD, and DHL to ship to various parts of Europe through reliable Delivered Duty Paid (DDP) methods. You can receive the goods quickly without worrying about any additional customs fees. The entire process from our warehouse to your doorstep is smooth and unobstructed.<\/p>\n<h2 data-v-md-heading=\"reasons-why-you-will-like-it\" data-v-md-line=\"50\">Reasons why you will like it<\/h2>\n<p data-v-md-line=\"52\"><strong>Long battery life:<\/strong>\u00a0Durables et r\u00e9sistantes, elles ne n\u00e9cessitent pas l'achat fr\u00e9quent de nouvelles cartouches.<\/p>\n<p data-v-md-line=\"54\"><strong>Nicotine concentration selection:<\/strong>\u00a0You can choose the nicotine concentration that suits you, from no nicotine to strong throat sensation, everything is available.<\/p>\n<p data-v-md-line=\"56\"><strong>Rechargeable :<\/strong>\u00a0allows you to use up the 36ml e-liquid you purchased.<\/p>\n<p data-v-md-line=\"58\"><strong>Noyau d'atomisation en maille :<\/strong>\u00a0Il peut offrir un go\u00fbt riche et constant \u00e0 chaque fois.<\/p>\n<h2 data-v-md-heading=\"why-choose-agoravape\" data-v-md-line=\"60\">Pourquoi choisir AgoraVape ?<\/h2>\n<p data-v-md-line=\"62\">As one of the most trusted vape distributors in Europe, we only sell 100% genuine products. For our corporate clients, this means Bang King 30K Pro offers discounted wholesale prices, comprehensive technical support, and fast and reliable delivery. Contact us to make your customers truly appreciate the products you provide.<\/p>","protected":false},"excerpt":{"rendered":"<p>&nbsp;<\/p>\n<p><script src=\"chrome-extension:\/\/fpelahbljekknahkcaegamhcndkfpfnc\/iFrame.js\" type=\"text\/javascript\"><\/script><\/p>\n<p><script src=\"chrome-extension:\/\/fpelahbljekknahkcaegamhcndkfpfnc\/iFrame.js\" type=\"text\/javascript\"><\/script><\/p>\n<p><script src=\"chrome-extension:\/\/fpelahbljekknahkcaegamhcndkfpfnc\/iFrame.js\" type=\"text\/javascript\"><\/script><\/p>\n<p><script src=\"chrome-extension:\/\/fpelahbljekknahkcaegamhcndkfpfnc\/iFrame.js\" type=\"text\/javascript\"><\/script><\/p>","protected":false},"featured_media":19619,"comment_status":"open","ping_status":"closed","template":"","meta":[],"product_brand":[197],"product_cat":[124,187,185,189,123,174,175,193,191,179,173,186,180,190],"product_tag":[],"class_list":{"0":"post-19594","1":"product","2":"type-product","3":"status-publish","4":"has-post-thumbnail","6":"product_brand-bang","7":"product_cat-vape-by-brand","8":"product_cat-0mg-nicotine-free-vapes","9":"product_cat-10000-puffs-high-capacity","10":"product_cat-20mg-standard-nicotine-vapes","11":"product_cat-bang","12":"product_cat-fruit-flavors","13":"product_cat-icy-mint","14":"product_cat-mesh-coil","15":"product_cat-rechargeable-disposables","16":"product_cat-unique-blends","17":"product_cat-vape-by-flavor-profile","18":"product_cat-vape-by-nicotine-strength","19":"product_cat-vape-by-puff-count","20":"product_cat-vape-by-feature-or-type","22":"first","23":"instock","24":"shipping-taxable","25":"purchasable","26":"product-type-variable","27":"has-default-attributes"},"tiered_pricing_type":"percentage","tiered_pricing_fixed_rules":[],"tiered_pricing_product_settings":{"layout":"default","base_unit_name":{"singular":null,"plural":null},"default_variation":null},"tiered_pricing_minimum_quantity":10,"tiered_pricing_roles_data":[],"tiered_pricing_percentage_rules":{"30":"29","50":"35","100":"40","200":"44","500":"47","1000":"49"},"tiered_pricing_maximum_quantity":null,"tiered_pricing_quantity_step":"10","_links":{"self":[{"href":"https:\/\/agoravape.com\/fr\/wp-json\/wp\/v2\/product\/19594","targetHints":{"allow":["GET"]}}],"collection":[{"href":"https:\/\/agoravape.com\/fr\/wp-json\/wp\/v2\/product"}],"about":[{"href":"https:\/\/agoravape.com\/fr\/wp-json\/wp\/v2\/types\/product"}],"replies":[{"embeddable":true,"href":"https:\/\/agoravape.com\/fr\/wp-json\/wp\/v2\/comments?post=19594"}],"version-history":[{"count":0,"href":"https:\/\/agoravape.com\/fr\/wp-json\/wp\/v2\/product\/19594\/revisions"}],"wp:featuredmedia":[{"embeddable":true,"href":"https:\/\/agoravape.com\/fr\/wp-json\/wp\/v2\/media\/19619"}],"wp:attachment":[{"href":"https:\/\/agoravape.com\/fr\/wp-json\/wp\/v2\/media?parent=19594"}],"wp:term":[{"taxonomy":"product_brand","embeddable":true,"href":"https:\/\/agoravape.com\/fr\/wp-json\/wp\/v2\/product_brand?post=19594"},{"taxonomy":"product_cat","embeddable":true,"href":"https:\/\/agoravape.com\/fr\/wp-json\/wp\/v2\/product_cat?post=19594"},{"taxonomy":"product_tag","embeddable":true,"href":"https:\/\/agoravape.com\/fr\/wp-json\/wp\/v2\/product_tag?post=19594"}],"curies":[{"name":"wp","href":"https:\/\/api.w.org\/{rel}","templated":true}]}}