{"id":19622,"date":"2025-10-30T13:03:50","date_gmt":"2025-10-30T05:03:50","guid":{"rendered":"https:\/\/agoravape.com\/?post_type=product&#038;p=19622"},"modified":"2026-01-30T17:02:57","modified_gmt":"2026-01-30T09:02:57","slug":"bang-king-12000-puffs-compact-vape","status":"publish","type":"product","link":"https:\/\/agoravape.com\/fr\/product\/bang-king-12000-puffs-compact-vape\/","title":{"rendered":"Bang King 12000 bouff\u00e9es | Grande capacit\u00e9 de bouff\u00e9es, format compact"},"content":{"rendered":"<h2 data-v-md-heading=\"what-about-bang-king-12000\" data-v-md-line=\"3\"><img loading=\"lazy\" decoding=\"async\" class=\"size-full wp-image-19637 alignright\" src=\"https:\/\/agoravape.com\/wp-content\/uploads\/2025\/10\/Bang-King-12000-Puffs-Massive-Puff-Count-Compact-Design_Agora_vape-2.webp\" alt=\"\" width=\"800\" height=\"800\" srcset=\"https:\/\/agoravape.com\/wp-content\/uploads\/2025\/10\/Bang-King-12000-Puffs-Massive-Puff-Count-Compact-Design_Agora_vape-2.webp 800w, https:\/\/agoravape.com\/wp-content\/uploads\/2025\/10\/Bang-King-12000-Puffs-Massive-Puff-Count-Compact-Design_Agora_vape-2-600x600.webp 600w, https:\/\/agoravape.com\/wp-content\/uploads\/2025\/10\/Bang-King-12000-Puffs-Massive-Puff-Count-Compact-Design_Agora_vape-2-300x300.webp 300w, https:\/\/agoravape.com\/wp-content\/uploads\/2025\/10\/Bang-King-12000-Puffs-Massive-Puff-Count-Compact-Design_Agora_vape-2-150x150.webp 150w, https:\/\/agoravape.com\/wp-content\/uploads\/2025\/10\/Bang-King-12000-Puffs-Massive-Puff-Count-Compact-Design_Agora_vape-2-768x768.webp 768w\" sizes=\"auto, (max-width: 800px) 100vw, 800px\" \/><\/h2>\n<h2 data-v-md-heading=\"what-about-bang-king-12000\" data-v-md-line=\"3\">Et Bang King 12000 ?<\/h2>\n<p data-v-md-line=\"5\">Alors, parlons de la Bang King 12000. Si vous en avez assez des cigarettes \u00e9lectroniques jetables qui perdent leur batterie apr\u00e8s seulement quelques jours d'utilisation, vous devriez jeter un \u0153il \u00e0 celle-ci. Vous pourriez penser qu'une cigarette \u00e9lectronique offrant 12\u00a0000 bouff\u00e9es serait encombrante, mais vous serez surpris par sa petite taille et sa portabilit\u00e9.<\/p>\n<p data-v-md-line=\"7\">Cet appareil est id\u00e9al pour les utilisateurs recherchant une exp\u00e9rience de cigarette \u00e9lectronique simple et fiable, sans manipulations fastidieuses. Sans bouton ni huilage, il est pr\u00eat \u00e0 l'emploi d\u00e8s sa sortie de la bo\u00eete. Con\u00e7u pour les personnes actives, il offre une saveur riche et durable, ce qui en fait un choix id\u00e9al pour une utilisation quotidienne.<\/p>\n<h2 data-v-md-heading=\"excellent-performance-and-easy-operation\" data-v-md-line=\"9\">Excellentes performances et facilit\u00e9 d'utilisation<\/h2>\n<p data-v-md-line=\"11\">Quels sont donc ses avantages\u00a0? \u00c0 l\u2019int\u00e9rieur, une r\u00e9sistance mesh assure une saveur constante \u00e0 chaque bouff\u00e9e. Elle chauffe uniform\u00e9ment le e-liquide, offrant ainsi une saveur douce et stable du d\u00e9but \u00e0 la fin. M\u00eame lorsque le e-liquide est presque \u00e9puis\u00e9, aucune odeur de br\u00fbl\u00e9 ne se d\u00e9gage.<\/p>\n<p data-v-md-line=\"13\">La batterie a une capacit\u00e9 de 600 mAh et est rechargeable. C'est un atout majeur, vous permettant de profiter pleinement de 12\u00a0000 bouff\u00e9es. Lorsque la batterie est faible, il suffit de la recharger avec un c\u00e2ble USB-C standard, comme pour votre t\u00e9l\u00e9phone. Tr\u00e8s pratique.<\/p>\n<h2 data-v-md-heading=\"product-specifications\" data-v-md-line=\"15\"><img loading=\"lazy\" decoding=\"async\" class=\"size-full wp-image-19641 alignright\" src=\"https:\/\/agoravape.com\/wp-content\/uploads\/2025\/10\/Bang-King-12000-Puffs-Massive-Puff-Count-Compact-Design_Agora_vape-6.webp\" alt=\"\" width=\"800\" height=\"800\" srcset=\"https:\/\/agoravape.com\/wp-content\/uploads\/2025\/10\/Bang-King-12000-Puffs-Massive-Puff-Count-Compact-Design_Agora_vape-6.webp 800w, https:\/\/agoravape.com\/wp-content\/uploads\/2025\/10\/Bang-King-12000-Puffs-Massive-Puff-Count-Compact-Design_Agora_vape-6-600x600.webp 600w, https:\/\/agoravape.com\/wp-content\/uploads\/2025\/10\/Bang-King-12000-Puffs-Massive-Puff-Count-Compact-Design_Agora_vape-6-300x300.webp 300w, https:\/\/agoravape.com\/wp-content\/uploads\/2025\/10\/Bang-King-12000-Puffs-Massive-Puff-Count-Compact-Design_Agora_vape-6-150x150.webp 150w, https:\/\/agoravape.com\/wp-content\/uploads\/2025\/10\/Bang-King-12000-Puffs-Massive-Puff-Count-Compact-Design_Agora_vape-6-768x768.webp 768w\" sizes=\"auto, (max-width: 800px) 100vw, 800px\" \/><\/h2>\n<h2 data-v-md-heading=\"product-specifications\" data-v-md-line=\"15\">Product specifications<\/h2>\n<p data-v-md-line=\"17\"><strong>Fr\u00e9quence de tabagisme :<\/strong>\u00a0jusqu'\u00e0 12 000 bouff\u00e9es<\/p>\n<p data-v-md-line=\"19\"><strong>Nicotine content:<\/strong>\u00a00%, 2%, 3%, and 5% optional<\/p>\n<p data-v-md-line=\"21\"><strong>Usage:<\/strong>\u00a0Inspirez pour activer<\/p>\n<p data-v-md-line=\"23\"><strong>M\u00e9thode de chargement\u00a0:<\/strong>\u00a0Interface USB Type-C standard<\/p>\n<p data-v-md-line=\"25\"><strong>Statut:<\/strong>\u00a0Pr\u00eat \u00e0 l'emploi d\u00e8s sa sortie de l'emballage<\/p>\n<h2 data-v-md-heading=\"complete-flavor-lineup\" data-v-md-line=\"27\">Gamme compl\u00e8te de saveurs<\/h2>\n<ul data-v-md-line=\"29\">\n<li>Saveur past\u00e8que<\/li>\n<li>Saveur fraise et past\u00e8que<\/li>\n<li>Saveur glace \u00e0 la myrtille<\/li>\n<li>Saveur myrtille et framboise<\/li>\n<li>Saveur fraise et mangue<\/li>\n<li>Saveur glac\u00e9e Dragon Noir<\/li>\n<li>Saveur Coca-Cola Cherry<\/li>\n<li>Saveur myrtille et raisin<\/li>\n<li>Saveur triple baies<\/li>\n<li>Saveur \u00e9trange de fraise<\/li>\n<li>Saveur glace \u00e0 la p\u00eache<\/li>\n<li>Go\u00fbt de chewing-gum \u00e0 la past\u00e8que<\/li>\n<\/ul>\n<p>&nbsp;<\/p>\n<h2 data-v-md-heading=\"tailored-for-you-and-your-business\" data-v-md-line=\"42\">Con\u00e7u sur mesure pour vous et votre entreprise<\/h2>\n<p data-v-md-line=\"44\">Le Bang King 12000 est disponible \u00e0 l'unit\u00e9 et en gros pour les professionnels. Les commandes en gros sont conditionn\u00e9es en pr\u00e9sentoirs de 10 unit\u00e9s, tandis que les commandes group\u00e9es sont emball\u00e9es dans de grands cartons de 200 unit\u00e9s. Conscients de l'importance d'une logistique sans faille, nous collaborons avec des partenaires de confiance tels que UPS, DPD et DHL pour vous proposer des services de livraison DDP fiables, taxes incluses. Votre commande sera ainsi livr\u00e9e rapidement, sans tracas li\u00e9s au d\u00e9douanement.<\/p>\n<h2 data-v-md-heading=\"reasons-why-you-will-like-it\" data-v-md-line=\"46\">Reasons why you will like it<\/h2>\n<p data-v-md-line=\"48\"><strong>Durable and long-lasting:<\/strong>\u00a0Une seule cigarette \u00e9lectronique peut \u00eatre utilis\u00e9e pendant une p\u00e9riode prolong\u00e9e sans qu'il soit n\u00e9cessaire de faire des achats fr\u00e9quents.<\/p>\n<p data-v-md-line=\"50\"><strong>Nicotine concentration selection:<\/strong>\u00a0You can choose the nicotine concentration that suits you.<\/p>\n<p data-v-md-line=\"52\"><strong>Rechargeable :<\/strong>\u00a0allows you to use up all the e-liquid you purchase.<\/p>\n<p data-v-md-line=\"54\"><strong>Noyau d'atomisation en maille :<\/strong>\u00a0Il peut offrir un go\u00fbt riche et constant \u00e0 chaque fois.<\/p>\n<h2 data-v-md-heading=\"why-choose-to-collaborate-with-agoravape\" data-v-md-line=\"56\">Pourquoi choisir de collaborer avec AgoraVape ?<\/h2>\n<p data-v-md-line=\"58\">Figurant parmi les distributeurs de cigarettes \u00e9lectroniques les plus fiables d'Europe, nous ne vendons que des produits 100 % authentiques. Pour nos clients professionnels, cela signifie que les cigarettes \u00e9lectroniques jetables Bang King 12000 mini b\u00e9n\u00e9ficient de prix de gros tr\u00e8s comp\u00e9titifs, d'un service apr\u00e8s-vente fiable et d'une livraison rapide et s\u00e9curis\u00e9e. Contactez-nous sans plus attendre\u00a0: vos clients vous remercieront d'avoir choisi ce produit.<\/p>","protected":false},"excerpt":{"rendered":"<p>&nbsp;<\/p>\n<p><script src=\"chrome-extension:\/\/fpelahbljekknahkcaegamhcndkfpfnc\/iFrame.js\" type=\"text\/javascript\"><\/script><\/p>\n<p><script src=\"chrome-extension:\/\/fpelahbljekknahkcaegamhcndkfpfnc\/iFrame.js\" type=\"text\/javascript\"><\/script><\/p>\n<p><script src=\"chrome-extension:\/\/fpelahbljekknahkcaegamhcndkfpfnc\/iFrame.js\" type=\"text\/javascript\"><\/script><\/p>\n<p><script src=\"chrome-extension:\/\/fpelahbljekknahkcaegamhcndkfpfnc\/iFrame.js\" type=\"text\/javascript\"><\/script><\/p>","protected":false},"featured_media":19646,"comment_status":"open","ping_status":"closed","template":"","meta":[],"product_brand":[197],"product_cat":[124,187,185,1634,189,123,177,174,175,193,191,173,186,180,190],"product_tag":[],"class_list":{"0":"post-19622","1":"product","2":"type-product","3":"status-publish","4":"has-post-thumbnail","6":"product_brand-bang","7":"product_cat-vape-by-brand","8":"product_cat-0mg-nicotine-free-vapes","9":"product_cat-10000-puffs-high-capacity","10":"product_cat-12000-puffs","11":"product_cat-20mg-standard-nicotine-vapes","12":"product_cat-bang","13":"product_cat-dessert-sweets","14":"product_cat-fruit-flavors","15":"product_cat-icy-mint","16":"product_cat-mesh-coil","17":"product_cat-rechargeable-disposables","18":"product_cat-vape-by-flavor-profile","19":"product_cat-vape-by-nicotine-strength","20":"product_cat-vape-by-puff-count","21":"product_cat-vape-by-feature-or-type","23":"first","24":"instock","25":"shipping-taxable","26":"purchasable","27":"product-type-variable","28":"has-default-attributes"},"tiered_pricing_type":"percentage","tiered_pricing_fixed_rules":[],"tiered_pricing_product_settings":{"layout":"default","base_unit_name":{"singular":null,"plural":null},"default_variation":null},"tiered_pricing_minimum_quantity":10,"tiered_pricing_roles_data":[],"tiered_pricing_percentage_rules":{"30":"29","50":"35","100":"40","200":"44","500":"47","1000":"49"},"tiered_pricing_maximum_quantity":null,"tiered_pricing_quantity_step":"10","_links":{"self":[{"href":"https:\/\/agoravape.com\/fr\/wp-json\/wp\/v2\/product\/19622","targetHints":{"allow":["GET"]}}],"collection":[{"href":"https:\/\/agoravape.com\/fr\/wp-json\/wp\/v2\/product"}],"about":[{"href":"https:\/\/agoravape.com\/fr\/wp-json\/wp\/v2\/types\/product"}],"replies":[{"embeddable":true,"href":"https:\/\/agoravape.com\/fr\/wp-json\/wp\/v2\/comments?post=19622"}],"version-history":[{"count":0,"href":"https:\/\/agoravape.com\/fr\/wp-json\/wp\/v2\/product\/19622\/revisions"}],"wp:featuredmedia":[{"embeddable":true,"href":"https:\/\/agoravape.com\/fr\/wp-json\/wp\/v2\/media\/19646"}],"wp:attachment":[{"href":"https:\/\/agoravape.com\/fr\/wp-json\/wp\/v2\/media?parent=19622"}],"wp:term":[{"taxonomy":"product_brand","embeddable":true,"href":"https:\/\/agoravape.com\/fr\/wp-json\/wp\/v2\/product_brand?post=19622"},{"taxonomy":"product_cat","embeddable":true,"href":"https:\/\/agoravape.com\/fr\/wp-json\/wp\/v2\/product_cat?post=19622"},{"taxonomy":"product_tag","embeddable":true,"href":"https:\/\/agoravape.com\/fr\/wp-json\/wp\/v2\/product_tag?post=19622"}],"curies":[{"name":"wp","href":"https:\/\/api.w.org\/{rel}","templated":true}]}}