{"id":19675,"date":"2025-10-30T14:10:22","date_gmt":"2025-10-30T06:10:22","guid":{"rendered":"https:\/\/agoravape.com\/?post_type=product&#038;p=19675"},"modified":"2026-01-30T17:01:28","modified_gmt":"2026-01-30T09:01:28","slug":"bang-king-15000-puffs-vape","status":"publish","type":"product","link":"https:\/\/agoravape.com\/fr\/product\/bang-king-15000-puffs-vape\/","title":{"rendered":"Bang King 15000 Puffs | Serious Longevity, Zero Hassle"},"content":{"rendered":"<h2 data-v-md-heading=\"what-is-the-bang-king-15000-port-mesh-coil-disposable-vape\" data-v-md-line=\"3\"><img loading=\"lazy\" decoding=\"async\" class=\"size-full wp-image-19703 alignright\" src=\"https:\/\/agoravape.com\/wp-content\/uploads\/2025\/10\/Bang-King-15000-Puffs-Serious-Longevity-Zero-Hassle_Agora_vape-16.webp\" alt=\"\" width=\"1440\" height=\"1206\" srcset=\"https:\/\/agoravape.com\/wp-content\/uploads\/2025\/10\/Bang-King-15000-Puffs-Serious-Longevity-Zero-Hassle_Agora_vape-16.webp 1440w, https:\/\/agoravape.com\/wp-content\/uploads\/2025\/10\/Bang-King-15000-Puffs-Serious-Longevity-Zero-Hassle_Agora_vape-16-1200x1005.webp 1200w, https:\/\/agoravape.com\/wp-content\/uploads\/2025\/10\/Bang-King-15000-Puffs-Serious-Longevity-Zero-Hassle_Agora_vape-16-300x251.webp 300w, https:\/\/agoravape.com\/wp-content\/uploads\/2025\/10\/Bang-King-15000-Puffs-Serious-Longevity-Zero-Hassle_Agora_vape-16-1024x858.webp 1024w, https:\/\/agoravape.com\/wp-content\/uploads\/2025\/10\/Bang-King-15000-Puffs-Serious-Longevity-Zero-Hassle_Agora_vape-16-768x643.webp 768w\" sizes=\"auto, (max-width: 1440px) 100vw, 1440px\" \/><\/h2>\n<h2 data-v-md-heading=\"what-is-the-bang-king-15000-port-mesh-coil-disposable-vape\" data-v-md-line=\"3\">Qu'est-ce que le vaporisateur jetable Bang King 15000 avec r\u00e9sistance mesh ?<\/h2>\n<p data-v-md-line=\"5\">Parlons donc de cette cigarette \u00e9lectronique ultra-r\u00e9sistante. La Bang King 15000 ne mise pas sur le superflu ni la complexit\u00e9\u00a0: elle privil\u00e9gie la durabilit\u00e9. Un seul appareil permet 15\u00a0000 bouff\u00e9es, ce qui signifie que vous pouvez l'utiliser en continu pendant des semaines sans vous soucier de changer les cartouches. De plus, sa capacit\u00e9 en e-liquide atteint 25\u00a0ml, ce qui est plus important que celle de la plupart des cigarettes \u00e9lectroniques jetables du march\u00e9.<\/p>\n<p data-v-md-line=\"7\">Ce que j'appr\u00e9cie le plus avec cette cigarette \u00e9lectronique, c'est qu'elle ne sacrifie pas la qualit\u00e9 \u00e0 la quantit\u00e9. On pourrait croire qu'apr\u00e8s plusieurs bouff\u00e9es, le go\u00fbt s'estompe, mais la r\u00e9sistance mesh pr\u00e9serve toute sa saveur jusqu'\u00e0 la fin. Si vous en avez assez d'acheter constamment de nouvelles cigarettes \u00e9lectroniques ou de voir vos appareils tomber en panne avant que le e-liquide ne soit termin\u00e9, alors ce produit est fait pour vous.<\/p>\n<h2 data-v-md-heading=\"excellent-performance-and-easy-operation\" data-v-md-line=\"9\">Excellentes performances et facilit\u00e9 d'utilisation<\/h2>\n<p data-v-md-line=\"11\">La technologie de ce produit est simple mais ing\u00e9nieuse. La r\u00e9sistance mesh de 1,0 \u03a9 n'est pas un gadget\u00a0: elle apporte de r\u00e9elles am\u00e9liorations. Que ce soit votre premi\u00e8re utilisation ou que vous l'ayez d\u00e9j\u00e0 test\u00e9e 5\u00a0000 fois, chaque bouff\u00e9e vous garantit une saveur riche et constante, ainsi qu'une vapeur abondante. La capacit\u00e9 de la batterie de 550\u00a0mAh peut para\u00eetre modeste, mais gr\u00e2ce au port de charge USB-C, elle est largement suffisante. Pour la recharger, il vous suffit d'utiliser le c\u00e2ble de donn\u00e9es de votre t\u00e9l\u00e9phone. Plus besoin de chercher un chargeur sp\u00e9cifique\u00a0: c'est tr\u00e8s pratique.<\/p>\n<h2 data-v-md-heading=\"product-specifications\" data-v-md-line=\"13\">Product specifications<\/h2>\n<p data-v-md-line=\"15\"><strong>Fr\u00e9quence de tabagisme :<\/strong>\u00a0jusqu'\u00e0 15 000 bouff\u00e9es<\/p>\n<p data-v-md-line=\"17\"><strong>Capacit\u00e9 en e-liquide :<\/strong>\u00a0Huile pr\u00e9-remplie de 25 ml<\/p>\n<p data-v-md-line=\"19\"><strong>Batterie:<\/strong>\u00a0Batterie rechargeable 550 mAh (type 13350)<\/p>\n<p data-v-md-line=\"21\"><strong>Usage:<\/strong>\u00a0Inspirez pour activer<\/p>\n<p data-v-md-line=\"23\"><strong>M\u00e9thode de chargement\u00a0:<\/strong>\u00a0Interface USB Type-C standard<\/p>\n<p data-v-md-line=\"25\"><strong>Noyau atomiseur :<\/strong>\u00a0Noyau d'atomisation en maille de 1,0 \u03a9, pour une saveur toujours d\u00e9licieuse<\/p>\n<p data-v-md-line=\"27\"><strong>Statut:<\/strong>\u00a0Pr\u00eat \u00e0 l'emploi d\u00e8s sa sortie de l'emballage<\/p>\n<h2 data-v-md-heading=\"complete-flavor-lineup\" data-v-md-line=\"29\">Gamme compl\u00e8te de saveurs<\/h2>\n<ul data-v-md-line=\"31\">\n<li>P\u00eache et mangue<\/li>\n<li>Triple Berry<\/li>\n<li>Strawberry watermelon<\/li>\n<li>Fraises croquantes<\/li>\n<li>Myrtilles et framboises<\/li>\n<li>Raisin \u00e0 l'aloe vera<\/li>\n<li>Double Pomme<\/li>\n<li>Glace \u00e0 la p\u00eache<\/li>\n<li>fraise kiwi<\/li>\n<li>Fruits m\u00e9lang\u00e9s<\/li>\n<li>Fraise et banane<\/li>\n<li>Kiwi, fruit de la passion, goyave<\/li>\n<li>pomme verte framboise<\/li>\n<li>Chewing-gum \u00e0 la past\u00e8que<\/li>\n<li>Yaourt \u00e0 la fraise<\/li>\n<li>Glace du Dragon Noir<\/li>\n<li>Pink Lemon Water<\/li>\n<li>Popcorn aux cerises<\/li>\n<li>Glace au menthol<\/li>\n<li>barbe \u00e0 papa<\/li>\n<\/ul>\n<h2 data-v-md-heading=\"tailored-for-you-and-your-business\" data-v-md-line=\"52\">Con\u00e7u sur mesure pour vous et votre entreprise<\/h2>\n<p data-v-md-line=\"54\">Nous proposons d\u00e9sormais le Bang King 15000 bouff\u00e9es, disponible \u00e0 l'unit\u00e9. Si vous \u00eates un commer\u00e7ant ou souhaitez commander en gros, nous vous proposons des solutions de vente en gros adapt\u00e9es \u00e0 vos besoins. Les produits sont conditionn\u00e9s par bo\u00eetes de 100 ou 200 unit\u00e9s, soigneusement rang\u00e9es et pr\u00eates \u00e0 \u00eatre exp\u00e9di\u00e9es. Chaque bo\u00eete est emball\u00e9e avec soin (200 bo\u00eetes de 55 \u00d7 29,5 \u00d7 26 cm pour un poids d'environ 18,85 kg, ce qui vous permet de visualiser facilement les caract\u00e9ristiques du produit).<\/p>\n<p data-v-md-line=\"56\">Plus important encore, nous prenons en charge toute la logistique. Nous proposons des livraisons DDP via UPS, DPD et DHL, et tous les droits de douane sont pr\u00e9pay\u00e9s. Vous n'avez donc pas \u00e0 vous soucier des frais de douane ni des co\u00fbts cach\u00e9s. Que vous commandiez une ou cent pi\u00e8ces, nous vous les livrons directement \u00e0 domicile.<\/p>\n<h2 data-v-md-heading=\"reasons-why-you-will-like-it\" data-v-md-line=\"58\">Reasons why you will like it<\/h2>\n<p data-v-md-line=\"60\"><strong>15 000 bouff\u00e9es :<\/strong>\u00a0Suffisant pour plusieurs semaines d'utilisation \u2013 pas besoin d'acheter fr\u00e9quemment des cartouches de remplacement.<\/p>\n<p data-v-md-line=\"62\"><strong>25 ml d'e-liquide :<\/strong>\u00a0Capacit\u00e9 d'e-liquide sup\u00e9rieure \u00e0 celle de la plupart des cigarettes \u00e9lectroniques jetables, excellent rapport qualit\u00e9-prix<\/p>\n<p data-v-md-line=\"64\"><strong>Chargement de type C\u00a0:<\/strong>\u00a0Utilisez le m\u00eame c\u00e2ble de chargement que la plupart des t\u00e9l\u00e9phones modernes\u00a0: pratique et rapide.<\/p>\n<p data-v-md-line=\"66\"><strong>Noyau d'atomiseur \u00e0 mailles :<\/strong>\u00a0garantit un go\u00fbt constant du d\u00e9but \u00e0 la fin, et pas seulement pendant les premi\u00e8res centaines de bouch\u00e9es.<\/p>\n<p data-v-md-line=\"68\"><strong>20 saveurs :<\/strong>\u00a0De la glace \u00e0 la menthe classique aux guimauves fourr\u00e9es de surprises, il y en a toujours une qui vous conviendra.<\/p>\n<h2 data-v-md-heading=\"why-choose-to-collaborate-with-agoravape\" data-v-md-line=\"70\">Pourquoi choisir de collaborer avec AgoraVape ?<\/h2>\n<p data-v-md-line=\"72\">Figurant parmi les distributeurs de cigarettes \u00e9lectroniques les plus fiables d'Europe, nous ne vendons que des produits 100 % authentiques. Pour nos clients professionnels, cela signifie que les cigarettes \u00e9lectroniques Bang King 15000 vous offrent des prix de gros tr\u00e8s comp\u00e9titifs, une assistance technique fiable et un service de livraison rapide et s\u00fbr. Contactez-nous et offrez \u00e0 vos clients un produit qu'ils appr\u00e9cieront sans aucun doute.<\/p>","protected":false},"excerpt":{"rendered":"<p>&nbsp;<\/p>\n<p><script src=\"chrome-extension:\/\/fpelahbljekknahkcaegamhcndkfpfnc\/iFrame.js\" type=\"text\/javascript\"><\/script><\/p>\n<p><script src=\"chrome-extension:\/\/fpelahbljekknahkcaegamhcndkfpfnc\/iFrame.js\" type=\"text\/javascript\"><\/script><\/p>\n<p><script src=\"chrome-extension:\/\/fpelahbljekknahkcaegamhcndkfpfnc\/iFrame.js\" type=\"text\/javascript\"><\/script><\/p>\n<p><script src=\"chrome-extension:\/\/fpelahbljekknahkcaegamhcndkfpfnc\/iFrame.js\" type=\"text\/javascript\"><\/script><\/p>","protected":false},"featured_media":19707,"comment_status":"open","ping_status":"closed","template":"","meta":[],"product_brand":[197],"product_cat":[124,187,185,1635,189,123,176,177,174,175,193,191,173,186,180,190],"product_tag":[],"class_list":{"0":"post-19675","1":"product","2":"type-product","3":"status-publish","4":"has-post-thumbnail","6":"product_brand-bang","7":"product_cat-vape-by-brand","8":"product_cat-0mg-nicotine-free-vapes","9":"product_cat-10000-puffs-high-capacity","10":"product_cat-15000-puffs","11":"product_cat-20mg-standard-nicotine-vapes","12":"product_cat-bang","13":"product_cat-beverage","14":"product_cat-dessert-sweets","15":"product_cat-fruit-flavors","16":"product_cat-icy-mint","17":"product_cat-mesh-coil","18":"product_cat-rechargeable-disposables","19":"product_cat-vape-by-flavor-profile","20":"product_cat-vape-by-nicotine-strength","21":"product_cat-vape-by-puff-count","22":"product_cat-vape-by-feature-or-type","24":"first","25":"instock","26":"shipping-taxable","27":"purchasable","28":"product-type-variable","29":"has-default-attributes"},"tiered_pricing_type":"percentage","tiered_pricing_fixed_rules":[],"tiered_pricing_product_settings":{"layout":"default","base_unit_name":{"singular":null,"plural":null},"default_variation":null},"tiered_pricing_minimum_quantity":10,"tiered_pricing_roles_data":[],"tiered_pricing_percentage_rules":{"30":"29","50":"35","100":"40","200":"44","500":"47","1000":"49"},"tiered_pricing_maximum_quantity":null,"tiered_pricing_quantity_step":"10","_links":{"self":[{"href":"https:\/\/agoravape.com\/fr\/wp-json\/wp\/v2\/product\/19675","targetHints":{"allow":["GET"]}}],"collection":[{"href":"https:\/\/agoravape.com\/fr\/wp-json\/wp\/v2\/product"}],"about":[{"href":"https:\/\/agoravape.com\/fr\/wp-json\/wp\/v2\/types\/product"}],"replies":[{"embeddable":true,"href":"https:\/\/agoravape.com\/fr\/wp-json\/wp\/v2\/comments?post=19675"}],"version-history":[{"count":0,"href":"https:\/\/agoravape.com\/fr\/wp-json\/wp\/v2\/product\/19675\/revisions"}],"wp:featuredmedia":[{"embeddable":true,"href":"https:\/\/agoravape.com\/fr\/wp-json\/wp\/v2\/media\/19707"}],"wp:attachment":[{"href":"https:\/\/agoravape.com\/fr\/wp-json\/wp\/v2\/media?parent=19675"}],"wp:term":[{"taxonomy":"product_brand","embeddable":true,"href":"https:\/\/agoravape.com\/fr\/wp-json\/wp\/v2\/product_brand?post=19675"},{"taxonomy":"product_cat","embeddable":true,"href":"https:\/\/agoravape.com\/fr\/wp-json\/wp\/v2\/product_cat?post=19675"},{"taxonomy":"product_tag","embeddable":true,"href":"https:\/\/agoravape.com\/fr\/wp-json\/wp\/v2\/product_tag?post=19675"}],"curies":[{"name":"wp","href":"https:\/\/api.w.org\/{rel}","templated":true}]}}