{"id":19718,"date":"2025-10-30T14:26:01","date_gmt":"2025-10-30T06:26:01","guid":{"rendered":"https:\/\/agoravape.com\/?post_type=product&#038;p=19718"},"modified":"2026-01-30T16:56:52","modified_gmt":"2026-01-30T08:56:52","slug":"bang-king-20000-puffs-jetable-vape","status":"publish","type":"product","link":"https:\/\/agoravape.com\/fr\/product\/bang-king-20000-puffs-disposable-vape\/","title":{"rendered":"Bang King 20000 | Massive Puff Count, Zero Hassle"},"content":{"rendered":"<h2 data-v-md-heading=\"what-is-the-bang-king-20000-rechargeable-disposable-vape-like\" data-v-md-line=\"3\"><img loading=\"lazy\" decoding=\"async\" class=\"aligncenter size-full wp-image-19752\" src=\"https:\/\/agoravape.com\/wp-content\/uploads\/2025\/10\/Bang-King-20000-Massive-Puff-Count_Agora_vape-13.webp\" alt=\"\" width=\"1200\" height=\"2280\" srcset=\"https:\/\/agoravape.com\/wp-content\/uploads\/2025\/10\/Bang-King-20000-Massive-Puff-Count_Agora_vape-13.webp 1200w, https:\/\/agoravape.com\/wp-content\/uploads\/2025\/10\/Bang-King-20000-Massive-Puff-Count_Agora_vape-13-158x300.webp 158w, https:\/\/agoravape.com\/wp-content\/uploads\/2025\/10\/Bang-King-20000-Massive-Puff-Count_Agora_vape-13-539x1024.webp 539w, https:\/\/agoravape.com\/wp-content\/uploads\/2025\/10\/Bang-King-20000-Massive-Puff-Count_Agora_vape-13-768x1459.webp 768w, https:\/\/agoravape.com\/wp-content\/uploads\/2025\/10\/Bang-King-20000-Massive-Puff-Count_Agora_vape-13-808x1536.webp 808w, https:\/\/agoravape.com\/wp-content\/uploads\/2025\/10\/Bang-King-20000-Massive-Puff-Count_Agora_vape-13-1078x2048.webp 1078w\" sizes=\"auto, (max-width: 1200px) 100vw, 1200px\" \/><\/h2>\n<h2 data-v-md-heading=\"what-is-the-bang-king-20000-rechargeable-disposable-vape-like\" data-v-md-line=\"3\">\u00c0 quoi ressemble la cigarette \u00e9lectronique rechargeable jetable Bang King 20000 ?<\/h2>\n<p data-v-md-line=\"5\">Parlons maintenant d'une cigarette \u00e9lectronique vraiment durable. La Bang King 20000 n'a pas cherch\u00e9 \u00e0 r\u00e9volutionner le march\u00e9, elle a simplement rempli sa fonction premi\u00e8re : vous offrir une exp\u00e9rience de vapotage fiable pendant des semaines, sans le moindre souci. Son autonomie peut atteindre 20\u00a0000 bouff\u00e9es, surpassant largement celle des autres cigarettes \u00e9lectroniques.<\/p>\n<p data-v-md-line=\"7\">Pour celles et ceux qui en ont assez d'acheter constamment de nouvelles cigarettes \u00e9lectroniques jetables sans pour autant vouloir un kit complet, c'est la solution id\u00e9ale. Elle allie la praticit\u00e9 des cigarettes \u00e9lectroniques jetables \u00e0 l'autonomie des mod\u00e8les plus professionnels. De plus, elle est rechargeable, vous permettant ainsi de profiter pleinement de ses 25 ml d'e-liquide.<\/p>\n<h2 data-v-md-heading=\"excellent-performance-and-easy-operation\" data-v-md-line=\"9\">Excellentes performances et facilit\u00e9 d'utilisation<\/h2>\n<p data-v-md-line=\"11\">Le c\u0153ur de ce produit r\u00e9side dans sa r\u00e9sistance mesh int\u00e9gr\u00e9e de 1,1 \u03a9. Ainsi, de la premi\u00e8re bouff\u00e9e jusqu'aux vingt mille, vous profiterez d'une saveur douce et constante. Fini le go\u00fbt de br\u00fbl\u00e9 ou l'alt\u00e9ration de la saveur\u00a0: l'exp\u00e9rience de vapotage reste toujours aussi satisfaisante. Pour recharger sa batterie de 650\u00a0mAh (\u00e0 l'autonomie exceptionnelle), un simple c\u00e2ble USB-C suffit\u00a0; vous en avez probablement d\u00e9j\u00e0 un similaire connect\u00e9 \u00e0 votre t\u00e9l\u00e9phone. C'est aussi simple que \u00e7a.<\/p>\n<h2 data-v-md-heading=\"quick-specifications\" data-v-md-line=\"13\">Sp\u00e9cifications rapides<\/h2>\n<p data-v-md-line=\"15\"><strong>Fr\u00e9quence de tabagisme :<\/strong>\u00a0jusqu'\u00e0 20 000 bouff\u00e9es<\/p>\n<p data-v-md-line=\"17\"><strong>Capacit\u00e9 en e-liquide :<\/strong>\u00a0Huile pr\u00e9-remplie de 25 ml<\/p>\n<p data-v-md-line=\"19\"><strong>Batterie:<\/strong>\u00a0batterie rechargeable de 650 mAh<\/p>\n<p data-v-md-line=\"21\"><strong>Usage:<\/strong>\u00a0Inspirez pour activer<\/p>\n<p data-v-md-line=\"23\"><strong>M\u00e9thode de chargement\u00a0:<\/strong>\u00a0Interface USB Type-C standard<\/p>\n<p data-v-md-line=\"25\"><strong>Noyau atomiseur :<\/strong>\u00a0Noyau d'atomisation en maille de 1,1 \u03a9, assurant un go\u00fbt constant<\/p>\n<p data-v-md-line=\"27\"><strong>Statut:<\/strong>\u00a0Pr\u00eat \u00e0 l'emploi d\u00e8s sa sortie de l'emballage<\/p>\n<h2 data-v-md-heading=\"complete-flavor-lineup\" data-v-md-line=\"29\">Gamme compl\u00e8te de saveurs<\/h2>\n<ul data-v-md-line=\"31\">\n<li>pomme verte framboise<\/li>\n<li>Glace \u00e0 la p\u00eache<\/li>\n<li>fruits tropicaux<\/li>\n<li>Strawberry watermelon<\/li>\n<li>Glace \u00e0 la past\u00e8que<\/li>\n<li>Glace au raisin<\/li>\n<li>Blue Rink Ice<\/li>\n<li>Myrtilles et framboises<\/li>\n<li>Fraise Mangue<\/li>\n<li>kiwi goyave<\/li>\n<li>Energy drinks<\/li>\n<li>fraise kiwi<\/li>\n<\/ul>\n<h2 data-v-md-heading=\"to-serve-you-and-your-business\" data-v-md-line=\"44\">Pour vous servir, vous et votre entreprise<\/h2>\n<p data-v-md-line=\"46\">Nous avons lanc\u00e9 la version Bang King 20000 pour les particuliers, mais si vous g\u00e9rez un magasin physique ou en ligne, vous pouvez facilement vous approvisionner. Le produit est vendu en gros par cartons de 200 pi\u00e8ces, soigneusement emball\u00e9s et pr\u00eats \u00e0 \u00eatre exp\u00e9di\u00e9s imm\u00e9diatement. Chaque carton p\u00e8se environ 21,5 kg et mesure 565 \u00d7 337 \u00d7 258 mm \u2013 ces informations vous seront tr\u00e8s utiles pour optimiser votre espace de stockage.<\/p>\n<p data-v-md-line=\"48\">Nous collaborons avec des partenaires de confiance comme UPS, DPD et DHL pour r\u00e9pondre \u00e0 tous vos besoins en mati\u00e8re de transport. Toutes les marchandises sont d\u00e9douan\u00e9es (DDP), vous n'avez donc pas \u00e0 vous soucier des frais de douane. Que vous soyez \u00e0 Berlin, Barcelone ou Birmingham, nous vous proposons un service de livraison \u00e0 domicile pratique et fiable.<\/p>\n<h2 data-v-md-heading=\"reasons-why-you-will-like-it\" data-v-md-line=\"50\">Reasons why you will like it<\/h2>\n<p data-v-md-line=\"52\"><strong>20 000 bouff\u00e9es :<\/strong>\u00a0Cela \u00e9quivaut \u00e0 un mois, voire plus, d'exp\u00e9rience avec la cigarette \u00e9lectronique \u2013 vous oublierez compl\u00e8tement \u00e0 quoi ressemble un magasin de cigarettes \u00e9lectroniques.<\/p>\n<p data-v-md-line=\"54\"><strong>25 ml d'e-liquide :<\/strong>\u00a0Plus de liquide pour e-liquide signifie une meilleure rentabilit\u00e9.<\/p>\n<p data-v-md-line=\"56\"><strong>Batterie rechargeable :<\/strong>\u00a0Finissez chaque bouch\u00e9e au lieu de jeter le plat \u00e0 moiti\u00e9 plein.<\/p>\n<p data-v-md-line=\"58\"><strong>Technologie des bobines \u00e0 mailles :<\/strong>\u00a0Il peut apporter un go\u00fbt stable et riche \u00e0 chaque fois.<\/p>\n<p data-v-md-line=\"60\"><strong>Chargement de type C\u00a0:<\/strong>\u00a0Rechargez rapidement \u00e0 l'aide de votre c\u00e2ble de donn\u00e9es existant.<\/p>\n<p data-v-md-line=\"62\"><strong>12 saveurs au choix :<\/strong>\u00a0Des saveurs fruit\u00e9es classiques aux saveurs rafra\u00eechissantes de boissons \u00e9nergisantes, tout est disponible.<\/p>\n<h2 data-v-md-heading=\"why-choose-agoravape\" data-v-md-line=\"64\">Pourquoi choisir AgoraVape ?<\/h2>\n<p data-v-md-line=\"66\">Figurant parmi les distributeurs de cigarettes \u00e9lectroniques les plus fiables d'Europe, nous ne vendons que des produits 100 % authentiques. Pour nos clients professionnels, cela se traduit par des prix de gros avantageux, une assistance technique fiable et un service de livraison rapide et s\u00e9curis\u00e9 pour les 20\u00a0000 cigarettes \u00e9lectroniques rechargeables et jetables Bang King. Contactez-nous et offrez \u00e0 vos clients un produit qu'ils appr\u00e9cieront sans aucun doute.<\/p>\n<p><script src=\"chrome-extension:\/\/fpelahbljekknahkcaegamhcndkfpfnc\/iFrame.js\" type=\"text\/javascript\"><\/script><\/p>","protected":false},"excerpt":{"rendered":"<p>&nbsp;<\/p>\n<p><script src=\"chrome-extension:\/\/fpelahbljekknahkcaegamhcndkfpfnc\/iFrame.js\" type=\"text\/javascript\"><\/script><\/p>\n<p><script src=\"chrome-extension:\/\/fpelahbljekknahkcaegamhcndkfpfnc\/iFrame.js\" type=\"text\/javascript\"><\/script><\/p>\n<p><script src=\"chrome-extension:\/\/fpelahbljekknahkcaegamhcndkfpfnc\/iFrame.js\" type=\"text\/javascript\"><\/script><\/p>\n<p><script src=\"chrome-extension:\/\/fpelahbljekknahkcaegamhcndkfpfnc\/iFrame.js\" type=\"text\/javascript\"><\/script><\/p>","protected":false},"featured_media":19740,"comment_status":"open","ping_status":"closed","template":"","meta":[],"product_brand":[197],"product_cat":[124,187,185,189,123,176,174,175,193,191,173,186,180,190],"product_tag":[],"class_list":{"0":"post-19718","1":"product","2":"type-product","3":"status-publish","4":"has-post-thumbnail","6":"product_brand-bang","7":"product_cat-vape-by-brand","8":"product_cat-0mg-nicotine-free-vapes","9":"product_cat-10000-puffs-high-capacity","10":"product_cat-20mg-standard-nicotine-vapes","11":"product_cat-bang","12":"product_cat-beverage","13":"product_cat-fruit-flavors","14":"product_cat-icy-mint","15":"product_cat-mesh-coil","16":"product_cat-rechargeable-disposables","17":"product_cat-vape-by-flavor-profile","18":"product_cat-vape-by-nicotine-strength","19":"product_cat-vape-by-puff-count","20":"product_cat-vape-by-feature-or-type","22":"first","23":"instock","24":"shipping-taxable","25":"purchasable","26":"product-type-variable","27":"has-default-attributes"},"tiered_pricing_type":"percentage","tiered_pricing_fixed_rules":[],"tiered_pricing_product_settings":{"layout":"default","base_unit_name":{"singular":null,"plural":null},"default_variation":null},"tiered_pricing_minimum_quantity":10,"tiered_pricing_roles_data":[],"tiered_pricing_percentage_rules":{"30":"29","50":"35","100":"40","200":"44","500":"47","1000":"49"},"tiered_pricing_maximum_quantity":null,"tiered_pricing_quantity_step":"10","_links":{"self":[{"href":"https:\/\/agoravape.com\/fr\/wp-json\/wp\/v2\/product\/19718","targetHints":{"allow":["GET"]}}],"collection":[{"href":"https:\/\/agoravape.com\/fr\/wp-json\/wp\/v2\/product"}],"about":[{"href":"https:\/\/agoravape.com\/fr\/wp-json\/wp\/v2\/types\/product"}],"replies":[{"embeddable":true,"href":"https:\/\/agoravape.com\/fr\/wp-json\/wp\/v2\/comments?post=19718"}],"version-history":[{"count":0,"href":"https:\/\/agoravape.com\/fr\/wp-json\/wp\/v2\/product\/19718\/revisions"}],"wp:featuredmedia":[{"embeddable":true,"href":"https:\/\/agoravape.com\/fr\/wp-json\/wp\/v2\/media\/19740"}],"wp:attachment":[{"href":"https:\/\/agoravape.com\/fr\/wp-json\/wp\/v2\/media?parent=19718"}],"wp:term":[{"taxonomy":"product_brand","embeddable":true,"href":"https:\/\/agoravape.com\/fr\/wp-json\/wp\/v2\/product_brand?post=19718"},{"taxonomy":"product_cat","embeddable":true,"href":"https:\/\/agoravape.com\/fr\/wp-json\/wp\/v2\/product_cat?post=19718"},{"taxonomy":"product_tag","embeddable":true,"href":"https:\/\/agoravape.com\/fr\/wp-json\/wp\/v2\/product_tag?post=19718"}],"curies":[{"name":"wp","href":"https:\/\/api.w.org\/{rel}","templated":true}]}}