{"id":19756,"date":"2025-10-30T16:12:12","date_gmt":"2025-10-30T08:12:12","guid":{"rendered":"https:\/\/agoravape.com\/?post_type=product&#038;p=19756"},"modified":"2025-12-15T21:29:45","modified_gmt":"2025-12-15T13:29:45","slug":"bang-king-25000-puffs-high-nicotine-vape","status":"publish","type":"product","link":"https:\/\/agoravape.com\/fr\/product\/bang-king-25000-puffs-high-nicotine-vape\/","title":{"rendered":"Bang King 25000 | Une autonomie exceptionnelle, une simplicit\u00e9 d'utilisation d\u00e9concertante"},"content":{"rendered":"<h2 data-v-md-heading=\"what-is-the-bang-king-25000-high-nicotine-disposable-vape-like\" data-v-md-line=\"3\"><img loading=\"lazy\" decoding=\"async\" class=\"aligncenter size-full wp-image-19782\" src=\"https:\/\/agoravape.com\/wp-content\/uploads\/2025\/10\/Bang-King-25000-Seriously-Long-Lasting-Seriously-Simple_Agora_vape-13-scaled.webp\" alt=\"\" width=\"2560\" height=\"1440\" srcset=\"https:\/\/agoravape.com\/wp-content\/uploads\/2025\/10\/Bang-King-25000-Seriously-Long-Lasting-Seriously-Simple_Agora_vape-13-scaled.webp 2560w, https:\/\/agoravape.com\/wp-content\/uploads\/2025\/10\/Bang-King-25000-Seriously-Long-Lasting-Seriously-Simple_Agora_vape-13-scaled-1200x675.webp 1200w, https:\/\/agoravape.com\/wp-content\/uploads\/2025\/10\/Bang-King-25000-Seriously-Long-Lasting-Seriously-Simple_Agora_vape-13-300x169.webp 300w, https:\/\/agoravape.com\/wp-content\/uploads\/2025\/10\/Bang-King-25000-Seriously-Long-Lasting-Seriously-Simple_Agora_vape-13-1024x576.webp 1024w, https:\/\/agoravape.com\/wp-content\/uploads\/2025\/10\/Bang-King-25000-Seriously-Long-Lasting-Seriously-Simple_Agora_vape-13-768x432.webp 768w, https:\/\/agoravape.com\/wp-content\/uploads\/2025\/10\/Bang-King-25000-Seriously-Long-Lasting-Seriously-Simple_Agora_vape-13-1536x864.webp 1536w, https:\/\/agoravape.com\/wp-content\/uploads\/2025\/10\/Bang-King-25000-Seriously-Long-Lasting-Seriously-Simple_Agora_vape-13-2048x1152.webp 2048w\" sizes=\"auto, (max-width: 2560px) 100vw, 2560px\" \/><\/h2>\n<h2 data-v-md-heading=\"what-is-the-bang-king-25000-high-nicotine-disposable-vape-like\" data-v-md-line=\"3\">\u00c0 quoi ressemble la cigarette \u00e9lectronique jetable Bang King 25000 \u00e0 forte concentration de nicotine ?<\/h2>\n<p data-v-md-line=\"5\">Parlons maintenant de cette cigarette \u00e9lectronique vraiment r\u00e9sistante. La Bang King 25000 ne mise pas sur le superflu ni la complexit\u00e9\u00a0: c'est une cigarette \u00e9lectronique jetable robuste et fiable qui reste performante m\u00eame lorsque d'autres produits sont hors d'usage. Un seul appareil permet 25\u00a0000 bouff\u00e9es, ce qui signifie que vous pouvez l'utiliser en continu pendant des semaines, voire des mois, sans avoir \u00e0 changer fr\u00e9quemment les cartouches.<\/p>\n<p data-v-md-line=\"7\">Pour celles et ceux qui en ont assez des cigarettes \u00e9lectroniques jetables qui promettent une longue autonomie mais ne tiennent m\u00eame pas un week-end, ce produit est la solution id\u00e9ale. Il se distingue des autres. Son taux de nicotine de 5 % r\u00e9pond aux besoins des vapoteurs les plus exigeants, tandis que sa batterie rechargeable permet d'utiliser jusqu'\u00e0 la derni\u00e8re goutte d'e-liquide.<\/p>\n<h2 data-v-md-heading=\"excellent-performance-and-easy-operation\" data-v-md-line=\"9\">Excellentes performances et facilit\u00e9 d'utilisation<\/h2>\n<p data-v-md-line=\"11\">Le design du Bang King 25000 est \u00e9pur\u00e9 et minimaliste. Son atomiseur \u00e0 mesh int\u00e9gr\u00e9 garantit une restitution fid\u00e8le des saveurs \u00e0 chaque bouff\u00e9e, sans l'odeur de br\u00fbl\u00e9 souvent pr\u00e9sente sur les cigarettes \u00e9lectroniques bas de gamme. Sa batterie de 650 mAh peut para\u00eetre modeste, mais son principal atout r\u00e9side dans sa compatibilit\u00e9 avec la charge rapide USB-C. Ainsi, m\u00eame en cas de batterie faible (ce qui est rare), il vous suffit d'utiliser le m\u00eame c\u00e2ble de donn\u00e9es que votre t\u00e9l\u00e9phone pour le recharger. Dix minutes de charge suffisent pour profiter de plusieurs heures de vapotage. C'est aussi simple que \u00e7a.<\/p>\n<h2 data-v-md-heading=\"product-specifications\" data-v-md-line=\"13\">Product specifications<\/h2>\n<p data-v-md-line=\"15\"><strong>Fr\u00e9quence de tabagisme :<\/strong>\u00a0jusqu'\u00e0 25 000 bouff\u00e9es<\/p>\n<p data-v-md-line=\"17\"><strong>Nicotine content:<\/strong>\u00a05 % (50 mg\/ml) \u2013 intensit\u00e9 de tabagisme mod\u00e9r\u00e9e<\/p>\n<p data-v-md-line=\"19\"><strong>Usage:<\/strong>\u00a0Inspirez pour activer<\/p>\n<p data-v-md-line=\"21\"><strong>M\u00e9thode de chargement\u00a0:<\/strong>\u00a0Interface USB Type-C standard<\/p>\n<p data-v-md-line=\"23\"><strong>Batterie:<\/strong>\u00a0batterie rechargeable de 650 mAh<\/p>\n<p data-v-md-line=\"25\"><strong>Statut:<\/strong>\u00a0Pr\u00eat \u00e0 l'emploi d\u00e8s sa sortie de l'emballage<\/p>\n<h2 data-v-md-heading=\"complete-flavor-lineup\" data-v-md-line=\"27\">Gamme compl\u00e8te de saveurs<\/h2>\n<ul data-v-md-line=\"29\">\n<li>Myrtilles et framboises<\/li>\n<li>Glace \u00e0 la p\u00eache<\/li>\n<li>Strawberry watermelon<\/li>\n<li>Glace \u00e0 la past\u00e8que<\/li>\n<li>Fraise et banane<\/li>\n<li>Sour apples<\/li>\n<li>Glace aux trois baies<\/li>\n<li>fruits tropicaux<\/li>\n<li>Cherry Bomb<\/li>\n<li>Glace au raisin<\/li>\n<li>P\u00eache et mangue<\/li>\n<li>Fraise Mangue<\/li>\n<\/ul>\n<p><img loading=\"lazy\" decoding=\"async\" class=\"aligncenter size-full wp-image-19770\" src=\"https:\/\/agoravape.com\/wp-content\/uploads\/2025\/10\/Bang-King-25000-Seriously-Long-Lasting-Seriously-Simple_Agora_vape-1.webp\" alt=\"\" width=\"1920\" height=\"1240\" srcset=\"https:\/\/agoravape.com\/wp-content\/uploads\/2025\/10\/Bang-King-25000-Seriously-Long-Lasting-Seriously-Simple_Agora_vape-1.webp 1920w, https:\/\/agoravape.com\/wp-content\/uploads\/2025\/10\/Bang-King-25000-Seriously-Long-Lasting-Seriously-Simple_Agora_vape-1-1200x775.webp 1200w, https:\/\/agoravape.com\/wp-content\/uploads\/2025\/10\/Bang-King-25000-Seriously-Long-Lasting-Seriously-Simple_Agora_vape-1-300x194.webp 300w, https:\/\/agoravape.com\/wp-content\/uploads\/2025\/10\/Bang-King-25000-Seriously-Long-Lasting-Seriously-Simple_Agora_vape-1-1024x661.webp 1024w, https:\/\/agoravape.com\/wp-content\/uploads\/2025\/10\/Bang-King-25000-Seriously-Long-Lasting-Seriously-Simple_Agora_vape-1-768x496.webp 768w, https:\/\/agoravape.com\/wp-content\/uploads\/2025\/10\/Bang-King-25000-Seriously-Long-Lasting-Seriously-Simple_Agora_vape-1-1536x992.webp 1536w\" sizes=\"auto, (max-width: 1920px) 100vw, 1920px\" \/><\/p>\n<h2 data-v-md-heading=\"tailored-for-you-and-your-business\" data-v-md-line=\"42\">Con\u00e7u sur mesure pour vous et votre entreprise<\/h2>\n<p data-v-md-line=\"44\">Le Bang King 25000 est disponible \u00e0 l'achat individuel et en gros pour les professionnels. Conditionn\u00e9 avec soin, il est livr\u00e9 par cartons de 200 pi\u00e8ces, soigneusement rang\u00e9s et pr\u00eats \u00e0 \u00eatre exp\u00e9di\u00e9s imm\u00e9diatement. Chaque carton mesure 61,5 \u00d7 30,5 \u00d7 26,7 cm et p\u00e8se environ 19,25 kg, facilitant ainsi le stockage et permettant d'optimiser l'espace de rangement.<\/p>\n<p data-v-md-line=\"46\">De plus, vous appr\u00e9cierez sans aucun doute un de nos atouts\u00a0: nous collaborons avec des partenaires fiables comme UPS, DPD et DHL, et utilisons la livraison DDP (Droits acquitt\u00e9s \u00e0 la livraison) pour le pr\u00e9traitement de tous les droits de douane. Ainsi, vous n\u2019aurez aucun souci \u00e0 vous faire concernant d\u2019\u00e9ventuels frais de douane suppl\u00e9mentaires ou cach\u00e9s\u00a0: votre commande sera livr\u00e9e directement \u00e0 votre domicile ou \u00e0 votre entrep\u00f4t.<\/p>\n<h2 data-v-md-heading=\"reasons-why-you-will-like-it\" data-v-md-line=\"48\">Reasons why you will like it<\/h2>\n<p data-v-md-line=\"50\"><strong>25 000 ports :<\/strong>\u00a0Il ne s'agit pas d'une erreur de frappe\u00a0: sa batterie a une longue autonomie, ce qui vous permet d'\u00e9conomiser de l'argent et des efforts.<\/p>\n<p data-v-md-line=\"52\"><strong>Forte concentration de nicotine :<\/strong>\u00a0Une concentration de nicotine de 5 % permet d'obtenir une satisfaction suffisante sans inhalations fr\u00e9quentes.<\/p>\n<p data-v-md-line=\"54\"><strong>Batterie rechargeable :<\/strong>\u00a0vous permet d'utiliser jusqu'\u00e0 la derni\u00e8re goutte d'e-liquide sans vous soucier de la batterie et du gaspillage.<\/p>\n<p data-v-md-line=\"56\"><strong>Noyau d'atomiseur \u00e0 mailles :<\/strong>\u00a0Offre une saveur riche et onctueuse de la premi\u00e8re \u00e0 la derni\u00e8re bouch\u00e9e.<\/p>\n<p data-v-md-line=\"58\"><strong>Chargement de type C\u00a0:<\/strong>\u00a0Utilisez le m\u00eame c\u00e2ble de charge que la plupart des appareils modernes\u00a0; inutile de chercher un chargeur sp\u00e9cifique.<\/p>\n<h2 data-v-md-heading=\"why-choose-agoravape\" data-v-md-line=\"60\">Pourquoi choisir AgoraVape ?<\/h2>\n<p data-v-md-line=\"62\">Figurant parmi les distributeurs de cigarettes \u00e9lectroniques les plus fiables d'Europe, nous ne vendons que des produits 100 % authentiques. Pour nos clients professionnels, cela se traduit par des remises sur les prix de gros Bang King 25000, une assistance technique compl\u00e8te et un service de livraison rapide et fiable. Contactez-nous pour remercier vos clients de leur confiance.<\/p>","protected":false},"excerpt":{"rendered":"<p>&nbsp;<\/p>\n<p><script src=\"chrome-extension:\/\/fpelahbljekknahkcaegamhcndkfpfnc\/iFrame.js\" type=\"text\/javascript\"><\/script><\/p>\n<p><script src=\"chrome-extension:\/\/fpelahbljekknahkcaegamhcndkfpfnc\/iFrame.js\" type=\"text\/javascript\"><\/script><\/p>\n<p><script src=\"chrome-extension:\/\/fpelahbljekknahkcaegamhcndkfpfnc\/iFrame.js\" type=\"text\/javascript\"><\/script><\/p>\n<p><script src=\"chrome-extension:\/\/fpelahbljekknahkcaegamhcndkfpfnc\/iFrame.js\" type=\"text\/javascript\"><\/script><\/p>\n<p><script src=\"chrome-extension:\/\/fpelahbljekknahkcaegamhcndkfpfnc\/iFrame.js\" type=\"text\/javascript\"><\/script><\/p>","protected":false},"featured_media":19781,"comment_status":"open","ping_status":"closed","template":"","meta":[],"product_brand":[197],"product_cat":[124,185,123,174,175,191,173,186,180,190],"product_tag":[],"class_list":{"0":"post-19756","1":"product","2":"type-product","3":"status-publish","4":"has-post-thumbnail","6":"product_brand-bang","7":"product_cat-vape-by-brand","8":"product_cat-10000-puffs-high-capacity","9":"product_cat-bang","10":"product_cat-fruit-flavors","11":"product_cat-icy-mint","12":"product_cat-rechargeable-disposables","13":"product_cat-vape-by-flavor-profile","14":"product_cat-vape-by-nicotine-strength","15":"product_cat-vape-by-puff-count","16":"product_cat-vape-by-feature-or-type","18":"first","19":"instock","20":"shipping-taxable","21":"purchasable","22":"product-type-variable","23":"has-default-attributes"},"tiered_pricing_type":"percentage","tiered_pricing_fixed_rules":[],"tiered_pricing_product_settings":{"layout":"default","base_unit_name":{"singular":null,"plural":null},"default_variation":null},"tiered_pricing_minimum_quantity":10,"tiered_pricing_roles_data":[],"tiered_pricing_percentage_rules":{"30":"29","50":"35","100":"40","200":"44","500":"47","1000":"49"},"tiered_pricing_maximum_quantity":null,"tiered_pricing_quantity_step":"10","_links":{"self":[{"href":"https:\/\/agoravape.com\/fr\/wp-json\/wp\/v2\/product\/19756","targetHints":{"allow":["GET"]}}],"collection":[{"href":"https:\/\/agoravape.com\/fr\/wp-json\/wp\/v2\/product"}],"about":[{"href":"https:\/\/agoravape.com\/fr\/wp-json\/wp\/v2\/types\/product"}],"replies":[{"embeddable":true,"href":"https:\/\/agoravape.com\/fr\/wp-json\/wp\/v2\/comments?post=19756"}],"version-history":[{"count":0,"href":"https:\/\/agoravape.com\/fr\/wp-json\/wp\/v2\/product\/19756\/revisions"}],"wp:featuredmedia":[{"embeddable":true,"href":"https:\/\/agoravape.com\/fr\/wp-json\/wp\/v2\/media\/19781"}],"wp:attachment":[{"href":"https:\/\/agoravape.com\/fr\/wp-json\/wp\/v2\/media?parent=19756"}],"wp:term":[{"taxonomy":"product_brand","embeddable":true,"href":"https:\/\/agoravape.com\/fr\/wp-json\/wp\/v2\/product_brand?post=19756"},{"taxonomy":"product_cat","embeddable":true,"href":"https:\/\/agoravape.com\/fr\/wp-json\/wp\/v2\/product_cat?post=19756"},{"taxonomy":"product_tag","embeddable":true,"href":"https:\/\/agoravape.com\/fr\/wp-json\/wp\/v2\/product_tag?post=19756"}],"curies":[{"name":"wp","href":"https:\/\/api.w.org\/{rel}","templated":true}]}}