{"id":19980,"date":"2025-10-30T21:35:46","date_gmt":"2025-10-30T13:35:46","guid":{"rendered":"https:\/\/agoravape.com\/?post_type=product&#038;p=19980"},"modified":"2026-01-19T21:59:00","modified_gmt":"2026-01-19T13:59:00","slug":"bang-starry-25000-puffs-vape","status":"publish","type":"product","link":"https:\/\/agoravape.com\/fr\/product\/bang-starry-25000-puffs-vape\/","title":{"rendered":"Bang Starry 25000 | Massive Puff Count, Zero Hassle"},"content":{"rendered":"<h2 data-v-md-heading=\"what-is-the-special-feature-of-bang-starry-25000-rechargeable-mesh-coil-vape\" data-v-md-line=\"3\"><img loading=\"lazy\" decoding=\"async\" class=\"size-full wp-image-20029 aligncenter\" src=\"https:\/\/agoravape.com\/wp-content\/uploads\/2025\/10\/Bang-Starry-25000-Massive-Puff-Count-Zero-Hassle_Agora_vape-6-scaled.webp\" alt=\"\" width=\"1163\" height=\"2560\" srcset=\"https:\/\/agoravape.com\/wp-content\/uploads\/2025\/10\/Bang-Starry-25000-Massive-Puff-Count-Zero-Hassle_Agora_vape-6-scaled.webp 1163w, https:\/\/agoravape.com\/wp-content\/uploads\/2025\/10\/Bang-Starry-25000-Massive-Puff-Count-Zero-Hassle_Agora_vape-6-136x300.webp 136w, https:\/\/agoravape.com\/wp-content\/uploads\/2025\/10\/Bang-Starry-25000-Massive-Puff-Count-Zero-Hassle_Agora_vape-6-465x1024.webp 465w, https:\/\/agoravape.com\/wp-content\/uploads\/2025\/10\/Bang-Starry-25000-Massive-Puff-Count-Zero-Hassle_Agora_vape-6-768x1690.webp 768w, https:\/\/agoravape.com\/wp-content\/uploads\/2025\/10\/Bang-Starry-25000-Massive-Puff-Count-Zero-Hassle_Agora_vape-6-698x1536.webp 698w, https:\/\/agoravape.com\/wp-content\/uploads\/2025\/10\/Bang-Starry-25000-Massive-Puff-Count-Zero-Hassle_Agora_vape-6-931x2048.webp 931w, https:\/\/agoravape.com\/wp-content\/uploads\/2025\/10\/Bang-Starry-25000-Massive-Puff-Count-Zero-Hassle_Agora_vape-6-1200x2641.webp 1200w\" sizes=\"auto, (max-width: 1163px) 100vw, 1163px\" \/><\/h2>\n<h2 data-v-md-heading=\"what-is-the-special-feature-of-bang-starry-25000-rechargeable-mesh-coil-vape\" data-v-md-line=\"3\">Quelle est la particularit\u00e9 de la cigarette \u00e9lectronique rechargeable Bang Starry 25000 \u00e0 r\u00e9sistance mesh ?<\/h2>\n<p data-v-md-line=\"5\">Honn\u00eatement, la plupart des cigarettes \u00e9lectroniques jetables sont surfaites sur les promesses et d\u00e9\u00e7oivent au bout de quelques jours. La Bang Starry 25000 est compl\u00e8tement diff\u00e9rente. Cet appareil poss\u00e8de une autonomie exceptionnelle de 25\u00a0000\u00a0mAh, contrairement \u00e0 la plupart des produits qui vous laisseront tomber le mercredi. Elle est con\u00e7ue pour ceux qui souhaitent une cigarette \u00e9lectronique qui s'adapte \u00e0 leur rythme de vie, et non l'inverse.<\/p>\n<p data-v-md-line=\"7\">Mieux encore, vous pourriez penser qu'un appareil avec une autonomie de 25\u00a0000\u00a0mAh devrait \u00eatre aussi encombrant qu'une brique, mais le Bang Starry se glisse facilement dans votre poche. Pour ceux qui en ont assez d'acheter constamment de nouveaux appareils ou de se perdre dans des r\u00e9glages complexes, c'est le choix id\u00e9al. Choisissez simplement votre saveur pr\u00e9f\u00e9r\u00e9e et profitez-en pendant des semaines.<\/p>\n<h2 data-v-md-heading=\"excellent-performance-easy-and-convenient\" data-v-md-line=\"9\">Excellentes performances, facile et pratique<\/h2>\n<p data-v-md-line=\"11\">Le secret d'une saveur riche et constante\u00a0? La r\u00e9sistance mesh de 1,1\u00a0\u03a9 garantit une vapeur aussi fra\u00eeche qu'\u00e0 la premi\u00e8re bouff\u00e9e, m\u00eame apr\u00e8s 10\u00a0000\u00a0inhalations. Le r\u00e9servoir de 28\u00a0ml vous offre une exp\u00e9rience de vapotage tout en douceur, et la batterie de 800\u00a0mAh assure une autonomie longue dur\u00e9e. Pour la recharger, il vous suffit d'utiliser un c\u00e2ble USB-C, comme pour votre t\u00e9l\u00e9phone. Simple et pratique.<\/p>\n<h2 data-v-md-heading=\"product-specifications\" data-v-md-line=\"13\">Product specifications<\/h2>\n<p data-v-md-line=\"15\"><strong>Fr\u00e9quence de tabagisme :<\/strong>\u00a0jusqu'\u00e0 25 000 bouff\u00e9es<\/p>\n<p data-v-md-line=\"17\"><strong>Capacit\u00e9 en e-liquide :<\/strong>\u00a0Huile pr\u00e9-remplie de 28 ml<\/p>\n<p data-v-md-line=\"19\"><strong>Batterie:<\/strong>\u00a0batterie rechargeable de 800 mAh<\/p>\n<p data-v-md-line=\"21\"><strong>Noyau atomiseur :<\/strong>\u00a0Noyau d'atomisation en mesh de 1,1 \u03a9, offrant une saveur douce et stable<\/p>\n<p data-v-md-line=\"23\"><strong>Interface de chargement :<\/strong>\u00a0Interface USB Type-C standard<\/p>\n<p data-v-md-line=\"25\"><strong>Statut:<\/strong>\u00a0Pr\u00eat \u00e0 l'emploi d\u00e8s sa sortie de l'emballage<\/p>\n<h2 data-v-md-heading=\"complete-flavor-lineup\" data-v-md-line=\"27\">Gamme compl\u00e8te de saveurs<\/h2>\n<ul data-v-md-line=\"29\">\n<li>Strawberry watermelon<\/li>\n<li>Soda \u00e0 la cerise<\/li>\n<li>Glace \u00e0 la p\u00eache<\/li>\n<li>Kiwi et fruit de la passion<\/li>\n<li>Glace \u00e0 la past\u00e8que<\/li>\n<li>Red Bull<\/li>\n<li>Glace au raisin<\/li>\n<li>Blue Rink Ice<\/li>\n<li>Fraise et banane<\/li>\n<li>Citron comme<\/li>\n<li>Pommes doubles<\/li>\n<li>Glace \u00e0 la mangue<\/li>\n<li>Glace \u00e0 l'ananas<\/li>\n<li>Glace Coca-Cola<\/li>\n<li>Grenade<\/li>\n<li>Blue Rink Ice<\/li>\n<\/ul>\n<h2 data-v-md-heading=\"tailored-for-you-and-your-business\" data-v-md-line=\"46\">Con\u00e7u sur mesure pour vous et votre entreprise<\/h2>\n<p data-v-md-line=\"48\">Nous proposons d\u00e9sormais Bang Starry 25000 \u00e0 la vente aux particuliers. Si vous \u00eates un professionnel et souhaitez constituer un stock de produits que vos clients rach\u00e8teront, notre offre de vente en gros r\u00e9pondra \u00e0 vos besoins. Chaque lot est accompagn\u00e9 d'une documentation compl\u00e8te et livr\u00e9 DDP (droits acquitt\u00e9s) par des transporteurs de confiance tels que UPS, DPD et DHL. Vous n'aurez donc aucun frais de douane \u00e0 pr\u00e9voir.<\/p>\n<p data-v-md-line=\"50\">Pour les d\u00e9taillants et les distributeurs, Bang propose \u00e9galement un service OEM\/ODM, permettant de personnaliser les commandes en fonction de la demande du march\u00e9. C'est pr\u00e9cis\u00e9ment cette flexibilit\u00e9 qui fait de Bang Starry un choix judicieux pour les entreprises \u00e0 travers l'Europe.<\/p>\n<h2 data-v-md-heading=\"reasons-why-you-will-like-it\" data-v-md-line=\"52\">Reasons why you will like it<\/h2>\n<p data-v-md-line=\"54\"><strong>25 000 bouff\u00e9es :<\/strong>\u00a0Profitez de plusieurs semaines de vapotage sans avoir \u00e0 remplacer la cartouche.<\/p>\n<p data-v-md-line=\"56\"><strong>Technologie de base d'atomisation par maille :<\/strong>\u00a0Chaque bouch\u00e9e offre le m\u00eame go\u00fbt excellent<\/p>\n<p data-v-md-line=\"58\"><strong>Capacit\u00e9 extra large de 28 ml :<\/strong>\u00a0Une plus grande capacit\u00e9 de liquide pour e-liquide signifie une meilleure rentabilit\u00e9.<\/p>\n<p data-v-md-line=\"60\"><strong>Chargement USB Type-C\u00a0:<\/strong>\u00a0Rapide et pratique, vous pouvez utiliser votre c\u00e2ble de donn\u00e9es existant.<\/p>\n<p data-v-md-line=\"62\"><strong>16 saveurs au choix :<\/strong>\u00a0Des saveurs fruit\u00e9es classiques aux saveurs uniques comme Red Bull et Coca-Cola glac\u00e9, tout est disponible.<\/p>\n<h2 data-v-md-heading=\"why-choose-to-collaborate-with-agoravape\" data-v-md-line=\"64\">Pourquoi choisir de collaborer avec AgoraVape ?<\/h2>\n<p data-v-md-line=\"66\">Figurant parmi les distributeurs de cigarettes \u00e9lectroniques les plus fiables d'Europe, nous ne vendons que des produits 100 % authentiques. Pour nos clients professionnels, cela se traduit par des remises sur les prix de gros des cigarettes \u00e9lectroniques Bang Starry 25000, une assistance technique compl\u00e8te et un service de livraison rapide et fiable. Contactez-nous sans tarder pour remercier vos clients de leur avoir fourni ce produit.<\/p>\n<p><script src=\"chrome-extension:\/\/fpelahbljekknahkcaegamhcndkfpfnc\/iFrame.js\" type=\"text\/javascript\"><\/script><\/p>\n<p><script src=\"chrome-extension:\/\/fpelahbljekknahkcaegamhcndkfpfnc\/iFrame.js\" type=\"text\/javascript\"><\/script><\/p>","protected":false},"excerpt":{"rendered":"<p>&nbsp;<\/p>\n<p><script src=\"chrome-extension:\/\/fpelahbljekknahkcaegamhcndkfpfnc\/iFrame.js\" type=\"text\/javascript\"><\/script><\/p>\n<p><script src=\"chrome-extension:\/\/fpelahbljekknahkcaegamhcndkfpfnc\/iFrame.js\" type=\"text\/javascript\"><\/script><\/p>\n<p><script src=\"chrome-extension:\/\/fpelahbljekknahkcaegamhcndkfpfnc\/iFrame.js\" type=\"text\/javascript\"><\/script><\/p>\n<p><script src=\"chrome-extension:\/\/fpelahbljekknahkcaegamhcndkfpfnc\/iFrame.js\" type=\"text\/javascript\"><\/script><\/p>\n<p><script src=\"chrome-extension:\/\/fpelahbljekknahkcaegamhcndkfpfnc\/iFrame.js\" type=\"text\/javascript\"><\/script><\/p>\n<p><script src=\"chrome-extension:\/\/fpelahbljekknahkcaegamhcndkfpfnc\/iFrame.js\" type=\"text\/javascript\"><\/script><\/p>","protected":false},"featured_media":20040,"comment_status":"open","ping_status":"closed","template":"","meta":[],"product_brand":[197],"product_cat":[124,187,185,189,123,176,174,175,193,191,173,186,180,190],"product_tag":[],"class_list":{"0":"post-19980","1":"product","2":"type-product","3":"status-publish","4":"has-post-thumbnail","6":"product_brand-bang","7":"product_cat-vape-by-brand","8":"product_cat-0mg-nicotine-free-vapes","9":"product_cat-10000-puffs-high-capacity","10":"product_cat-20mg-standard-nicotine-vapes","11":"product_cat-bang","12":"product_cat-beverage","13":"product_cat-fruit-flavors","14":"product_cat-icy-mint","15":"product_cat-mesh-coil","16":"product_cat-rechargeable-disposables","17":"product_cat-vape-by-flavor-profile","18":"product_cat-vape-by-nicotine-strength","19":"product_cat-vape-by-puff-count","20":"product_cat-vape-by-feature-or-type","22":"first","23":"onbackorder","24":"shipping-taxable","25":"purchasable","26":"product-type-variable","27":"has-default-attributes"},"tiered_pricing_type":"percentage","tiered_pricing_fixed_rules":[],"tiered_pricing_product_settings":{"layout":"default","base_unit_name":{"singular":null,"plural":null},"default_variation":null},"tiered_pricing_minimum_quantity":10,"tiered_pricing_roles_data":[],"tiered_pricing_percentage_rules":{"30":"29","50":"35","100":"40","200":"44","500":"47","1000":"49"},"tiered_pricing_maximum_quantity":null,"tiered_pricing_quantity_step":"10","_links":{"self":[{"href":"https:\/\/agoravape.com\/fr\/wp-json\/wp\/v2\/product\/19980","targetHints":{"allow":["GET"]}}],"collection":[{"href":"https:\/\/agoravape.com\/fr\/wp-json\/wp\/v2\/product"}],"about":[{"href":"https:\/\/agoravape.com\/fr\/wp-json\/wp\/v2\/types\/product"}],"replies":[{"embeddable":true,"href":"https:\/\/agoravape.com\/fr\/wp-json\/wp\/v2\/comments?post=19980"}],"version-history":[{"count":0,"href":"https:\/\/agoravape.com\/fr\/wp-json\/wp\/v2\/product\/19980\/revisions"}],"wp:featuredmedia":[{"embeddable":true,"href":"https:\/\/agoravape.com\/fr\/wp-json\/wp\/v2\/media\/20040"}],"wp:attachment":[{"href":"https:\/\/agoravape.com\/fr\/wp-json\/wp\/v2\/media?parent=19980"}],"wp:term":[{"taxonomy":"product_brand","embeddable":true,"href":"https:\/\/agoravape.com\/fr\/wp-json\/wp\/v2\/product_brand?post=19980"},{"taxonomy":"product_cat","embeddable":true,"href":"https:\/\/agoravape.com\/fr\/wp-json\/wp\/v2\/product_cat?post=19980"},{"taxonomy":"product_tag","embeddable":true,"href":"https:\/\/agoravape.com\/fr\/wp-json\/wp\/v2\/product_tag?post=19980"}],"curies":[{"name":"wp","href":"https:\/\/api.w.org\/{rel}","templated":true}]}}