{"id":20109,"date":"2025-10-31T11:05:58","date_gmt":"2025-10-31T03:05:58","guid":{"rendered":"https:\/\/agoravape.com\/?post_type=product&#038;p=20109"},"modified":"2026-02-22T15:15:18","modified_gmt":"2026-02-22T14:15:18","slug":"fluum-box-15000-puffs-display-vape","status":"publish","type":"product","link":"https:\/\/agoravape.com\/fr\/product\/fluum-box-15000-puffs-display-vape\/","title":{"rendered":"Fluum Box 15000 | La cigarette \u00e9lectronique intelligente qui dure vraiment longtemps"},"content":{"rendered":"<h2 data-v-md-heading=\"what-is-the-special-feature-of-fluum-box-15000-vape-with-display-screen\" data-v-md-line=\"3\"><img loading=\"lazy\" decoding=\"async\" class=\"aligncenter size-full wp-image-20123\" src=\"https:\/\/agoravape.com\/wp-content\/uploads\/2025\/10\/Fluum-Box-15000-The-Smart-Vape-That-Actually-Lasts_Agora_vape-1-scaled.webp\" alt=\"\" width=\"1091\" height=\"2560\" srcset=\"https:\/\/agoravape.com\/wp-content\/uploads\/2025\/10\/Fluum-Box-15000-The-Smart-Vape-That-Actually-Lasts_Agora_vape-1-scaled.webp 1091w, https:\/\/agoravape.com\/wp-content\/uploads\/2025\/10\/Fluum-Box-15000-The-Smart-Vape-That-Actually-Lasts_Agora_vape-1-128x300.webp 128w, https:\/\/agoravape.com\/wp-content\/uploads\/2025\/10\/Fluum-Box-15000-The-Smart-Vape-That-Actually-Lasts_Agora_vape-1-437x1024.webp 437w, https:\/\/agoravape.com\/wp-content\/uploads\/2025\/10\/Fluum-Box-15000-The-Smart-Vape-That-Actually-Lasts_Agora_vape-1-768x1802.webp 768w, https:\/\/agoravape.com\/wp-content\/uploads\/2025\/10\/Fluum-Box-15000-The-Smart-Vape-That-Actually-Lasts_Agora_vape-1-655x1536.webp 655w, https:\/\/agoravape.com\/wp-content\/uploads\/2025\/10\/Fluum-Box-15000-The-Smart-Vape-That-Actually-Lasts_Agora_vape-1-873x2048.webp 873w, https:\/\/agoravape.com\/wp-content\/uploads\/2025\/10\/Fluum-Box-15000-The-Smart-Vape-That-Actually-Lasts_Agora_vape-1-1200x2815.webp 1200w\" sizes=\"auto, (max-width: 1091px) 100vw, 1091px\" \/><\/h2>\n<h2 data-v-md-heading=\"what-is-the-special-feature-of-fluum-box-15000-vape-with-display-screen\" data-v-md-line=\"3\">Quelle est la particularit\u00e9 de la cigarette \u00e9lectronique Fluum Box 15000 avec \u00e9cran ?<\/h2>\n<p data-v-md-line=\"5\">Cette cigarette \u00e9lectronique jetable vous impressionnera \u00e0 coup s\u00fbr, gr\u00e2ce \u00e0 son design pratique qui vous permet de vapoter sans vous soucier du niveau de batterie ni du e-liquide restant. La Fluum Box 15000 n'est pas seulement une cigarette \u00e9lectronique haute capacit\u00e9\u00a0: elle est \u00e9galement dot\u00e9e d'un \u00e9cran int\u00e9gr\u00e9 affichant clairement l'autonomie restante et le niveau de e-liquide. Dites adieu \u00e0 la panne de batterie\u00a0! Avec une autonomie de 15\u00a0000\u00a0balles, cet appareil vous offre des semaines d'utilisation fiable sans avoir \u00e0 le remplacer fr\u00e9quemment.<\/p>\n<p data-v-md-line=\"7\">Pour celles et ceux qui en ont assez d'estimer le niveau de batterie et la quantit\u00e9 d'e-liquide restante avec les cigarettes \u00e9lectroniques traditionnelles, c'est la solution id\u00e9ale. Avez-vous d\u00e9j\u00e0 rencontr\u00e9 le probl\u00e8me d'une cigarette \u00e9lectronique qui s'arr\u00eate soudainement, sans pouvoir d\u00e9terminer si la batterie est d\u00e9charg\u00e9e ou si le e-liquide est \u00e9puis\u00e9\u00a0? Avec ce mod\u00e8le, tous ces probl\u00e8mes seront r\u00e9solus. L'\u00e9cran affiche l'autonomie restante en temps r\u00e9el, et sa capacit\u00e9 de 25\u00a0ml d'e-liquide vous surprendra par son autonomie.<\/p>\n<h2 data-v-md-heading=\"excellent-performance-and-easy-operation\" data-v-md-line=\"9\">Excellentes performances et facilit\u00e9 d'utilisation<\/h2>\n<p data-v-md-line=\"11\">Le noyau atomiseur mesh int\u00e9gr\u00e9 (avec une r\u00e9sistance de 1,1 \u03a9 pour les curieux) garantit une saveur intense et fra\u00eeche \u00e0 chaque bouff\u00e9e, adieu le go\u00fbt de br\u00fbl\u00e9 des appareils bas de gamme. La batterie de 650 mAh se recharge via l'interface USB-C. Lorsque l'\u00e9cran affiche un niveau de batterie faible, utilisez simplement le m\u00eame c\u00e2ble de donn\u00e9es que pour votre t\u00e9l\u00e9phone. Cet \u00e9cran n'est pas un simple gadget\u00a0: il vous permet d'anticiper votre temps de charge.<\/p>\n<h2 data-v-md-heading=\"quick-specifications\" data-v-md-line=\"13\">Sp\u00e9cifications rapides<\/h2>\n<p data-v-md-line=\"15\"><strong>Fr\u00e9quence de tabagisme :<\/strong>\u00a0jusqu'\u00e0 15 000 bouff\u00e9es<\/p>\n<p data-v-md-line=\"17\"><strong>Capacit\u00e9 en e-liquide :<\/strong>\u00a0Huile pr\u00e9-remplie de 25 ml<\/p>\n<p data-v-md-line=\"19\"><strong>\u00c9cran d'affichage\u00a0:<\/strong>\u00a0L'\u00e9cran LED affiche le niveau de la batterie et la quantit\u00e9 d'e-liquide restante.<\/p>\n<p data-v-md-line=\"21\"><strong>Usage:<\/strong>\u00a0Inspirez pour activer<\/p>\n<p data-v-md-line=\"23\"><strong>M\u00e9thode de chargement\u00a0:<\/strong>\u00a0Interface USB Type-C standard<\/p>\n<p data-v-md-line=\"25\"><strong>Noyau atomiseur :<\/strong>\u00a01.1 \u03a9 mesh atomizing core, bringing consistent deliciousness<\/p>\n<p data-v-md-line=\"27\"><strong>Batterie:<\/strong>\u00a0batterie rechargeable de 650 mAh<\/p>\n<p data-v-md-line=\"29\"><strong>Statut:<\/strong>\u00a0Pr\u00eat \u00e0 l'emploi d\u00e8s sa sortie de l'emballage<\/p>\n<h2 data-v-md-heading=\"complete-flavor-lineup\" data-v-md-line=\"31\">Gamme compl\u00e8te de saveurs<\/h2>\n<ul data-v-md-line=\"33\">\n<li>Strawberry watermelon<\/li>\n<li>Fraise Mangue<\/li>\n<li>Triple Berry<\/li>\n<li>Glace \u00e0 la past\u00e8que<\/li>\n<li>Mango Peach<\/li>\n<li>Myrtilles et framboises<\/li>\n<li>Glace \u00e0 la p\u00eache<\/li>\n<li>Blue Rink Ice<\/li>\n<li>Sour apples<\/li>\n<li>fraise kiwi<\/li>\n<li>Kiwi, fruit de la passion, goyave<\/li>\n<li>Glace au raisin<\/li>\n<\/ul>\n<h2 data-v-md-heading=\"for-commercial-use-by-you-and-your-family-friends\" data-v-md-line=\"46\">Pour un usage commercial par vous et votre famille\/vos amis<\/h2>\n<p data-v-md-line=\"48\">Le Fluum Box 15000 est d\u00e9sormais disponible \u00e0 l'achat pour les particuliers. Si vous \u00eates un professionnel et souhaitez constituer un stock de produits que vos clients ach\u00e8teront r\u00e9guli\u00e8rement, vous pouvez commander des emballages en gros par bo\u00eetes de 200 unit\u00e9s. Chaque bo\u00eete en carton mesure 64 x 34,5 x 25 cm pour un rangement facile. Nous collaborons avec des partenaires de confiance tels que UPS, DPD et DHL pour g\u00e9rer l'int\u00e9gralit\u00e9 du transport. Toutes les marchandises sont d\u00e9j\u00e0 d\u00e9ductibles des taxes (DDP), vous n'aurez donc aucun frais de douane \u00e0 pr\u00e9voir. Nous vous garantissons un service de livraison \u00e0 domicile rapide et fiable.<\/p>\n<p data-v-md-line=\"50\">L'\u00e9cran peut para\u00eetre anodin, mais c'est pr\u00e9cis\u00e9ment ce qui distingue ce produit d'une simple cigarette \u00e9lectronique et en fait un produit que les clients recommanderaient sans h\u00e9siter \u00e0 leurs amis. Il r\u00e9sout les probl\u00e8mes pratiques rencontr\u00e9s par les utilisateurs de cigarettes \u00e9lectroniques, un \u00e9l\u00e9ment essentiel pour fid\u00e9liser la client\u00e8le.<\/p>\n<h2 data-v-md-heading=\"reasons-why-you-will-like-it\" data-v-md-line=\"52\">Reasons why you will like it<\/h2>\n<p data-v-md-line=\"54\"><strong>\u00c9cran d'affichage\u00a0:<\/strong>\u00a0Plus besoin de deviner\u00a0: vous savez toujours clairement quand recharger ou quand la batterie est sur le point d\u2019\u00eatre compl\u00e8tement charg\u00e9e.<\/p>\n<p data-v-md-line=\"56\"><strong>15 000 unit\u00e9s :<\/strong>\u00a0Un seul appareil peut r\u00e9pondre \u00e0 vos besoins en mati\u00e8re de vapotage pendant plusieurs semaines.<\/p>\n<p data-v-md-line=\"58\"><strong>R\u00e9servoir de 25 ml pour e-liquide de grande capacit\u00e9\u00a0:<\/strong>\u00a0Une capacit\u00e9 suffisante d'e-liquide garantit une saveur constante de la premi\u00e8re \u00e0 la derni\u00e8re gorg\u00e9e.<\/p>\n<p data-v-md-line=\"60\"><strong>Chargement de type C\u00a0:<\/strong>\u00a0Utilisez votre c\u00e2ble de charge existant pour charger<\/p>\n<p data-v-md-line=\"62\"><strong>12 flavors:<\/strong>\u00a0Des saveurs fruit\u00e9es classiques aux m\u00e9langes rafra\u00eechissants, il y en a toujours une qui vous convient.<\/p>\n<p data-v-md-line=\"64\"><strong>Technologie des bobines \u00e0 mailles :<\/strong>\u00a0procure un go\u00fbt onctueux et riche, sans irriter la gorge<\/p>\n<h2 data-v-md-heading=\"why-choose-to-collaborate-with-agoravape\" data-v-md-line=\"66\">Pourquoi choisir de collaborer avec AgoraVape ?<\/h2>\n<p data-v-md-line=\"68\">Figurant parmi les distributeurs de cigarettes \u00e9lectroniques les plus fiables d'Europe, nous ne vendons que des produits 100 % authentiques. Pour nos clients professionnels, cela signifie que la Fluum Box 15000 offre des prix de gros tr\u00e8s comp\u00e9titifs, un support technique fiable et un service de livraison rapide et s\u00fbr. Son \u00e9cran int\u00e9gr\u00e9 la distingue de la concurrence\u00a0: cette innovation pratique ravira vos clients. Contactez-nous sans plus attendre pour leur pr\u00e9senter ce produit qui les impressionnera.<\/p>\n<p><script src=\"chrome-extension:\/\/fpelahbljekknahkcaegamhcndkfpfnc\/iFrame.js\" type=\"text\/javascript\"><\/script><\/p>\n<p><script src=\"chrome-extension:\/\/fpelahbljekknahkcaegamhcndkfpfnc\/iFrame.js\" type=\"text\/javascript\"><\/script><\/p>","protected":false},"excerpt":{"rendered":"<p>&nbsp;<\/p>\n<p><script src=\"chrome-extension:\/\/fpelahbljekknahkcaegamhcndkfpfnc\/iFrame.js\" type=\"text\/javascript\"><\/script><\/p>\n<p><script src=\"chrome-extension:\/\/fpelahbljekknahkcaegamhcndkfpfnc\/iFrame.js\" type=\"text\/javascript\"><\/script><\/p>\n<p><script src=\"chrome-extension:\/\/fpelahbljekknahkcaegamhcndkfpfnc\/iFrame.js\" type=\"text\/javascript\"><\/script><\/p>\n<p><script src=\"chrome-extension:\/\/fpelahbljekknahkcaegamhcndkfpfnc\/iFrame.js\" type=\"text\/javascript\"><\/script><\/p>\n<p><script src=\"chrome-extension:\/\/fpelahbljekknahkcaegamhcndkfpfnc\/iFrame.js\" type=\"text\/javascript\"><\/script><\/p>\n<p><script src=\"chrome-extension:\/\/fpelahbljekknahkcaegamhcndkfpfnc\/iFrame.js\" type=\"text\/javascript\"><\/script><\/p>\n<p><script src=\"chrome-extension:\/\/fpelahbljekknahkcaegamhcndkfpfnc\/iFrame.js\" type=\"text\/javascript\"><\/script><\/p>","protected":false},"featured_media":20135,"comment_status":"open","ping_status":"closed","template":"","meta":[],"product_brand":[197],"product_cat":[124,187,185,189,123,174,175,193,191,173,186,180,190,192],"product_tag":[],"class_list":{"0":"post-20109","1":"product","2":"type-product","3":"status-publish","4":"has-post-thumbnail","6":"product_brand-bang","7":"product_cat-vape-by-brand","8":"product_cat-0mg-nicotine-free-vapes","9":"product_cat-10000-puffs-high-capacity","10":"product_cat-20mg-standard-nicotine-vapes","11":"product_cat-bang","12":"product_cat-fruit-flavors","13":"product_cat-icy-mint","14":"product_cat-mesh-coil","15":"product_cat-rechargeable-disposables","16":"product_cat-vape-by-flavor-profile","17":"product_cat-vape-by-nicotine-strength","18":"product_cat-vape-by-puff-count","19":"product_cat-vape-by-feature-or-type","20":"product_cat-vapes-with-screens","22":"first","23":"onbackorder","24":"shipping-taxable","25":"purchasable","26":"product-type-variable","27":"has-default-attributes"},"tiered_pricing_type":"percentage","tiered_pricing_fixed_rules":[],"tiered_pricing_product_settings":{"layout":"default","base_unit_name":{"singular":null,"plural":null},"default_variation":null},"tiered_pricing_minimum_quantity":10,"tiered_pricing_roles_data":[],"tiered_pricing_percentage_rules":{"30":"29","50":"35","100":"40","200":"44","500":"47","1000":"49"},"tiered_pricing_maximum_quantity":null,"tiered_pricing_quantity_step":"10","_links":{"self":[{"href":"https:\/\/agoravape.com\/fr\/wp-json\/wp\/v2\/product\/20109","targetHints":{"allow":["GET"]}}],"collection":[{"href":"https:\/\/agoravape.com\/fr\/wp-json\/wp\/v2\/product"}],"about":[{"href":"https:\/\/agoravape.com\/fr\/wp-json\/wp\/v2\/types\/product"}],"replies":[{"embeddable":true,"href":"https:\/\/agoravape.com\/fr\/wp-json\/wp\/v2\/comments?post=20109"}],"version-history":[{"count":0,"href":"https:\/\/agoravape.com\/fr\/wp-json\/wp\/v2\/product\/20109\/revisions"}],"wp:featuredmedia":[{"embeddable":true,"href":"https:\/\/agoravape.com\/fr\/wp-json\/wp\/v2\/media\/20135"}],"wp:attachment":[{"href":"https:\/\/agoravape.com\/fr\/wp-json\/wp\/v2\/media?parent=20109"}],"wp:term":[{"taxonomy":"product_brand","embeddable":true,"href":"https:\/\/agoravape.com\/fr\/wp-json\/wp\/v2\/product_brand?post=20109"},{"taxonomy":"product_cat","embeddable":true,"href":"https:\/\/agoravape.com\/fr\/wp-json\/wp\/v2\/product_cat?post=20109"},{"taxonomy":"product_tag","embeddable":true,"href":"https:\/\/agoravape.com\/fr\/wp-json\/wp\/v2\/product_tag?post=20109"}],"curies":[{"name":"wp","href":"https:\/\/api.w.org\/{rel}","templated":true}]}}