{"id":20517,"date":"2025-12-30T22:20:04","date_gmt":"2025-12-30T14:20:04","guid":{"rendered":"https:\/\/agoravape.com\/?post_type=product&#038;p=20517"},"modified":"2026-01-21T21:53:08","modified_gmt":"2026-01-21T13:53:08","slug":"jnr-windwhip-44k-puffs-dual-flavor-disposable","status":"publish","type":"product","link":"https:\/\/agoravape.com\/fr\/product\/jnr-windwhip-44k-puffs-dual-flavor-disposable\/","title":{"rendered":"JNR WindWhip 44000 bouff\u00e9es Double Saveur Jetable | Vrac | Deux saveurs. Un seul appareil. Grande autonomie."},"content":{"rendered":"<h2 data-v-md-heading=\"jnr-windwhip-44000-dual-flavored-disposable-vape-what-s-special-about-its-large-capacity\" data-v-md-line=\"3\">JNR WindWhip 44000, cigarette \u00e9lectronique jetable \u00e0 double saveur | Qu'est-ce qui rend sa grande capacit\u00e9 si sp\u00e9ciale ?<\/h2>\n<p data-v-md-line=\"5\">Si vous en avez assez de consommer votre cigarette \u00e9lectronique trop rapidement, ce produit est fait pour vous. La JNR WindWhip offre une autonomie allant jusqu'\u00e0 44\u00a0000 utilisations et propose deux saveurs diff\u00e9rentes, vous permettant ainsi de varier les plaisirs \u00e0 tout moment.<\/p>\n<p data-v-md-line=\"7\">Si vous recherchez une cigarette \u00e9lectronique durable et facile \u00e0 utiliser, c'est le choix id\u00e9al. Aucun r\u00e9glage de menu ni remplacement de la r\u00e9sistance n'est n\u00e9cessaire. Prenez-la simplement en main et savourez une vapeur d\u00e9licieuse et constante du d\u00e9but \u00e0 la fin.<\/p>\n<h2 data-v-md-heading=\"excellent-performance-simple-and-easy-to-use\" data-v-md-line=\"9\">Excellentes performances, simple et facile \u00e0 utiliser<\/h2>\n<p data-v-md-line=\"11\">Le WindWhip est con\u00e7u pour un flux d'air optimal et une restitution des saveurs stable, vous permettant d'appr\u00e9cier son excellence au quotidien. Lorsque la batterie est faible, il vous suffit de la recharger avec un c\u00e2ble de donn\u00e9es USB-C, probablement le m\u00eame que celui utilis\u00e9 pour votre t\u00e9l\u00e9phone. C'est simple comme bonjour.<\/p>\n<h2 data-v-md-heading=\"quick-specifications\" data-v-md-line=\"13\">Sp\u00e9cifications rapides<\/h2>\n<ul data-v-md-line=\"14\">\n<li>Fr\u00e9quence de consommation : jusqu'\u00e0 44 000 cigarettes<\/li>\n<li>Concentration de nicotine : 2 %<\/li>\n<li>Utilisation : Inhaler pour activer<\/li>\n<li>M\u00e9thode de chargement\u00a0: interface USB Type-C standard<\/li>\n<li>\u00c9tat : Pr\u00eat \u00e0 l'emploi d\u00e8s la sortie de l'emballage<\/li>\n<\/ul>\n<p><img loading=\"lazy\" decoding=\"async\" class=\"aligncenter size-full wp-image-20550\" src=\"https:\/\/agoravape.com\/wp-content\/uploads\/2025\/12\/JNR-WindWhip-44000-Puffs-Dual-Flavor-Disposable-Bulk-Two-flavours.-One-device.-Big-puff-count._Agora_vape-11.webp\" alt=\"\" width=\"1600\" height=\"1600\" srcset=\"https:\/\/agoravape.com\/wp-content\/uploads\/2025\/12\/JNR-WindWhip-44000-Puffs-Dual-Flavor-Disposable-Bulk-Two-flavours.-One-device.-Big-puff-count._Agora_vape-11.webp 1600w, https:\/\/agoravape.com\/wp-content\/uploads\/2025\/12\/JNR-WindWhip-44000-Puffs-Dual-Flavor-Disposable-Bulk-Two-flavours.-One-device.-Big-puff-count._Agora_vape-11-600x600.webp 600w, https:\/\/agoravape.com\/wp-content\/uploads\/2025\/12\/JNR-WindWhip-44000-Puffs-Dual-Flavor-Disposable-Bulk-Two-flavours.-One-device.-Big-puff-count._Agora_vape-11-1200x1200.webp 1200w, https:\/\/agoravape.com\/wp-content\/uploads\/2025\/12\/JNR-WindWhip-44000-Puffs-Dual-Flavor-Disposable-Bulk-Two-flavours.-One-device.-Big-puff-count._Agora_vape-11-300x300.webp 300w, https:\/\/agoravape.com\/wp-content\/uploads\/2025\/12\/JNR-WindWhip-44000-Puffs-Dual-Flavor-Disposable-Bulk-Two-flavours.-One-device.-Big-puff-count._Agora_vape-11-1024x1024.webp 1024w, https:\/\/agoravape.com\/wp-content\/uploads\/2025\/12\/JNR-WindWhip-44000-Puffs-Dual-Flavor-Disposable-Bulk-Two-flavours.-One-device.-Big-puff-count._Agora_vape-11-150x150.webp 150w, https:\/\/agoravape.com\/wp-content\/uploads\/2025\/12\/JNR-WindWhip-44000-Puffs-Dual-Flavor-Disposable-Bulk-Two-flavours.-One-device.-Big-puff-count._Agora_vape-11-768x768.webp 768w, https:\/\/agoravape.com\/wp-content\/uploads\/2025\/12\/JNR-WindWhip-44000-Puffs-Dual-Flavor-Disposable-Bulk-Two-flavours.-One-device.-Big-puff-count._Agora_vape-11-1536x1536.webp 1536w, https:\/\/agoravape.com\/wp-content\/uploads\/2025\/12\/JNR-WindWhip-44000-Puffs-Dual-Flavor-Disposable-Bulk-Two-flavours.-One-device.-Big-puff-count._Agora_vape-11-12x12.webp 12w\" sizes=\"auto, (max-width: 1600px) 100vw, 1600px\" \/><\/p>\n<h2 data-v-md-heading=\"complete-flavor-lineup\" data-v-md-line=\"20\">Gamme compl\u00e8te de saveurs<\/h2>\n<ul data-v-md-line=\"21\">\n<li>Cerise framboise bleue + Cerise<\/li>\n<li>Fruits rouges m\u00e9lang\u00e9s + p\u00eache blanche et framboise<\/li>\n<li>Glace \u00e0 la fraise fra\u00eeche + framboise acidul\u00e9e aux myrtilles<\/li>\n<li>Glace \u00e0 la past\u00e8que + Chewing-gum \u00e0 la past\u00e8que<\/li>\n<li>Glace kiwi-past\u00e8que + kiwi-fraise<\/li>\n<li>Glace \u00e0 la fraise et \u00e0 la past\u00e8que + Fraise Banane<\/li>\n<li>Cola cerise + P\u00eaches d'\u00e9t\u00e9<\/li>\n<li>Amour 66 + Hawa\u00ef<\/li>\n<li>Double Pomme + Pomme Verte P\u00eache Poire<\/li>\n<li>Glace noire + Glace du dragon noir<\/li>\n<\/ul>\n<h2 data-v-md-heading=\"to-serve-you-and-your-business\" data-v-md-line=\"32\">Pour vous servir, vous et votre entreprise<\/h2>\n<p data-v-md-line=\"34\">Vous pouvez acheter les JNR WindWhip 44000 \u00e0 l'unit\u00e9 ou en gros pour la revente. Conditionnement\u00a0: 10 unit\u00e9s par bo\u00eete int\u00e9rieure et 200 unit\u00e9s par carton. Si vous tenez un magasin, vous appr\u00e9cierez sans aucun doute ce conditionnement pratique de 10 unit\u00e9s, id\u00e9al pour le rangement et la gestion des stocks.<\/p>\n<p data-v-md-line=\"36\">Nous proposons des services d'exp\u00e9dition DDP fiables apr\u00e8s paiement des taxes, en partenariat avec UPS, DPD et DHL, afin de vous \u00e9viter les retards douaniers et les frais impr\u00e9vus. Compte tenu des diff\u00e9rences de r\u00e9glementation en Europe, il est important de v\u00e9rifier la r\u00e9glementation locale avant de vendre des cigarettes \u00e9lectroniques jetables de grande capacit\u00e9.<\/p>\n<h2 data-v-md-heading=\"the-reason-why-you-will-like-it\" data-v-md-line=\"38\">La raison pour laquelle vous allez l'aimer<\/h2>\n<ul data-v-md-line=\"39\">\n<li>Durable et r\u00e9sistant : gr\u00e2ce \u00e0 sa dur\u00e9e d'utilisation prolong\u00e9e, il n'est pas n\u00e9cessaire de remplacer fr\u00e9quemment l'\u00e9quipement.<\/li>\n<li>S\u00e9lection du taux de nicotine\u00a0: concentration de nicotine de 2\u00a0%, convenant \u00e0 la plupart des utilisateurs de cigarettes \u00e9lectroniques jetables.<\/li>\n<li>Rechargeable : Vous pouvez utiliser tout le e-liquide achet\u00e9 sans vous soucier de jeter l'appareil lorsqu'il est \u00e0 moiti\u00e9 plein.<\/li>\n<li>Go\u00fbt constant : con\u00e7u pour une circulation d'air optimale et un go\u00fbt constant.<\/li>\n<\/ul>\n<h2 data-v-md-heading=\"why-choose-to-collaborate-with-agoravape\" data-v-md-line=\"44\">Pourquoi choisir de collaborer avec AgoraVape ?<\/h2>\n<p data-v-md-line=\"46\">Nous ne vendons que des produits authentiques\u00a0; vos clients peuvent nous faire confiance. Pour les entreprises, cela signifie que les cigarettes \u00e9lectroniques jetables JNR WindWhip 44000 \u00e0 double saveur (en gros) vous seront propos\u00e9es \u00e0 des prix de gros tr\u00e8s comp\u00e9titifs, avec un service apr\u00e8s-vente fiable et une livraison rapide. Si vous souhaitez ajouter \u00e0 votre gamme de produits une cigarette \u00e9lectronique \u00e0 double saveur haute capacit\u00e9 et performante, n'h\u00e9sitez pas \u00e0 nous contacter. Vos clients ne manqueront pas de repasser commande.<\/p>","protected":false},"excerpt":{"rendered":"<p>JNR WindWhip 44000 dual flavored disposable vape | Quelle est la particularit\u00e9 de sa grande capacit\u00e9 ? Si vous \u00eates fatigu\u00e9 d'utiliser<\/p>","protected":false},"featured_media":20549,"comment_status":"closed","ping_status":"closed","template":"","meta":[],"product_brand":[225],"product_cat":[124,185,189,177,195,174,175,152,193,191,173,186,180,190],"product_tag":[],"class_list":{"0":"post-20517","1":"product","2":"type-product","3":"status-publish","4":"has-post-thumbnail","6":"product_brand-jnr","7":"product_cat-vape-by-brand","8":"product_cat-10000-puffs-high-capacity","9":"product_cat-20mg-standard-nicotine-vapes","10":"product_cat-dessert-sweets","11":"product_cat-dual-flavor-switch","12":"product_cat-fruit-flavors","13":"product_cat-icy-mint","14":"product_cat-jnr","15":"product_cat-mesh-coil","16":"product_cat-rechargeable-disposables","17":"product_cat-vape-by-flavor-profile","18":"product_cat-vape-by-nicotine-strength","19":"product_cat-vape-by-puff-count","20":"product_cat-vape-by-feature-or-type","22":"first","23":"instock","24":"shipping-taxable","25":"purchasable","26":"product-type-variable","27":"has-default-attributes"},"tiered_pricing_type":"percentage","tiered_pricing_fixed_rules":{"30":"29","50":"35","100":"40","200":"44","500":"47","1000":"49"},"tiered_pricing_product_settings":{"layout":"default","base_unit_name":{"singular":null,"plural":null},"default_variation":null},"tiered_pricing_minimum_quantity":10,"tiered_pricing_roles_data":[],"tiered_pricing_percentage_rules":{"30":"29","50":"35","100":"40","200":"44","500":"47","1000":"46"},"tiered_pricing_maximum_quantity":null,"tiered_pricing_quantity_step":"10","_links":{"self":[{"href":"https:\/\/agoravape.com\/fr\/wp-json\/wp\/v2\/product\/20517","targetHints":{"allow":["GET"]}}],"collection":[{"href":"https:\/\/agoravape.com\/fr\/wp-json\/wp\/v2\/product"}],"about":[{"href":"https:\/\/agoravape.com\/fr\/wp-json\/wp\/v2\/types\/product"}],"replies":[{"embeddable":true,"href":"https:\/\/agoravape.com\/fr\/wp-json\/wp\/v2\/comments?post=20517"}],"version-history":[{"count":0,"href":"https:\/\/agoravape.com\/fr\/wp-json\/wp\/v2\/product\/20517\/revisions"}],"wp:featuredmedia":[{"embeddable":true,"href":"https:\/\/agoravape.com\/fr\/wp-json\/wp\/v2\/media\/20549"}],"wp:attachment":[{"href":"https:\/\/agoravape.com\/fr\/wp-json\/wp\/v2\/media?parent=20517"}],"wp:term":[{"taxonomy":"product_brand","embeddable":true,"href":"https:\/\/agoravape.com\/fr\/wp-json\/wp\/v2\/product_brand?post=20517"},{"taxonomy":"product_cat","embeddable":true,"href":"https:\/\/agoravape.com\/fr\/wp-json\/wp\/v2\/product_cat?post=20517"},{"taxonomy":"product_tag","embeddable":true,"href":"https:\/\/agoravape.com\/fr\/wp-json\/wp\/v2\/product_tag?post=20517"}],"curies":[{"name":"wp","href":"https:\/\/api.w.org\/{rel}","templated":true}]}}