{"id":21121,"date":"2026-01-18T00:23:32","date_gmt":"2026-01-17T16:23:32","guid":{"rendered":"https:\/\/agoravape.com\/?post_type=product&#038;p=21121"},"modified":"2026-02-22T15:14:24","modified_gmt":"2026-02-22T14:14:24","slug":"myde-8in1-150k-150000-puffs-vape","status":"publish","type":"product","link":"https:\/\/agoravape.com\/fr\/product\/myde-8in1-150k-150000-puffs-vape\/","title":{"rendered":"MYDE 8 en 1 150\u00a0000 bouff\u00e9es, 4 r\u00e9sistances Mesh | Changez de saveurs en toute simplicit\u00e9"},"content":{"rendered":"<h2 data-v-md-heading=\"what-is-myde-8-in-1-150000-mouth-4-mesh-coil-electronic-cigarette-like\" data-v-md-line=\"1\"><img loading=\"lazy\" decoding=\"async\" class=\"aligncenter size-full wp-image-21134\" src=\"https:\/\/agoravape.com\/wp-content\/uploads\/2026\/01\/MYDE-8in1-150k-150000-Puffs-4-Mesh-Coil-Vape-Switch-Flavours-Keep-It-Simple_Agora_vape-2-scaled.webp\" alt=\"\" width=\"2560\" height=\"1163\" srcset=\"https:\/\/agoravape.com\/wp-content\/uploads\/2026\/01\/MYDE-8in1-150k-150000-Puffs-4-Mesh-Coil-Vape-Switch-Flavours-Keep-It-Simple_Agora_vape-2-scaled.webp 2560w, https:\/\/agoravape.com\/wp-content\/uploads\/2026\/01\/MYDE-8in1-150k-150000-Puffs-4-Mesh-Coil-Vape-Switch-Flavours-Keep-It-Simple_Agora_vape-2-scaled-1200x545.webp 1200w, https:\/\/agoravape.com\/wp-content\/uploads\/2026\/01\/MYDE-8in1-150k-150000-Puffs-4-Mesh-Coil-Vape-Switch-Flavours-Keep-It-Simple_Agora_vape-2-300x136.webp 300w, https:\/\/agoravape.com\/wp-content\/uploads\/2026\/01\/MYDE-8in1-150k-150000-Puffs-4-Mesh-Coil-Vape-Switch-Flavours-Keep-It-Simple_Agora_vape-2-1024x465.webp 1024w, https:\/\/agoravape.com\/wp-content\/uploads\/2026\/01\/MYDE-8in1-150k-150000-Puffs-4-Mesh-Coil-Vape-Switch-Flavours-Keep-It-Simple_Agora_vape-2-768x349.webp 768w, https:\/\/agoravape.com\/wp-content\/uploads\/2026\/01\/MYDE-8in1-150k-150000-Puffs-4-Mesh-Coil-Vape-Switch-Flavours-Keep-It-Simple_Agora_vape-2-1536x698.webp 1536w, https:\/\/agoravape.com\/wp-content\/uploads\/2026\/01\/MYDE-8in1-150k-150000-Puffs-4-Mesh-Coil-Vape-Switch-Flavours-Keep-It-Simple_Agora_vape-2-2048x930.webp 2048w, https:\/\/agoravape.com\/wp-content\/uploads\/2026\/01\/MYDE-8in1-150k-150000-Puffs-4-Mesh-Coil-Vape-Switch-Flavours-Keep-It-Simple_Agora_vape-2-18x8.webp 18w\" sizes=\"auto, (max-width: 2560px) 100vw, 2560px\" \/><\/h2>\n<h2 data-v-md-heading=\"what-is-myde-8-in-1-150000-mouth-4-mesh-coil-electronic-cigarette-like\" data-v-md-line=\"1\">\u00c0 quoi ressemble la cigarette \u00e9lectronique MYDE 8-en-1 150000 ohms avec bobine \u00e0 4 mesh ?<\/h2>\n<p data-v-md-line=\"3\">Si vous en avez assez des cigarettes \u00e9lectroniques jetables qui ne durent qu'une journ\u00e9e avant de se d\u00e9charger compl\u00e8tement, la cigarette \u00e9lectronique MYDE 8-en-1 saura vous satisfaire. Con\u00e7ue pour une utilisation prolong\u00e9e (jusqu'\u00e0 150\u00a0000 bouff\u00e9es), elle offre 8 saveurs diff\u00e9rentes, vous permettant de varier les plaisirs sans avoir \u00e0 transporter plusieurs cigarettes \u00e9lectroniques.<\/p>\n<p data-v-md-line=\"5\">Vous pourriez avoir l'impression que les cigarettes \u00e9lectroniques \u00e0 grand nombre d'embouts sont aussi lourdes que des briques dans votre poche, mais leur portabilit\u00e9 est \u00e9tonnamment bonne. Le bo\u00eetier est tr\u00e8s robuste, offre une r\u00e9sistance \u00e0 l'aspiration constante et son utilisation est tr\u00e8s simple\u00a0: choisissez votre saveur, inhalez et savourez.<\/p>\n<p data-v-md-line=\"5\"><img loading=\"lazy\" decoding=\"async\" class=\"size-full wp-image-21133 alignright\" src=\"https:\/\/agoravape.com\/wp-content\/uploads\/2026\/01\/MYDE-8in1-150k-150000-Puffs-4-Mesh-Coil-Vape-Switch-Flavours-Keep-It-Simple_Agora_vape-1-scaled.webp\" alt=\"\" width=\"1829\" height=\"2560\" srcset=\"https:\/\/agoravape.com\/wp-content\/uploads\/2026\/01\/MYDE-8in1-150k-150000-Puffs-4-Mesh-Coil-Vape-Switch-Flavours-Keep-It-Simple_Agora_vape-1-scaled.webp 1829w, https:\/\/agoravape.com\/wp-content\/uploads\/2026\/01\/MYDE-8in1-150k-150000-Puffs-4-Mesh-Coil-Vape-Switch-Flavours-Keep-It-Simple_Agora_vape-1-scaled-1200x1680.webp 1200w, https:\/\/agoravape.com\/wp-content\/uploads\/2026\/01\/MYDE-8in1-150k-150000-Puffs-4-Mesh-Coil-Vape-Switch-Flavours-Keep-It-Simple_Agora_vape-1-214x300.webp 214w, https:\/\/agoravape.com\/wp-content\/uploads\/2026\/01\/MYDE-8in1-150k-150000-Puffs-4-Mesh-Coil-Vape-Switch-Flavours-Keep-It-Simple_Agora_vape-1-731x1024.webp 731w, https:\/\/agoravape.com\/wp-content\/uploads\/2026\/01\/MYDE-8in1-150k-150000-Puffs-4-Mesh-Coil-Vape-Switch-Flavours-Keep-It-Simple_Agora_vape-1-768x1075.webp 768w, https:\/\/agoravape.com\/wp-content\/uploads\/2026\/01\/MYDE-8in1-150k-150000-Puffs-4-Mesh-Coil-Vape-Switch-Flavours-Keep-It-Simple_Agora_vape-1-1097x1536.webp 1097w, https:\/\/agoravape.com\/wp-content\/uploads\/2026\/01\/MYDE-8in1-150k-150000-Puffs-4-Mesh-Coil-Vape-Switch-Flavours-Keep-It-Simple_Agora_vape-1-1463x2048.webp 1463w, https:\/\/agoravape.com\/wp-content\/uploads\/2026\/01\/MYDE-8in1-150k-150000-Puffs-4-Mesh-Coil-Vape-Switch-Flavours-Keep-It-Simple_Agora_vape-1-9x12.webp 9w\" sizes=\"auto, (max-width: 1829px) 100vw, 1829px\" \/><\/p>\n<h2 data-v-md-heading=\"excellent-performance-and-easy-operation\" data-v-md-line=\"7\">Excellentes performances et facilit\u00e9 d'utilisation<\/h2>\n<p data-v-md-line=\"9\">Cette cigarette \u00e9lectronique est \u00e9quip\u00e9e de 4 r\u00e9sistances mesh de 1,2 \u03a9, assurant une vaporisation puissante. Ces r\u00e9sistances garantissent une saveur constante et durable. De plus, sa batterie rechargeable de 850 mAh est compatible avec la charge USB Type-C. Ainsi, m\u00eame si la batterie se d\u00e9charge avant que le e-liquide ne soit \u00e9puis\u00e9, vous pouvez continuer \u00e0 utiliser votre cigarette \u00e9lectronique. Enfin, son \u00e9cran LED vous permet de consulter facilement le niveau de charge.<\/p>\n<h2 data-v-md-heading=\"quick-specifications\" data-v-md-line=\"11\">Sp\u00e9cifications rapides<\/h2>\n<ul data-v-md-line=\"13\">\n<li>\n<p data-v-md-line=\"13\">Fr\u00e9quence de consommation : jusqu'\u00e0 150 000 bouff\u00e9es<\/p>\n<\/li>\n<li>\n<p data-v-md-line=\"15\">Capacit\u00e9 du r\u00e9servoir d'e-liquide : 58 millilitres<\/p>\n<\/li>\n<li>\n<p data-v-md-line=\"17\">Noyau d'atomisation\u00a0: 4 noyaux d'atomisation \u00e0 mailles, 1,2 \u03a9<\/p>\n<\/li>\n<li>\n<p data-v-md-line=\"19\">Batterie : batterie rechargeable de 850 mAh<\/p>\n<\/li>\n<li>\n<p data-v-md-line=\"21\">Concentration de nicotine : 0 %\/2 %\/3 %\/5 %<\/p>\n<\/li>\n<li>\n<p data-v-md-line=\"23\">Utilisation : Inhaler pour activer<\/p>\n<\/li>\n<li>\n<p data-v-md-line=\"25\">M\u00e9thode de chargement : interface USB Type-C<\/p>\n<\/li>\n<li>\n<p data-v-md-line=\"27\">\u00c9cran d'affichage : \u00e9cran LED<\/p>\n<\/li>\n<li>\n<p data-v-md-line=\"29\">Dimensions\/Poids : 39 \u00d7 39 \u00d7 118 millim\u00e8tres, 130 grammes (machine simple)<\/p>\n<\/li>\n<li>\n<p data-v-md-line=\"31\">\u00c9tat : Pr\u00eat \u00e0 l'emploi d\u00e8s la sortie de l'emballage<\/p>\n<\/li>\n<\/ul>\n<h2 data-v-md-heading=\"rich-flavor-options\" data-v-md-line=\"33\">options de saveurs riches<\/h2>\n<p data-v-md-line=\"35\">Chaque configuration propose 4 combinaisons de saveurs (vous pouvez changer \u00e0 tout moment) au d\u00e9part de :<\/p>\n<ul data-v-md-line=\"36\">\n<li>Glace \u00e0 la fraise + glace \u00e0 la past\u00e8que + glace \u00e0 la p\u00eache + glace au fruit de la passion<\/li>\n<li>Glace \u00e0 la fraise + Glace \u00e0 la myrtille + Glace au raisin + Glace \u00e0 la pomme verte<\/li>\n<li>Glace \u00e0 la fraise + mangue + ananas + cr\u00e8me glac\u00e9e<\/li>\n<li>Glace \u00e0 la myrtille + Glace au citron et \u00e0 la framboise + Chewing-gum \u00e0 la past\u00e8que + Menthe poivr\u00e9e<\/li>\n<li>Past\u00e8que + framboise + cerise + cola<\/li>\n<li>Glace au raisin + Glace \u00e0 la mangue et \u00e0 la p\u00eache + Glace \u00e0 la past\u00e8que + Glace \u00e0 la myrtille<\/li>\n<li>fraise-kiwi + myrtille-noix de coco + prune m\u00e9lang\u00e9e + mangue<\/li>\n<li>Glace \u00e0 la banane + Glace \u00e0 la fraise + Glace \u00e0 la past\u00e8que + Glace au citron<\/li>\n<li>Glace \u00e0 la fraise + Glace ananas-coco + Glace \u00e0 la mangue + Glace au fruit de la passion<\/li>\n<li>Ananas noix de coco + Glace au citron + Glace \u00e0 la myrtille + Boisson \u00e9nergisante<\/li>\n<\/ul>\n<h2 data-v-md-heading=\"for-you-and-your-business\" data-v-md-line=\"47\">Pour vous et votre entreprise<\/h2>\n<p data-v-md-line=\"49\">Vous pouvez opter pour MYDE, une cigarette \u00e9lectronique 8 en 1 id\u00e9ale pour un usage personnel. Si vous recherchez une cigarette \u00e9lectronique jetable offrant une bouff\u00e9e intense et durable, c'est le choix id\u00e9al. Pour un magasin, ce produit est \u00e9galement parfait en vitrine, car ses clients comprennent imm\u00e9diatement son argument de vente\u00a0: \u00ab\u00a0Un seul appareil, plusieurs saveurs, rechargeable\u00a0\u00bb.<\/p>\n<p data-v-md-line=\"51\">Pour les commandes en gros, ce produit est exp\u00e9di\u00e9 par cartons de 150 pi\u00e8ces. Nous collaborons \u00e9troitement avec des partenaires logistiques europ\u00e9ens fiables et pouvons organiser le transport DDP (droits acquitt\u00e9s en douane) dans la mesure du possible, vous \u00e9vitant ainsi les tracas douaniers et les frais impr\u00e9vus.<\/p>\n<h2 data-v-md-heading=\"reasons-why-you-will-like-it\" data-v-md-line=\"53\">Reasons why you will like it<\/h2>\n<ul data-v-md-line=\"55\">\n<li>\n<p data-v-md-line=\"55\">Aspiration ultra longue dur\u00e9e : Durable et r\u00e9sistante, r\u00e9duisant la fr\u00e9quence de remplacement.<\/p>\n<\/li>\n<li>\n<p data-v-md-line=\"56\">Variation des saveurs (8 en 1) : Lorsqu'une saveur commence \u00e0 devenir monotone, elle peut apporter une sensation de fra\u00eecheur.<\/p>\n<\/li>\n<li>\n<p data-v-md-line=\"57\">Batterie rechargeable : vous permet de profiter pleinement du e-liquide que vous avez achet\u00e9.<\/p>\n<\/li>\n<li>\n<p data-v-md-line=\"59\">Structure \u00e0 4 bobines : assure une r\u00e9sistance \u00e0 l'aspiration et un go\u00fbt constants.<\/p>\n<\/li>\n<li>\n<p data-v-md-line=\"60\">\u00c9cran LED : Plus besoin de deviner quand il faut le recharger.<\/p>\n<\/li>\n<\/ul>\n<h2 data-v-md-heading=\"why-choose-to-collaborate-with-agoravape\" data-v-md-line=\"62\">Pourquoi choisir de collaborer avec AgoraVape ?<\/h2>\n<p data-v-md-line=\"64\">Nous ne vendons jamais de produits provenant de sources inconnues. AgoraVape s'engage \u00e0 garantir l'authenticit\u00e9 de ses produits, \u00e0 assurer une livraison logistique fiable et \u00e0 fournir un support pratique et efficace aux consommateurs et aux d\u00e9taillants. Si vous souhaitez acheter des cigarettes \u00e9lectroniques MYDE 8-en-1 (r\u00e9sistance 4 mesh, 150\u00a0000 ohms) \u00e0 prix de gros et b\u00e9n\u00e9ficier de solutions de livraison fiables dans l'UE, veuillez nous contacter. Nous vous aiderons \u00e0 passer des commandes adapt\u00e9es \u00e0 vos clients.<\/p>\n<p><script src=\"chrome-extension:\/\/fpelahbljekknahkcaegamhcndkfpfnc\/iFrame.js\" type=\"text\/javascript\"><\/script><\/p>","protected":false},"excerpt":{"rendered":"<p>&nbsp;<\/p>\n<p><script src=\"chrome-extension:\/\/fpelahbljekknahkcaegamhcndkfpfnc\/iFrame.js\" type=\"text\/javascript\"><\/script><\/p>\n<p><script src=\"chrome-extension:\/\/fpelahbljekknahkcaegamhcndkfpfnc\/iFrame.js\" type=\"text\/javascript\"><\/script><\/p>\n<p><script src=\"chrome-extension:\/\/fpelahbljekknahkcaegamhcndkfpfnc\/iFrame.js\" type=\"text\/javascript\"><\/script><\/p>\n<p><script src=\"chrome-extension:\/\/fpelahbljekknahkcaegamhcndkfpfnc\/iFrame.js\" type=\"text\/javascript\"><\/script><\/p>\n<p><script src=\"chrome-extension:\/\/fpelahbljekknahkcaegamhcndkfpfnc\/iFrame.js\" type=\"text\/javascript\"><\/script><\/p>\n<p><script src=\"chrome-extension:\/\/fpelahbljekknahkcaegamhcndkfpfnc\/iFrame.js\" type=\"text\/javascript\"><\/script><\/p>\n<p><script src=\"chrome-extension:\/\/fpelahbljekknahkcaegamhcndkfpfnc\/iFrame.js\" type=\"text\/javascript\"><\/script><\/p>\n<p><script src=\"chrome-extension:\/\/fpelahbljekknahkcaegamhcndkfpfnc\/iFrame.js\" type=\"text\/javascript\"><\/script><\/p>\n<p><script src=\"chrome-extension:\/\/fpelahbljekknahkcaegamhcndkfpfnc\/iFrame.js\" type=\"text\/javascript\"><\/script><\/p>\n<p><script src=\"chrome-extension:\/\/fpelahbljekknahkcaegamhcndkfpfnc\/iFrame.js\" type=\"text\/javascript\"><\/script><\/p>\n<p><script src=\"chrome-extension:\/\/fpelahbljekknahkcaegamhcndkfpfnc\/iFrame.js\" type=\"text\/javascript\"><\/script><\/p>","protected":false},"featured_media":21144,"comment_status":"open","ping_status":"closed","template":"","meta":[],"product_brand":[221],"product_cat":[124,185,176,177,1674,174,175,193,148,191,173,186,180,190],"product_tag":[],"class_list":{"0":"post-21121","1":"product","2":"type-product","3":"status-publish","4":"has-post-thumbnail","6":"product_brand-myde","7":"product_cat-vape-by-brand","8":"product_cat-10000-puffs-high-capacity","9":"product_cat-beverage","10":"product_cat-dessert-sweets","11":"product_cat-eu-warehouse","12":"product_cat-fruit-flavors","13":"product_cat-icy-mint","14":"product_cat-mesh-coil","15":"product_cat-myde","16":"product_cat-rechargeable-disposables","17":"product_cat-vape-by-flavor-profile","18":"product_cat-vape-by-nicotine-strength","19":"product_cat-vape-by-puff-count","20":"product_cat-vape-by-feature-or-type","22":"first","23":"instock","24":"shipping-taxable","25":"purchasable","26":"product-type-variable","27":"has-default-attributes"},"tiered_pricing_type":"percentage","tiered_pricing_fixed_rules":[],"tiered_pricing_product_settings":{"layout":"default","base_unit_name":{"singular":null,"plural":null},"default_variation":null},"tiered_pricing_minimum_quantity":10,"tiered_pricing_roles_data":[],"tiered_pricing_percentage_rules":{"30":"29","50":"35","100":"40","200":"44","500":"47","1000":"49"},"tiered_pricing_maximum_quantity":null,"tiered_pricing_quantity_step":"10","_links":{"self":[{"href":"https:\/\/agoravape.com\/fr\/wp-json\/wp\/v2\/product\/21121","targetHints":{"allow":["GET"]}}],"collection":[{"href":"https:\/\/agoravape.com\/fr\/wp-json\/wp\/v2\/product"}],"about":[{"href":"https:\/\/agoravape.com\/fr\/wp-json\/wp\/v2\/types\/product"}],"replies":[{"embeddable":true,"href":"https:\/\/agoravape.com\/fr\/wp-json\/wp\/v2\/comments?post=21121"}],"version-history":[{"count":0,"href":"https:\/\/agoravape.com\/fr\/wp-json\/wp\/v2\/product\/21121\/revisions"}],"wp:featuredmedia":[{"embeddable":true,"href":"https:\/\/agoravape.com\/fr\/wp-json\/wp\/v2\/media\/21144"}],"wp:attachment":[{"href":"https:\/\/agoravape.com\/fr\/wp-json\/wp\/v2\/media?parent=21121"}],"wp:term":[{"taxonomy":"product_brand","embeddable":true,"href":"https:\/\/agoravape.com\/fr\/wp-json\/wp\/v2\/product_brand?post=21121"},{"taxonomy":"product_cat","embeddable":true,"href":"https:\/\/agoravape.com\/fr\/wp-json\/wp\/v2\/product_cat?post=21121"},{"taxonomy":"product_tag","embeddable":true,"href":"https:\/\/agoravape.com\/fr\/wp-json\/wp\/v2\/product_tag?post=21121"}],"curies":[{"name":"wp","href":"https:\/\/api.w.org\/{rel}","templated":true}]}}