{"id":21146,"date":"2026-01-18T00:53:54","date_gmt":"2026-01-17T16:53:54","guid":{"rendered":"https:\/\/agoravape.com\/?post_type=product&#038;p=21146"},"modified":"2026-03-26T13:22:26","modified_gmt":"2026-03-26T12:22:26","slug":"myde-ak80000-80000-puffs-dtl-vape","status":"publish","type":"product","link":"https:\/\/agoravape.com\/fr\/product\/myde-ak80000-80000-puffs-dtl-vape\/","title":{"rendered":"MYDE AK80000 80000 bouff\u00e9es Vape DTL haute puissance | Gros nuages, moins de tracas"},"content":{"rendered":"<h2 data-v-md-heading=\"what-is-myde-ak80000-80000-high-power-dtl-electronic-cigarette-like\" data-v-md-line=\"1\"><\/h2>\n<p><img loading=\"lazy\" decoding=\"async\" class=\"size-full wp-image-21205 alignright\" src=\"https:\/\/agoravape.com\/wp-content\/uploads\/2026\/01\/MYDE-AK80000-80000-Puffs-High-Power-DTL-Vape_Agora_vape-2.webp\" alt=\"\" width=\"1280\" height=\"1659\" srcset=\"https:\/\/agoravape.com\/wp-content\/uploads\/2026\/01\/MYDE-AK80000-80000-Puffs-High-Power-DTL-Vape_Agora_vape-2.webp 1280w, https:\/\/agoravape.com\/wp-content\/uploads\/2026\/01\/MYDE-AK80000-80000-Puffs-High-Power-DTL-Vape_Agora_vape-2-1200x1555.webp 1200w, https:\/\/agoravape.com\/wp-content\/uploads\/2026\/01\/MYDE-AK80000-80000-Puffs-High-Power-DTL-Vape_Agora_vape-2-231x300.webp 231w, https:\/\/agoravape.com\/wp-content\/uploads\/2026\/01\/MYDE-AK80000-80000-Puffs-High-Power-DTL-Vape_Agora_vape-2-790x1024.webp 790w, https:\/\/agoravape.com\/wp-content\/uploads\/2026\/01\/MYDE-AK80000-80000-Puffs-High-Power-DTL-Vape_Agora_vape-2-768x995.webp 768w, https:\/\/agoravape.com\/wp-content\/uploads\/2026\/01\/MYDE-AK80000-80000-Puffs-High-Power-DTL-Vape_Agora_vape-2-1185x1536.webp 1185w, https:\/\/agoravape.com\/wp-content\/uploads\/2026\/01\/MYDE-AK80000-80000-Puffs-High-Power-DTL-Vape_Agora_vape-2-9x12.webp 9w\" sizes=\"auto, (max-width: 1280px) 100vw, 1280px\" \/> <img loading=\"lazy\" decoding=\"async\" class=\"size-full wp-image-21206 alignright\" src=\"https:\/\/agoravape.com\/wp-content\/uploads\/2026\/01\/MYDE-AK80000-80000-Puffs-High-Power-DTL-Vape_Agora_vape-3-scaled.webp\" alt=\"\" width=\"765\" height=\"2560\" srcset=\"https:\/\/agoravape.com\/wp-content\/uploads\/2026\/01\/MYDE-AK80000-80000-Puffs-High-Power-DTL-Vape_Agora_vape-3-scaled.webp 765w, https:\/\/agoravape.com\/wp-content\/uploads\/2026\/01\/MYDE-AK80000-80000-Puffs-High-Power-DTL-Vape_Agora_vape-3-90x300.webp 90w, https:\/\/agoravape.com\/wp-content\/uploads\/2026\/01\/MYDE-AK80000-80000-Puffs-High-Power-DTL-Vape_Agora_vape-3-306x1024.webp 306w, https:\/\/agoravape.com\/wp-content\/uploads\/2026\/01\/MYDE-AK80000-80000-Puffs-High-Power-DTL-Vape_Agora_vape-3-768x2570.webp 768w, https:\/\/agoravape.com\/wp-content\/uploads\/2026\/01\/MYDE-AK80000-80000-Puffs-High-Power-DTL-Vape_Agora_vape-3-459x1536.webp 459w, https:\/\/agoravape.com\/wp-content\/uploads\/2026\/01\/MYDE-AK80000-80000-Puffs-High-Power-DTL-Vape_Agora_vape-3-612x2048.webp 612w, https:\/\/agoravape.com\/wp-content\/uploads\/2026\/01\/MYDE-AK80000-80000-Puffs-High-Power-DTL-Vape_Agora_vape-3-4x12.webp 4w, https:\/\/agoravape.com\/wp-content\/uploads\/2026\/01\/MYDE-AK80000-80000-Puffs-High-Power-DTL-Vape_Agora_vape-3-1200x4015.webp 1200w\" sizes=\"auto, (max-width: 765px) 100vw, 765px\" \/><\/p>\n<h2 data-v-md-heading=\"what-is-myde-ak80000-80000-high-power-dtl-electronic-cigarette-like\" data-v-md-line=\"1\">\u00c0 quoi ressemble la cigarette \u00e9lectronique MYDE AK80000 80000 haute puissance DTL\u00a0?<\/h2>\n<p data-v-md-line=\"3\">Si vous en avez assez des cigarettes \u00e9lectroniques jetables qui donnent l'impression d'\u00eatre d\u00e9j\u00e0 \u00ab\u00a0vides\u00a0\u00bb d\u00e8s la premi\u00e8re utilisation, la MYDE AK80000 est la solution id\u00e9ale. C'est une cigarette \u00e9lectronique jetable DTL (inhalation directe) haute puissance, con\u00e7ue pour les utilisateurs qui recherchent une r\u00e9sistance plus douce et une vapeur plus riche, contrairement \u00e0 la forte r\u00e9sistance des cigarettes classiques.<\/p>\n<p data-v-md-line=\"5\">Il y a une autre surprise\u00a0: vous pourriez penser qu'un appareil dot\u00e9 de 80\u00a0000 ports serait aussi lourd qu'une brique, mais en r\u00e9alit\u00e9, il tient tr\u00e8s bien en main. Si vous recherchez une vapeur dense, un go\u00fbt constant et une faible fr\u00e9quence de recharge, cette cigarette \u00e9lectronique est faite pour vous.<\/p>\n<h2 data-v-md-heading=\"excellent-performance-simple-and-easy-to-use\" data-v-md-line=\"7\">Excellentes performances, simple et facile \u00e0 utiliser<\/h2>\n<p data-v-md-line=\"9\">MYDE mise sur la simplicit\u00e9 dans les domaines cl\u00e9s. La r\u00e9sistance mesh de 0,4 \u03a9 assure une saveur stable et produit une vapeur dense. Avec une puissance de 30 W, elle est parfaitement adapt\u00e9e \u00e0 l'inhalation directe (DTL).<\/p>\n<p data-v-md-line=\"11\">Lorsque la batterie est faible, inutile d'utiliser un chargeur d\u00e9di\u00e9. Il suffit de la connecter via l'interface USB Type-C (vous avez peut-\u00eatre d\u00e9j\u00e0 utilis\u00e9 le m\u00eame c\u00e2ble USB pour charger votre t\u00e9l\u00e9phone) et vous pouvez continuer \u00e0 l'utiliser.<\/p>\n<h2 data-v-md-heading=\"quick-specifications\" data-v-md-line=\"13\">Sp\u00e9cifications rapides<\/h2>\n<ul data-v-md-line=\"14\">\n<li>Smoking frequency: up to 80000 puffs<\/li>\n<li>Capacit\u00e9 du r\u00e9servoir d'e-liquide : 45 ml<\/li>\n<li>Teneur en nicotine : 5 mg<\/li>\n<li>Puissance de sortie : 30 W<\/li>\n<li>Noyau d'atomisation : noyau d'atomisation en maille de 0,4 \u03a9<\/li>\n<li>Capacit\u00e9 de la batterie : 1300 mAh (rechargeable)<\/li>\n<li>Utilisation : Inhaler pour activer<\/li>\n<li>M\u00e9thode de chargement\u00a0: interface USB Type-C standard<\/li>\n<li>Mat\u00e9riau : Alliage + PCTG<\/li>\n<li>Dimensions\/Poids\u00a0: 157 \u00d7 36,3 \u00d7 36,3 mm, 135 g<\/li>\n<li>\u00c9tat : Pr\u00eat \u00e0 l'emploi d\u00e8s la sortie de l'emballage<\/li>\n<\/ul>\n<h2 data-v-md-heading=\"complete-flavor-lineup\" data-v-md-line=\"26\">Gamme compl\u00e8te de saveurs<\/h2>\n<ul data-v-md-line=\"27\">\n<li>Tueur de femmes<\/li>\n<li>Glace au raisin<\/li>\n<li>Lance de menthe<\/li>\n<li>Citron et citron vert<\/li>\n<li>Glace \u00e0 la past\u00e8que<\/li>\n<li>Soda au cola cerise<\/li>\n<li>fraise kiwi<\/li>\n<li>Pistolet \u00e0 melons<\/li>\n<li>Strawberry watermelon<\/li>\n<li>Pistolet \u00e0 bulles past\u00e8que<\/li>\n<\/ul>\n<h2 data-v-md-heading=\"suitable-for-you-and-your-business\" data-v-md-line=\"38\">Adapt\u00e9 \u00e0 vous et \u00e0 votre entreprise<\/h2>\n<p data-v-md-line=\"40\">Vous pouvez acheter ces produits pour un usage personnel, mais si vous \u00eates un d\u00e9taillant, ce produit est un excellent choix comme option d'aspiration directe haute puissance pour votre gamme de produits. Chaque bo\u00eete contient 100 unit\u00e9s, ce qui facilite vos commandes et vous permet de contr\u00f4ler la quantit\u00e9.<\/p>\n<p data-v-md-line=\"42\">En mati\u00e8re de logistique, nous comprenons les pr\u00e9occupations des acheteurs europ\u00e9ens\u00a0: retards, proc\u00e9dures complexes et co\u00fbts impr\u00e9vus. C\u2019est pourquoi nous privil\u00e9gions la collaboration avec des transporteurs de confiance, le choix d\u2019itin\u00e9raires fiables, la livraison sans encombre de vos marchandises et la pr\u00e9vention des probl\u00e8mes de d\u00e9douanement.<\/p>\n<h2 data-v-md-heading=\"the-reason-why-you-will-like-it\" data-v-md-line=\"44\">La raison pour laquelle vous allez l'aimer<\/h2>\n<ul data-v-md-line=\"45\">\n<li>\n<p data-v-md-line=\"45\">Durable et r\u00e9sistant : gr\u00e2ce \u00e0 sa longue dur\u00e9e de vie, il n'est pas n\u00e9cessaire de remplacer fr\u00e9quemment l'\u00e9quipement.<\/p>\n<\/li>\n<li>\n<p data-v-md-line=\"47\">Exp\u00e9rience de puissance DTL intense\u00a0: La puissance de sortie de 30\u00a0W offre une exp\u00e9rience d\u2019aspiration plus douce et plus satisfaisante.<\/p>\n<\/li>\n<li>\n<p data-v-md-line=\"48\">Batterie rechargeable : Vous pouvez utiliser pleinement la capacit\u00e9 de la batterie sans la jeter au pr\u00e9alable.<\/p>\n<\/li>\n<li>\n<p data-v-md-line=\"49\">Noyau d'atomiseur en mesh : assure un go\u00fbt constant et une production de vapeur stable.<\/p>\n<\/li>\n<\/ul>\n<h2 data-v-md-heading=\"why-choose-to-collaborate-with-agoravape\" data-v-md-line=\"51\">Pourquoi choisir de collaborer avec AgoraVape ?<\/h2>\n<p data-v-md-line=\"53\">AgoraVape s'engage \u00e0 respecter un principe fondamental\u00a0: nous ne vendons que des produits authentiques. Pour les appareils haute capacit\u00e9 comme celui-ci, c'est primordial, car le march\u00e9 est inond\u00e9 de contrefa\u00e7ons. Si vous \u00eates un acheteur professionnel, vous pouvez b\u00e9n\u00e9ficier de quantit\u00e9s en gros avantageuses, d'un service client fiable et d'une livraison rapide pour les cigarettes \u00e9lectroniques MYDE AK80000 80000 DTL haute puissance. Si vous souhaitez r\u00e9server ce produit pour vos clients DTL, afin qu'ils puissent l'acheter ult\u00e9rieurement, n'h\u00e9sitez pas \u00e0 nous contacter.<\/p>","protected":false},"excerpt":{"rendered":"<p>A quoi ressemble la cigarette \u00e9lectronique MYDE AK80000 80000 high power DTL ? Si vous en avez assez des cigarettes \u00e9lectroniques jetables qui<\/p>","protected":false},"featured_media":21212,"comment_status":"open","ping_status":"closed","template":"","meta":[],"product_brand":[221],"product_cat":[124,185,194,176,177,174,175,148,191,173,186,180,190],"product_tag":[],"class_list":{"0":"post-21146","1":"product","2":"type-product","3":"status-publish","4":"has-post-thumbnail","6":"product_brand-myde","7":"product_cat-vape-by-brand","8":"product_cat-10000-puffs-high-capacity","9":"product_cat-adjustable-airflow","10":"product_cat-beverage","11":"product_cat-dessert-sweets","12":"product_cat-fruit-flavors","13":"product_cat-icy-mint","14":"product_cat-myde","15":"product_cat-rechargeable-disposables","16":"product_cat-vape-by-flavor-profile","17":"product_cat-vape-by-nicotine-strength","18":"product_cat-vape-by-puff-count","19":"product_cat-vape-by-feature-or-type","21":"first","22":"instock","23":"shipping-taxable","24":"purchasable","25":"product-type-variable","26":"has-default-attributes"},"tiered_pricing_type":"percentage","tiered_pricing_fixed_rules":[],"tiered_pricing_product_settings":{"layout":"default","base_unit_name":{"singular":null,"plural":null},"default_variation":null},"tiered_pricing_minimum_quantity":10,"tiered_pricing_roles_data":[],"tiered_pricing_percentage_rules":{"30":"29","50":"35","100":"40","200":"44","500":"47","1000":"49"},"tiered_pricing_maximum_quantity":null,"tiered_pricing_quantity_step":"10","_links":{"self":[{"href":"https:\/\/agoravape.com\/fr\/wp-json\/wp\/v2\/product\/21146","targetHints":{"allow":["GET"]}}],"collection":[{"href":"https:\/\/agoravape.com\/fr\/wp-json\/wp\/v2\/product"}],"about":[{"href":"https:\/\/agoravape.com\/fr\/wp-json\/wp\/v2\/types\/product"}],"replies":[{"embeddable":true,"href":"https:\/\/agoravape.com\/fr\/wp-json\/wp\/v2\/comments?post=21146"}],"version-history":[{"count":0,"href":"https:\/\/agoravape.com\/fr\/wp-json\/wp\/v2\/product\/21146\/revisions"}],"wp:featuredmedia":[{"embeddable":true,"href":"https:\/\/agoravape.com\/fr\/wp-json\/wp\/v2\/media\/21212"}],"wp:attachment":[{"href":"https:\/\/agoravape.com\/fr\/wp-json\/wp\/v2\/media?parent=21146"}],"wp:term":[{"taxonomy":"product_brand","embeddable":true,"href":"https:\/\/agoravape.com\/fr\/wp-json\/wp\/v2\/product_brand?post=21146"},{"taxonomy":"product_cat","embeddable":true,"href":"https:\/\/agoravape.com\/fr\/wp-json\/wp\/v2\/product_cat?post=21146"},{"taxonomy":"product_tag","embeddable":true,"href":"https:\/\/agoravape.com\/fr\/wp-json\/wp\/v2\/product_tag?post=21146"}],"curies":[{"name":"wp","href":"https:\/\/api.w.org\/{rel}","templated":true}]}}