{"id":21214,"date":"2026-01-18T01:26:07","date_gmt":"2026-01-17T17:26:07","guid":{"rendered":"https:\/\/agoravape.com\/?post_type=product&#038;p=21214"},"modified":"2026-03-31T04:20:23","modified_gmt":"2026-03-31T02:20:23","slug":"myde-miou-60k-60000-puffs-dual-flavor","status":"publish","type":"product","link":"https:\/\/agoravape.com\/fr\/product\/myde-miou-60k-60000-puffs-dual-flavor\/","title":{"rendered":"MYDE MIOU 60k 60000 bouff\u00e9es Vape double saveur | Deux saveurs, un seul appareil pour un usage quotidien facile"},"content":{"rendered":"<h2 data-v-md-heading=\"what-are-the-special-features-of-myde-miou-60k-60000-dual-flavored-vapes\" data-v-md-line=\"3\"><img loading=\"lazy\" decoding=\"async\" class=\"size-full wp-image-21228 alignright\" src=\"https:\/\/agoravape.com\/wp-content\/uploads\/2026\/01\/MYDE-MIOU-60k-60000-Puffs-Dual-Flavor-Vape-Two-Flavours-One-Easy-Daily-Driver_Agora_vape-3.webp\" alt=\"\" width=\"800\" height=\"800\" srcset=\"https:\/\/agoravape.com\/wp-content\/uploads\/2026\/01\/MYDE-MIOU-60k-60000-Puffs-Dual-Flavor-Vape-Two-Flavours-One-Easy-Daily-Driver_Agora_vape-3.webp 800w, https:\/\/agoravape.com\/wp-content\/uploads\/2026\/01\/MYDE-MIOU-60k-60000-Puffs-Dual-Flavor-Vape-Two-Flavours-One-Easy-Daily-Driver_Agora_vape-3-600x600.webp 600w, https:\/\/agoravape.com\/wp-content\/uploads\/2026\/01\/MYDE-MIOU-60k-60000-Puffs-Dual-Flavor-Vape-Two-Flavours-One-Easy-Daily-Driver_Agora_vape-3-300x300.webp 300w, https:\/\/agoravape.com\/wp-content\/uploads\/2026\/01\/MYDE-MIOU-60k-60000-Puffs-Dual-Flavor-Vape-Two-Flavours-One-Easy-Daily-Driver_Agora_vape-3-150x150.webp 150w, https:\/\/agoravape.com\/wp-content\/uploads\/2026\/01\/MYDE-MIOU-60k-60000-Puffs-Dual-Flavor-Vape-Two-Flavours-One-Easy-Daily-Driver_Agora_vape-3-768x768.webp 768w, https:\/\/agoravape.com\/wp-content\/uploads\/2026\/01\/MYDE-MIOU-60k-60000-Puffs-Dual-Flavor-Vape-Two-Flavours-One-Easy-Daily-Driver_Agora_vape-3-12x12.webp 12w\" sizes=\"auto, (max-width: 800px) 100vw, 800px\" \/><\/h2>\n<h2 data-v-md-heading=\"what-are-the-special-features-of-myde-miou-60k-60000-dual-flavored-vapes\" data-v-md-line=\"3\">Quelles sont les caract\u00e9ristiques particuli\u00e8res des cigarettes \u00e9lectroniques MYDE MIOU 60k 60000 \u00e0 double saveur ?<\/h2>\n<p data-v-md-line=\"5\">Si vous en avez assez des cigarettes \u00e9lectroniques qui ne durent qu'un jour ou deux et perdent rapidement leur fra\u00eecheur, la MYDE MIOU 60k est faite pour vous. Con\u00e7ue pour une utilisation prolong\u00e9e (jusqu'\u00e0 60\u00a0000 bouff\u00e9es), elle repose sur un concept simple et pratique\u00a0: deux saveurs en une, vous permettant de changer facilement de saveur sans avoir \u00e0 transporter une deuxi\u00e8me cigarette \u00e9lectronique.<\/p>\n<p data-v-md-line=\"7\">Vous pourriez penser qu'une cigarette \u00e9lectronique d'une capacit\u00e9 de 60\u00a0000 bouff\u00e9es serait aussi lourde qu'une brique dans votre poche, mais en r\u00e9alit\u00e9, son utilisation est bien plus l\u00e9g\u00e8re et portable que vous ne l'imaginez. Simple et facile \u00e0 utiliser, cette cigarette \u00e9lectronique est \u00e9quip\u00e9e de batteries rechargeables, d'e-liquide pr\u00e9-rempli et propose plusieurs saveurs, pour vous offrir une exp\u00e9rience in\u00e9dite m\u00eame si vous avez envie de nouveaut\u00e9.<\/p>\n<h2 data-v-md-heading=\"excellent-performance-and-easy-operation\" data-v-md-line=\"9\">Excellentes performances et facilit\u00e9 d'utilisation<\/h2>\n<p data-v-md-line=\"11\">Dot\u00e9 d'une r\u00e9sistance de 1,2 \u03a9 et d'un r\u00e9servoir d'e-liquide de 40 ml, ce dispositif garantit une saveur stable et constante. Sa batterie de 600 mAh vous assure une autonomie optimale, m\u00eame en cas de d\u00e9charge rapide\u00a0: il vous suffit de la recharger.<\/p>\n<p data-v-md-line=\"13\">Pas besoin de boutons ni de r\u00e9glages. Prenez simplement une gorg\u00e9e et profitez d'une exp\u00e9rience ultime.<\/p>\n<h2 data-v-md-heading=\"quick-specifications\" data-v-md-line=\"15\">Sp\u00e9cifications rapides<\/h2>\n<ul data-v-md-line=\"17\">\n<li>Nombre de ports : jusqu'\u00e0 60 000 ports<\/li>\n<li>Capacit\u00e9 du r\u00e9servoir d'e-liquide : 40 millilitres au total (syst\u00e8me \u00e0 double saveur, environ 7 millilitres par compartiment)<\/li>\n<li>Batterie : 600 mAh (rechargeable)<\/li>\n<li>R\u00e9sistance de la bobine : 1,2 ohms<\/li>\n<li>Nicotine content: 2% or 5%<\/li>\n<li>Utilisation : Il suffit d'inhaler pour activer<\/li>\n<li>\u00c9tat : Pr\u00eat \u00e0 l'emploi d\u00e8s la sortie de l'emballage<\/li>\n<\/ul>\n<h2 data-v-md-heading=\"complete-flavor-lineup\" data-v-md-line=\"24\">Gamme compl\u00e8te de saveurs<\/h2>\n<ul data-v-md-line=\"25\">\n<li>Glace citron vert et past\u00e8que<\/li>\n<li>Glace au raisin et kiwi \u00e0 la fraise<\/li>\n<li>Banane ananas, noix de coco et fraise<\/li>\n<li>Orange Mang Past\u00e8que et Red Bull<\/li>\n<li>Glace \u00e0 la myrtille et soda \u00e0 la cerise<\/li>\n<li>Glace \u00e0 la past\u00e8que et fruits rouges m\u00e9lang\u00e9s<\/li>\n<li>Fraise Banane et Cerise P\u00e9tillante<\/li>\n<li>Glace \u00e0 la fraise, \u00e0 la framboise, \u00e0 la cerise et au raisin<\/li>\n<li>Eau citronn\u00e9e aux myrtilles et citron vert<\/li>\n<li>Glace \u00e0 la past\u00e8que et mangue \u00e0 la fraise<\/li>\n<\/ul>\n<h2 data-v-md-heading=\"suitable-for-personal-and-commercial-use\" data-v-md-line=\"36\">Convient \u00e0 un usage personnel et commercial<\/h2>\n<p data-v-md-line=\"38\"><a class=\"wpil_keyword_link\" href=\"https:\/\/agoravape.com\/fr\/vape-par-marque\/mrvi\/\" target=\"_blank\" rel=\"noopener\" title=\"MRVI\" data-wpil-keyword-link=\"linked\" data-wpil-monitor-id=\"7189\">MYDE<\/a> MIOU 60k est une vape durable qui ne vous laissera pas vous ennuyer apr\u00e8s quelques jours, ce qui en fait le choix id\u00e9al pour votre usage personnel. En m\u00eame temps, il convient \u00e9galement comme produit d'inventaire pour la vente au d\u00e9tail, car les consommateurs pr\u00e9f\u00e8rent les produits \u201cint\u00e9gr\u00e9s\u201d pratiques, en particulier la version \u00e0 double ar\u00f4me.<\/p>\n<p data-v-md-line=\"40\">Si vous achetez pour la revente, AgoraVape propose des services d'exp\u00e9dition europ\u00e9ens rapides et fiables. Nous collaborons avec des transporteurs de confiance tels que DHL, DPD et UPS afin de garantir un transport sans encombre et d'\u00e9viter tout impr\u00e9vu aux fronti\u00e8res. Si vous avez besoin de la quantit\u00e9 exacte requise pour la vente en gros, veuillez contacter notre \u00e9quipe qui vous communiquera les modalit\u00e9s d'emballage actuelles.<\/p>\n<h2 data-v-md-heading=\"reasons-why-you-will-like-it\" data-v-md-line=\"42\">Reasons why you will like it<\/h2>\n<ul data-v-md-line=\"44\">\n<li>Autonomie de batterie ultra longue : Dur\u00e9e de vie prolong\u00e9e, pas besoin de remplacer fr\u00e9quemment les appareils.<\/li>\n<li>Double r\u00e9glage des saveurs : vous n'avez pas besoin d'acheter une deuxi\u00e8me cigarette \u00e9lectronique pour changer de saveur.<\/li>\n<li>Choix du taux de nicotine\u00a0: 2\u00a0% pour un go\u00fbt plus doux, 5\u00a0% pour une exp\u00e9rience plus intense.<\/li>\n<li>Batterie rechargeable\u00a0: assurez-vous d\u2019avoir bien utilis\u00e9 tout le e-liquide que vous avez achet\u00e9.<\/li>\n<li>R\u00e9sistance de 1,2 \u03a9 : maintient une r\u00e9sistance d'aspiration stable pour \u00e9viter une d\u00e9gradation trop rapide du go\u00fbt.<\/li>\n<\/ul>\n<h2 data-v-md-heading=\"why-choose-agoravape\" data-v-md-line=\"50\">Pourquoi choisir AgoraVape ?<\/h2>\n<p data-v-md-line=\"52\">Chez AgoraVape, nous nous concentrons sur l'essentiel\u00a0: la garantie de produits authentiques, une logistique fiable et des r\u00e9ponses transparentes. Si vous vendez des cigarettes \u00e9lectroniques MYDE MIOU 60k 60000 \u00e0 double saveur, nous vous aiderons \u00e0 augmenter vos ventes gr\u00e2ce \u00e0 des prix de gros tr\u00e8s comp\u00e9titifs, un support technique r\u00e9actif et des solutions d'exp\u00e9dition flexibles. Contactez-nous et nous vous fournirons un approvisionnement suffisant pour fid\u00e9liser votre client\u00e8le.<\/p>","protected":false},"excerpt":{"rendered":"<p>Quelles sont les particularit\u00e9s des vapes MYDE MIOU 60k 60000 dual flavored ? Si vous en avez assez des vapes qui<\/p>","protected":false},"featured_media":21235,"comment_status":"open","ping_status":"closed","template":"","meta":[],"product_brand":[221],"product_cat":[124,185,1642,176,177,195,174,175,148,191,173,186,180,190],"product_tag":[],"class_list":{"0":"post-21214","1":"product","2":"type-product","3":"status-publish","4":"has-post-thumbnail","6":"product_brand-myde","7":"product_cat-vape-by-brand","8":"product_cat-10000-puffs-high-capacity","9":"product_cat-60000-puffs","10":"product_cat-beverage","11":"product_cat-dessert-sweets","12":"product_cat-dual-flavor-switch","13":"product_cat-fruit-flavors","14":"product_cat-icy-mint","15":"product_cat-myde","16":"product_cat-rechargeable-disposables","17":"product_cat-vape-by-flavor-profile","18":"product_cat-vape-by-nicotine-strength","19":"product_cat-vape-by-puff-count","20":"product_cat-vape-by-feature-or-type","22":"first","23":"onbackorder","24":"shipping-taxable","25":"purchasable","26":"product-type-variable","27":"has-default-attributes"},"tiered_pricing_type":"percentage","tiered_pricing_fixed_rules":[],"tiered_pricing_product_settings":{"layout":"default","base_unit_name":{"singular":null,"plural":null},"default_variation":null},"tiered_pricing_minimum_quantity":10,"tiered_pricing_roles_data":[],"tiered_pricing_percentage_rules":{"30":"29","50":"35","100":"40","200":"44","500":"47","1000":"49"},"tiered_pricing_maximum_quantity":null,"tiered_pricing_quantity_step":"10","_links":{"self":[{"href":"https:\/\/agoravape.com\/fr\/wp-json\/wp\/v2\/product\/21214","targetHints":{"allow":["GET"]}}],"collection":[{"href":"https:\/\/agoravape.com\/fr\/wp-json\/wp\/v2\/product"}],"about":[{"href":"https:\/\/agoravape.com\/fr\/wp-json\/wp\/v2\/types\/product"}],"replies":[{"embeddable":true,"href":"https:\/\/agoravape.com\/fr\/wp-json\/wp\/v2\/comments?post=21214"}],"version-history":[{"count":2,"href":"https:\/\/agoravape.com\/fr\/wp-json\/wp\/v2\/product\/21214\/revisions"}],"predecessor-version":[{"id":29882,"href":"https:\/\/agoravape.com\/fr\/wp-json\/wp\/v2\/product\/21214\/revisions\/29882"}],"wp:featuredmedia":[{"embeddable":true,"href":"https:\/\/agoravape.com\/fr\/wp-json\/wp\/v2\/media\/21235"}],"wp:attachment":[{"href":"https:\/\/agoravape.com\/fr\/wp-json\/wp\/v2\/media?parent=21214"}],"wp:term":[{"taxonomy":"product_brand","embeddable":true,"href":"https:\/\/agoravape.com\/fr\/wp-json\/wp\/v2\/product_brand?post=21214"},{"taxonomy":"product_cat","embeddable":true,"href":"https:\/\/agoravape.com\/fr\/wp-json\/wp\/v2\/product_cat?post=21214"},{"taxonomy":"product_tag","embeddable":true,"href":"https:\/\/agoravape.com\/fr\/wp-json\/wp\/v2\/product_tag?post=21214"}],"curies":[{"name":"wp","href":"https:\/\/api.w.org\/{rel}","templated":true}]}}