{"id":21412,"date":"2026-01-18T16:11:02","date_gmt":"2026-01-18T08:11:02","guid":{"rendered":"https:\/\/agoravape.com\/?post_type=product&#038;p=21412"},"modified":"2026-03-19T11:37:04","modified_gmt":"2026-03-19T10:37:04","slug":"saimeo-tequila-30k-30000-bouffees-vape","status":"publish","type":"product","link":"https:\/\/agoravape.com\/fr\/product\/saimeo-tequila-30k-30000-puffs-vape\/","title":{"rendered":"Saimeo Tequila 30k 30000 bouff\u00e9es Flacon Unique Vape | Longue autonomie, utilisation simple"},"content":{"rendered":"<h2 data-v-md-heading=\"what-s-special-about-saimeo-tequila-flavored-30k-30000-unique-bottled-vapes\" data-v-md-line=\"3\"><img loading=\"lazy\" decoding=\"async\" class=\"size-full wp-image-21435 alignright\" src=\"https:\/\/agoravape.com\/wp-content\/uploads\/2026\/01\/Saimeo-Tequila-30k-30000-Puffs-Unique-Bottle-Vape-Long-Runs-Simple-Use_Agora_vape-12-scaled.webp\" alt=\"\" width=\"795\" height=\"2560\" srcset=\"https:\/\/agoravape.com\/wp-content\/uploads\/2026\/01\/Saimeo-Tequila-30k-30000-Puffs-Unique-Bottle-Vape-Long-Runs-Simple-Use_Agora_vape-12-scaled.webp 795w, https:\/\/agoravape.com\/wp-content\/uploads\/2026\/01\/Saimeo-Tequila-30k-30000-Puffs-Unique-Bottle-Vape-Long-Runs-Simple-Use_Agora_vape-12-93x300.webp 93w, https:\/\/agoravape.com\/wp-content\/uploads\/2026\/01\/Saimeo-Tequila-30k-30000-Puffs-Unique-Bottle-Vape-Long-Runs-Simple-Use_Agora_vape-12-318x1024.webp 318w, https:\/\/agoravape.com\/wp-content\/uploads\/2026\/01\/Saimeo-Tequila-30k-30000-Puffs-Unique-Bottle-Vape-Long-Runs-Simple-Use_Agora_vape-12-768x2472.webp 768w, https:\/\/agoravape.com\/wp-content\/uploads\/2026\/01\/Saimeo-Tequila-30k-30000-Puffs-Unique-Bottle-Vape-Long-Runs-Simple-Use_Agora_vape-12-477x1536.webp 477w, https:\/\/agoravape.com\/wp-content\/uploads\/2026\/01\/Saimeo-Tequila-30k-30000-Puffs-Unique-Bottle-Vape-Long-Runs-Simple-Use_Agora_vape-12-636x2048.webp 636w, https:\/\/agoravape.com\/wp-content\/uploads\/2026\/01\/Saimeo-Tequila-30k-30000-Puffs-Unique-Bottle-Vape-Long-Runs-Simple-Use_Agora_vape-12-4x12.webp 4w, https:\/\/agoravape.com\/wp-content\/uploads\/2026\/01\/Saimeo-Tequila-30k-30000-Puffs-Unique-Bottle-Vape-Long-Runs-Simple-Use_Agora_vape-12-1200x3862.webp 1200w\" sizes=\"auto, (max-width: 795px) 100vw, 795px\" \/><\/h2>\n<h2 data-v-md-heading=\"what-s-special-about-saimeo-tequila-flavored-30k-30000-unique-bottled-vapes\" data-v-md-line=\"3\">Qu'est-ce qui rend les e-liquides Saimeo Tequila aromatis\u00e9s en flacons uniques de 30 000 exemplaires si sp\u00e9ciaux ?<\/h2>\n<p data-v-md-line=\"5\">Si vous en avez assez des cigarettes \u00e9lectroniques jetables qui se vident rapidement, ce produit est con\u00e7u pour une utilisation prolong\u00e9e. La Saimeo Tequila Flavor Don Leon 1942 (\u00ab\u00a0Flacon Unique\u00a0\u00bb) est id\u00e9ale pour les utilisateurs recherchant une grande autonomie, une utilisation quotidienne facile et une prise en main l\u00e9g\u00e8rement diff\u00e9rente.<\/p>\n<p data-v-md-line=\"7\">Vous pourriez avoir l'impression que l'appareil de 30\u00a0000\u00a0ohms est aussi lourd qu'une brique, mais sa forme de bouteille le rend agr\u00e9able \u00e0 tenir. C'est une cigarette \u00e9lectronique que vous pouvez emporter partout avec vous, car vous savez qu'elle est absolument fiable et durable.<\/p>\n<h2 data-v-md-heading=\"excellent-performance-and-easy-operation\" data-v-md-line=\"9\">Excellentes performances et facilit\u00e9 d'utilisation<\/h2>\n<p data-v-md-line=\"11\">Il s'agit d'une cigarette \u00e9lectronique jetable \u00e0 activation par inhalation, sans bouton ni r\u00e9glage. Inhalez simplement pour commencer. Si vous recherchez un produit simple et facile \u00e0 utiliser, c'est le choix id\u00e9al.<\/p>\n<p data-v-md-line=\"13\">En ce qui concerne la nicotine, il contient 2 % de sel de nicotine, ce qui lui conf\u00e8re un go\u00fbt doux et peut r\u00e9pondre aux besoins de la plupart des utilisateurs quotidiens.<\/p>\n<h2 data-v-md-heading=\"quick-specifications\" data-v-md-line=\"15\">Sp\u00e9cifications rapides<\/h2>\n<ul data-v-md-line=\"16\">\n<li>Fr\u00e9quence de consommation : jusqu'\u00e0 30 000 bouff\u00e9es<\/li>\n<li>Teneur en nicotine : 2 % de sel de nicotine<\/li>\n<li>Utilisation : Il suffit d'inhaler pour activer<\/li>\n<li>\u00c9tat : Pr\u00eat \u00e0 l'emploi d\u00e8s la sortie de l'emballage<\/li>\n<li>Dimensions de l'\u00e9quipement : 37 * 40 * 160 millim\u00e8tres<\/li>\n<li>Sp\u00e9cifications de conditionnement\u00a0: 10 pi\u00e8ces par paquet<\/li>\n<li>Conditionnement : 200 pi\u00e8ces par bo\u00eete<\/li>\n<li>Dimensions de la bo\u00eete ext\u00e9rieure\u00a0: 427 \u00d7 395 \u00d7 353 millim\u00e8tres, Poids brut\u00a0: 21 kilogrammes<\/li>\n<\/ul>\n<h2 data-v-md-heading=\"complete-flavor-lineup\" data-v-md-line=\"25\">Gamme compl\u00e8te de saveurs<\/h2>\n<ul data-v-md-line=\"26\">\n<li>Glace \u00e0 la past\u00e8que<\/li>\n<li>fraise kiwi<\/li>\n<li>P\u00eache juteuse<\/li>\n<li>Strawberry watermelon<\/li>\n<li>Champagne p\u00eache rouge<\/li>\n<li>Myrtilles et framboises<\/li>\n<li>Blue Rink Ice<\/li>\n<li>baies m\u00e9lang\u00e9es<\/li>\n<li>Mangue fruit de la passion<\/li>\n<li>fruit du dragon cerise<\/li>\n<\/ul>\n<h2 data-v-md-heading=\"suitable-for-you-and-your-business\" data-v-md-line=\"37\">Adapt\u00e9 \u00e0 vous et \u00e0 votre entreprise<\/h2>\n<p data-v-md-line=\"39\">Vous pouvez acheter ces produits pour un usage personnel, mais si vous les achetez pour votre magasin ou si vous devez vous r\u00e9approvisionner r\u00e9guli\u00e8rement en grande quantit\u00e9, cet emballage est pratique pour la gestion des stocks. 10 pi\u00e8ces par paquet, 200 pi\u00e8ces par bo\u00eete\u00a0: vous n\u2019aurez donc pas besoin de vous r\u00e9approvisionner fr\u00e9quemment.<\/p>\n<p data-v-md-line=\"41\">AgoraVape s'engage \u00e0 fournir des services d'exp\u00e9dition fiables au sein de l'UE. Nous collaborons avec des transporteurs de confiance tels que UPS, DPD et DHL, et proposons l'option de livraison droits acquitt\u00e9s (DDP) lorsque les conditions le permettent. Vous b\u00e9n\u00e9ficiez ainsi d'une proc\u00e9dure d'importation simplifi\u00e9e et d'une plus grande tranquillit\u00e9 d'esprit quant au suivi de votre colis.<\/p>\n<h2 data-v-md-heading=\"the-reason-why-you-will-like-it\" data-v-md-line=\"43\">La raison pour laquelle vous allez l'aimer<\/h2>\n<ul data-v-md-line=\"44\">\n<li>\n<p data-v-md-line=\"44\">Durable et r\u00e9sistant : Durable et r\u00e9sistant, sans n\u00e9cessiter de remplacement fr\u00e9quent.<\/p>\n<\/li>\n<li>\n<p data-v-md-line=\"46\">Sel de nicotine \u00e0 2 % : Convient \u00e0 la concentration habituelle de la plupart des utilisateurs quotidiens.<\/p>\n<\/li>\n<li>\n<p data-v-md-line=\"48\">Activation par inhalation\u00a0: aucun bouton requis, aucun apprentissage n\u00e9cessaire. Prenez-le et utilisez-le.<\/p>\n<\/li>\n<li>\n<p data-v-md-line=\"50\">Design du corps de la bouteille\u00a0: Prise en main confortable, sobre et \u00e9l\u00e9gant.<\/p>\n<\/li>\n<\/ul>\n<h2 data-v-md-heading=\"why-choose-to-collaborate-with-agoravape\" data-v-md-line=\"52\">Pourquoi choisir de collaborer avec AgoraVape ?<\/h2>\n<p data-v-md-line=\"54\">Nous ne vendons que des produits de vapotage 100 % authentiques, car personne ne souhaite subir les cons\u00e9quences d'une qualit\u00e9 incertaine. Si vous \u00eates un acheteur professionnel, vous b\u00e9n\u00e9ficierez \u00e9galement d'options de vente en gros avantageuses, d'une assistance technique pratique et d'un service de livraison rapide et fiable. Vous souhaitez acheter des flacons de vapotage Saimeo Tequila 30k\u00a0? Contactez-nous et nous vous aiderons \u00e0 choisir la saveur et la quantit\u00e9 les mieux adapt\u00e9es \u00e0 vos clients.<\/p>","protected":false},"excerpt":{"rendered":"<p>Qu'y a-t-il de sp\u00e9cial dans les vapes Saimeo Tequila aromatis\u00e9es 30k 30000 uniques en bouteille ? Si vous en avez assez des vapes jetables qui s'\u00e9puisent<\/p>","protected":false},"featured_media":21433,"comment_status":"open","ping_status":"closed","template":"","meta":[],"product_brand":[1663],"product_cat":[124,185,1637,177,1674,174,191,1666,179,173,186,180,190],"product_tag":[],"class_list":{"0":"post-21412","1":"product","2":"type-product","3":"status-publish","4":"has-post-thumbnail","6":"product_brand-saimeo","7":"product_cat-vape-by-brand","8":"product_cat-10000-puffs-high-capacity","9":"product_cat-30000-puffs","10":"product_cat-dessert-sweets","11":"product_cat-eu-warehouse","12":"product_cat-fruit-flavors","13":"product_cat-rechargeable-disposables","14":"product_cat-saimeo","15":"product_cat-unique-blends","16":"product_cat-vape-by-flavor-profile","17":"product_cat-vape-by-nicotine-strength","18":"product_cat-vape-by-puff-count","19":"product_cat-vape-by-feature-or-type","21":"first","22":"instock","23":"shipping-taxable","24":"purchasable","25":"product-type-variable","26":"has-default-attributes"},"tiered_pricing_type":"percentage","tiered_pricing_fixed_rules":[],"tiered_pricing_product_settings":{"layout":"default","base_unit_name":{"singular":null,"plural":null},"default_variation":null},"tiered_pricing_minimum_quantity":10,"tiered_pricing_roles_data":[],"tiered_pricing_percentage_rules":{"30":"12.41","50":"27","100":"33","200":"35","500":"39","1000":"42"},"tiered_pricing_maximum_quantity":null,"tiered_pricing_quantity_step":"10","_links":{"self":[{"href":"https:\/\/agoravape.com\/fr\/wp-json\/wp\/v2\/product\/21412","targetHints":{"allow":["GET"]}}],"collection":[{"href":"https:\/\/agoravape.com\/fr\/wp-json\/wp\/v2\/product"}],"about":[{"href":"https:\/\/agoravape.com\/fr\/wp-json\/wp\/v2\/types\/product"}],"replies":[{"embeddable":true,"href":"https:\/\/agoravape.com\/fr\/wp-json\/wp\/v2\/comments?post=21412"}],"version-history":[{"count":0,"href":"https:\/\/agoravape.com\/fr\/wp-json\/wp\/v2\/product\/21412\/revisions"}],"wp:featuredmedia":[{"embeddable":true,"href":"https:\/\/agoravape.com\/fr\/wp-json\/wp\/v2\/media\/21433"}],"wp:attachment":[{"href":"https:\/\/agoravape.com\/fr\/wp-json\/wp\/v2\/media?parent=21412"}],"wp:term":[{"taxonomy":"product_brand","embeddable":true,"href":"https:\/\/agoravape.com\/fr\/wp-json\/wp\/v2\/product_brand?post=21412"},{"taxonomy":"product_cat","embeddable":true,"href":"https:\/\/agoravape.com\/fr\/wp-json\/wp\/v2\/product_cat?post=21412"},{"taxonomy":"product_tag","embeddable":true,"href":"https:\/\/agoravape.com\/fr\/wp-json\/wp\/v2\/product_tag?post=21412"}],"curies":[{"name":"wp","href":"https:\/\/api.w.org\/{rel}","templated":true}]}}