{"id":21811,"date":"2026-01-18T21:41:30","date_gmt":"2026-01-18T13:41:30","guid":{"rendered":"https:\/\/agoravape.com\/?post_type=product&#038;p=21811"},"modified":"2026-04-13T18:03:17","modified_gmt":"2026-04-13T16:03:17","slug":"saimeo-champagne-30k-30000-bouffees-vape","status":"publish","type":"product","link":"https:\/\/agoravape.com\/fr\/product\/saimeo-champagne-30k-30000-puffs-vape\/","title":{"rendered":"Saimeo Champagne 30k 30000 bouff\u00e9es Vape de f\u00eate | Grande autonomie, utilisation quotidienne facile"},"content":{"rendered":"<div style=\"width: 720px;\" class=\"wp-video\"><video class=\"wp-video-shortcode\" id=\"video-21811-1\" width=\"720\" height=\"1280\" preload=\"metadata\" controls=\"controls\"><source type=\"video\/mp4\" src=\"https:\/\/agoravape.com\/wp-content\/uploads\/2026\/01\/champagne-30k.mp4?_=1\" \/><a href=\"https:\/\/agoravape.com\/wp-content\/uploads\/2026\/01\/champagne-30k.mp4\">https:\/\/agoravape.com\/wp-content\/uploads\/2026\/01\/champagne-30k.mp4<\/a><\/video><\/div>\n<h2 data-v-md-heading=\"what-is-special-about-saimeo-champagne-30k-30000-party-vapes\" data-v-md-line=\"3\"><img loading=\"lazy\" decoding=\"async\" class=\"aligncenter size-full wp-image-21829\" src=\"https:\/\/agoravape.com\/wp-content\/uploads\/2026\/01\/Saimeo-Champagne-30k-30000-Puffs-Party-Vape-Big-Puff-Count-Easy-Everyday-Use_Agora_vape-7-scaled.webp\" alt=\"\" width=\"2560\" height=\"1808\" srcset=\"https:\/\/agoravape.com\/wp-content\/uploads\/2026\/01\/Saimeo-Champagne-30k-30000-Puffs-Party-Vape-Big-Puff-Count-Easy-Everyday-Use_Agora_vape-7-scaled.webp 2560w, https:\/\/agoravape.com\/wp-content\/uploads\/2026\/01\/Saimeo-Champagne-30k-30000-Puffs-Party-Vape-Big-Puff-Count-Easy-Everyday-Use_Agora_vape-7-scaled-1200x848.webp 1200w, https:\/\/agoravape.com\/wp-content\/uploads\/2026\/01\/Saimeo-Champagne-30k-30000-Puffs-Party-Vape-Big-Puff-Count-Easy-Everyday-Use_Agora_vape-7-300x212.webp 300w, https:\/\/agoravape.com\/wp-content\/uploads\/2026\/01\/Saimeo-Champagne-30k-30000-Puffs-Party-Vape-Big-Puff-Count-Easy-Everyday-Use_Agora_vape-7-1024x723.webp 1024w, https:\/\/agoravape.com\/wp-content\/uploads\/2026\/01\/Saimeo-Champagne-30k-30000-Puffs-Party-Vape-Big-Puff-Count-Easy-Everyday-Use_Agora_vape-7-768x543.webp 768w, https:\/\/agoravape.com\/wp-content\/uploads\/2026\/01\/Saimeo-Champagne-30k-30000-Puffs-Party-Vape-Big-Puff-Count-Easy-Everyday-Use_Agora_vape-7-1536x1085.webp 1536w, https:\/\/agoravape.com\/wp-content\/uploads\/2026\/01\/Saimeo-Champagne-30k-30000-Puffs-Party-Vape-Big-Puff-Count-Easy-Everyday-Use_Agora_vape-7-2048x1447.webp 2048w, https:\/\/agoravape.com\/wp-content\/uploads\/2026\/01\/Saimeo-Champagne-30k-30000-Puffs-Party-Vape-Big-Puff-Count-Easy-Everyday-Use_Agora_vape-7-18x12.webp 18w\" sizes=\"auto, (max-width: 2560px) 100vw, 2560px\" \/><\/h2>\n<h2 data-v-md-heading=\"what-is-special-about-saimeo-champagne-30k-30000-party-vapes\" data-v-md-line=\"3\"><img loading=\"lazy\" decoding=\"async\" class=\"size-full wp-image-21823 alignright\" src=\"https:\/\/agoravape.com\/wp-content\/uploads\/2026\/01\/Saimeo-Champagne-30k-30000-Puffs-Party-Vape-Big-Puff-Count-Easy-Everyday-Use_Agora_vape-1-scaled.webp\" alt=\"\" width=\"604\" height=\"2560\" srcset=\"https:\/\/agoravape.com\/wp-content\/uploads\/2026\/01\/Saimeo-Champagne-30k-30000-Puffs-Party-Vape-Big-Puff-Count-Easy-Everyday-Use_Agora_vape-1-scaled.webp 604w, https:\/\/agoravape.com\/wp-content\/uploads\/2026\/01\/Saimeo-Champagne-30k-30000-Puffs-Party-Vape-Big-Puff-Count-Easy-Everyday-Use_Agora_vape-1-71x300.webp 71w, https:\/\/agoravape.com\/wp-content\/uploads\/2026\/01\/Saimeo-Champagne-30k-30000-Puffs-Party-Vape-Big-Puff-Count-Easy-Everyday-Use_Agora_vape-1-768x3257.webp 768w, https:\/\/agoravape.com\/wp-content\/uploads\/2026\/01\/Saimeo-Champagne-30k-30000-Puffs-Party-Vape-Big-Puff-Count-Easy-Everyday-Use_Agora_vape-1-483x2048.webp 483w, https:\/\/agoravape.com\/wp-content\/uploads\/2026\/01\/Saimeo-Champagne-30k-30000-Puffs-Party-Vape-Big-Puff-Count-Easy-Everyday-Use_Agora_vape-1-3x12.webp 3w\" sizes=\"auto, (max-width: 604px) 100vw, 604px\" \/><\/h2>\n<h2 data-v-md-heading=\"what-is-special-about-saimeo-champagne-30k-30000-party-vapes\" data-v-md-line=\"3\">Qu'est-ce qui rend les cigarettes \u00e9lectroniques Saimeo Champagne 30k 30000 si sp\u00e9ciales ?<\/h2>\n<p data-v-md-line=\"5\">Si vous en avez assez des cigarettes \u00e9lectroniques jetables qui se vident en quelques jours, la Saimeo Champagne 30k est faite pour vous. Con\u00e7ue pour une utilisation prolong\u00e9e, elle offre jusqu'\u00e0 30\u00a0000 bouff\u00e9es par charge, vous \u00e9vitant ainsi de changer fr\u00e9quemment de cartouche.<\/p>\n<p data-v-md-line=\"7\">Vous pourriez penser qu'un appareil d'une capacit\u00e9 de 30\u00a0000\u00a0mAh serait encombrant, comme une brique. Pourtant, ce vaporisateur offre une prise en main confortable, ne n\u00e9cessite aucun r\u00e9glage et s'utilise imm\u00e9diatement. Pas de boutons, pas de r\u00e9glages\u00a0: il suffit d'inhaler pour profiter.<\/p>\n<h2 data-v-md-heading=\"excellent-performance-and-easy-operation\" data-v-md-line=\"9\">Excellentes performances et facilit\u00e9 d'utilisation<\/h2>\n<p data-v-md-line=\"11\">Le concept de Saimeo est tr\u00e8s simple\u00a0: il s\u2019active par inhalation et son utilisation est similaire \u00e0 celle des cigarettes \u00e9lectroniques jetables. De plus, \u00e9tant rechargeable, vous \u00eates plus susceptible de consommer tout le e-liquide au lieu de le jeter lorsque la batterie est faible.<\/p>\n<h2 data-v-md-heading=\"quick-specifications\" data-v-md-line=\"13\">Sp\u00e9cifications rapides<\/h2>\n<ul data-v-md-line=\"14\">\n<li>Fr\u00e9quence de consommation : jusqu'\u00e0 30 000 bouff\u00e9es<\/li>\n<li>Teneur en nicotine : 2 % de sel de nicotine<\/li>\n<li>Utilisation : Il suffit d'inhaler pour activer<\/li>\n<li>M\u00e9thode de charge\u00a0: Rechargeable (m\u00e9thode de charge non sp\u00e9cifi\u00e9e)<\/li>\n<li>\u00c9tat : Pr\u00eat \u00e0 l'emploi d\u00e8s le d\u00e9ballage<\/li>\n<\/ul>\n<h2 data-v-md-heading=\"complete-flavor-lineup\" data-v-md-line=\"20\">Gamme compl\u00e8te de saveurs<\/h2>\n<ul data-v-md-line=\"21\">\n<li>fraise kiwi<\/li>\n<li>Blueberries, raspberries, cherries<\/li>\n<li>baies m\u00e9lang\u00e9es<\/li>\n<li>Myrtilles et framboises<\/li>\n<li>Champagne aux raisins blancs<\/li>\n<li>P\u00eache juteuse<\/li>\n<li>Strawberry watermelon<\/li>\n<li>Past\u00e8que au raisin<\/li>\n<li>Glace \u00e0 la past\u00e8que<\/li>\n<li>Triple mangue<\/li>\n<li>Mamba<\/li>\n<li>Mangue fruit de la passion<\/li>\n<li>fruits tropicaux<\/li>\n<li>saveur cerise-fruit du dragon<\/li>\n<li>saveur champagne \u00e0 la p\u00eache rouge<\/li>\n<\/ul>\n<h2 data-v-md-heading=\"suitable-for-you-and-your-business\" data-v-md-line=\"37\">Adapt\u00e9 \u00e0 vous et \u00e0 votre entreprise<\/h2>\n<p data-v-md-line=\"39\">Vous pouvez facilement acheter des cigarettes \u00e9lectroniques Saimeo saveur champagne 30k pour votre usage personnel. Si vous achetez pour un magasin ou souhaitez passer des commandes en gros, nous proposons \u00e9galement des tarifs de gros adapt\u00e9s.<\/p>\n<p data-v-md-line=\"41\">L'emballage est simple et clair\u00a0: 10 pi\u00e8ces par paquet, 200 pi\u00e8ces par bo\u00eete. Ainsi, vous pouvez facilement planifier vos stocks et vos prix sans t\u00e2tonner.<\/p>\n<h2 data-v-md-heading=\"the-reason-why-you-will-like-it\" data-v-md-line=\"43\">La raison pour laquelle vous allez l'aimer<\/h2>\n<ul data-v-md-line=\"44\">\n<li>Durable et r\u00e9sistant : Durable et r\u00e9sistant, r\u00e9duisant la fr\u00e9quence des achats.<\/li>\n<li>Sel de nicotine \u00e0 2 % : Go\u00fbt doux, grande familiarit\u00e9, particuli\u00e8rement adapt\u00e9 aux fumeurs.<\/li>\n<li>Rechargeable : Pour tirer le meilleur parti de tout.<\/li>\n<li>Facile d'utilisation : activation par inhalation, tout le monde peut l'utiliser imm\u00e9diatement.<\/li>\n<\/ul>\n<h2 data-v-md-heading=\"why-choose-to-collaborate-with-agoravape\" data-v-md-line=\"49\">Pourquoi choisir de collaborer avec AgoraVape ?<\/h2>\n<p data-v-md-line=\"51\">Chez AgoraVape, nous nous concentrons sur l'essentiel : la garantie d'authenticit\u00e9 de nos produits, la fiabilit\u00e9 de nos sources et la stabilit\u00e9 de notre logistique et de notre distribution europ\u00e9ennes. Si vous commercialisez des vaporisateurs Saimeo Champagne 30k (pack de 30\u00a0000 unit\u00e9s), nous vous proposons des emballages de gros adapt\u00e9s \u00e0 vos besoins, une assistance technique r\u00e9active et une cha\u00eene d'approvisionnement performante pour faciliter votre activit\u00e9. Vous recherchez des tarifs de gros ou des commandes en gros\u00a0? Contactez-nous, nous serons ravis de vous aider.<\/p>\n<p><script src=\"chrome-extension:\/\/fpelahbljekknahkcaegamhcndkfpfnc\/iFrame.js\" type=\"text\/javascript\"><\/script><\/p>","protected":false},"excerpt":{"rendered":"<p>&nbsp;<\/p>\n<p><script src=\"chrome-extension:\/\/fpelahbljekknahkcaegamhcndkfpfnc\/iFrame.js\" type=\"text\/javascript\"><\/script><\/p>","protected":false},"featured_media":21832,"comment_status":"open","ping_status":"closed","template":"","meta":[],"product_brand":[1663],"product_cat":[124,185,189,1637,1674,174,191,1666,179,173,186,180,190],"product_tag":[],"class_list":{"0":"post-21811","1":"product","2":"type-product","3":"status-publish","4":"has-post-thumbnail","6":"product_brand-saimeo","7":"product_cat-vape-by-brand","8":"product_cat-10000-puffs-high-capacity","9":"product_cat-20mg-standard-nicotine-vapes","10":"product_cat-30000-puffs","11":"product_cat-eu-warehouse","12":"product_cat-fruit-flavors","13":"product_cat-rechargeable-disposables","14":"product_cat-saimeo","15":"product_cat-unique-blends","16":"product_cat-vape-by-flavor-profile","17":"product_cat-vape-by-nicotine-strength","18":"product_cat-vape-by-puff-count","19":"product_cat-vape-by-feature-or-type","21":"first","22":"instock","23":"shipping-taxable","24":"purchasable","25":"product-type-variable","26":"has-default-attributes"},"tiered_pricing_type":"percentage","tiered_pricing_fixed_rules":[],"tiered_pricing_product_settings":{"layout":"default","base_unit_name":{"singular":null,"plural":null},"default_variation":null},"tiered_pricing_minimum_quantity":10,"tiered_pricing_roles_data":[],"tiered_pricing_percentage_rules":{"30":"12.41","50":"35","100":"40","200":"44","500":"47","1000":"49"},"tiered_pricing_maximum_quantity":null,"tiered_pricing_quantity_step":"10","_links":{"self":[{"href":"https:\/\/agoravape.com\/fr\/wp-json\/wp\/v2\/product\/21811","targetHints":{"allow":["GET"]}}],"collection":[{"href":"https:\/\/agoravape.com\/fr\/wp-json\/wp\/v2\/product"}],"about":[{"href":"https:\/\/agoravape.com\/fr\/wp-json\/wp\/v2\/types\/product"}],"replies":[{"embeddable":true,"href":"https:\/\/agoravape.com\/fr\/wp-json\/wp\/v2\/comments?post=21811"}],"version-history":[{"count":1,"href":"https:\/\/agoravape.com\/fr\/wp-json\/wp\/v2\/product\/21811\/revisions"}],"predecessor-version":[{"id":29873,"href":"https:\/\/agoravape.com\/fr\/wp-json\/wp\/v2\/product\/21811\/revisions\/29873"}],"wp:featuredmedia":[{"embeddable":true,"href":"https:\/\/agoravape.com\/fr\/wp-json\/wp\/v2\/media\/21832"}],"wp:attachment":[{"href":"https:\/\/agoravape.com\/fr\/wp-json\/wp\/v2\/media?parent=21811"}],"wp:term":[{"taxonomy":"product_brand","embeddable":true,"href":"https:\/\/agoravape.com\/fr\/wp-json\/wp\/v2\/product_brand?post=21811"},{"taxonomy":"product_cat","embeddable":true,"href":"https:\/\/agoravape.com\/fr\/wp-json\/wp\/v2\/product_cat?post=21811"},{"taxonomy":"product_tag","embeddable":true,"href":"https:\/\/agoravape.com\/fr\/wp-json\/wp\/v2\/product_tag?post=21811"}],"curies":[{"name":"wp","href":"https:\/\/api.w.org\/{rel}","templated":true}]}}