{"id":21870,"date":"2026-01-18T22:03:21","date_gmt":"2026-01-18T14:03:21","guid":{"rendered":"https:\/\/agoravape.com\/?post_type=product&#038;p=21870"},"modified":"2026-04-12T10:39:07","modified_gmt":"2026-04-12T08:39:07","slug":"saimeo-humo-azul-24k-24000-puffs","status":"publish","type":"product","link":"https:\/\/agoravape.com\/fr\/product\/saimeo-humo-azul-24k-24000-puffs\/","title":{"rendered":"Vape Saimeo Humo AZUL 24k 24000 bouff\u00e9es avec r\u00e9sistance Mesh | Saveur longue dur\u00e9e, utilisation simplifi\u00e9e"},"content":{"rendered":"<h2 data-v-md-heading=\"what-is-saimeo-humo-azul-24k-24000-mouth-mesh-atomizer-core-vape\" data-v-md-line=\"3\"><\/h2>\n<h2 data-v-md-heading=\"what-is-saimeo-humo-azul-24k-24000-mouth-mesh-atomizer-core-vape\" data-v-md-line=\"3\">Qu'est-ce que le Saimeo Humo AZUL 24k 24000 mouth mesh atomizer core vape ?<\/h2>\n<p data-v-md-line=\"5\">Si vous en avez assez des cigarettes \u00e9lectroniques jetables qui ne vous satisfont plus apr\u00e8s quelques jours d'utilisation, ce produit est fait pour vous. La Saimeo Humo AZUL 24k est con\u00e7ue pour une utilisation prolong\u00e9e, avec une capacit\u00e9 d'aspiration allant jusqu'\u00e0 24\u00a0000 bouff\u00e9es, et est rechargeable\u00a0: vous n'aurez donc pas \u00e0 la jeter simplement parce que la batterie est d\u00e9charg\u00e9e.<\/p>\n<p data-v-md-line=\"7\">Vous pourriez penser qu'un appareil d'une capacit\u00e9 de 24 carats serait encombrant. Pourtant, une fois en main, son poids est \u00e9tonnamment l\u00e9ger. Pour ceux qui recherchent une cigarette \u00e9lectronique fiable et stable au quotidien, sans avoir \u00e0 se soucier du remplacement de la cartouche, de la r\u00e9sistance ou du flacon d'e-liquide, ce produit est le choix id\u00e9al.<\/p>\n<h2 data-v-md-heading=\"excellent-performance-and-easy-operation\" data-v-md-line=\"9\">Excellentes performances et facilit\u00e9 d'utilisation<\/h2>\n<p data-v-md-line=\"11\">Saimeo utilise des r\u00e9sistances en mesh, ce qui permet une diffusion plus homog\u00e8ne des saveurs. Concr\u00e8tement, cela se traduit par un go\u00fbt moins fade et une saveur douce et constante tout au long de l'utilisation.<\/p>\n<p data-v-md-line=\"13\">Lorsque la batterie est faible, il suffit de la recharger. Simple et pratique. Les informations produit confirment qu'elle est rechargeable, mais ne pr\u00e9cisent pas le type d'interface (par exemple, USB-C), je ne peux donc pas le deviner. En r\u00e9sum\u00e9, l'essentiel est qu'elle reste utilisable apr\u00e8s la recharge.<\/p>\n<h2 data-v-md-heading=\"quick-specifications\" data-v-md-line=\"15\">Sp\u00e9cifications rapides<\/h2>\n<ul data-v-md-line=\"16\">\n<li>Fr\u00e9quence de tabagisme : jusqu'\u00e0 24 000<\/li>\n<li>Teneur en nicotine : 2 % de sel de nicotine<\/li>\n<li>Utilisation : Activation par inhalation<\/li>\n<li>M\u00e9thode de charge\u00a0: Rechargeable (type d\u2019interface de charge non sp\u00e9cifi\u00e9)<\/li>\n<li>\u00c9tat : Pr\u00eat \u00e0 l'emploi d\u00e8s la sortie de l'emballage<\/li>\n<li>Dimensions de l'\u00e9quipement : 135 x 41,5 x 41,5 millim\u00e8tres<\/li>\n<li>Version : Version standard et version rose<\/li>\n<\/ul>\n<h2 data-v-md-heading=\"complete-flavor-lineup\" data-v-md-line=\"24\">Gamme compl\u00e8te de saveurs<\/h2>\n<ul data-v-md-line=\"25\">\n<li>Glace \u00e0 la p\u00eache<\/li>\n<li>Blue Rink Ice<\/li>\n<li>Glace au raisin<\/li>\n<li>Glace au melon miel<\/li>\n<li>Fraise, past\u00e8que, raisin<\/li>\n<li>Fruit du dragon \u00e0 la m\u00fbre<\/li>\n<li>fruit du dragon \u00e0 la myrtille<\/li>\n<li>Blueberry and Raspberry Ice<\/li>\n<li>Citron et citron vert<\/li>\n<li>Glace \u00e0 la past\u00e8que<\/li>\n<li>Ar\u00f4mes de fraise, de canneberge et de cerise<\/li>\n<li>Saveur raisin-baies<\/li>\n<li>Saveur fruit de la passion, kiwi et goyave<\/li>\n<\/ul>\n<h2 data-v-md-heading=\"suitable-for-you-and-your-business\" data-v-md-line=\"39\">Adapt\u00e9 \u00e0 vous et \u00e0 votre entreprise<\/h2>\n<p data-v-md-line=\"41\">Le Saimeo Humo AZUL 24k peut \u00eatre achet\u00e9 directement en tant que produit de d\u00e9tail et convient \u00e9galement aux magasins qui souhaitent proposer \u00e0 leurs clients des produits \u00e0 taux de retour \u00e9lev\u00e9.<\/p>\n<p data-v-md-line=\"43\">Pour la vente en gros, l'emballage est simple et pratique\u00a0: 10\u00a0pi\u00e8ces par paquet, 200\u00a0pi\u00e8ces par bo\u00eete. Si vous achetez pour la revente, ce conditionnement facilite le stockage et simplifie les inventaires.<\/p>\n<h2 data-v-md-heading=\"the-reason-why-you-will-like-it\" data-v-md-line=\"45\">La raison pour laquelle vous allez l'aimer<\/h2>\n<ul data-v-md-line=\"46\">\n<li>Longue dur\u00e9e de vie de la batterie : Durable et r\u00e9sistante, ne n\u00e9cessite pas de remplacement fr\u00e9quent.<\/li>\n<li>Sel de nicotine \u00e0 2 % : Convient \u00e0 la concentration couramment utilis\u00e9e par la plupart des vapoteurs quotidiens.<\/li>\n<li>Rechargeable\u00a0: permet d\u2019utiliser l\u2019appareil jusqu\u2019au bout au lieu de le jeter pr\u00e9matur\u00e9ment. R\u00e9sistance Mesh\u00a0: garantit une saveur constante du d\u00e9but \u00e0 la fin.<\/li>\n<\/ul>\n<h2 data-v-md-heading=\"why-choose-to-collaborate-with-agoravape\" data-v-md-line=\"50\">Pourquoi choisir de collaborer avec AgoraVape ?<\/h2>\n<p data-v-md-line=\"52\">AgoraVape adh\u00e8re \u00e0 un principe simple\u00a0: nous ne vendons que des produits authentiques. C\u2019est particuli\u00e8rement important dans le secteur des cigarettes \u00e9lectroniques \u00e0 large embout, o\u00f9 les contrefa\u00e7ons pullulent. Si vous achetez pour vos clients, vous avez besoin de produits fiables.<\/p>\n<p data-v-md-line=\"54\">Pour les acheteurs professionnels, vous b\u00e9n\u00e9ficierez \u00e9galement d'options de vente en gros avantageuses, d'une assistance technique r\u00e9active et d'une logistique de livraison fluide couvrant toute l'Europe. Vous souhaitez acheter des cigarettes \u00e9lectroniques Saimeo Humo AZUL 24k 24000 avec r\u00e9sistance mesh\u00a0? Contactez-nous et nous organiserons la quantit\u00e9 command\u00e9e et le plan d'approvisionnement.<\/p>","protected":false},"excerpt":{"rendered":"<p>Qu'est-ce que Saimeo Humo AZUL 24k 24000 mouth mesh atomizer core vape ? Si vous en avez assez des vapes jetables qui<\/p>","protected":false},"featured_media":0,"comment_status":"open","ping_status":"closed","template":"","meta":[],"product_brand":[1663],"product_cat":[124,185,189,174,191,1666,179,173,186,180,190],"product_tag":[],"class_list":{"0":"post-21870","1":"product","2":"type-product","3":"status-publish","5":"product_brand-saimeo","6":"product_cat-vape-by-brand","7":"product_cat-10000-puffs-high-capacity","8":"product_cat-20mg-standard-nicotine-vapes","9":"product_cat-fruit-flavors","10":"product_cat-rechargeable-disposables","11":"product_cat-saimeo","12":"product_cat-unique-blends","13":"product_cat-vape-by-flavor-profile","14":"product_cat-vape-by-nicotine-strength","15":"product_cat-vape-by-puff-count","16":"product_cat-vape-by-feature-or-type","18":"first","19":"outofstock","20":"shipping-taxable","21":"purchasable","22":"product-type-variable","23":"has-default-attributes"},"tiered_pricing_type":"percentage","tiered_pricing_fixed_rules":[],"tiered_pricing_product_settings":{"layout":"default","base_unit_name":{"singular":null,"plural":null},"default_variation":null},"tiered_pricing_minimum_quantity":10,"tiered_pricing_roles_data":[],"tiered_pricing_percentage_rules":{"30":"29","50":"35","100":"40","200":"44","500":"47","1000":"49"},"tiered_pricing_maximum_quantity":null,"tiered_pricing_quantity_step":"10","_links":{"self":[{"href":"https:\/\/agoravape.com\/fr\/wp-json\/wp\/v2\/product\/21870","targetHints":{"allow":["GET"]}}],"collection":[{"href":"https:\/\/agoravape.com\/fr\/wp-json\/wp\/v2\/product"}],"about":[{"href":"https:\/\/agoravape.com\/fr\/wp-json\/wp\/v2\/types\/product"}],"replies":[{"embeddable":true,"href":"https:\/\/agoravape.com\/fr\/wp-json\/wp\/v2\/comments?post=21870"}],"version-history":[{"count":1,"href":"https:\/\/agoravape.com\/fr\/wp-json\/wp\/v2\/product\/21870\/revisions"}],"predecessor-version":[{"id":29865,"href":"https:\/\/agoravape.com\/fr\/wp-json\/wp\/v2\/product\/21870\/revisions\/29865"}],"wp:attachment":[{"href":"https:\/\/agoravape.com\/fr\/wp-json\/wp\/v2\/media?parent=21870"}],"wp:term":[{"taxonomy":"product_brand","embeddable":true,"href":"https:\/\/agoravape.com\/fr\/wp-json\/wp\/v2\/product_brand?post=21870"},{"taxonomy":"product_cat","embeddable":true,"href":"https:\/\/agoravape.com\/fr\/wp-json\/wp\/v2\/product_cat?post=21870"},{"taxonomy":"product_tag","embeddable":true,"href":"https:\/\/agoravape.com\/fr\/wp-json\/wp\/v2\/product_tag?post=21870"}],"curies":[{"name":"wp","href":"https:\/\/api.w.org\/{rel}","templated":true}]}}