{"id":21948,"date":"2026-01-18T22:32:15","date_gmt":"2026-01-18T14:32:15","guid":{"rendered":"https:\/\/agoravape.com\/?post_type=product&#038;p=21948"},"modified":"2026-03-10T07:11:12","modified_gmt":"2026-03-10T06:11:12","slug":"saimeo-humo-azul-limited-15k-15000-puffs","status":"publish","type":"product","link":"https:\/\/agoravape.com\/fr\/product\/saimeo-humo-azul-limited-15k-15000-puffs\/","title":{"rendered":"Saimeo Humo AZUL Limited 15k 15000 bouff\u00e9es Vape | Saveur longue dur\u00e9e, en toute simplicit\u00e9"},"content":{"rendered":"<h2 data-v-md-heading=\"what-is-saimeo-humo-azul-limited-s-15k-15000-pack-vape\" data-v-md-line=\"3\"><\/h2>\n<h2 data-v-md-heading=\"what-is-saimeo-humo-azul-limited-s-15k-15000-pack-vape\" data-v-md-line=\"3\"><\/h2>\n<h2 data-v-md-heading=\"what-is-saimeo-humo-azul-limited-s-15k-15000-pack-vape\" data-v-md-line=\"3\"><\/h2>\n<h2 data-v-md-heading=\"what-is-saimeo-humo-azul-limited-s-15k-15000-pack-vape\" data-v-md-line=\"3\">Qu'est-ce que le pack de vape 15k 15000 de Saimeo Humo AZUL Limited ?<\/h2>\n<p data-v-md-line=\"5\">Si vous en avez assez des cigarettes \u00e9lectroniques jetables dont la batterie se d\u00e9charge tr\u00e8s rapidement, la Saimeo Humo AZUL Limited 15k est faite pour vous. Avec une autonomie allant jusqu'\u00e0 15\u00a0000 utilisations, elle vous permet d'\u00e9viter de changer fr\u00e9quemment d'appareil ou d'en racheter une en cours de semaine.<\/p>\n<p data-v-md-line=\"7\">Voici une cigarette \u00e9lectronique v\u00e9ritablement \u00ab\u00a0pr\u00eate \u00e0 l\u2019emploi\u00a0\u00bb. Aucun bouton, aucun r\u00e9glage, aucune manipulation fastidieuse. Il suffit d\u2019inhaler et de profiter d\u2019une exp\u00e9rience d\u2019inhalation stable et famili\u00e8re, id\u00e9ale pour un usage quotidien.<\/p>\n<h2 data-v-md-heading=\"excellent-performance-and-easy-operation\" data-v-md-line=\"9\">Excellentes performances et facilit\u00e9 d'utilisation<\/h2>\n<p data-v-md-line=\"11\">La philosophie de conception de Saimeo est simple et claire\u00a0: il s'agit d'une cigarette \u00e9lectronique jetable \u00e0 activation par inhalation, con\u00e7ue pour une performance stable et particuli\u00e8rement adapt\u00e9e \u00e0 une utilisation continue. Malgr\u00e9 son prix de 15\u00a0000\u00a0$ qui pourrait laisser penser qu'elle p\u00e8se une tonne, la conception ext\u00e9rieure d'AZUL Limited la rend agr\u00e9able \u00e0 tenir et peu encombrante.<\/p>\n<h2 data-v-md-heading=\"quick-specifications\" data-v-md-line=\"13\">Sp\u00e9cifications rapides<\/h2>\n<ul data-v-md-line=\"14\">\n<li>Fr\u00e9quence de consommation : jusqu'\u00e0 15 000 bouff\u00e9es<\/li>\n<li>Teneur en nicotine : 2 % de sel de nicotine<\/li>\n<li>Utilisation : Il suffit d'inhaler pour activer<\/li>\n<li>M\u00e9thode de chargement\u00a0: non sp\u00e9cifi\u00e9e (veuillez consulter les d\u00e9tails\/images du produit ou contacter notre \u00e9quipe pour confirmation).<\/li>\n<li>\u00c9tat du produit : Pr\u00eat \u00e0 l'emploi d\u00e8s le d\u00e9ballage<\/li>\n<li>Dimensions de l'\u00e9quipement : 135 x 41,5 x 41,5 millim\u00e8tres<\/li>\n<li>Sp\u00e9cifications de conditionnement\u00a0: 10 pi\u00e8ces par paquet<\/li>\n<li>Conditionnement : 200 pi\u00e8ces par bo\u00eete<\/li>\n<\/ul>\n<h2 data-v-md-heading=\"complete-flavor-lineup\" data-v-md-line=\"23\">Gamme compl\u00e8te de saveurs<\/h2>\n<ul data-v-md-line=\"24\">\n<li>Blueberries and Lemons<\/li>\n<li>Glace au raisin<\/li>\n<li>P\u00eache au miel<\/li>\n<li>tueuse \u00e0 gages<\/li>\n<li>Amour - Baies de melon miel<\/li>\n<li>Baies m\u00e9lang\u00e9es<\/li>\n<li>fruit de la passion et kiwi<\/li>\n<li>Bonbons arc-en-ciel<\/li>\n<li>z\u00e9ro absolu<\/li>\n<li>Hawaii<\/li>\n<li>Citron et citron vert<\/li>\n<li>Peach berry<\/li>\n<li>p\u00eache blanche framboise<\/li>\n<\/ul>\n<h2 data-v-md-heading=\"tailored-for-you-and-your-business\" data-v-md-line=\"38\">Con\u00e7u sur mesure pour vous et votre entreprise<\/h2>\n<p data-v-md-line=\"40\">Si vous recherchez des produits durables, ceux-ci conviennent \u00e0 un usage personnel. Pour la revente, Saimeo simplifie la gestion de vos stocks\u00a0: 10 unit\u00e9s par paquet, 200 unit\u00e9s par carton. Ce conditionnement facilite l\u2019agencement des rayons et permet d\u2019\u00e9couler rapidement diff\u00e9rentes saveurs.<\/p>\n<p data-v-md-line=\"42\">AgoraVape privil\u00e9gie une livraison logistique europ\u00e9enne sans encombre. Nous collaborons avec des partenaires logistiques de confiance tels que UPS, DPD et DHL, et offrons un service client v\u00e9ritablement efficace. Si vous avez besoin d'aide pour adapter vos go\u00fbts \u00e0 la demande du march\u00e9, nous serons francs et honn\u00eates avec vous.<\/p>\n<h2 data-v-md-heading=\"reasons-why-you-will-like-it\" data-v-md-line=\"44\">Reasons why you will like it<\/h2>\n<ul data-v-md-line=\"45\">\n<li>Orifice d'aspiration extra long\u00a0: permet une utilisation continue pendant une p\u00e9riode prolong\u00e9e, r\u00e9duisant ainsi la fr\u00e9quence de remplacement de l'appareil.<\/li>\n<li>Sel de nicotine \u00e0 2 % : Si vous pr\u00e9f\u00e9rez une concentration mod\u00e9r\u00e9e de nicotine, c'est un choix clair et simple.<\/li>\n<li>Activation par inhalation\u00a0: aucun bouton requis. Prenez-le et aspirez.<\/li>\n<li>Large choix de saveurs : Trouvez facilement plusieurs saveurs populaires pour une rotation ou une revente ais\u00e9e.<\/li>\n<\/ul>\n<h2 data-v-md-heading=\"why-choose-to-collaborate-with-agoravape\" data-v-md-line=\"50\">Pourquoi choisir de collaborer avec AgoraVape ?<\/h2>\n<p data-v-md-line=\"52\">Nous ne vendons que des produits 100 % authentiques, sans contrefa\u00e7on. Si vous \u00eates un acheteur professionnel, vous b\u00e9n\u00e9ficiez \u00e9galement de conditions de vente en gros avantageuses, d'une assistance technique r\u00e9active et d'un service de livraison rapide et fiable au sein de l'UE pour les cigarettes \u00e9lectroniques Saimeo Humo AZUL Limited 15k (15\u00a0000 unit\u00e9s). Vous souhaitez faire un achat judicieux\u00a0? Contactez-nous et nous vous aiderons \u00e0 choisir parmi les saveurs les plus populaires.<\/p>","protected":false},"excerpt":{"rendered":"<p>Qu'est-ce que la vape 15k 15000 de Saimeo Humo AZUL Limited ? Si vous en avez assez des vapes jetables qui s'\u00e9puisent<\/p>","protected":false},"featured_media":0,"comment_status":"open","ping_status":"closed","template":"","meta":[],"product_brand":[1663],"product_cat":[124,185,1635,189,174,191,1666,179,173,186,180,190],"product_tag":[],"class_list":{"0":"post-21948","1":"product","2":"type-product","3":"status-publish","5":"product_brand-saimeo","6":"product_cat-vape-by-brand","7":"product_cat-10000-puffs-high-capacity","8":"product_cat-15000-puffs","9":"product_cat-20mg-standard-nicotine-vapes","10":"product_cat-fruit-flavors","11":"product_cat-rechargeable-disposables","12":"product_cat-saimeo","13":"product_cat-unique-blends","14":"product_cat-vape-by-flavor-profile","15":"product_cat-vape-by-nicotine-strength","16":"product_cat-vape-by-puff-count","17":"product_cat-vape-by-feature-or-type","19":"first","20":"outofstock","21":"shipping-taxable","22":"purchasable","23":"product-type-variable","24":"has-default-attributes"},"tiered_pricing_type":"percentage","tiered_pricing_fixed_rules":[],"tiered_pricing_product_settings":{"layout":"default","base_unit_name":{"singular":null,"plural":null},"default_variation":null},"tiered_pricing_minimum_quantity":10,"tiered_pricing_roles_data":[],"tiered_pricing_percentage_rules":{"30":"29","50":"35","100":"40","200":"44","500":"47","1000":"49"},"tiered_pricing_maximum_quantity":null,"tiered_pricing_quantity_step":"10","_links":{"self":[{"href":"https:\/\/agoravape.com\/fr\/wp-json\/wp\/v2\/product\/21948","targetHints":{"allow":["GET"]}}],"collection":[{"href":"https:\/\/agoravape.com\/fr\/wp-json\/wp\/v2\/product"}],"about":[{"href":"https:\/\/agoravape.com\/fr\/wp-json\/wp\/v2\/types\/product"}],"replies":[{"embeddable":true,"href":"https:\/\/agoravape.com\/fr\/wp-json\/wp\/v2\/comments?post=21948"}],"version-history":[{"count":0,"href":"https:\/\/agoravape.com\/fr\/wp-json\/wp\/v2\/product\/21948\/revisions"}],"wp:attachment":[{"href":"https:\/\/agoravape.com\/fr\/wp-json\/wp\/v2\/media?parent=21948"}],"wp:term":[{"taxonomy":"product_brand","embeddable":true,"href":"https:\/\/agoravape.com\/fr\/wp-json\/wp\/v2\/product_brand?post=21948"},{"taxonomy":"product_cat","embeddable":true,"href":"https:\/\/agoravape.com\/fr\/wp-json\/wp\/v2\/product_cat?post=21948"},{"taxonomy":"product_tag","embeddable":true,"href":"https:\/\/agoravape.com\/fr\/wp-json\/wp\/v2\/product_tag?post=21948"}],"curies":[{"name":"wp","href":"https:\/\/api.w.org\/{rel}","templated":true}]}}