{"id":21993,"date":"2026-01-18T22:45:15","date_gmt":"2026-01-18T14:45:15","guid":{"rendered":"https:\/\/agoravape.com\/?post_type=product&#038;p=21993"},"modified":"2026-03-26T13:22:25","modified_gmt":"2026-03-26T12:22:25","slug":"saimeo-humo-case-iphone-16-pro-30000","status":"publish","type":"product","link":"https:\/\/agoravape.com\/fr\/product\/saimeo-humo-case-iphone-16-pro-30000\/","title":{"rendered":"\u00c9tui Saimeo Humo pour iPhone 16 Pro 30k (30\u00a0000 bouff\u00e9es) | Grande autonomie, utilisation quotidienne simple"},"content":{"rendered":"<h2 data-v-md-heading=\"what-is-the-special-feature-of-saimeo-humo-case-iphone-16-pro-30k-30000-port\" data-v-md-line=\"3\"><img loading=\"lazy\" decoding=\"async\" class=\"size-full wp-image-22100 alignright\" src=\"https:\/\/agoravape.com\/wp-content\/uploads\/2026\/01\/Saimeo-Humo-Case-30k-30000-Puffs-iPhone-Series-Vape-Big-Puff-Convenience-in-a-Pocketable-Shape_Agora_vape-15.webp\" alt=\"\" width=\"446\" height=\"2048\" srcset=\"https:\/\/agoravape.com\/wp-content\/uploads\/2026\/01\/Saimeo-Humo-Case-30k-30000-Puffs-iPhone-Series-Vape-Big-Puff-Convenience-in-a-Pocketable-Shape_Agora_vape-15.webp 446w, https:\/\/agoravape.com\/wp-content\/uploads\/2026\/01\/Saimeo-Humo-Case-30k-30000-Puffs-iPhone-Series-Vape-Big-Puff-Convenience-in-a-Pocketable-Shape_Agora_vape-15-223x1024.webp 223w\" sizes=\"auto, (max-width: 446px) 100vw, 446px\" \/><\/h2>\n<h2 data-v-md-heading=\"what-is-the-special-feature-of-saimeo-humo-case-iphone-16-pro-30k-30000-port\" data-v-md-line=\"3\">Quelle est la particularit\u00e9 du port Saimeo Humo Case iPhone 16 Pro 30k 30000 ?<\/h2>\n<p data-v-md-line=\"5\">Si vous en avez assez des cigarettes \u00e9lectroniques jetables qui donnent l'impression d'\u00eatre d\u00e9j\u00e0 us\u00e9es d\u00e8s la premi\u00e8re utilisation, alors cette cigarette \u00e9lectronique con\u00e7ue pour une utilisation prolong\u00e9e est faite pour vous. La Saimeo Humo Case pour iPhone 16 Pro 30k offre une autonomie allant jusqu'\u00e0 30\u00a0000 utilisations, et son design ergonomique assure une prise en main confortable.<\/p>\n<p data-v-md-line=\"7\">Vous imaginez peut-\u00eatre que les cigarettes \u00e9lectroniques haute autonomie sont encombrantes. Mais ce mod\u00e8le-ci adopte un design similaire \u00e0 celui d'un t\u00e9l\u00e9phone portable, avec une prise en main naturelle et se glisse facilement dans une poche ou un sac, sans vous g\u00eaner.<\/p>\n<h2 data-v-md-heading=\"excellent-performance-and-easy-operation\" data-v-md-line=\"9\">Excellentes performances et facilit\u00e9 d'utilisation<\/h2>\n<p data-v-md-line=\"11\">Saimeo privil\u00e9gie la simplicit\u00e9\u00a0: savourez votre boisson pr\u00e9f\u00e9r\u00e9e. Sa r\u00e9sistance mesh assure une saveur stable et \u00e9vite toute baisse de go\u00fbt apr\u00e8s quelques jours. Pour recharger la batterie, utilisez le port USB-C, un c\u00e2ble standard disponible dans la plupart des foyers.<\/p>\n<h2 data-v-md-heading=\"quick-specifications\" data-v-md-line=\"13\">Sp\u00e9cifications rapides<\/h2>\n<ul data-v-md-line=\"14\">\n<li>Nombre de ports : jusqu'\u00e0 30 000 ports<\/li>\n<li>Capacit\u00e9 du r\u00e9servoir d'e-liquide : 13 millilitres<\/li>\n<li>Batterie : 680 mAh (rechargeable)<\/li>\n<li>Teneur en nicotine : 5 %<\/li>\n<li>Utilisation : Inhaler pour activer<\/li>\n<li>Interface de charge : interface Type-C<\/li>\n<li>\u00c9tat : Pr\u00eat \u00e0 l'emploi d\u00e8s la sortie de l'emballage<\/li>\n<li>Dimensions de l'\u00e9quipement : 75,8 \u00d7 21,92 \u00d7 166,66 millim\u00e8tres<\/li>\n<li>R\u00e9sistance aux chutes : Test\u00e9e par une chute de 10 \u00e9tages<\/li>\n<\/ul>\n<h2 data-v-md-heading=\"complete-flavor-lineup\" data-v-md-line=\"24\">Gamme compl\u00e8te de saveurs<\/h2>\n<ul data-v-md-line=\"25\">\n<li>Glace \u00e0 la past\u00e8que<\/li>\n<li>Glace aux myrtilles<\/li>\n<li>Monnaie de Miami<\/li>\n<li>Glace \u00e0 la pomme verte<\/li>\n<li>Fruit \u00e0 trois baies<\/li>\n<\/ul>\n<h2 data-v-md-heading=\"tailored-for-you-and-your-business\" data-v-md-line=\"31\">Con\u00e7u sur mesure pour vous et votre entreprise<\/h2>\n<p data-v-md-line=\"33\">Pour un usage personnel, la coque Saimeo Humo pour iPhone 16 Pro 30k est vendue s\u00e9par\u00e9ment. Pour les professionnels, nous proposons des emballages de gros soign\u00e9s\u00a0: bo\u00eetes de 5 ou 100 pi\u00e8ces.<\/p>\n<p data-v-md-line=\"35\">Pour nos clients europ\u00e9ens, nous nous engageons \u00e0 assurer des livraisons sans encombre. Nous collaborons avec des partenaires de confiance tels que DHL, DPD et UPS afin de garantir une livraison rapide et fiable de votre commande, en toute s\u00e9r\u00e9nit\u00e9.<\/p>\n<h2 data-v-md-heading=\"reasons-why-you-will-like-it\" data-v-md-line=\"37\">Reasons why you will like it<\/h2>\n<ul data-v-md-line=\"38\">\n<li>Durable et r\u00e9sistante : la batterie a une dur\u00e9e de vie plus longue et ne n\u00e9cessite pas de remplacement fr\u00e9quent.<\/li>\n<li>Batterie rechargeable : permet d'utiliser pleinement le e-liquide achet\u00e9 et d'\u00e9viter un gaspillage pr\u00e9matur\u00e9.<\/li>\n<li>Noyau d'atomiseur en mesh : D\u00e8s la premi\u00e8re bouff\u00e9e, il conserve toujours une saveur riche et douce.<\/li>\n<li>Activation par inhalation\u00a0: aucun menu requis, aucune op\u00e9ration compliqu\u00e9e \u2013 il suffit de le prendre et de l\u2019utiliser.<\/li>\n<\/ul>\n<h2 data-v-md-heading=\"why-choose-to-collaborate-with-agoravape\" data-v-md-line=\"43\">Pourquoi choisir de collaborer avec AgoraVape ?<\/h2>\n<p data-v-md-line=\"45\">AgoraVape ne propose que des produits 100 % authentiques \u2013 aucun stock provenant de sources inconnues ni d'imitations de qualit\u00e9 inf\u00e9rieure. Si vous \u00eates d\u00e9taillant ou distributeur, nous vous offrons des solutions de vente en gros performantes, une assistance technique r\u00e9active et une livraison rapide et fiable en Europe, notamment pour la coque de protection Saimeo Humo pour iPhone 16 Pro (capacit\u00e9 de 30\u00a0000 mAh, 30\u00a0000 ports). Vous souhaitez acheter des produits\u00a0? Contactez-nous et nous trouverons la solution d'approvisionnement la mieux adapt\u00e9e \u00e0 vos besoins.<\/p>","protected":false},"excerpt":{"rendered":"<p>Quelle est la particularit\u00e9 de Saimeo Humo Case iPhone 16 Pro 30k 30000 port ? Si vous en avez assez des produits jetables<\/p>","protected":false},"featured_media":22103,"comment_status":"open","ping_status":"closed","template":"","meta":[],"product_brand":[1663],"product_cat":[124,185,189,1637,174,191,1666,179,173,186,180,190],"product_tag":[],"class_list":{"0":"post-21993","1":"product","2":"type-product","3":"status-publish","4":"has-post-thumbnail","6":"product_brand-saimeo","7":"product_cat-vape-by-brand","8":"product_cat-10000-puffs-high-capacity","9":"product_cat-20mg-standard-nicotine-vapes","10":"product_cat-30000-puffs","11":"product_cat-fruit-flavors","12":"product_cat-rechargeable-disposables","13":"product_cat-saimeo","14":"product_cat-unique-blends","15":"product_cat-vape-by-flavor-profile","16":"product_cat-vape-by-nicotine-strength","17":"product_cat-vape-by-puff-count","18":"product_cat-vape-by-feature-or-type","20":"first","21":"instock","22":"shipping-taxable","23":"purchasable","24":"product-type-variable","25":"has-default-attributes"},"tiered_pricing_type":"percentage","tiered_pricing_fixed_rules":[],"tiered_pricing_product_settings":{"layout":"default","base_unit_name":{"singular":null,"plural":null},"default_variation":null},"tiered_pricing_minimum_quantity":10,"tiered_pricing_roles_data":[],"tiered_pricing_percentage_rules":{"30":"29","50":"35","100":"40","200":"44","500":"47","1000":"49"},"tiered_pricing_maximum_quantity":null,"tiered_pricing_quantity_step":"10","_links":{"self":[{"href":"https:\/\/agoravape.com\/fr\/wp-json\/wp\/v2\/product\/21993","targetHints":{"allow":["GET"]}}],"collection":[{"href":"https:\/\/agoravape.com\/fr\/wp-json\/wp\/v2\/product"}],"about":[{"href":"https:\/\/agoravape.com\/fr\/wp-json\/wp\/v2\/types\/product"}],"replies":[{"embeddable":true,"href":"https:\/\/agoravape.com\/fr\/wp-json\/wp\/v2\/comments?post=21993"}],"version-history":[{"count":0,"href":"https:\/\/agoravape.com\/fr\/wp-json\/wp\/v2\/product\/21993\/revisions"}],"wp:featuredmedia":[{"embeddable":true,"href":"https:\/\/agoravape.com\/fr\/wp-json\/wp\/v2\/media\/22103"}],"wp:attachment":[{"href":"https:\/\/agoravape.com\/fr\/wp-json\/wp\/v2\/media?parent=21993"}],"wp:term":[{"taxonomy":"product_brand","embeddable":true,"href":"https:\/\/agoravape.com\/fr\/wp-json\/wp\/v2\/product_brand?post=21993"},{"taxonomy":"product_cat","embeddable":true,"href":"https:\/\/agoravape.com\/fr\/wp-json\/wp\/v2\/product_cat?post=21993"},{"taxonomy":"product_tag","embeddable":true,"href":"https:\/\/agoravape.com\/fr\/wp-json\/wp\/v2\/product_tag?post=21993"}],"curies":[{"name":"wp","href":"https:\/\/api.w.org\/{rel}","templated":true}]}}