{"id":23780,"date":"2026-01-25T14:06:41","date_gmt":"2026-01-25T06:06:41","guid":{"rendered":"https:\/\/agoravape.com\/?post_type=product&#038;p=23780"},"modified":"2026-03-26T13:22:25","modified_gmt":"2026-03-26T12:22:25","slug":"saimeo-humo-case-iphone-16-30000-puffs","status":"publish","type":"product","link":"https:\/\/agoravape.com\/fr\/product\/saimeo-humo-case-iphone-16-30000-puffs\/","title":{"rendered":"\u00c9tui Saimeo Humo pour iPhone 16 30k (30\u00a0000 bouff\u00e9es) pour cigarette \u00e9lectronique | Grande autonomie, format compact id\u00e9al pour la poche"},"content":{"rendered":"<h2 data-v-md-heading=\"what-is-the-special-feature-of-saimeo-humo-case-iphone-16-30k-30000-pack-vape\" data-v-md-line=\"3\">Quelle est la particularit\u00e9 du pack de 30 000 e-liquides Saimeo Humo Case iPhone 16 30k 30000 ?<\/h2>\n<p data-v-md-line=\"5\">Si vous en avez assez des cigarettes \u00e9lectroniques jetables qui ne procurent pas une sensation de cigarette au premier abord, ce produit est fait pour vous. La Saimeo Humo Case pour iPhone 16 (30\u00a0000 bouff\u00e9es) est con\u00e7ue pour une utilisation prolong\u00e9e, avec une autonomie allant jusqu'\u00e0 30\u00a0000 bouff\u00e9es et une batterie rechargeable, vous permettant ainsi de profiter pleinement du e-liquide restant.<\/p>\n<p data-v-md-line=\"7\">On pourrait croire qu'une cigarette \u00e9lectronique avec une telle autonomie serait aussi encombrante qu'une brique, mais elle ressemble \u00e0 une fine coque de t\u00e9l\u00e9phone. Pour tout utilisateur recherchant une cigarette \u00e9lectronique fiable, portable et facile \u00e0 utiliser, c'est un choix simple et intuitif.<\/p>\n<h2 data-v-md-heading=\"excellent-performance-and-easy-operation\" data-v-md-line=\"9\">Excellentes performances et facilit\u00e9 d'utilisation<\/h2>\n<p data-v-md-line=\"11\">La philosophie de conception de Saimeo est tr\u00e8s simple\u00a0: il suffit d\u2019inhaler pour l\u2019activer. Lorsque la batterie est d\u00e9charg\u00e9e, elle se recharge via l\u2019interface USB-C, ce qui vous permet d\u2019utiliser le m\u00eame c\u00e2ble de charge que vous poss\u00e9dez peut-\u00eatre d\u00e9j\u00e0 chez vous.<\/p>\n<p data-v-md-line=\"13\">Il est \u00e9galement dot\u00e9 d'une protection antichute (test\u00e9 pour r\u00e9sister \u00e0 des chutes jusqu'\u00e0 10 \u00e9tages). La vie est pleine d'impr\u00e9vus, et ce produit a \u00e9t\u00e9 con\u00e7u en tenant compte de cette r\u00e9alit\u00e9.<\/p>\n<h2 data-v-md-heading=\"quick-specifications\" data-v-md-line=\"15\">Sp\u00e9cifications rapides<\/h2>\n<ul data-v-md-line=\"16\">\n<li>Fr\u00e9quence de consommation : jusqu'\u00e0 30 000 bouff\u00e9es<\/li>\n<li>Capacit\u00e9 du r\u00e9servoir d'e-liquide : 13 millilitres<\/li>\n<li>Capacit\u00e9 de la batterie : 680 mAh (rechargeable)<\/li>\n<li>Teneur en nicotine : 5 %<\/li>\n<li>Utilisation : Inhaler pour activer<\/li>\n<li>Interface de chargement : Type-C<\/li>\n<li>Dimensions : 75,8 \u00d7 21,92 \u00d7 166,66 millim\u00e8tres<\/li>\n<li>\u00c9tat : Pr\u00eat \u00e0 l'emploi d\u00e8s la sortie de l'emballage<\/li>\n<\/ul>\n<h2 data-v-md-heading=\"complete-flavor-lineup\" data-v-md-line=\"25\">Gamme compl\u00e8te de saveurs<\/h2>\n<ul data-v-md-line=\"26\">\n<li>Glace \u00e0 la past\u00e8que<\/li>\n<li>Glace aux myrtilles<\/li>\n<li>Monnaie de Miami<\/li>\n<li>Glace \u00e0 la pomme verte<\/li>\n<li>Triple Berry<\/li>\n<\/ul>\n<h2 data-v-md-heading=\"tailored-for-you-and-your-business\" data-v-md-line=\"32\">Con\u00e7u sur mesure pour vous et votre entreprise<\/h2>\n<p data-v-md-line=\"34\">Vous pouvez acheter la coque Saimeo Humo pour iPhone 16 au prix de 30\u00a0000 yuans l'unit\u00e9. Si vous \u00eates un d\u00e9taillant, le conditionnement est \u00e9galement adapt\u00e9 \u00e0 la vente en gros\u00a0: 5 ou 100 pi\u00e8ces par bo\u00eete.<\/p>\n<p data-v-md-line=\"36\">Nous collaborons \u00e9troitement avec des partenaires logistiques fiables pour assurer des livraisons fluides \u00e0 nos clients europ\u00e9ens, vous lib\u00e9rant ainsi des tracas li\u00e9s au suivi de vos colis et aux formalit\u00e9s douani\u00e8res. Si vous \u00eates un client professionnel, nous vous proposerons la solution de transport la plus adapt\u00e9e \u00e0 votre pays\/r\u00e9gion lors de la validation de votre commande ou par l'interm\u00e9diaire de notre \u00e9quipe commerciale.<\/p>\n<h2 data-v-md-heading=\"reasons-why-you-will-like-it\" data-v-md-line=\"38\">Reasons why you will like it<\/h2>\n<ul data-v-md-line=\"39\">\n<li>Durable et r\u00e9sistant : R\u00e9duisez le nombre de remplacements, minimisez les probl\u00e8mes et assurez-vous une exp\u00e9rience plus stable au quotidien.<\/li>\n<li>Batterie rechargeable : Permet d'utiliser pleinement le e-liquide et d'\u00e9viter une \u00e9limination pr\u00e9matur\u00e9e.<\/li>\n<li>R\u00e9sistance par ventouse simple : pas besoin de boutons, pas besoin d'apprentissage, son utilisation est tr\u00e8s simple.<\/li>\n<li>Conception anti-chute : Il est plus adapt\u00e9 au rangement dans les poches ou les sacs, ce qui vous permet de l'utiliser facilement n'importe o\u00f9 et n'importe quand.<\/li>\n<\/ul>\n<h2 data-v-md-heading=\"why-choose-to-collaborate-with-agoravape\" data-v-md-line=\"44\">Pourquoi choisir de collaborer avec AgoraVape ?<\/h2>\n<p data-v-md-line=\"46\">AgoraVape s'engage \u00e0 fournir des produits 100 % authentiques et \u00e0 garantir un processus d'achat clair et transparent, accompagn\u00e9 d'un support adapt\u00e9. Si vous \u00eates un client professionnel, nous vous proposons des solutions de vente en gros tr\u00e8s comp\u00e9titives, des canaux de communication fiables et des services logistiques sur mesure pour les acheteurs europ\u00e9ens qui privil\u00e9gient la rapidit\u00e9 et la fiabilit\u00e9. Vous souhaitez acheter une coque Saimeo Humo pour iPhone 16 (30\u00a0000)\u00a0? Contactez-nous et nous vous indiquerons la quantit\u00e9 et le mode de livraison adapt\u00e9s.<\/p>","protected":false},"excerpt":{"rendered":"<p>Quelle est la particularit\u00e9 de Saimeo Humo Case iPhone 16 30k 30000 pack vape ? Si vous en avez assez des produits jetables<\/p>","protected":false},"featured_media":22104,"comment_status":"open","ping_status":"closed","template":"","meta":[],"product_brand":[1663],"product_cat":[124,185,189,1637,174,191,1666,179,173,186,180,190],"product_tag":[],"class_list":{"0":"post-23780","1":"product","2":"type-product","3":"status-publish","4":"has-post-thumbnail","6":"product_brand-saimeo","7":"product_cat-vape-by-brand","8":"product_cat-10000-puffs-high-capacity","9":"product_cat-20mg-standard-nicotine-vapes","10":"product_cat-30000-puffs","11":"product_cat-fruit-flavors","12":"product_cat-rechargeable-disposables","13":"product_cat-saimeo","14":"product_cat-unique-blends","15":"product_cat-vape-by-flavor-profile","16":"product_cat-vape-by-nicotine-strength","17":"product_cat-vape-by-puff-count","18":"product_cat-vape-by-feature-or-type","20":"first","21":"instock","22":"shipping-taxable","23":"purchasable","24":"product-type-variable","25":"has-default-attributes"},"tiered_pricing_type":"percentage","tiered_pricing_fixed_rules":[],"tiered_pricing_product_settings":{"layout":"default","base_unit_name":{"singular":null,"plural":null},"default_variation":null},"tiered_pricing_minimum_quantity":10,"tiered_pricing_roles_data":[],"tiered_pricing_percentage_rules":{"30":"29","50":"35","100":"40","200":"44","500":"47","1000":"49"},"tiered_pricing_maximum_quantity":null,"tiered_pricing_quantity_step":"10","_links":{"self":[{"href":"https:\/\/agoravape.com\/fr\/wp-json\/wp\/v2\/product\/23780","targetHints":{"allow":["GET"]}}],"collection":[{"href":"https:\/\/agoravape.com\/fr\/wp-json\/wp\/v2\/product"}],"about":[{"href":"https:\/\/agoravape.com\/fr\/wp-json\/wp\/v2\/types\/product"}],"replies":[{"embeddable":true,"href":"https:\/\/agoravape.com\/fr\/wp-json\/wp\/v2\/comments?post=23780"}],"version-history":[{"count":0,"href":"https:\/\/agoravape.com\/fr\/wp-json\/wp\/v2\/product\/23780\/revisions"}],"wp:featuredmedia":[{"embeddable":true,"href":"https:\/\/agoravape.com\/fr\/wp-json\/wp\/v2\/media\/22104"}],"wp:attachment":[{"href":"https:\/\/agoravape.com\/fr\/wp-json\/wp\/v2\/media?parent=23780"}],"wp:term":[{"taxonomy":"product_brand","embeddable":true,"href":"https:\/\/agoravape.com\/fr\/wp-json\/wp\/v2\/product_brand?post=23780"},{"taxonomy":"product_cat","embeddable":true,"href":"https:\/\/agoravape.com\/fr\/wp-json\/wp\/v2\/product_cat?post=23780"},{"taxonomy":"product_tag","embeddable":true,"href":"https:\/\/agoravape.com\/fr\/wp-json\/wp\/v2\/product_tag?post=23780"}],"curies":[{"name":"wp","href":"https:\/\/api.w.org\/{rel}","templated":true}]}}