{"id":23813,"date":"2026-01-25T14:23:09","date_gmt":"2026-01-25T06:23:09","guid":{"rendered":"https:\/\/agoravape.com\/?post_type=product&#038;p=23813"},"modified":"2026-03-21T12:43:57","modified_gmt":"2026-03-21T11:43:57","slug":"saimeo-humo-case-iphone-15-30000-puffs","status":"publish","type":"product","link":"https:\/\/agoravape.com\/fr\/product\/saimeo-humo-case-iphone-15-30000-puffs\/","title":{"rendered":"\u00c9tui Saimeo Humo pour iPhone 15, autonomie de 30\u00a0000 bouff\u00e9es, style t\u00e9l\u00e9phone, avec poign\u00e9e int\u00e9gr\u00e9e."},"content":{"rendered":"<h2 data-v-md-heading=\"what-is-the-special-feature-of-saimeo-humo-case-iphone-15-30k-30000-pack-vape\" data-v-md-line=\"3\">Quelle est la particularit\u00e9 du pack de 30 000 e-liquides Saimeo Humo Case iPhone 15 30k 30000 ?<\/h2>\n<p data-v-md-line=\"5\">Si vous en avez assez des cigarettes \u00e9lectroniques jetables dont la batterie se d\u00e9charge rapidement, ce produit m\u00e9rite toute votre attention. La coque Saimeo Humo pour iPhone 15 est con\u00e7ue pour une utilisation durable (jusqu'\u00e0 30\u00a0000 utilisations). Son design, semblable \u00e0 celui d'une coque de t\u00e9l\u00e9phone, offre une prise en main confortable et se glisse facilement dans une poche ou un sac.<\/p>\n<p data-v-md-line=\"7\">Vous pourriez avoir l'impression qu'un produit \u00e9tiquet\u00e9 \u00ab\u00a030k\u00a0\u00bb est aussi lourd qu'une brique. Mais il n'en est rien. Fin et \u00e9l\u00e9gant, son design, semblable \u00e0 celui d'une coque d'iPhone, le rend extr\u00eamement facile \u00e0 utiliser au quotidien.<\/p>\n<h2 data-v-md-heading=\"excellent-performance-and-easy-operation\" data-v-md-line=\"9\">Excellentes performances et facilit\u00e9 d'utilisation<\/h2>\n<p data-v-md-line=\"11\">La philosophie de conception de Saimeo est tr\u00e8s simple\u00a0: une simple inhalation suffit pour l'activer, sans bouton ni manipulation complexe. Dot\u00e9 d'une batterie rechargeable int\u00e9gr\u00e9e de 680\u00a0mAh et compatible avec la charge USB-C, il peut \u00eatre recharg\u00e9 avec la plupart des c\u00e2bles courants. C'est ce qui le distingue des cigarettes \u00e9lectroniques jetables.<\/p>\n<h2 data-v-md-heading=\"quick-specifications\" data-v-md-line=\"13\">Sp\u00e9cifications rapides<\/h2>\n<ul data-v-md-line=\"14\">\n<li>Nombre de ports : jusqu'\u00e0 30 000 ports<\/li>\n<li>Capacit\u00e9 du r\u00e9servoir d'e-liquide : 13 millilitres<\/li>\n<li>Batterie : 680 mAh (rechargeable)<\/li>\n<li>Teneur en nicotine : 2 % ou 5 % (selon le go\u00fbt)<\/li>\n<li>Utilisation : Activation par inhalation<\/li>\n<li>Interface de chargement : Type-C<\/li>\n<li>R\u00e9sistance aux chutes : Test\u00e9e pour r\u00e9sister \u00e0 une chute de 10 \u00e9tages<\/li>\n<li>Dimensions : 75,8 \u00d7 21,92 \u00d7 166,66 millim\u00e8tres<\/li>\n<li>\u00c9tat : Pr\u00eat \u00e0 l'emploi d\u00e8s le d\u00e9ballage<\/li>\n<li>Compatible avec l'iPhone 13\u00a0; l'iPhone 12 et 12 Pro\u00a0; l'iPhone 14\u00a0;<\/li>\n<\/ul>\n<h2 data-v-md-heading=\"complete-flavor-lineup\" data-v-md-line=\"24\">Gamme compl\u00e8te de saveurs<\/h2>\n<ul data-v-md-line=\"25\">\n<li>Tueur de dames (2%)<\/li>\n<li>Hawa\u00ef (2%)<\/li>\n<li>Kiwi fruit de la passion (2%)<\/li>\n<li>Amour 66 (2%)<\/li>\n<li>Myrtilles et citrons (2%)<\/li>\n<li>Glace \u00e0 la past\u00e8que (5%)<\/li>\n<li>Glace aux myrtilles (5%)<\/li>\n<li>Menthe de Miami (5%)<\/li>\n<li>Glace \u00e0 la pomme verte (5%)<\/li>\n<li>Triple Baie (5%)<\/li>\n<\/ul>\n<h2 data-v-md-heading=\"tailored-for-you-and-your-business\" data-v-md-line=\"36\">Con\u00e7u sur mesure pour vous et votre entreprise<\/h2>\n<p data-v-md-line=\"38\">Le Saimeo Humo Case iPhone 15 30k est une cigarette \u00e9lectronique jetable simple et facile \u00e0 utiliser, id\u00e9ale pour un usage personnel. Elle est \u00e9galement disponible en gros pour les commerces physiques et en ligne. Les conditionnements sont de 5 ou 100 unit\u00e9s par bo\u00eete.<\/p>\n<p data-v-md-line=\"40\">Nous savons \u00e9galement que, outre le go\u00fbt, d'autres aspects sont tout aussi importants. C'est pourquoi AgoraVape s'engage \u00e0 fournir des services de livraison europ\u00e9ens pratiques et \u00e0 collaborer avec des transporteurs fiables tels que UPS, DPD et DHL afin de vous garantir un passage en douane sans encombre et des livraisons ponctuelles.<\/p>\n<h2 data-v-md-heading=\"reasons-why-you-will-like-it\" data-v-md-line=\"42\">Reasons why you will like it<\/h2>\n<ul data-v-md-line=\"43\">\n<li>Autonomie de batterie ultra longue : Dur\u00e9e de vie prolong\u00e9e, pas besoin de remplacer fr\u00e9quemment les appareils.<\/li>\n<li>Deux options de concentration de nicotine\u00a0: une concentration de nicotine de 2\u00a0%, adapt\u00e9e aux utilisateurs qui pr\u00e9f\u00e8rent un go\u00fbt l\u00e9ger\u00a0;<\/li>\n<li>Concentration de nicotine de 5 %, adapt\u00e9e aux utilisateurs qui appr\u00e9cient les saveurs riches (avec un meilleur go\u00fbt).<\/li>\n<li>Rechargeable : Assurez-vous de pouvoir r\u00e9ellement utiliser la totalit\u00e9 du e-liquide achet\u00e9.<\/li>\n<li>Conception de la coque : Prise en main confortable, ne glisse pas facilement.<\/li>\n<li>Test de chute\u00a0: Plus r\u00e9sistant, m\u00eame en cas de chute accidentelle, il n\u2019y a pas lieu de s\u2019inqui\u00e9ter.<\/li>\n<\/ul>\n<h2 data-v-md-heading=\"why-choose-agoravape\" data-v-md-line=\"50\">Pourquoi choisir AgoraVape ?<\/h2>\n<p data-v-md-line=\"52\">AgoraVape s'engage \u00e0 respecter un principe fondamental\u00a0: n'utiliser que des produits de qualit\u00e9 sup\u00e9rieure et ne jamais recourir \u00e0 des circuits d'approvisionnement douteux. Nous garantissons l'authenticit\u00e9 de nos produits, proposons des prix avantageux et un service client professionnel, particuli\u00e8rement adapt\u00e9 aux achats des entreprises. Si vous souhaitez acheter la cigarette \u00e9lectronique Saimeo Humo Case pour iPhone 15 (30\u00a0000 bouff\u00e9es), n'h\u00e9sitez pas \u00e0 nous contacter. Nous vous aiderons \u00e0 choisir la combinaison de saveur et de concentration de nicotine la plus adapt\u00e9e \u00e0 vos clients.<\/p>","protected":false},"excerpt":{"rendered":"<p>Quelle est la particularit\u00e9 de Saimeo Humo Case iPhone 15 30k 30000 pack vape ? Si vous en avez assez des produits jetables<\/p>","protected":false},"featured_media":22096,"comment_status":"open","ping_status":"closed","template":"","meta":[],"product_brand":[1663],"product_cat":[124,185,189,1637,174,191,1666,179,173,186,180,190],"product_tag":[],"class_list":{"0":"post-23813","1":"product","2":"type-product","3":"status-publish","4":"has-post-thumbnail","6":"product_brand-saimeo","7":"product_cat-vape-by-brand","8":"product_cat-10000-puffs-high-capacity","9":"product_cat-20mg-standard-nicotine-vapes","10":"product_cat-30000-puffs","11":"product_cat-fruit-flavors","12":"product_cat-rechargeable-disposables","13":"product_cat-saimeo","14":"product_cat-unique-blends","15":"product_cat-vape-by-flavor-profile","16":"product_cat-vape-by-nicotine-strength","17":"product_cat-vape-by-puff-count","18":"product_cat-vape-by-feature-or-type","20":"first","21":"instock","22":"shipping-taxable","23":"purchasable","24":"product-type-variable","25":"has-default-attributes"},"tiered_pricing_type":"percentage","tiered_pricing_fixed_rules":[],"tiered_pricing_product_settings":{"layout":"default","base_unit_name":{"singular":null,"plural":null},"default_variation":null},"tiered_pricing_minimum_quantity":10,"tiered_pricing_roles_data":[],"tiered_pricing_percentage_rules":{"30":"29","50":"35","100":"40","200":"44","500":"47","1000":"49"},"tiered_pricing_maximum_quantity":null,"tiered_pricing_quantity_step":"10","_links":{"self":[{"href":"https:\/\/agoravape.com\/fr\/wp-json\/wp\/v2\/product\/23813","targetHints":{"allow":["GET"]}}],"collection":[{"href":"https:\/\/agoravape.com\/fr\/wp-json\/wp\/v2\/product"}],"about":[{"href":"https:\/\/agoravape.com\/fr\/wp-json\/wp\/v2\/types\/product"}],"replies":[{"embeddable":true,"href":"https:\/\/agoravape.com\/fr\/wp-json\/wp\/v2\/comments?post=23813"}],"version-history":[{"count":0,"href":"https:\/\/agoravape.com\/fr\/wp-json\/wp\/v2\/product\/23813\/revisions"}],"wp:featuredmedia":[{"embeddable":true,"href":"https:\/\/agoravape.com\/fr\/wp-json\/wp\/v2\/media\/22096"}],"wp:attachment":[{"href":"https:\/\/agoravape.com\/fr\/wp-json\/wp\/v2\/media?parent=23813"}],"wp:term":[{"taxonomy":"product_brand","embeddable":true,"href":"https:\/\/agoravape.com\/fr\/wp-json\/wp\/v2\/product_brand?post=23813"},{"taxonomy":"product_cat","embeddable":true,"href":"https:\/\/agoravape.com\/fr\/wp-json\/wp\/v2\/product_cat?post=23813"},{"taxonomy":"product_tag","embeddable":true,"href":"https:\/\/agoravape.com\/fr\/wp-json\/wp\/v2\/product_tag?post=23813"}],"curies":[{"name":"wp","href":"https:\/\/api.w.org\/{rel}","templated":true}]}}