{"id":23827,"date":"2026-01-25T14:39:14","date_gmt":"2026-01-25T06:39:14","guid":{"rendered":"https:\/\/agoravape.com\/?post_type=product&#038;p=23827"},"modified":"2026-03-26T13:22:25","modified_gmt":"2026-03-26T12:22:25","slug":"saimeo-humo-case-iphone-15-pro-30000","status":"publish","type":"product","link":"https:\/\/agoravape.com\/fr\/product\/saimeo-humo-case-iphone-15-pro-30000\/","title":{"rendered":"\u00c9tui Saimeo Humo pour iPhone 15 Pro 30k (30\u00a0000 bouff\u00e9es) | Votre \u00e9tui de t\u00e9l\u00e9phone, et une cigarette \u00e9lectronique sans tracas"},"content":{"rendered":"<h2 data-v-md-heading=\"what-s-special-about-the-saimeo-humo-iphone-15-pro-30k-30000-port-phone-case\" data-v-md-line=\"3\">Qu'est-ce qui rend la coque de t\u00e9l\u00e9phone Saimeo Humo pour iPhone 15 Pro 30k 30000 si sp\u00e9ciale ?<\/h2>\n<p data-v-md-line=\"5\">Si vous en avez assez de mettre votre cigarette \u00e9lectronique dans une poche et votre t\u00e9l\u00e9phone dans une autre, la coque Saimeo Humo est la solution id\u00e9ale. Cette coque professionnelle pour iPhone int\u00e8gre une cigarette \u00e9lectronique, vous permettant de l'utiliser simplement en sortant votre t\u00e9l\u00e9phone.<\/p>\n<p data-v-md-line=\"7\">Ce produit peut vous para\u00eetre encombrant ou tape-\u00e0-l'\u0153il, mais il a \u00e9t\u00e9 con\u00e7u pour \u00eatre aussi pratique que les objets du quotidien. Autrement dit, il convient \u00e0 ceux qui recherchent la facilit\u00e9 de transport, l'\u00e9l\u00e9gance et qui ne veulent pas transformer leurs poches en tiroirs fourre-tout.<\/p>\n<h2 data-v-md-heading=\"excellent-performance-and-easy-operation\" data-v-md-line=\"9\">Excellentes performances et facilit\u00e9 d'utilisation<\/h2>\n<p data-v-md-line=\"11\">Saimeo a \u00e9quip\u00e9 cette cigarette \u00e9lectronique d'une batterie rechargeable de 680 mAh et d'un port de charge USB-C. Ainsi, lorsque la batterie est faible, vous pouvez utiliser le m\u00eame c\u00e2ble de charge que la plupart des appareils modernes. Simple et pratique. D'une capacit\u00e9 de 13 ml d'e-liquide, elle s'active par aspiration, sans aucun bouton ni r\u00e9glage. Prenez-la en main et savourez le plaisir de vapoter.<\/p>\n<h2 data-v-md-heading=\"quick-specifications\" data-v-md-line=\"13\">Sp\u00e9cifications rapides<\/h2>\n<ul data-v-md-line=\"14\">\n<li>Nombre de ports : jusqu'\u00e0 30 000 ports<\/li>\n<li>Capacit\u00e9 du r\u00e9servoir d'e-liquide : 13 millilitres<\/li>\n<li>Batterie : 680 mAh (rechargeable)<\/li>\n<li>Teneur en nicotine : 2 % ou 5 % (selon le go\u00fbt)<\/li>\n<li>Utilisation : Inhaler pour activer<\/li>\n<li>Interface de chargement : Type-C<\/li>\n<li>Protection du t\u00e9l\u00e9phone portable\u00a0: a r\u00e9ussi le test de chute de 10 \u00e9tages<\/li>\n<li>\u00c9tat : Pr\u00eat \u00e0 l'emploi d\u00e8s la sortie de l'emballage<\/li>\n<li>Compatible avec les tailles d'iPhone 12 et 12 Pro<\/li>\n<\/ul>\n<h2 data-v-md-heading=\"complete-flavor-lineup\" data-v-md-line=\"23\">Gamme compl\u00e8te de saveurs<\/h2>\n<ul data-v-md-line=\"24\">\n<li>Glace \u00e0 la past\u00e8que (5%)<\/li>\n<li>Glace aux myrtilles (5%)<\/li>\n<li>Menthe de Miami (5%)<\/li>\n<li>Glace \u00e0 la pomme verte (5%)<\/li>\n<li>Triple Baie (5%)<\/li>\n<li>Hawa\u00ef (2%)<\/li>\n<li>Fruit de la passion et kiwi (2%)<\/li>\n<li>P\u00eache au miel (2%)<\/li>\n<\/ul>\n<h2 data-v-md-heading=\"suitable-for-you-and-your-business\" data-v-md-line=\"33\">Adapt\u00e9 \u00e0 vous et \u00e0 votre entreprise<\/h2>\n<p data-v-md-line=\"35\">Si vous recherchez une coque de t\u00e9l\u00e9phone simple, pratique et portable, la coque Saimeo Humo pour iPhone 15 Pro (30\u00a0000\u00a0FCFA) est id\u00e9ale pour un usage personnel. Si vous l'achetez pour la revente, ce produit est \u00e9galement parfait pour \u00eatre pr\u00e9sent\u00e9 en vitrine, car sa valeur est imm\u00e9diatement perceptible.<\/p>\n<p data-v-md-line=\"37\">Vous avez besoin d'aide pour planifier vos commandes en gros ou choisir les saveurs qui vous conviennent\u00a0? Contactez l'\u00e9quipe AgoraVape\u00a0: nous vous accompagnerons et collaborerons avec des transporteurs fiables comme UPS, DPD et DHL pour une livraison sans encombre.<\/p>\n<h2 data-v-md-heading=\"the-reason-why-you-will-like-it\" data-v-md-line=\"39\">La raison pour laquelle vous allez l'aimer<\/h2>\n<ul data-v-md-line=\"40\">\n<li>Int\u00e9gr\u00e9 et pratique : votre cigarette \u00e9lectronique est plac\u00e9e avec votre t\u00e9l\u00e9phone, vous ne risquez donc pas de l'oublier.<\/li>\n<li>Durable et r\u00e9sistant : Durable et r\u00e9sistant, sans n\u00e9cessiter de remplacement fr\u00e9quent.<\/li>\n<li>Choix du taux de nicotine\u00a0: selon vos pr\u00e9f\u00e9rences gustatives, choisissez un taux de nicotine de 2\u00a0% ou de 5\u00a0%.<\/li>\n<li>Batterie rechargeable de type C\u00a0: vous permet d\u2019utiliser pleinement le e-liquide achet\u00e9 et d\u2019\u00e9viter une \u00e9limination pr\u00e9matur\u00e9e.<\/li>\n<li>Une protection r\u00e9elle : La coque de protection, qui a subi des tests de chute, vous offre une tranquillit\u00e9 d'esprit au quotidien.<\/li>\n<\/ul>\n<h2 data-v-md-heading=\"why-choose-agoravape\" data-v-md-line=\"46\">Pourquoi choisir AgoraVape ?<\/h2>\n<p data-v-md-line=\"48\">Nous nous engageons \u00e0 vous fournir des solutions directes et efficaces, ainsi que des produits authentiques. En achetant sur AgoraVape, vous b\u00e9n\u00e9ficiez d'une garantie d'authenticit\u00e9 \u00e0 100 %, d'un service client r\u00e9actif et d'une livraison fiable. Si vous souhaitez vendre la coque Saimeo Humo pour iPhone 15 Pro (capacit\u00e9 de 30\u00a0000 bouff\u00e9es), contactez-nous\u00a0: nous vous aiderons \u00e0 cr\u00e9er une commande qui fid\u00e9lisera votre client\u00e8le.<\/p>","protected":false},"excerpt":{"rendered":"<p>Qu'est-ce que l'\u00e9tui Saimeo Humo iPhone 15 Pro 30k 30000 port a de sp\u00e9cial ? Si vous en avez assez de mettre<\/p>","protected":false},"featured_media":22089,"comment_status":"open","ping_status":"closed","template":"","meta":[],"product_brand":[1663],"product_cat":[124,185,189,1637,174,191,1666,179,173,186,180,190],"product_tag":[],"class_list":{"0":"post-23827","1":"product","2":"type-product","3":"status-publish","4":"has-post-thumbnail","6":"product_brand-saimeo","7":"product_cat-vape-by-brand","8":"product_cat-10000-puffs-high-capacity","9":"product_cat-20mg-standard-nicotine-vapes","10":"product_cat-30000-puffs","11":"product_cat-fruit-flavors","12":"product_cat-rechargeable-disposables","13":"product_cat-saimeo","14":"product_cat-unique-blends","15":"product_cat-vape-by-flavor-profile","16":"product_cat-vape-by-nicotine-strength","17":"product_cat-vape-by-puff-count","18":"product_cat-vape-by-feature-or-type","20":"first","21":"instock","22":"shipping-taxable","23":"purchasable","24":"product-type-variable","25":"has-default-attributes"},"tiered_pricing_type":"percentage","tiered_pricing_fixed_rules":[],"tiered_pricing_product_settings":{"layout":"default","base_unit_name":{"singular":null,"plural":null},"default_variation":null},"tiered_pricing_minimum_quantity":10,"tiered_pricing_roles_data":[],"tiered_pricing_percentage_rules":{"30":"29","50":"35","100":"40","200":"44","500":"47","1000":"49"},"tiered_pricing_maximum_quantity":null,"tiered_pricing_quantity_step":"10","_links":{"self":[{"href":"https:\/\/agoravape.com\/fr\/wp-json\/wp\/v2\/product\/23827","targetHints":{"allow":["GET"]}}],"collection":[{"href":"https:\/\/agoravape.com\/fr\/wp-json\/wp\/v2\/product"}],"about":[{"href":"https:\/\/agoravape.com\/fr\/wp-json\/wp\/v2\/types\/product"}],"replies":[{"embeddable":true,"href":"https:\/\/agoravape.com\/fr\/wp-json\/wp\/v2\/comments?post=23827"}],"version-history":[{"count":0,"href":"https:\/\/agoravape.com\/fr\/wp-json\/wp\/v2\/product\/23827\/revisions"}],"wp:featuredmedia":[{"embeddable":true,"href":"https:\/\/agoravape.com\/fr\/wp-json\/wp\/v2\/media\/22089"}],"wp:attachment":[{"href":"https:\/\/agoravape.com\/fr\/wp-json\/wp\/v2\/media?parent=23827"}],"wp:term":[{"taxonomy":"product_brand","embeddable":true,"href":"https:\/\/agoravape.com\/fr\/wp-json\/wp\/v2\/product_brand?post=23827"},{"taxonomy":"product_cat","embeddable":true,"href":"https:\/\/agoravape.com\/fr\/wp-json\/wp\/v2\/product_cat?post=23827"},{"taxonomy":"product_tag","embeddable":true,"href":"https:\/\/agoravape.com\/fr\/wp-json\/wp\/v2\/product_tag?post=23827"}],"curies":[{"name":"wp","href":"https:\/\/api.w.org\/{rel}","templated":true}]}}