{"id":23840,"date":"2026-01-25T14:47:58","date_gmt":"2026-01-25T06:47:58","guid":{"rendered":"https:\/\/agoravape.com\/?post_type=product&#038;p=23840"},"modified":"2026-03-26T13:22:25","modified_gmt":"2026-03-26T12:22:25","slug":"saimeo-humo-case-iphone-14-30000-puffs","status":"publish","type":"product","link":"https:\/\/agoravape.com\/fr\/product\/saimeo-humo-case-iphone-14-30000-puffs\/","title":{"rendered":"\u00c9tui Saimeo Humo pour iPhone 14 Pro 30k (30\u00a0000 bouff\u00e9es) | Protection du t\u00e9l\u00e9phone + cigarette \u00e9lectronique rechargeable, en toute simplicit\u00e9"},"content":{"rendered":"<h2 data-v-md-heading=\"what-s-special-about-the-saimeo-humo-iphone-14-pro-case-30k-30000-ports\" data-v-md-line=\"3\">Qu'est-ce qui rend la coque Saimeo Humo pour iPhone 14 Pro si sp\u00e9ciale, avec ses ports 30k\/30000 ?<\/h2>\n<p data-v-md-line=\"5\">Si vous en avez assez de ranger votre t\u00e9l\u00e9phone et votre cigarette \u00e9lectronique dans deux poches s\u00e9par\u00e9es, la coque Saimeo Humo est faite pour vous. Cette coque pour iPhone 14 Pro int\u00e8gre une cigarette \u00e9lectronique jetable. Son utilisation est aussi simple qu'avec une coque classique\u00a0: il suffit de la clipser sur le t\u00e9l\u00e9phone et d'inhaler directement quand vous le souhaitez. Aucun bouton \u00e0 manipuler, aucune manipulation compliqu\u00e9e.<\/p>\n<p data-v-md-line=\"7\">On pourrait croire qu'avec une capacit\u00e9 de 30\u00a0000 ports, la coque serait lourde, mais son concept repose justement sur la praticit\u00e9. Elle est con\u00e7ue pour les utilisateurs qui recherchent la simplicit\u00e9 et la facilit\u00e9 d'utilisation, et qui ne souhaitent pas changer d'appareil constamment.<\/p>\n<h2 data-v-md-heading=\"excellent-performance-and-easy-operation\" data-v-md-line=\"9\">Excellentes performances et facilit\u00e9 d'utilisation<\/h2>\n<p data-v-md-line=\"11\">Le concept du Saimeo est tr\u00e8s simple\u00a0: une inhalation suffit pour l\u2019activer et l\u2019ouvrir instantan\u00e9ment. Lorsque la batterie est faible, elle se recharge via l\u2019interface USB-C, vous permettant ainsi de continuer \u00e0 utiliser votre e-liquide et d\u2019\u00e9viter tout gaspillage. De plus, sa conception robuste, comparable \u00e0 celle des coques de t\u00e9l\u00e9phone professionnelles, lui a permis de r\u00e9sister \u00e0 une chute de dix \u00e9tages\u00a0; il ne s\u2019agit donc pas d\u2019un simple gadget \u00e0 fixer \u00e0 l\u2019arri\u00e8re d\u2019un iPhone.<\/p>\n<h2 data-v-md-heading=\"quick-specifications\" data-v-md-line=\"13\">Sp\u00e9cifications rapides<\/h2>\n<ul data-v-md-line=\"14\">\n<li>Nombre de ports : jusqu'\u00e0 30 000 ports<\/li>\n<li>Capacit\u00e9 du r\u00e9servoir d'e-liquide : 13 millilitres<\/li>\n<li>Capacit\u00e9 de la batterie : 680 mAh<\/li>\n<li>Teneur en nicotine : 5 %<\/li>\n<li>Utilisation : Inhaler pour activer<\/li>\n<li>Interface de charge : interface Type-C<\/li>\n<li>Dimensions de l'\u00e9quipement : 75,8 \u00d7 21,92 \u00d7 166,66 millim\u00e8tres<\/li>\n<li>R\u00e9sistance aux chutes : Test\u00e9 pour r\u00e9sister \u00e0 une chute de 10 \u00e9tages<\/li>\n<li>Pr\u00eat \u00e0 l'emploi d\u00e8s la sortie de la bo\u00eete :<\/li>\n<\/ul>\n<h2 data-v-md-heading=\"complete-flavor-lineup\" data-v-md-line=\"24\">Gamme compl\u00e8te de saveurs<\/h2>\n<ul data-v-md-line=\"25\">\n<li>Glace \u00e0 la past\u00e8que<\/li>\n<li>Glace aux myrtilles<\/li>\n<li>Monnaie de Miami<\/li>\n<li>Glace \u00e0 la pomme verte<\/li>\n<li>Trio de baies<\/li>\n<\/ul>\n<h2 data-v-md-heading=\"suitable-for-you-and-your-business\" data-v-md-line=\"31\">Adapt\u00e9 \u00e0 vous et \u00e0 votre entreprise<\/h2>\n<p data-v-md-line=\"33\">Si vous recherchez une coque \u00e0 la fois ludique et pratique, la Saimeo Humo iPhone 14 Pro 30k est faite pour vous. Pour les d\u00e9taillants, cette coque est \u00e9galement facile \u00e0 stocker et \u00e0 transporter\u00a0: conditionn\u00e9e par 5, elle peut \u00eatre conditionn\u00e9e dans un carton de 100 pi\u00e8ces (dimensions du carton\u00a0: 47,8 \u00d7 32,4 \u00d7 41,5\u00a0cm, poids du carton\u00a0: 15,59\u00a0kg).<\/p>\n<p data-v-md-line=\"35\">Si vous effectuez un achat en Europe, la fiabilit\u00e9 de la livraison est primordiale. C'est pourquoi nous privil\u00e9gions la collaboration avec des transporteurs de confiance afin de vous proposer des options de livraison claires et de vous \u00e9viter toute mauvaise surprise.<\/p>\n<h2 data-v-md-heading=\"the-reason-why-you-will-like-it\" data-v-md-line=\"37\">La raison pour laquelle vous allez l'aimer<\/h2>\n<ul data-v-md-line=\"38\">\n<li>Durable et r\u00e9sistant : Durable et r\u00e9sistant, sans n\u00e9cessiter de remplacement fr\u00e9quent.<\/li>\n<li>Rechargeable : La conception de chargement de type C vous permet d'utiliser facilement tout le e-liquide.<\/li>\n<li>Activation par inhalation : sans boutons, sans apprentissage requis, simple et pratique.<\/li>\n<li>V\u00e9ritable \u00e9tui de protection : con\u00e7u sp\u00e9cifiquement pour prot\u00e9ger votre t\u00e9l\u00e9phone, et pas seulement pour contenir des cigarettes \u00e9lectroniques.<\/li>\n<li>Un large choix de saveurs : une gamme de saveurs simples et famili\u00e8res, faciles \u00e0 vendre et \u00e0 acheter.<\/li>\n<\/ul>\n<h2 data-v-md-heading=\"why-choose-to-collaborate-with-agoravape\" data-v-md-line=\"44\">Pourquoi choisir de collaborer avec AgoraVape ?<\/h2>\n<p data-v-md-line=\"46\">Chez AgoraVape, nous respectons nos principes fondamentaux\u00a0: garantie d\u2019authenticit\u00e9 \u00e0 100\u00a0%, r\u00e9ponses transparentes \u00e0 vos questions et garantie d\u2019approvisionnement fiable pour nos clients europ\u00e9ens. Pour les entreprises, cela se traduit par des solutions de gros tr\u00e8s comp\u00e9titives, un service client r\u00e9actif et des options de livraison flexibles, pour une organisation simplifi\u00e9e. Vous souhaitez acheter des coques Saimeo Humo pour iPhone 14 Pro\u00a0? Contactez-nous et nous vous proposerons une offre personnalis\u00e9e.<\/p>","protected":false},"excerpt":{"rendered":"<p>Quelle est la particularit\u00e9 de l'\u00e9tui Saimeo Humo iPhone 14 Pro, 30k\/30000 ports ? Si vous en avez assez d'avoir votre t\u00e9l\u00e9phone et vos<\/p>","protected":false},"featured_media":22105,"comment_status":"open","ping_status":"closed","template":"","meta":[],"product_brand":[1663],"product_cat":[124,185,189,1637,174,191,1666,179,173,186,180,190],"product_tag":[],"class_list":{"0":"post-23840","1":"product","2":"type-product","3":"status-publish","4":"has-post-thumbnail","6":"product_brand-saimeo","7":"product_cat-vape-by-brand","8":"product_cat-10000-puffs-high-capacity","9":"product_cat-20mg-standard-nicotine-vapes","10":"product_cat-30000-puffs","11":"product_cat-fruit-flavors","12":"product_cat-rechargeable-disposables","13":"product_cat-saimeo","14":"product_cat-unique-blends","15":"product_cat-vape-by-flavor-profile","16":"product_cat-vape-by-nicotine-strength","17":"product_cat-vape-by-puff-count","18":"product_cat-vape-by-feature-or-type","20":"first","21":"instock","22":"shipping-taxable","23":"purchasable","24":"product-type-variable","25":"has-default-attributes"},"tiered_pricing_type":"percentage","tiered_pricing_fixed_rules":[],"tiered_pricing_product_settings":{"layout":"default","base_unit_name":{"singular":null,"plural":null},"default_variation":null},"tiered_pricing_minimum_quantity":10,"tiered_pricing_roles_data":[],"tiered_pricing_percentage_rules":{"30":"29","50":"35","100":"40","200":"44","500":"47","1000":"49"},"tiered_pricing_maximum_quantity":null,"tiered_pricing_quantity_step":"10","_links":{"self":[{"href":"https:\/\/agoravape.com\/fr\/wp-json\/wp\/v2\/product\/23840","targetHints":{"allow":["GET"]}}],"collection":[{"href":"https:\/\/agoravape.com\/fr\/wp-json\/wp\/v2\/product"}],"about":[{"href":"https:\/\/agoravape.com\/fr\/wp-json\/wp\/v2\/types\/product"}],"replies":[{"embeddable":true,"href":"https:\/\/agoravape.com\/fr\/wp-json\/wp\/v2\/comments?post=23840"}],"version-history":[{"count":0,"href":"https:\/\/agoravape.com\/fr\/wp-json\/wp\/v2\/product\/23840\/revisions"}],"wp:featuredmedia":[{"embeddable":true,"href":"https:\/\/agoravape.com\/fr\/wp-json\/wp\/v2\/media\/22105"}],"wp:attachment":[{"href":"https:\/\/agoravape.com\/fr\/wp-json\/wp\/v2\/media?parent=23840"}],"wp:term":[{"taxonomy":"product_brand","embeddable":true,"href":"https:\/\/agoravape.com\/fr\/wp-json\/wp\/v2\/product_brand?post=23840"},{"taxonomy":"product_cat","embeddable":true,"href":"https:\/\/agoravape.com\/fr\/wp-json\/wp\/v2\/product_cat?post=23840"},{"taxonomy":"product_tag","embeddable":true,"href":"https:\/\/agoravape.com\/fr\/wp-json\/wp\/v2\/product_tag?post=23840"}],"curies":[{"name":"wp","href":"https:\/\/api.w.org\/{rel}","templated":true}]}}