{"id":23885,"date":"2026-01-25T19:18:23","date_gmt":"2026-01-25T11:18:23","guid":{"rendered":"https:\/\/agoravape.com\/?post_type=product&#038;p=23885"},"modified":"2026-03-26T13:22:39","modified_gmt":"2026-03-26T12:22:39","slug":"bang-blaze-60k-60000-puffs","status":"publish","type":"product","link":"https:\/\/agoravape.com\/fr\/product\/bang-blaze-60k-60000-puffs\/","title":{"rendered":"Bang Blaze 60k 60000 bouff\u00e9es Vape 4 en 1 | Quatre saveurs \u00e0 disposition, un seul appareil longue dur\u00e9e"},"content":{"rendered":"<h2 data-v-md-heading=\"what-is-the-special-feature-of-bang-blaze-60k-60000-mouth-4-in-1-flavor-vape\" data-v-md-line=\"3\"><img loading=\"lazy\" decoding=\"async\" class=\"aligncenter size-full wp-image-23904\" src=\"https:\/\/agoravape.com\/wp-content\/uploads\/2026\/01\/Bang-Blaze-60k-60000-Puffs-4in1-Flavor-Vape-Four-Flavours-On-Tap-One-Device-That-Lasts_Agora_vape-13-scaled.webp\" alt=\"\" width=\"2560\" height=\"1280\" srcset=\"https:\/\/agoravape.com\/wp-content\/uploads\/2026\/01\/Bang-Blaze-60k-60000-Puffs-4in1-Flavor-Vape-Four-Flavours-On-Tap-One-Device-That-Lasts_Agora_vape-13-scaled.webp 2560w, https:\/\/agoravape.com\/wp-content\/uploads\/2026\/01\/Bang-Blaze-60k-60000-Puffs-4in1-Flavor-Vape-Four-Flavours-On-Tap-One-Device-That-Lasts_Agora_vape-13-scaled-1200x600.webp 1200w, https:\/\/agoravape.com\/wp-content\/uploads\/2026\/01\/Bang-Blaze-60k-60000-Puffs-4in1-Flavor-Vape-Four-Flavours-On-Tap-One-Device-That-Lasts_Agora_vape-13-300x150.webp 300w, https:\/\/agoravape.com\/wp-content\/uploads\/2026\/01\/Bang-Blaze-60k-60000-Puffs-4in1-Flavor-Vape-Four-Flavours-On-Tap-One-Device-That-Lasts_Agora_vape-13-1024x512.webp 1024w, https:\/\/agoravape.com\/wp-content\/uploads\/2026\/01\/Bang-Blaze-60k-60000-Puffs-4in1-Flavor-Vape-Four-Flavours-On-Tap-One-Device-That-Lasts_Agora_vape-13-768x384.webp 768w, https:\/\/agoravape.com\/wp-content\/uploads\/2026\/01\/Bang-Blaze-60k-60000-Puffs-4in1-Flavor-Vape-Four-Flavours-On-Tap-One-Device-That-Lasts_Agora_vape-13-1536x768.webp 1536w, https:\/\/agoravape.com\/wp-content\/uploads\/2026\/01\/Bang-Blaze-60k-60000-Puffs-4in1-Flavor-Vape-Four-Flavours-On-Tap-One-Device-That-Lasts_Agora_vape-13-2048x1024.webp 2048w, https:\/\/agoravape.com\/wp-content\/uploads\/2026\/01\/Bang-Blaze-60k-60000-Puffs-4in1-Flavor-Vape-Four-Flavours-On-Tap-One-Device-That-Lasts_Agora_vape-13-18x9.webp 18w\" sizes=\"auto, (max-width: 2560px) 100vw, 2560px\" \/><\/h2>\n<h2 data-v-md-heading=\"what-is-the-special-feature-of-bang-blaze-60k-60000-mouth-4-in-1-flavor-vape\" data-v-md-line=\"3\">Quelle est la particularit\u00e9 du vaporisateur Bang Blaze 60K 60000 \u00e0 saveur 4 en 1 ?<\/h2>\n<p data-v-md-line=\"5\">Si vous en avez assez des cigarettes \u00e9lectroniques jetables qui ne durent qu'une journ\u00e9e et perdent rapidement leur saveur, alors ce produit est fait pour vous. La Bang Blaze 60K offre jusqu'\u00e0 60\u00a0000\u00a0heures d'autonomie et (nous soulignons) propose quatre saveurs diff\u00e9rentes, vous permettant de varier les plaisirs \u00e0 tout moment.<\/p>\n<p data-v-md-line=\"7\">Vous pourriez penser qu'une cigarette \u00e9lectronique avec autant de bouff\u00e9es serait aussi lourde qu'une brique, mais elle est bien plus l\u00e9g\u00e8re que vous ne l'imaginez. Elle est con\u00e7ue pour les utilisateurs qui souhaitent savourer de d\u00e9licieuses vapeurs pendant longtemps, sans r\u00e9glages compliqu\u00e9s. Prenez-la, prenez une gorg\u00e9e et poursuivez votre journ\u00e9e.<\/p>\n<h2 data-v-md-heading=\"excellent-performance-and-easy-operation\" data-v-md-line=\"9\">Excellentes performances et facilit\u00e9 d'utilisation<\/h2>\n<p data-v-md-line=\"11\">Bang utilise des r\u00e9sistances mesh de 1,0 \u03a9 pour une restitution des saveurs plus stable et une puissance constante. Sa batterie de 650 mAh est compatible avec la charge rapide USB-C. Lorsque la batterie est faible, il suffit d'utiliser le m\u00eame c\u00e2ble de donn\u00e9es que pour votre t\u00e9l\u00e9phone. Plus besoin de manipulations complexes ni de chercher un chargeur sp\u00e9cifique.<\/p>\n<h2 data-v-md-heading=\"quick-specifications\" data-v-md-line=\"13\">Sp\u00e9cifications rapides<\/h2>\n<ul data-v-md-line=\"14\">\n<li>Fr\u00e9quence de tabagisme : jusqu'\u00e0 60 000<\/li>\n<li>Capacit\u00e9 du r\u00e9servoir d'e-liquide : 56 millilitres<\/li>\n<li>Battery: 650mAh (rechargeable)<\/li>\n<li>Noyau d'atomisation : noyau d'atomisation en maille de 1,0 \u03a9<\/li>\n<li>Utilisation : Inhaler pour activer<\/li>\n<li>M\u00e9thode de chargement\u00a0: interface USB Type-C<\/li>\n<li>\u00c9tat : Pr\u00eat \u00e0 l'emploi d\u00e8s la sortie de l'emballage<\/li>\n<li>Saveurs incluses dans chaque appareil\u00a0: combinaison de 4 saveurs en 1<\/li>\n<\/ul>\n<h2 data-v-md-heading=\"complete-flavor-lineup\" data-v-md-line=\"23\">Gamme compl\u00e8te de saveurs<\/h2>\n<p data-v-md-line=\"25\">Chaque appareil contient 4 combinaisons de saveurs. Voici les saveurs disponibles\u00a0:<\/p>\n<ul data-v-md-line=\"26\">\n<li>Glace \u00e0 la past\u00e8que\/Menthe myrtille\/Glace Fuji\/Romance au citron vert<\/li>\n<li>Glace \u00e0 la past\u00e8que\/Myrtille-cerise\/\u00c9t\u00e9\/Mangue-ananas acidul\u00e9e<\/li>\n<li>Glace \u00e0 la myrtille\/Glace \u00e0 la p\u00eache\/Sucre arc-en-ciel\/Citron orange<\/li>\n<li>Glace aux myrtilles\/P\u00eache, mangue et past\u00e8que\/Baiser passionn\u00e9\/Melon miel<\/li>\n<li>Myrtilles, framboises, baies m\u00e9lang\u00e9es, cerises de Californie, mangues fruit\u00e9es de la passion<\/li>\n<li>Myrtilles, framboises, glace au raisin, glace aux fruits rouges, alo\u00e8s, mangue, melon miel<\/li>\n<li>Boissons \u00e9nergisantes \/ fraises, bananes, mangues, p\u00eaches, abricots, fruits de la passion, kiwis, citron vert<\/li>\n<li>Boisson \u00e9nergisante \/ Myrtille past\u00e8que \/ Pomme verte framboise \/ Bonbons g\u00e9lifi\u00e9s oursons<\/li>\n<li>Fraise Mangue\/Pamplemousse Bubblegum Past\u00e8que\/Mojito Rouge\/Love66<\/li>\n<li>Mangue-fraise\/Kiwi-fraise\/Pomme-raisin\/Past\u00e8que-fruit du dragon<\/li>\n<li>Fraise Past\u00e8que\/Glace Noire\/Treize Melons\/Raisins Canneberge<\/li>\n<li>Fraise past\u00e8que\/kiwi fruit de la passion goyave\/mangue glac\u00e9e\/past\u00e8que p\u00eache acidul\u00e9e<\/li>\n<\/ul>\n<h2 data-v-md-heading=\"suitable-for-you-and-your-business\" data-v-md-line=\"39\">Adapt\u00e9 \u00e0 vous et \u00e0 votre entreprise<\/h2>\n<ul data-v-md-line=\"40\">\n<li>Le Bang Blaze 60k 4-en-1 est une cigarette \u00e9lectronique jetable simple et facile \u00e0 utiliser. Que ce soit pour un magasin physique ou une boutique en ligne, c'est le choix id\u00e9al pour les clients qui recherchent une exp\u00e9rience intense sans pour autant utiliser la m\u00eame saveur pendant plusieurs semaines d'affil\u00e9e.<\/li>\n<\/ul>\n<p data-v-md-line=\"42\">Besoin d'une livraison sans encombre en Europe\u00a0? Nous pouvons vous aider \u00e0 choisir le mode de transport le plus adapt\u00e9 pour que tout se d\u00e9roule sans accroc et pour \u00e9viter les probl\u00e8mes de douane et les co\u00fbts impr\u00e9vus.<\/p>\n<h2 data-v-md-heading=\"the-reason-why-you-will-like-it\" data-v-md-line=\"44\">La raison pour laquelle vous allez l'aimer<\/h2>\n<ul data-v-md-line=\"45\">\n<li>Autonomie de batterie ultra longue : Durable et r\u00e9sistante, elle r\u00e9duit le nombre de remplacements et permet de gagner du temps et de l'\u00e9nergie.<\/li>\n<li>Quatre saveurs en une : changez de saveur \u00e0 volont\u00e9 sans avoir besoin d'acheter quatre appareils.<\/li>\n<li>Recharge de type C\u00a0: vous permet de tirer le meilleur parti du e-liquide que vous achetez.<\/li>\n<li>Noyau d'atomiseur en mesh : Garantit un go\u00fbt constant de la premi\u00e8re \u00e0 la derni\u00e8re bouch\u00e9e.<\/li>\n<\/ul>\n<h2 data-v-md-heading=\"why-choose-to-collaborate-with-agoravape\" data-v-md-line=\"50\">Pourquoi choisir de collaborer avec AgoraVape ?<\/h2>\n<p data-v-md-line=\"52\">AgoraVape privil\u00e9gie l'authenticit\u00e9 de ses stocks et des informations produits claires et pratiques, plut\u00f4t que la publicit\u00e9 mensong\u00e8re. Pour les entreprises clientes, cela se traduit par un approvisionnement fiable, un service client attentif et une livraison rapide des cigarettes \u00e9lectroniques Bang Blaze 60k 60000 (quatre saveurs en une). Vous souhaitez conna\u00eetre nos tarifs de gros et la disponibilit\u00e9 de nos produits\u00a0? N'h\u00e9sitez pas \u00e0 nous contacter, nous serons ravis de vous renseigner.<\/p>\n<p><script src=\"chrome-extension:\/\/fpelahbljekknahkcaegamhcndkfpfnc\/iFrame.js\" type=\"text\/javascript\"><\/script><\/p>","protected":false},"excerpt":{"rendered":"<p>&nbsp;<\/p>\n<p><script src=\"chrome-extension:\/\/fpelahbljekknahkcaegamhcndkfpfnc\/iFrame.js\" type=\"text\/javascript\"><\/script><\/p>","protected":false},"featured_media":23903,"comment_status":"open","ping_status":"closed","template":"","meta":[],"product_brand":[197],"product_cat":[124,187,188,189,1642,123,1674,174,193,191,179,173,186,180,190,192],"product_tag":[],"class_list":{"0":"post-23885","1":"product","2":"type-product","3":"status-publish","4":"has-post-thumbnail","6":"product_brand-bang","7":"product_cat-vape-by-brand","8":"product_cat-0mg-nicotine-free-vapes","9":"product_cat-10mg-low-nicotine-vapes","10":"product_cat-20mg-standard-nicotine-vapes","11":"product_cat-60000-puffs","12":"product_cat-bang","13":"product_cat-eu-warehouse","14":"product_cat-fruit-flavors","15":"product_cat-mesh-coil","16":"product_cat-rechargeable-disposables","17":"product_cat-unique-blends","18":"product_cat-vape-by-flavor-profile","19":"product_cat-vape-by-nicotine-strength","20":"product_cat-vape-by-puff-count","21":"product_cat-vape-by-feature-or-type","22":"product_cat-vapes-with-screens","24":"first","25":"instock","26":"shipping-taxable","27":"purchasable","28":"product-type-variable","29":"has-default-attributes"},"tiered_pricing_type":"percentage","tiered_pricing_fixed_rules":[],"tiered_pricing_product_settings":{"layout":"default","base_unit_name":{"singular":null,"plural":null},"default_variation":null},"tiered_pricing_minimum_quantity":10,"tiered_pricing_roles_data":[],"tiered_pricing_percentage_rules":{"30":"10","50":"18","100":"26","200":"33","500":"38","1000":"44"},"tiered_pricing_maximum_quantity":null,"tiered_pricing_quantity_step":"10","_links":{"self":[{"href":"https:\/\/agoravape.com\/fr\/wp-json\/wp\/v2\/product\/23885","targetHints":{"allow":["GET"]}}],"collection":[{"href":"https:\/\/agoravape.com\/fr\/wp-json\/wp\/v2\/product"}],"about":[{"href":"https:\/\/agoravape.com\/fr\/wp-json\/wp\/v2\/types\/product"}],"replies":[{"embeddable":true,"href":"https:\/\/agoravape.com\/fr\/wp-json\/wp\/v2\/comments?post=23885"}],"version-history":[{"count":0,"href":"https:\/\/agoravape.com\/fr\/wp-json\/wp\/v2\/product\/23885\/revisions"}],"wp:featuredmedia":[{"embeddable":true,"href":"https:\/\/agoravape.com\/fr\/wp-json\/wp\/v2\/media\/23903"}],"wp:attachment":[{"href":"https:\/\/agoravape.com\/fr\/wp-json\/wp\/v2\/media?parent=23885"}],"wp:term":[{"taxonomy":"product_brand","embeddable":true,"href":"https:\/\/agoravape.com\/fr\/wp-json\/wp\/v2\/product_brand?post=23885"},{"taxonomy":"product_cat","embeddable":true,"href":"https:\/\/agoravape.com\/fr\/wp-json\/wp\/v2\/product_cat?post=23885"},{"taxonomy":"product_tag","embeddable":true,"href":"https:\/\/agoravape.com\/fr\/wp-json\/wp\/v2\/product_tag?post=23885"}],"curies":[{"name":"wp","href":"https:\/\/api.w.org\/{rel}","templated":true}]}}