{"id":23919,"date":"2026-01-25T22:09:54","date_gmt":"2026-01-25T14:09:54","guid":{"rendered":"https:\/\/agoravape.com\/?post_type=product&#038;p=23919"},"modified":"2026-01-27T00:39:22","modified_gmt":"2026-01-26T16:39:22","slug":"bang-blaze-60k-dsk051-60000-puffs","status":"publish","type":"product","link":"https:\/\/agoravape.com\/fr\/product\/bang-blaze-60k-dsk051-60000-puffs\/","title":{"rendered":"Bang Blaze 60k\u00a0: Vape haute puissance (60\u00a0000 bouff\u00e9es) | Grande autonomie, utilisation quotidienne simple"},"content":{"rendered":"<h2 data-v-md-heading=\"what-are-the-special-features-of-bang-blaze-60k-60000-mouth-dsk051-high-power-vape\" data-v-md-line=\"3\"><img loading=\"lazy\" decoding=\"async\" class=\"size-full wp-image-23943 alignright\" src=\"https:\/\/agoravape.com\/wp-content\/uploads\/2026\/01\/Bang-Blaze-60k-60000-Puffs-High-Power-Vape-Big-Puff-Count-Simple-Daily-Use_Agora_vape-11-scaled.webp\" alt=\"\" width=\"1280\" height=\"2560\" srcset=\"https:\/\/agoravape.com\/wp-content\/uploads\/2026\/01\/Bang-Blaze-60k-60000-Puffs-High-Power-Vape-Big-Puff-Count-Simple-Daily-Use_Agora_vape-11-scaled.webp 1280w, https:\/\/agoravape.com\/wp-content\/uploads\/2026\/01\/Bang-Blaze-60k-60000-Puffs-High-Power-Vape-Big-Puff-Count-Simple-Daily-Use_Agora_vape-11-scaled-1200x2400.webp 1200w, https:\/\/agoravape.com\/wp-content\/uploads\/2026\/01\/Bang-Blaze-60k-60000-Puffs-High-Power-Vape-Big-Puff-Count-Simple-Daily-Use_Agora_vape-11-150x300.webp 150w, https:\/\/agoravape.com\/wp-content\/uploads\/2026\/01\/Bang-Blaze-60k-60000-Puffs-High-Power-Vape-Big-Puff-Count-Simple-Daily-Use_Agora_vape-11-512x1024.webp 512w, https:\/\/agoravape.com\/wp-content\/uploads\/2026\/01\/Bang-Blaze-60k-60000-Puffs-High-Power-Vape-Big-Puff-Count-Simple-Daily-Use_Agora_vape-11-768x1536.webp 768w, https:\/\/agoravape.com\/wp-content\/uploads\/2026\/01\/Bang-Blaze-60k-60000-Puffs-High-Power-Vape-Big-Puff-Count-Simple-Daily-Use_Agora_vape-11-1024x2048.webp 1024w, https:\/\/agoravape.com\/wp-content\/uploads\/2026\/01\/Bang-Blaze-60k-60000-Puffs-High-Power-Vape-Big-Puff-Count-Simple-Daily-Use_Agora_vape-11-6x12.webp 6w\" sizes=\"auto, (max-width: 1280px) 100vw, 1280px\" \/><\/h2>\n<h2 data-v-md-heading=\"what-are-the-special-features-of-bang-blaze-60k-60000-mouth-dsk051-high-power-vape\" data-v-md-line=\"3\">Quelles sont les caract\u00e9ristiques sp\u00e9ciales du vaporisateur haute puissance Bang Blaze 60k 60000 (DSK051)\u00a0?<\/h2>\n<p data-v-md-line=\"5\">Si vous en avez assez des cigarettes \u00e9lectroniques jetables qui offrent une forte intensit\u00e9 au d\u00e9marrage mais s'essoufflent rapidement, la Bang Blaze 60k vous propose une exp\u00e9rience totalement diff\u00e9rente. Cette cigarette \u00e9lectronique jetable rechargeable de grande capacit\u00e9 est con\u00e7ue pour les utilisateurs qui recherchent une saveur stable et durable, sans pour autant transformer le vapotage en une simple passion.<\/p>\n<p data-v-md-line=\"7\">Vous pourriez avoir l'impression qu'une cigarette \u00e9lectronique d'une capacit\u00e9 de 60\u00a0000 bouff\u00e9es est aussi lourde qu'une brique dans votre poche. Pourtant, une fois en main, son poids est bien plus l\u00e9ger qu'il n'y para\u00eet. Et si vous ne souhaitez pas changer la cartouche tous les deux jours, alors cette cigarette \u00e9lectronique est sans aucun doute le choix id\u00e9al.<\/p>\n<h2 data-v-md-heading=\"excellent-performance-and-easy-operation\" data-v-md-line=\"9\">Excellentes performances et facilit\u00e9 d'utilisation<\/h2>\n<p data-v-md-line=\"11\">Cette cigarette \u00e9lectronique est \u00e9quip\u00e9e d'une r\u00e9sistance mesh de 0,6 \u03a9, assurant une chauffe uniforme. Concr\u00e8tement, cela se traduit par une saveur constante, de la premi\u00e8re \u00e0 la derni\u00e8re bouff\u00e9e, sans go\u00fbt de br\u00fbl\u00e9 ni fadeur, contrairement \u00e0 certaines cigarettes \u00e9lectroniques jetables de grande taille. Lorsque la batterie est faible, elle se recharge via l'interface USB-C, vous permettant ainsi d'utiliser votre c\u00e2ble de donn\u00e9es habituel pour recharger la plupart des smartphones modernes.<\/p>\n<h2 data-v-md-heading=\"quick-specifications\" data-v-md-line=\"13\">Sp\u00e9cifications rapides<\/h2>\n<ul data-v-md-line=\"14\">\n<li>Fr\u00e9quence de tabagisme : jusqu'\u00e0 60 000<\/li>\n<li>Capacit\u00e9 du r\u00e9servoir d'e-liquide : 40 ml<\/li>\n<li>Batterie : 1000 mAh (rechargeable)<\/li>\n<li>Noyau d'atomisation : noyau d'atomisation en maille de 0,6 \u03a9<\/li>\n<li>Utilisation : Inhaler pour activer<\/li>\n<li>Interface de charge : interface Type-C<\/li>\n<li>Pr\u00eat \u00e0 l'emploi d\u00e8s la sortie de la bo\u00eete :<\/li>\n<li>OEM\/ODM\u00a0: Assistance (applicable aux commandes commerciales\/personnalis\u00e9es)<\/li>\n<\/ul>\n<h2 data-v-md-heading=\"complete-flavor-lineup\" data-v-md-line=\"23\">Gamme compl\u00e8te de saveurs<\/h2>\n<ul data-v-md-line=\"24\">\n<li>Menthe fra\u00eeche<\/li>\n<li>bi\u00e8re brune<\/li>\n<li>Double Pomme<\/li>\n<li>Menthe cerise<\/li>\n<li>fraise kiwi<\/li>\n<li>Taomang Watermelon<\/li>\n<li>Past\u00e8que, fraise, melon<\/li>\n<li>Myrtilles et framboises<\/li>\n<li>baies m\u00e9lang\u00e9es<\/li>\n<li>Fruit de la passion<\/li>\n<li>Red Bull britannique<\/li>\n<li>Bloody Mary<\/li>\n<li>Strawberry watermelon<\/li>\n<li>Past\u00e8que<\/li>\n<\/ul>\n<h2 data-v-md-heading=\"tailored-for-you-and-your-business\" data-v-md-line=\"39\">Con\u00e7u sur mesure pour vous et votre entreprise<\/h2>\n<p data-v-md-line=\"41\">Vous pouvez acheter directement le Bang Blaze 60k, un produit simple et facile \u00e0 utiliser, pr\u00eat \u00e0 l'emploi. Si vous achetez pour un magasin ou si vous vendez r\u00e9guli\u00e8rement en gros, c'est \u00e9galement un choix id\u00e9al pour fid\u00e9liser votre client\u00e8le, qui appr\u00e9ciera imm\u00e9diatement sa forte aspiration et sa batterie rechargeable.<\/p>\n<p data-v-md-line=\"43\">Pour les commandes B2B, nous utilisons un conditionnement de 100 unit\u00e9s par carton (soit le poids de 10 unit\u00e9s) afin de faciliter la gestion de vos stocks. Nous collaborons avec des partenaires logistiques fiables tels que UPS, DPD et DHL et proposons autant que possible des options de livraison DDP avantageuses apr\u00e8s paiement des taxes, vous \u00e9vitant ainsi tout souci de douane.<\/p>\n<h2 data-v-md-heading=\"the-reason-why-you-will-like-it\" data-v-md-line=\"45\">La raison pour laquelle vous allez l'aimer<\/h2>\n<ul data-v-md-line=\"46\">\n<li>Capacit\u00e9 d'aspiration ultra longue dur\u00e9e\u00a0: autonomie prolong\u00e9e de la batterie, pas besoin de remplacement fr\u00e9quent.<\/li>\n<li>Batterie rechargeable : vous permet d'utiliser tout le e-liquide que vous avez achet\u00e9.<\/li>\n<li>R\u00e9sistance mesh : Maintient un go\u00fbt stable et \u00e9vite la sensation de \u00ab diminution du go\u00fbt \u00bb.<\/li>\n<li>Inhalation simple : sans boutons ni r\u00e9glages, profitez-en imm\u00e9diatement.<\/li>\n<\/ul>\n<h2 data-v-md-heading=\"why-choose-to-collaborate-with-agoravape\" data-v-md-line=\"51\">Pourquoi choisir de collaborer avec AgoraVape ?<\/h2>\n<p data-v-md-line=\"53\">AgoraVape se concentre sur l'essentiel\u00a0: la garantie d'authenticit\u00e9 des produits, des sp\u00e9cifications claires et une logistique fiable dans toute l'Europe. Si vous \u00eates un acheteur professionnel, nous vous proposons des solutions de vente en gros fiables, un support technique r\u00e9actif et une livraison rapide pour les vaporisateurs haute puissance Bang Blaze 60k 60000 (DSK051). Ce produit se vend facilement car il r\u00e9pond \u00e0 un besoin simple\u00a0: la durabilit\u00e9.<\/p>\n<p><script src=\"chrome-extension:\/\/fpelahbljekknahkcaegamhcndkfpfnc\/iFrame.js\" type=\"text\/javascript\"><\/script><\/p>\n<p><script src=\"chrome-extension:\/\/fpelahbljekknahkcaegamhcndkfpfnc\/iFrame.js\" type=\"text\/javascript\"><\/script><\/p>","protected":false},"excerpt":{"rendered":"<p>&nbsp;<\/p>\n<p><script src=\"chrome-extension:\/\/fpelahbljekknahkcaegamhcndkfpfnc\/iFrame.js\" type=\"text\/javascript\"><\/script><\/p>\n<p><script src=\"chrome-extension:\/\/fpelahbljekknahkcaegamhcndkfpfnc\/iFrame.js\" type=\"text\/javascript\"><\/script><\/p>","protected":false},"featured_media":23942,"comment_status":"open","ping_status":"closed","template":"","meta":[],"product_brand":[197],"product_cat":[124,187,188,189,1642,123,174,193,191,179,173,186,180,190,192],"product_tag":[],"class_list":{"0":"post-23919","1":"product","2":"type-product","3":"status-publish","4":"has-post-thumbnail","6":"product_brand-bang","7":"product_cat-vape-by-brand","8":"product_cat-0mg-nicotine-free-vapes","9":"product_cat-10mg-low-nicotine-vapes","10":"product_cat-20mg-standard-nicotine-vapes","11":"product_cat-60000-puffs","12":"product_cat-bang","13":"product_cat-fruit-flavors","14":"product_cat-mesh-coil","15":"product_cat-rechargeable-disposables","16":"product_cat-unique-blends","17":"product_cat-vape-by-flavor-profile","18":"product_cat-vape-by-nicotine-strength","19":"product_cat-vape-by-puff-count","20":"product_cat-vape-by-feature-or-type","21":"product_cat-vapes-with-screens","23":"first","24":"instock","25":"shipping-taxable","26":"purchasable","27":"product-type-variable","28":"has-default-attributes"},"tiered_pricing_type":"percentage","tiered_pricing_fixed_rules":[],"tiered_pricing_product_settings":{"layout":"default","base_unit_name":{"singular":null,"plural":null},"default_variation":null},"tiered_pricing_minimum_quantity":10,"tiered_pricing_roles_data":[],"tiered_pricing_percentage_rules":{"30":"11","50":"18","100":"25","200":"30","500":"34","1000":"44"},"tiered_pricing_maximum_quantity":null,"tiered_pricing_quantity_step":"10","_links":{"self":[{"href":"https:\/\/agoravape.com\/fr\/wp-json\/wp\/v2\/product\/23919","targetHints":{"allow":["GET"]}}],"collection":[{"href":"https:\/\/agoravape.com\/fr\/wp-json\/wp\/v2\/product"}],"about":[{"href":"https:\/\/agoravape.com\/fr\/wp-json\/wp\/v2\/types\/product"}],"replies":[{"embeddable":true,"href":"https:\/\/agoravape.com\/fr\/wp-json\/wp\/v2\/comments?post=23919"}],"version-history":[{"count":0,"href":"https:\/\/agoravape.com\/fr\/wp-json\/wp\/v2\/product\/23919\/revisions"}],"wp:featuredmedia":[{"embeddable":true,"href":"https:\/\/agoravape.com\/fr\/wp-json\/wp\/v2\/media\/23942"}],"wp:attachment":[{"href":"https:\/\/agoravape.com\/fr\/wp-json\/wp\/v2\/media?parent=23919"}],"wp:term":[{"taxonomy":"product_brand","embeddable":true,"href":"https:\/\/agoravape.com\/fr\/wp-json\/wp\/v2\/product_brand?post=23919"},{"taxonomy":"product_cat","embeddable":true,"href":"https:\/\/agoravape.com\/fr\/wp-json\/wp\/v2\/product_cat?post=23919"},{"taxonomy":"product_tag","embeddable":true,"href":"https:\/\/agoravape.com\/fr\/wp-json\/wp\/v2\/product_tag?post=23919"}],"curies":[{"name":"wp","href":"https:\/\/api.w.org\/{rel}","templated":true}]}}