{"id":24125,"date":"2026-01-26T15:50:06","date_gmt":"2026-01-26T07:50:06","guid":{"rendered":"https:\/\/agoravape.com\/?post_type=product&#038;p=24125"},"modified":"2026-02-22T15:14:21","modified_gmt":"2026-02-22T14:14:21","slug":"bang-leader-20k-20000-puffs","status":"publish","type":"product","link":"https:\/\/agoravape.com\/fr\/product\/bang-leader-20k-20000-puffs\/","title":{"rendered":"Bang Leader 20000 bouff\u00e9es Vape jetable double mesh"},"content":{"rendered":"<p data-v-md-line=\"4\"><img loading=\"lazy\" decoding=\"async\" class=\"aligncenter size-full wp-image-24144\" src=\"https:\/\/agoravape.com\/wp-content\/uploads\/2026\/01\/Bang-Leader-20000-Puffs-Disposable-Vape-Dual-Mesh_Agora_vape-6.webp\" alt=\"\" width=\"1920\" height=\"1279\" srcset=\"https:\/\/agoravape.com\/wp-content\/uploads\/2026\/01\/Bang-Leader-20000-Puffs-Disposable-Vape-Dual-Mesh_Agora_vape-6.webp 1920w, https:\/\/agoravape.com\/wp-content\/uploads\/2026\/01\/Bang-Leader-20000-Puffs-Disposable-Vape-Dual-Mesh_Agora_vape-6-1200x799.webp 1200w, https:\/\/agoravape.com\/wp-content\/uploads\/2026\/01\/Bang-Leader-20000-Puffs-Disposable-Vape-Dual-Mesh_Agora_vape-6-300x200.webp 300w, https:\/\/agoravape.com\/wp-content\/uploads\/2026\/01\/Bang-Leader-20000-Puffs-Disposable-Vape-Dual-Mesh_Agora_vape-6-1024x682.webp 1024w, https:\/\/agoravape.com\/wp-content\/uploads\/2026\/01\/Bang-Leader-20000-Puffs-Disposable-Vape-Dual-Mesh_Agora_vape-6-768x512.webp 768w, https:\/\/agoravape.com\/wp-content\/uploads\/2026\/01\/Bang-Leader-20000-Puffs-Disposable-Vape-Dual-Mesh_Agora_vape-6-1536x1023.webp 1536w, https:\/\/agoravape.com\/wp-content\/uploads\/2026\/01\/Bang-Leader-20000-Puffs-Disposable-Vape-Dual-Mesh_Agora_vape-6-18x12.webp 18w\" sizes=\"auto, (max-width: 1920px) 100vw, 1920px\" \/> <img loading=\"lazy\" decoding=\"async\" class=\"aligncenter size-full wp-image-24142\" src=\"https:\/\/agoravape.com\/wp-content\/uploads\/2026\/01\/Bang-Leader-20000-Puffs-Disposable-Vape-Dual-Mesh_Agora_vape-4.webp\" alt=\"\" width=\"1200\" height=\"674\" srcset=\"https:\/\/agoravape.com\/wp-content\/uploads\/2026\/01\/Bang-Leader-20000-Puffs-Disposable-Vape-Dual-Mesh_Agora_vape-4.webp 1200w, https:\/\/agoravape.com\/wp-content\/uploads\/2026\/01\/Bang-Leader-20000-Puffs-Disposable-Vape-Dual-Mesh_Agora_vape-4-300x169.webp 300w, https:\/\/agoravape.com\/wp-content\/uploads\/2026\/01\/Bang-Leader-20000-Puffs-Disposable-Vape-Dual-Mesh_Agora_vape-4-1024x575.webp 1024w, https:\/\/agoravape.com\/wp-content\/uploads\/2026\/01\/Bang-Leader-20000-Puffs-Disposable-Vape-Dual-Mesh_Agora_vape-4-768x431.webp 768w, https:\/\/agoravape.com\/wp-content\/uploads\/2026\/01\/Bang-Leader-20000-Puffs-Disposable-Vape-Dual-Mesh_Agora_vape-4-18x10.webp 18w\" sizes=\"auto, (max-width: 1200px) 100vw, 1200px\" \/> <img loading=\"lazy\" decoding=\"async\" class=\"aligncenter size-full wp-image-24141\" src=\"https:\/\/agoravape.com\/wp-content\/uploads\/2026\/01\/Bang-Leader-20000-Puffs-Disposable-Vape-Dual-Mesh_Agora_vape-3.webp\" alt=\"\" width=\"2275\" height=\"1279\" srcset=\"https:\/\/agoravape.com\/wp-content\/uploads\/2026\/01\/Bang-Leader-20000-Puffs-Disposable-Vape-Dual-Mesh_Agora_vape-3.webp 2275w, https:\/\/agoravape.com\/wp-content\/uploads\/2026\/01\/Bang-Leader-20000-Puffs-Disposable-Vape-Dual-Mesh_Agora_vape-3-1200x675.webp 1200w, https:\/\/agoravape.com\/wp-content\/uploads\/2026\/01\/Bang-Leader-20000-Puffs-Disposable-Vape-Dual-Mesh_Agora_vape-3-300x169.webp 300w, https:\/\/agoravape.com\/wp-content\/uploads\/2026\/01\/Bang-Leader-20000-Puffs-Disposable-Vape-Dual-Mesh_Agora_vape-3-1024x576.webp 1024w, https:\/\/agoravape.com\/wp-content\/uploads\/2026\/01\/Bang-Leader-20000-Puffs-Disposable-Vape-Dual-Mesh_Agora_vape-3-768x432.webp 768w, https:\/\/agoravape.com\/wp-content\/uploads\/2026\/01\/Bang-Leader-20000-Puffs-Disposable-Vape-Dual-Mesh_Agora_vape-3-1536x864.webp 1536w, https:\/\/agoravape.com\/wp-content\/uploads\/2026\/01\/Bang-Leader-20000-Puffs-Disposable-Vape-Dual-Mesh_Agora_vape-3-2048x1151.webp 2048w, https:\/\/agoravape.com\/wp-content\/uploads\/2026\/01\/Bang-Leader-20000-Puffs-Disposable-Vape-Dual-Mesh_Agora_vape-3-18x10.webp 18w\" sizes=\"auto, (max-width: 2275px) 100vw, 2275px\" \/> <img loading=\"lazy\" decoding=\"async\" class=\"aligncenter size-full wp-image-24140\" src=\"https:\/\/agoravape.com\/wp-content\/uploads\/2026\/01\/Bang-Leader-20000-Puffs-Disposable-Vape-Dual-Mesh_Agora_vape-2.webp\" alt=\"\" width=\"1920\" height=\"1080\" srcset=\"https:\/\/agoravape.com\/wp-content\/uploads\/2026\/01\/Bang-Leader-20000-Puffs-Disposable-Vape-Dual-Mesh_Agora_vape-2.webp 1920w, https:\/\/agoravape.com\/wp-content\/uploads\/2026\/01\/Bang-Leader-20000-Puffs-Disposable-Vape-Dual-Mesh_Agora_vape-2-1200x675.webp 1200w, https:\/\/agoravape.com\/wp-content\/uploads\/2026\/01\/Bang-Leader-20000-Puffs-Disposable-Vape-Dual-Mesh_Agora_vape-2-300x169.webp 300w, https:\/\/agoravape.com\/wp-content\/uploads\/2026\/01\/Bang-Leader-20000-Puffs-Disposable-Vape-Dual-Mesh_Agora_vape-2-1024x576.webp 1024w, https:\/\/agoravape.com\/wp-content\/uploads\/2026\/01\/Bang-Leader-20000-Puffs-Disposable-Vape-Dual-Mesh_Agora_vape-2-768x432.webp 768w, https:\/\/agoravape.com\/wp-content\/uploads\/2026\/01\/Bang-Leader-20000-Puffs-Disposable-Vape-Dual-Mesh_Agora_vape-2-1536x864.webp 1536w, https:\/\/agoravape.com\/wp-content\/uploads\/2026\/01\/Bang-Leader-20000-Puffs-Disposable-Vape-Dual-Mesh_Agora_vape-2-18x10.webp 18w\" sizes=\"auto, (max-width: 1920px) 100vw, 1920px\" \/> <img loading=\"lazy\" decoding=\"async\" class=\"aligncenter size-full wp-image-24139\" src=\"https:\/\/agoravape.com\/wp-content\/uploads\/2026\/01\/Bang-Leader-20000-Puffs-Disposable-Vape-Dual-Mesh_Agora_vape-1.webp\" alt=\"\" width=\"1920\" height=\"1080\" srcset=\"https:\/\/agoravape.com\/wp-content\/uploads\/2026\/01\/Bang-Leader-20000-Puffs-Disposable-Vape-Dual-Mesh_Agora_vape-1.webp 1920w, https:\/\/agoravape.com\/wp-content\/uploads\/2026\/01\/Bang-Leader-20000-Puffs-Disposable-Vape-Dual-Mesh_Agora_vape-1-1200x675.webp 1200w, https:\/\/agoravape.com\/wp-content\/uploads\/2026\/01\/Bang-Leader-20000-Puffs-Disposable-Vape-Dual-Mesh_Agora_vape-1-300x169.webp 300w, https:\/\/agoravape.com\/wp-content\/uploads\/2026\/01\/Bang-Leader-20000-Puffs-Disposable-Vape-Dual-Mesh_Agora_vape-1-1024x576.webp 1024w, https:\/\/agoravape.com\/wp-content\/uploads\/2026\/01\/Bang-Leader-20000-Puffs-Disposable-Vape-Dual-Mesh_Agora_vape-1-768x432.webp 768w, https:\/\/agoravape.com\/wp-content\/uploads\/2026\/01\/Bang-Leader-20000-Puffs-Disposable-Vape-Dual-Mesh_Agora_vape-1-1536x864.webp 1536w, https:\/\/agoravape.com\/wp-content\/uploads\/2026\/01\/Bang-Leader-20000-Puffs-Disposable-Vape-Dual-Mesh_Agora_vape-1-18x10.webp 18w\" sizes=\"auto, (max-width: 1920px) 100vw, 1920px\" \/><\/p>\n<p data-v-md-line=\"4\">La cigarette \u00e9lectronique jetable Bang Leader 20000, championne des poids lourds, est une exclusivit\u00e9 AgoraVape qui vous offre une exp\u00e9rience de vapotage optimale. Con\u00e7ue sp\u00e9cialement pour les vapoteurs recherchant une cigarette \u00e9lectronique durable sans compromis sur le go\u00fbt, elle est dot\u00e9e d'un r\u00e9servoir de 28 ml d'e-liquide offrant jusqu'\u00e0 20\u00a0000 bouff\u00e9es pour une satisfaction garantie.<\/p>\n<p data-v-md-line=\"6\">Le Bang Leader arbore un design saisissant \u00e0 motif tigre et int\u00e8gre une technologie de r\u00e9sistance double mesh avanc\u00e9e pour une vapeur toujours aussi fra\u00eeche et intense. Que vous soyez un d\u00e9taillant \u00e0 la recherche du prochain produit phare ou un vapoteur passionn\u00e9 en qu\u00eate d'un appareil durable, le Bang Leader 20K est le choix id\u00e9al.<\/p>\n<h2 data-v-md-heading=\"why-choose-bang-leader-20k\" data-v-md-line=\"8\">Pourquoi choisir Bang Leader 20K ?<\/h2>\n<p data-v-md-line=\"10\">\ud83d\ude80 Autonomie de batterie ultra longue<\/p>\n<p data-v-md-line=\"12\">Dites adieu aux d\u00e9sagr\u00e9ments li\u00e9s au remplacement fr\u00e9quent de votre appareil. Cette cigarette \u00e9lectronique offre une autonomie exceptionnelle de 20\u00a0000 bouff\u00e9es et un r\u00e9servoir d'e-liquide de grande capacit\u00e9 (28\u00a0ml), pour une utilisation de plusieurs semaines au lieu de quelques jours.<\/p>\n<p data-v-md-line=\"14\">\ud83d\udd25 Technologie de bobine \u00e0 double maille<\/p>\n<p data-v-md-line=\"16\">Le Bang Leader est \u00e9quip\u00e9 de r\u00e9sistances \u00e0 double mesh de 1,0 \u03a9 con\u00e7ues avec pr\u00e9cision, qui produisent une fum\u00e9e riche et douce et lib\u00e8rent pleinement la saveur riche et authentique de chaque fruit.<\/p>\n<p data-v-md-line=\"18\">\u26a1 Longue autonomie de la batterie<\/p>\n<p data-v-md-line=\"20\">Dot\u00e9 d'une puissante batterie de 13400\/650 mAh et d'une interface de charge de type C, ce produit offre une charge rapide et vous permet de profiter de votre e-liquide jusqu'\u00e0 la derni\u00e8re goutte.<\/p>\n<p data-v-md-line=\"22\">\ud83d\udce6 Livraison rapide en UE (3-4 jours ouvrables)<\/p>\n<p data-v-md-line=\"24\">Vous n'avez pas \u00e0 subir de longs d\u00e9lais de transport ni des proc\u00e9dures de d\u00e9douanement complexes pour une livraison depuis la Chine. AgoraVape exp\u00e9die directement depuis notre entrep\u00f4t europ\u00e9en.<\/p>\n<ul data-v-md-line=\"25\">\n<li>\n<p data-v-md-line=\"25\">Aucun probl\u00e8me de douane\u00a0: les droits de douane ont \u00e9t\u00e9 int\u00e9gralement pay\u00e9s et la marchandise peut \u00eatre exp\u00e9di\u00e9e \u00e0 tout moment.<\/p>\n<\/li>\n<li>\n<p data-v-md-line=\"27\">Rapidit\u00e9 : En Europe, il ne faut que 3 \u00e0 4 jours ouvrables pour recevoir votre commande.<\/p>\n<\/li>\n<\/ul>\n<h2 data-v-md-heading=\"technical-specifications\" data-v-md-line=\"30\">Sp\u00e9cifications techniques<\/h2>\n<ul data-v-md-line=\"31\">\n<li>Nombre de bouches : Environ 20 000<\/li>\n<li>Capacit\u00e9 du r\u00e9servoir d'e-liquide : 28 ml<\/li>\n<li>Capacit\u00e9 de la batterie : 650 mAh (rechargeable)<\/li>\n<li>Interface de charge : interface Type-C<\/li>\n<li>Noyau d'atomisation : noyau d'atomisation \u00e0 double grille de 1,0 \u03a9<\/li>\n<li>Poids : 90 g par pi\u00e8ce<\/li>\n<li>Design : Bo\u00eete d'emballage \u00e9l\u00e9gante et compacte \u00e0 motif tigre<\/li>\n<\/ul>\n<h2 data-v-md-heading=\"optional-flavors\" data-v-md-line=\"40\">Ar\u00f4mes optionnels<\/h2>\n<p data-v-md-line=\"42\">12 saveurs de haute qualit\u00e9 soigneusement \u00e9labor\u00e9es pour stimuler vos papilles :<\/p>\n<p data-v-md-line=\"44\">une \ud83c\udf53\ud83e\udd5d Fraise-kiwi \u2013 un \u00e9quilibre parfait entre le sucr\u00e9 et l'acidul\u00e9, un m\u00e9lange id\u00e9al.<\/p>\n<p data-v-md-line=\"46\">Deux \ud83c\udf49\ud83e\uddca Glace \u00e0 la past\u00e8que \u2013 Une ambiance estivale rafra\u00eechissante et agr\u00e9able.<\/p>\n<p data-v-md-line=\"48\">trois \ud83c\udf53\ud83e\uddca Glace \u00e0 la fraise \u2013 Croquante et douce saveur classique de fraise.<\/p>\n<p data-v-md-line=\"50\">quatre \ud83e\udd6d\ud83c\udf51 Mangue P\u00eache \u2013 La saveur riche des fruits tropicaux est surprenante.<\/p>\n<p data-v-md-line=\"52\">cinq \ud83e\uded0\ud83c\udf47 Myrtilles et framboises \u2013 un riche m\u00e9lange de saveurs de baies et de fruits.<\/p>\n<p data-v-md-line=\"54\">six \ud83e\uded0\ud83c\udf43 Myrtille menthe \u2013 Des baies sucr\u00e9es accompagn\u00e9es d'un arri\u00e8re-go\u00fbt de menthe rafra\u00eechissant.<\/p>\n<p data-v-md-line=\"56\">Sept \ud83e\udd57\ud83c\udf47 Fruits Assortis \u2013 Un m\u00e9lange parfait de diff\u00e9rents fruits que vous aimez.<\/p>\n<p data-v-md-line=\"58\">huit \ud83c\udf53\ud83c\udf49 Fraise past\u00e8que \u2013 une saveur classique que tout le monde adore.<\/p>\n<p data-v-md-line=\"60\">neuf \ud83c\udf47\ud83e\uddca Smoothie au raisin \u2013 La riche saveur du raisin apporte un go\u00fbt rafra\u00eechissant.<\/p>\n<p data-v-md-line=\"62\">dix \ud83c\udf6c\ud83c\udf49 Chewing-gum \u00e0 la past\u00e8que \u2013 Un bonbon nostalgique au go\u00fbt sucr\u00e9.<\/p>\n<p data-v-md-line=\"64\">onze \ud83e\uded0\ud83e\uddca Glace aux myrtilles \u2013 Une riche saveur de myrtille pour un go\u00fbt rafra\u00eechissant.<\/p>\n<p data-v-md-line=\"66\">douze \ud83c\udf51\ud83e\uddca Glace \u00e0 la p\u00eache \u2013 une p\u00eache juteuse qui apporte une sensation rafra\u00eechissante.<\/p>\n<h2 data-v-md-heading=\"wholesale-and-bulk-orders\" data-v-md-line=\"70\">commandes en gros et en vrac<\/h2>\n<p data-v-md-line=\"72\">AgoraVape est votre partenaire de confiance en Europe pour les cigarettes \u00e9lectroniques jetables.<\/p>\n<ul data-v-md-line=\"73\">\n<li>\n<p data-v-md-line=\"73\">Sp\u00e9cifications d'emballage\u00a0: 200 pi\u00e8ces\/bo\u00eete<\/p>\n<\/li>\n<li>\n<p data-v-md-line=\"75\">Poids : 18 kilogrammes<\/p>\n<\/li>\n<\/ul>\n<p><script src=\"chrome-extension:\/\/fpelahbljekknahkcaegamhcndkfpfnc\/iFrame.js\" type=\"text\/javascript\"><\/script><\/p>\n<p><script src=\"chrome-extension:\/\/fpelahbljekknahkcaegamhcndkfpfnc\/iFrame.js\" type=\"text\/javascript\"><\/script><\/p>","protected":false},"excerpt":{"rendered":"<p>&nbsp;<\/p>\n<p><script src=\"chrome-extension:\/\/fpelahbljekknahkcaegamhcndkfpfnc\/iFrame.js\" type=\"text\/javascript\"><\/script><\/p>\n<p><script src=\"chrome-extension:\/\/fpelahbljekknahkcaegamhcndkfpfnc\/iFrame.js\" type=\"text\/javascript\"><\/script><\/p>\n<p><script src=\"chrome-extension:\/\/fpelahbljekknahkcaegamhcndkfpfnc\/iFrame.js\" type=\"text\/javascript\"><\/script><\/p>","protected":false},"featured_media":24143,"comment_status":"open","ping_status":"closed","template":"","meta":[],"product_brand":[197],"product_cat":[124,187,188,1636,189,123,1674,174,175,193,191,179,173,186,180,190],"product_tag":[],"class_list":{"0":"post-24125","1":"product","2":"type-product","3":"status-publish","4":"has-post-thumbnail","6":"product_brand-bang","7":"product_cat-vape-by-brand","8":"product_cat-0mg-nicotine-free-vapes","9":"product_cat-10mg-low-nicotine-vapes","10":"product_cat-20000-puffs","11":"product_cat-20mg-standard-nicotine-vapes","12":"product_cat-bang","13":"product_cat-eu-warehouse","14":"product_cat-fruit-flavors","15":"product_cat-icy-mint","16":"product_cat-mesh-coil","17":"product_cat-rechargeable-disposables","18":"product_cat-unique-blends","19":"product_cat-vape-by-flavor-profile","20":"product_cat-vape-by-nicotine-strength","21":"product_cat-vape-by-puff-count","22":"product_cat-vape-by-feature-or-type","24":"first","25":"instock","26":"shipping-taxable","27":"purchasable","28":"product-type-variable","29":"has-default-attributes"},"tiered_pricing_type":"percentage","tiered_pricing_fixed_rules":[],"tiered_pricing_product_settings":{"layout":"default","base_unit_name":{"singular":null,"plural":null},"default_variation":null},"tiered_pricing_minimum_quantity":10,"tiered_pricing_roles_data":[],"tiered_pricing_percentage_rules":{"30":"11","50":"18","100":"26","200":"30","500":"35","1000":"44"},"tiered_pricing_maximum_quantity":null,"tiered_pricing_quantity_step":"10","_links":{"self":[{"href":"https:\/\/agoravape.com\/fr\/wp-json\/wp\/v2\/product\/24125","targetHints":{"allow":["GET"]}}],"collection":[{"href":"https:\/\/agoravape.com\/fr\/wp-json\/wp\/v2\/product"}],"about":[{"href":"https:\/\/agoravape.com\/fr\/wp-json\/wp\/v2\/types\/product"}],"replies":[{"embeddable":true,"href":"https:\/\/agoravape.com\/fr\/wp-json\/wp\/v2\/comments?post=24125"}],"version-history":[{"count":0,"href":"https:\/\/agoravape.com\/fr\/wp-json\/wp\/v2\/product\/24125\/revisions"}],"wp:featuredmedia":[{"embeddable":true,"href":"https:\/\/agoravape.com\/fr\/wp-json\/wp\/v2\/media\/24143"}],"wp:attachment":[{"href":"https:\/\/agoravape.com\/fr\/wp-json\/wp\/v2\/media?parent=24125"}],"wp:term":[{"taxonomy":"product_brand","embeddable":true,"href":"https:\/\/agoravape.com\/fr\/wp-json\/wp\/v2\/product_brand?post=24125"},{"taxonomy":"product_cat","embeddable":true,"href":"https:\/\/agoravape.com\/fr\/wp-json\/wp\/v2\/product_cat?post=24125"},{"taxonomy":"product_tag","embeddable":true,"href":"https:\/\/agoravape.com\/fr\/wp-json\/wp\/v2\/product_tag?post=24125"}],"curies":[{"name":"wp","href":"https:\/\/api.w.org\/{rel}","templated":true}]}}