{"id":24148,"date":"2026-01-26T16:15:32","date_gmt":"2026-01-26T08:15:32","guid":{"rendered":"https:\/\/agoravape.com\/?post_type=product&#038;p=24148"},"modified":"2026-03-31T04:20:21","modified_gmt":"2026-03-31T02:20:21","slug":"bang-leader-30k-2in1-30000-puffs","status":"publish","type":"product","link":"https:\/\/agoravape.com\/fr\/product\/bang-leader-30k-2in1-30000-puffs\/","title":{"rendered":"Bang Leader 30k 30000 bouff\u00e9es Vape double saveur | Deux saveurs, un seul appareil, moins de tracas"},"content":{"rendered":"<h2 data-v-md-heading=\"what-s-special-about-bang-leader-30k-30000-dual-flavored-vapes\" data-v-md-line=\"3\"><img loading=\"lazy\" decoding=\"async\" class=\"aligncenter size-full wp-image-24170\" src=\"https:\/\/agoravape.com\/wp-content\/uploads\/2026\/01\/Bang-Leader-30k-30000-Puffs-Dual-Flavor-Vape-Two-Flavours-One-Device-Less-Hassle_Agora_vape-9-scaled.webp\" alt=\"\" width=\"2560\" height=\"1444\" srcset=\"https:\/\/agoravape.com\/wp-content\/uploads\/2026\/01\/Bang-Leader-30k-30000-Puffs-Dual-Flavor-Vape-Two-Flavours-One-Device-Less-Hassle_Agora_vape-9-scaled.webp 2560w, https:\/\/agoravape.com\/wp-content\/uploads\/2026\/01\/Bang-Leader-30k-30000-Puffs-Dual-Flavor-Vape-Two-Flavours-One-Device-Less-Hassle_Agora_vape-9-scaled-1200x677.webp 1200w, https:\/\/agoravape.com\/wp-content\/uploads\/2026\/01\/Bang-Leader-30k-30000-Puffs-Dual-Flavor-Vape-Two-Flavours-One-Device-Less-Hassle_Agora_vape-9-300x169.webp 300w, https:\/\/agoravape.com\/wp-content\/uploads\/2026\/01\/Bang-Leader-30k-30000-Puffs-Dual-Flavor-Vape-Two-Flavours-One-Device-Less-Hassle_Agora_vape-9-1024x577.webp 1024w, https:\/\/agoravape.com\/wp-content\/uploads\/2026\/01\/Bang-Leader-30k-30000-Puffs-Dual-Flavor-Vape-Two-Flavours-One-Device-Less-Hassle_Agora_vape-9-768x433.webp 768w, https:\/\/agoravape.com\/wp-content\/uploads\/2026\/01\/Bang-Leader-30k-30000-Puffs-Dual-Flavor-Vape-Two-Flavours-One-Device-Less-Hassle_Agora_vape-9-1536x866.webp 1536w, https:\/\/agoravape.com\/wp-content\/uploads\/2026\/01\/Bang-Leader-30k-30000-Puffs-Dual-Flavor-Vape-Two-Flavours-One-Device-Less-Hassle_Agora_vape-9-2048x1155.webp 2048w, https:\/\/agoravape.com\/wp-content\/uploads\/2026\/01\/Bang-Leader-30k-30000-Puffs-Dual-Flavor-Vape-Two-Flavours-One-Device-Less-Hassle_Agora_vape-9-18x10.webp 18w\" sizes=\"auto, (max-width: 2560px) 100vw, 2560px\" \/> <img loading=\"lazy\" decoding=\"async\" class=\"aligncenter size-full wp-image-24163\" src=\"https:\/\/agoravape.com\/wp-content\/uploads\/2026\/01\/Bang-Leader-30k-30000-Puffs-Dual-Flavor-Vape-Two-Flavours-One-Device-Less-Hassle_Agora_vape-2.webp\" alt=\"\" width=\"1920\" height=\"899\" srcset=\"https:\/\/agoravape.com\/wp-content\/uploads\/2026\/01\/Bang-Leader-30k-30000-Puffs-Dual-Flavor-Vape-Two-Flavours-One-Device-Less-Hassle_Agora_vape-2.webp 1920w, https:\/\/agoravape.com\/wp-content\/uploads\/2026\/01\/Bang-Leader-30k-30000-Puffs-Dual-Flavor-Vape-Two-Flavours-One-Device-Less-Hassle_Agora_vape-2-1200x562.webp 1200w, https:\/\/agoravape.com\/wp-content\/uploads\/2026\/01\/Bang-Leader-30k-30000-Puffs-Dual-Flavor-Vape-Two-Flavours-One-Device-Less-Hassle_Agora_vape-2-300x140.webp 300w, https:\/\/agoravape.com\/wp-content\/uploads\/2026\/01\/Bang-Leader-30k-30000-Puffs-Dual-Flavor-Vape-Two-Flavours-One-Device-Less-Hassle_Agora_vape-2-1024x479.webp 1024w, https:\/\/agoravape.com\/wp-content\/uploads\/2026\/01\/Bang-Leader-30k-30000-Puffs-Dual-Flavor-Vape-Two-Flavours-One-Device-Less-Hassle_Agora_vape-2-768x360.webp 768w, https:\/\/agoravape.com\/wp-content\/uploads\/2026\/01\/Bang-Leader-30k-30000-Puffs-Dual-Flavor-Vape-Two-Flavours-One-Device-Less-Hassle_Agora_vape-2-1536x719.webp 1536w, https:\/\/agoravape.com\/wp-content\/uploads\/2026\/01\/Bang-Leader-30k-30000-Puffs-Dual-Flavor-Vape-Two-Flavours-One-Device-Less-Hassle_Agora_vape-2-18x8.webp 18w\" sizes=\"auto, (max-width: 1920px) 100vw, 1920px\" \/><\/h2>\n<h2 data-v-md-heading=\"what-s-special-about-bang-leader-30k-30000-dual-flavored-vapes\" data-v-md-line=\"3\">Qu'est-ce qui rend les cigarettes \u00e9lectroniques Bang Leader 30K 30000 \u00e0 double saveur si sp\u00e9ciales ?<\/h2>\n<p data-v-md-line=\"5\">Si vous en avez assez des cigarettes \u00e9lectroniques jetables qui ne durent qu'une journ\u00e9e et perdent leur fra\u00eecheur (ou qui ne durent tout simplement pas), la Bang Leader 30K est la solution id\u00e9ale. Son autonomie atteint 30\u00a0000 utilisations et elle propose deux saveurs avec un seul appareil. Si vous aimez varier les saveurs sans vous encombrer d'un appareil suppl\u00e9mentaire, c'est le choix parfait.<\/p>\n<p data-v-md-line=\"7\">Vous pouvez penser qu'avoir une vape d'une telle capacit\u00e9 dans votre poche serait aussi lourd qu'une brique. Mais pour une vape jetable de grande capacit\u00e9, son poids est \u00e9tonnamment l\u00e9ger, et la conception \u00e0 double ar\u00f4me peut garder vos papilles fra\u00eeches pendant l'exp\u00e9rience.<\/p>\n<h2 data-v-md-heading=\"excellent-performance-and-easy-operation\" data-v-md-line=\"9\">Excellentes performances et facilit\u00e9 d'utilisation<\/h2>\n<p data-v-md-line=\"11\">Le concept de la Bang est simple\u00a0: sa r\u00e9sistance mesh de 1,0\u00a0\u03a9 assure une saveur stable et pr\u00e9vient la d\u00e9gradation pr\u00e9matur\u00e9e\u00a0; sa batterie se recharge via le port USB-C. C'est le fil id\u00e9al pour un usage quotidien. Tout est sous contr\u00f4le.<\/p>\n<h2 data-v-md-heading=\"quick-specifications\" data-v-md-line=\"13\">Sp\u00e9cifications rapides<\/h2>\n<ul data-v-md-line=\"14\">\n<li>Fr\u00e9quence de consommation : jusqu'\u00e0 30 000 bouff\u00e9es<\/li>\n<li>Teneur en nicotine\u00a0: non clairement indiqu\u00e9e dans les donn\u00e9es du produit (veuillez nous consulter pour conna\u00eetre les options actuellement disponibles dans l\u2019UE).<\/li>\n<li>Utilisation : Il suffit d'inhaler pour activer<\/li>\n<li>M\u00e9thode de chargement\u00a0: interface USB Type-C<\/li>\n<li>Capacit\u00e9 de la batterie : 650 mAh<\/li>\n<li>Noyau d'atomisation : noyau d'atomisation en maille de 1,0 \u03a9<\/li>\n<li>Poids du produit : 118 grammes<\/li>\n<li>\u00c9tat du produit : Pr\u00eat \u00e0 l'emploi d\u00e8s le d\u00e9ballage<\/li>\n<\/ul>\n<h2 data-v-md-heading=\"complete-flavor-lineup\" data-v-md-line=\"23\">Gamme compl\u00e8te de saveurs<\/h2>\n<ul data-v-md-line=\"1\">\n<li>Glace \u00e0 la past\u00e8que, menthe aux myrtilles<\/li>\n<li>Glace \u00e0 la past\u00e8que, fraise et mangue<\/li>\n<li>Fraise et past\u00e8que, kiwi, fruit de la passion, goyave<\/li>\n<li>Glace \u00e0 la fraise et \u00e0 la past\u00e8que, au raisin<\/li>\n<li>Myrtille Framboise, P\u00eache Mangue Past\u00e8que<\/li>\n<li>Myrtilles et framboises, fruits moisis m\u00e9lang\u00e9s<\/li>\n<li>Glace aux myrtilles, Glace du dragon noir<\/li>\n<li>Glace aux myrtilles, fraise et banane<\/li>\n<li>Red Bull, Myrtille Past\u00e8que<\/li>\n<li>Red Bull, bonbons p\u00e9tillants \u00e0 la past\u00e8que<\/li>\n<li>Fraise-kiwi, glace \u00e0 la p\u00eache<\/li>\n<li>Fraise-kiwi, pomme verte-framboise<\/li>\n<\/ul>\n<h2 data-v-md-heading=\"tailored-for-you-and-your-business\" data-v-md-line=\"37\">Con\u00e7u sur mesure pour vous et votre entreprise<\/h2>\n<p data-v-md-line=\"39\">Vous pouvez acheter le Bang Leader 30K pour un usage individuel. Si vous g\u00e9rez un magasin ou achetez pour une \u00e9quipe, nous proposons \u00e9galement un conditionnement en gros de 200 unit\u00e9s par bo\u00eete (dimensions de l'emballage\u00a0: 65 \u00d7 31 \u00d7 26\u00a0cm, environ 23\u00a0kg).<\/p>\n<p data-v-md-line=\"41\">En mati\u00e8re de logistique, nous privil\u00e9gions une livraison fluide au sein de l'UE et collaborons avec des partenaires fiables tels que UPS, DPD et DHL afin d'\u00e9viter tout impr\u00e9vu au niveau des douanes. Si vous souhaitez un transport avec TVA acquitt\u00e9e (DDP), veuillez nous contacter\u00a0; nous vous recommanderons l'itin\u00e9raire le plus adapt\u00e9 \u00e0 votre pays ou r\u00e9gion.<\/p>\n<h2 data-v-md-heading=\"the-reason-why-you-will-like-it\" data-v-md-line=\"43\">La raison pour laquelle vous allez l'aimer<\/h2>\n<ul data-v-md-line=\"44\">\n<li>Durable et r\u00e9sistant : gr\u00e2ce \u00e0 sa longue dur\u00e9e de vie, il n'est pas n\u00e9cessaire de le remplacer fr\u00e9quemment.<\/li>\n<li>Double r\u00e9glage des saveurs\u00a0: vous pouvez changer de saveur sans ouvrir un nouvel appareil.<\/li>\n<li>Rechargeable : Permet d'utiliser pleinement l'appareil et d'\u00e9viter une mise au rebut pr\u00e9matur\u00e9e.<\/li>\n<li>R\u00e9sistance mesh : Garantit un go\u00fbt constant du d\u00e9but \u00e0 la fin.<\/li>\n<\/ul>\n<h2 data-v-md-heading=\"why-choose-agoravape\" data-v-md-line=\"49\">Pourquoi choisir AgoraVape ?<\/h2>\n<p data-v-md-line=\"51\">Nous ne vendons jamais de produits d'origine inconnue. AgoraVape propose des produits authentiques, un service fiable, des prix comp\u00e9titifs et une livraison rapide exclusive dans toute l'UE, aussi bien pour les particuliers que pour les grossistes. Vous souhaitez acheter des cigarettes \u00e9lectroniques Bang Leader 30k 30000 \u00e0 double saveur\u00a0? N'h\u00e9sitez pas \u00e0 nous contacter\u00a0; nous vous proposerons la solution la plus adapt\u00e9e \u00e0 votre march\u00e9.<\/p>","protected":false},"excerpt":{"rendered":"<p>&nbsp;<\/p>","protected":false},"featured_media":24175,"comment_status":"open","ping_status":"closed","template":"","meta":[],"product_brand":[197],"product_cat":[124,187,188,189,1637,123,195,174,175,193,191,179,173,186,180,190,192],"product_tag":[],"class_list":{"0":"post-24148","1":"product","2":"type-product","3":"status-publish","4":"has-post-thumbnail","6":"product_brand-bang","7":"product_cat-vape-by-brand","8":"product_cat-0mg-nicotine-free-vapes","9":"product_cat-10mg-low-nicotine-vapes","10":"product_cat-20mg-standard-nicotine-vapes","11":"product_cat-30000-puffs","12":"product_cat-bang","13":"product_cat-dual-flavor-switch","14":"product_cat-fruit-flavors","15":"product_cat-icy-mint","16":"product_cat-mesh-coil","17":"product_cat-rechargeable-disposables","18":"product_cat-unique-blends","19":"product_cat-vape-by-flavor-profile","20":"product_cat-vape-by-nicotine-strength","21":"product_cat-vape-by-puff-count","22":"product_cat-vape-by-feature-or-type","23":"product_cat-vapes-with-screens","25":"first","26":"onbackorder","27":"shipping-taxable","28":"purchasable","29":"product-type-variable","30":"has-default-attributes"},"tiered_pricing_type":"percentage","tiered_pricing_fixed_rules":[],"tiered_pricing_product_settings":{"layout":"default","base_unit_name":{"singular":null,"plural":null},"default_variation":null},"tiered_pricing_minimum_quantity":10,"tiered_pricing_roles_data":[],"tiered_pricing_percentage_rules":{"30":"10","50":"15","100":"19","200":"26","500":"33","1000":"40"},"tiered_pricing_maximum_quantity":null,"tiered_pricing_quantity_step":"10","_links":{"self":[{"href":"https:\/\/agoravape.com\/fr\/wp-json\/wp\/v2\/product\/24148","targetHints":{"allow":["GET"]}}],"collection":[{"href":"https:\/\/agoravape.com\/fr\/wp-json\/wp\/v2\/product"}],"about":[{"href":"https:\/\/agoravape.com\/fr\/wp-json\/wp\/v2\/types\/product"}],"replies":[{"embeddable":true,"href":"https:\/\/agoravape.com\/fr\/wp-json\/wp\/v2\/comments?post=24148"}],"version-history":[{"count":1,"href":"https:\/\/agoravape.com\/fr\/wp-json\/wp\/v2\/product\/24148\/revisions"}],"predecessor-version":[{"id":29803,"href":"https:\/\/agoravape.com\/fr\/wp-json\/wp\/v2\/product\/24148\/revisions\/29803"}],"wp:featuredmedia":[{"embeddable":true,"href":"https:\/\/agoravape.com\/fr\/wp-json\/wp\/v2\/media\/24175"}],"wp:attachment":[{"href":"https:\/\/agoravape.com\/fr\/wp-json\/wp\/v2\/media?parent=24148"}],"wp:term":[{"taxonomy":"product_brand","embeddable":true,"href":"https:\/\/agoravape.com\/fr\/wp-json\/wp\/v2\/product_brand?post=24148"},{"taxonomy":"product_cat","embeddable":true,"href":"https:\/\/agoravape.com\/fr\/wp-json\/wp\/v2\/product_cat?post=24148"},{"taxonomy":"product_tag","embeddable":true,"href":"https:\/\/agoravape.com\/fr\/wp-json\/wp\/v2\/product_tag?post=24148"}],"curies":[{"name":"wp","href":"https:\/\/api.w.org\/{rel}","templated":true}]}}