{"id":24178,"date":"2026-01-26T16:31:01","date_gmt":"2026-01-26T08:31:01","guid":{"rendered":"https:\/\/agoravape.com\/?post_type=product&#038;p=24178"},"modified":"2026-02-22T15:13:45","modified_gmt":"2026-02-22T14:13:45","slug":"bang-leader-32k-32000-puffs","status":"publish","type":"product","link":"https:\/\/agoravape.com\/fr\/product\/bang-leader-32k-32000-puffs\/","title":{"rendered":"Bang Leader 32k 32000 bouff\u00e9es Double Mesh Vape | Grande autonomie, utilisation quotidienne simple"},"content":{"rendered":"<h2 data-v-md-heading=\"what-is-the-special-feature-of-bang-leader-32k-32000-dual-network-atomizer\" data-v-md-line=\"3\"><img loading=\"lazy\" decoding=\"async\" class=\"aligncenter size-full wp-image-24201\" src=\"https:\/\/agoravape.com\/wp-content\/uploads\/2026\/01\/Bang-Leader-32k-32000-Puffs-Dual-Mesh-Vape-Big-Puff-Count-Simple-Everyday-Use_Agora_vape-10.webp\" alt=\"\" width=\"2275\" height=\"1279\" srcset=\"https:\/\/agoravape.com\/wp-content\/uploads\/2026\/01\/Bang-Leader-32k-32000-Puffs-Dual-Mesh-Vape-Big-Puff-Count-Simple-Everyday-Use_Agora_vape-10.webp 2275w, https:\/\/agoravape.com\/wp-content\/uploads\/2026\/01\/Bang-Leader-32k-32000-Puffs-Dual-Mesh-Vape-Big-Puff-Count-Simple-Everyday-Use_Agora_vape-10-1200x675.webp 1200w, https:\/\/agoravape.com\/wp-content\/uploads\/2026\/01\/Bang-Leader-32k-32000-Puffs-Dual-Mesh-Vape-Big-Puff-Count-Simple-Everyday-Use_Agora_vape-10-300x169.webp 300w, https:\/\/agoravape.com\/wp-content\/uploads\/2026\/01\/Bang-Leader-32k-32000-Puffs-Dual-Mesh-Vape-Big-Puff-Count-Simple-Everyday-Use_Agora_vape-10-1024x576.webp 1024w, https:\/\/agoravape.com\/wp-content\/uploads\/2026\/01\/Bang-Leader-32k-32000-Puffs-Dual-Mesh-Vape-Big-Puff-Count-Simple-Everyday-Use_Agora_vape-10-768x432.webp 768w, https:\/\/agoravape.com\/wp-content\/uploads\/2026\/01\/Bang-Leader-32k-32000-Puffs-Dual-Mesh-Vape-Big-Puff-Count-Simple-Everyday-Use_Agora_vape-10-1536x864.webp 1536w, https:\/\/agoravape.com\/wp-content\/uploads\/2026\/01\/Bang-Leader-32k-32000-Puffs-Dual-Mesh-Vape-Big-Puff-Count-Simple-Everyday-Use_Agora_vape-10-2048x1151.webp 2048w, https:\/\/agoravape.com\/wp-content\/uploads\/2026\/01\/Bang-Leader-32k-32000-Puffs-Dual-Mesh-Vape-Big-Puff-Count-Simple-Everyday-Use_Agora_vape-10-18x10.webp 18w\" sizes=\"auto, (max-width: 2275px) 100vw, 2275px\" \/> <img loading=\"lazy\" decoding=\"async\" class=\"aligncenter size-full wp-image-24192\" src=\"https:\/\/agoravape.com\/wp-content\/uploads\/2026\/01\/Bang-Leader-32k-32000-Puffs-Dual-Mesh-Vape-Big-Puff-Count-Simple-Everyday-Use_Agora_vape-1.webp\" alt=\"\" width=\"1280\" height=\"1706\" srcset=\"https:\/\/agoravape.com\/wp-content\/uploads\/2026\/01\/Bang-Leader-32k-32000-Puffs-Dual-Mesh-Vape-Big-Puff-Count-Simple-Everyday-Use_Agora_vape-1.webp 1280w, https:\/\/agoravape.com\/wp-content\/uploads\/2026\/01\/Bang-Leader-32k-32000-Puffs-Dual-Mesh-Vape-Big-Puff-Count-Simple-Everyday-Use_Agora_vape-1-1200x1599.webp 1200w, https:\/\/agoravape.com\/wp-content\/uploads\/2026\/01\/Bang-Leader-32k-32000-Puffs-Dual-Mesh-Vape-Big-Puff-Count-Simple-Everyday-Use_Agora_vape-1-225x300.webp 225w, https:\/\/agoravape.com\/wp-content\/uploads\/2026\/01\/Bang-Leader-32k-32000-Puffs-Dual-Mesh-Vape-Big-Puff-Count-Simple-Everyday-Use_Agora_vape-1-768x1024.webp 768w, https:\/\/agoravape.com\/wp-content\/uploads\/2026\/01\/Bang-Leader-32k-32000-Puffs-Dual-Mesh-Vape-Big-Puff-Count-Simple-Everyday-Use_Agora_vape-1-1152x1536.webp 1152w, https:\/\/agoravape.com\/wp-content\/uploads\/2026\/01\/Bang-Leader-32k-32000-Puffs-Dual-Mesh-Vape-Big-Puff-Count-Simple-Everyday-Use_Agora_vape-1-9x12.webp 9w\" sizes=\"auto, (max-width: 1280px) 100vw, 1280px\" \/><\/h2>\n<h2 data-v-md-heading=\"what-is-the-special-feature-of-bang-leader-32k-32000-dual-network-atomizer\" data-v-md-line=\"3\">Quelle est la particularit\u00e9 de l'atomiseur \u00e0 double r\u00e9seau Bang Leader 32k 32000 ?<\/h2>\n<p data-v-md-line=\"5\">Si vous en avez assez des cigarettes \u00e9lectroniques qui vous l\u00e2chent en plein milieu d'une bouff\u00e9e, la Bang Leader 32k est faite pour vous. Con\u00e7ue pour une utilisation prolong\u00e9e (jusqu'\u00e0 32\u00a0000 bouff\u00e9es), elle est d'une simplicit\u00e9 enfantine. Choisissez une combinaison de deux saveurs, prenez une gorg\u00e9e et savourez.<\/p>\n<p data-v-md-line=\"7\">On pourrait croire qu'une cigarette \u00e9lectronique avec une telle autonomie serait aussi lourde qu'une brique, mais en r\u00e9alit\u00e9, elle tient tr\u00e8s bien en main. Son poids d'environ 94 grammes lui conf\u00e8re une sensation de robustesse sans pour autant alourdir votre poche.<\/p>\n<h2 data-v-md-heading=\"excellent-performance-and-easy-operation\" data-v-md-line=\"9\">Excellentes performances et facilit\u00e9 d'utilisation<\/h2>\n<p data-v-md-line=\"11\">Bang Leader utilise une r\u00e9sistance d'atomisation en mesh de 1,0 \u03a9 pour garantir une saveur constante, contrairement \u00e0 certains autres mod\u00e8les. <a class=\"wpil_keyword_link\" href=\"https:\/\/agoravape.com\/fr\/vaping-by-puff-count\/capacite-elevee-de-10000-bouffees\/\" target=\"_blank\" rel=\"noopener\" title=\"10,000+ Puffs (High Capacity)\" data-wpil-keyword-link=\"linked\" data-wpil-monitor-id=\"7149\">jetable \u00e0 haute capacit\u00e9<\/a> Les cigarettes \u00e9lectroniques dont la saveur diminue fortement apr\u00e8s quelques jours. Lorsque la batterie est faible, elle peut \u00eatre recharg\u00e9e via l'interface USB-C, ce qui permet d'utiliser le m\u00eame c\u00e2ble de donn\u00e9es que celui utilis\u00e9 pour recharger votre t\u00e9l\u00e9phone. Tout est sous contr\u00f4le.<\/p>\n<h2 data-v-md-heading=\"quick-specifications\" data-v-md-line=\"13\">Sp\u00e9cifications rapides<\/h2>\n<ul data-v-md-line=\"14\">\n<li>Fr\u00e9quence de consommation : jusqu'\u00e0 32 000 bouff\u00e9es<\/li>\n<li>Capacit\u00e9 de la batterie : 650 mAh (rechargeable)<\/li>\n<li>Noyau d'atomisation : noyau d'atomisation en maille de 1,0 \u03a9<\/li>\n<li>Utilisation : Inhaler pour activer<\/li>\n<li>Interface de charge : interface Type-C<\/li>\n<li>Choix des saveurs : Chaque appareil propose deux saveurs.<\/li>\n<li>\u00c9tat : Pr\u00eat \u00e0 l'emploi d\u00e8s la sortie de l'emballage<\/li>\n<\/ul>\n<h2 data-v-md-heading=\"complete-taste-list\" data-v-md-line=\"22\">Complete Taste List<\/h2>\n<ul data-v-md-line=\"23\">\n<li>Glace \u00e0 la past\u00e8que, menthe et myrtille<\/li>\n<li>Glace \u00e0 la past\u00e8que, fraise et mangue<\/li>\n<li>Fraise et past\u00e8que, kiwi, fruit de la passion, goyave<\/li>\n<li>Fraise et past\u00e8que, glace au raisin<\/li>\n<li>Myrtille Framboise, P\u00eache Mangue Past\u00e8que<\/li>\n<li>Myrtille Past\u00e8que, Fraise Mangue<\/li>\n<li>Glace aux myrtilles, glace au dragon noir<\/li>\n<li>Glace aux myrtilles, fraise et banane<\/li>\n<li>Red Bull, past\u00e8que aux myrtilles<\/li>\n<li>Red Bull, bonbons p\u00e9tillants \u00e0 la past\u00e8que<\/li>\n<li>Fraise-kiwi, glace \u00e0 la p\u00eache<\/li>\n<li>Fraise-kiwi, pomme verte-framboise<\/li>\n<li>Glace \u00e0 la banane, myrtille et cerise<\/li>\n<li>Glace \u00e0 l'avocat, citron vert<\/li>\n<li>Cola glac\u00e9, cerise-canneberge<\/li>\n<li>Glace \u00e0 l'ananas, triple mangue<\/li>\n<li>Glace au litchi, mangue p\u00eache ananas<\/li>\n<li>Melon miel, past\u00e8que, framboise<\/li>\n<\/ul>\n<h2 data-v-md-heading=\"suitable-for-you-and-your-business\" data-v-md-line=\"42\">Adapt\u00e9 \u00e0 vous et \u00e0 votre entreprise<\/h2>\n<p data-v-md-line=\"44\">Le Bang Leader 32k est une cigarette \u00e9lectronique jetable simple, facile \u00e0 utiliser et durable, id\u00e9ale pour un usage personnel. Si vous tenez un magasin ou achetez en ligne, c'est \u00e9galement un excellent choix pour la vente en gros, car les clients privil\u00e9gient les gros dispositifs de vapotage qui ne n\u00e9cessitent aucune explication.<\/p>\n<p data-v-md-line=\"46\">Nous exp\u00e9dions en gros par cartons de 200 unit\u00e9s (nous fournissons \u00e9galement les informations relatives au poids et aux dimensions des cartons pour faciliter votre planification logistique). Si vous commandez depuis l'Union europ\u00e9enne, veuillez consulter nos itin\u00e9raires et transporteurs les plus adapt\u00e9s afin de garantir une livraison fiable et d'\u00e9viter tout impr\u00e9vu.<\/p>\n<h2 data-v-md-heading=\"reasons-why-you-will-like-it\" data-v-md-line=\"48\">Reasons why you will like it<\/h2>\n<ul data-v-md-line=\"49\">\n<li>Autonomie de batterie ultra longue : Plus durable et plus r\u00e9sistante, sans besoin de recharges fr\u00e9quentes.<\/li>\n<li>Double saveur : Vous n'avez pas besoin de transporter deux cigarettes \u00e9lectroniques pour changer de saveur.<\/li>\n<li>Rechargeable : Permet d'utiliser pleinement l'appareil et d'\u00e9viter une mise au rebut pr\u00e9matur\u00e9e.<\/li>\n<li>R\u00e9sistance en mesh : assure une saveur stable et une aspiration confortable.<\/li>\n<\/ul>\n<h2 data-v-md-heading=\"why-choose-agoravape\" data-v-md-line=\"54\">Pourquoi choisir AgoraVape ?<\/h2>\n<p data-v-md-line=\"56\">AgoraVape s'engage \u00e0 vous fournir des services pratiques et efficaces, avec une garantie d'authenticit\u00e9 \u00e0 100 %. Si vous \u00eates un acheteur professionnel, nous vous proposons des fournisseurs fiables, des solutions de vente en gros tr\u00e8s comp\u00e9titives et un service apr\u00e8s-vente continu. Vous souhaitez acheter l'atomiseur double r\u00e9seau Bang Leader 32k 32000\u00a0? Contactez-nous et nous vous aiderons \u00e0 choisir la saveur et la quantit\u00e9 qui vous conviennent.<\/p>","protected":false},"excerpt":{"rendered":"<p>&nbsp;<\/p>","protected":false},"featured_media":24203,"comment_status":"open","ping_status":"closed","template":"","meta":[],"product_brand":[197],"product_cat":[124,187,185,188,189,123,195,1674,174,175,193,191,179,173,186,180,190],"product_tag":[],"class_list":{"0":"post-24178","1":"product","2":"type-product","3":"status-publish","4":"has-post-thumbnail","6":"product_brand-bang","7":"product_cat-vape-by-brand","8":"product_cat-0mg-nicotine-free-vapes","9":"product_cat-10000-puffs-high-capacity","10":"product_cat-10mg-low-nicotine-vapes","11":"product_cat-20mg-standard-nicotine-vapes","12":"product_cat-bang","13":"product_cat-dual-flavor-switch","14":"product_cat-eu-warehouse","15":"product_cat-fruit-flavors","16":"product_cat-icy-mint","17":"product_cat-mesh-coil","18":"product_cat-rechargeable-disposables","19":"product_cat-unique-blends","20":"product_cat-vape-by-flavor-profile","21":"product_cat-vape-by-nicotine-strength","22":"product_cat-vape-by-puff-count","23":"product_cat-vape-by-feature-or-type","25":"first","26":"instock","27":"shipping-taxable","28":"purchasable","29":"product-type-variable","30":"has-default-attributes"},"tiered_pricing_type":"percentage","tiered_pricing_fixed_rules":[],"tiered_pricing_product_settings":{"layout":"default","base_unit_name":{"singular":null,"plural":null},"default_variation":null},"tiered_pricing_minimum_quantity":10,"tiered_pricing_roles_data":[],"tiered_pricing_percentage_rules":{"30":"10","50":"18","100":"25","200":"30","500":"35","1000":"40"},"tiered_pricing_maximum_quantity":null,"tiered_pricing_quantity_step":"10","_links":{"self":[{"href":"https:\/\/agoravape.com\/fr\/wp-json\/wp\/v2\/product\/24178","targetHints":{"allow":["GET"]}}],"collection":[{"href":"https:\/\/agoravape.com\/fr\/wp-json\/wp\/v2\/product"}],"about":[{"href":"https:\/\/agoravape.com\/fr\/wp-json\/wp\/v2\/types\/product"}],"replies":[{"embeddable":true,"href":"https:\/\/agoravape.com\/fr\/wp-json\/wp\/v2\/comments?post=24178"}],"version-history":[{"count":1,"href":"https:\/\/agoravape.com\/fr\/wp-json\/wp\/v2\/product\/24178\/revisions"}],"predecessor-version":[{"id":29802,"href":"https:\/\/agoravape.com\/fr\/wp-json\/wp\/v2\/product\/24178\/revisions\/29802"}],"wp:featuredmedia":[{"embeddable":true,"href":"https:\/\/agoravape.com\/fr\/wp-json\/wp\/v2\/media\/24203"}],"wp:attachment":[{"href":"https:\/\/agoravape.com\/fr\/wp-json\/wp\/v2\/media?parent=24178"}],"wp:term":[{"taxonomy":"product_brand","embeddable":true,"href":"https:\/\/agoravape.com\/fr\/wp-json\/wp\/v2\/product_brand?post=24178"},{"taxonomy":"product_cat","embeddable":true,"href":"https:\/\/agoravape.com\/fr\/wp-json\/wp\/v2\/product_cat?post=24178"},{"taxonomy":"product_tag","embeddable":true,"href":"https:\/\/agoravape.com\/fr\/wp-json\/wp\/v2\/product_tag?post=24178"}],"curies":[{"name":"wp","href":"https:\/\/api.w.org\/{rel}","templated":true}]}}