{"id":24211,"date":"2026-01-26T16:47:12","date_gmt":"2026-01-26T08:47:12","guid":{"rendered":"https:\/\/agoravape.com\/?post_type=product&#038;p=24211"},"modified":"2026-02-22T15:14:23","modified_gmt":"2026-02-22T14:14:23","slug":"bang-leader-45k-45000-puffs","status":"publish","type":"product","link":"https:\/\/agoravape.com\/fr\/product\/bang-leader-45k-45000-puffs\/","title":{"rendered":"Bang Leader 45k 45000 bouff\u00e9es Vape \u00e0 changement de saveur | Deux saveurs, un seul interrupteur"},"content":{"rendered":"<h2 data-v-md-heading=\"what-is-special-about-bang-leader-45k-45000-switchable-flavor-vapes\" data-v-md-line=\"3\"><img loading=\"lazy\" decoding=\"async\" class=\"aligncenter size-full wp-image-24238\" src=\"https:\/\/agoravape.com\/wp-content\/uploads\/2026\/01\/Bang-Leader-45k-45000-Puffs-Switch-Flavor-Vape-Two-Flavours-One-Simple-Switch_Agora_vape-8.webp\" alt=\"\" width=\"1920\" height=\"1072\" srcset=\"https:\/\/agoravape.com\/wp-content\/uploads\/2026\/01\/Bang-Leader-45k-45000-Puffs-Switch-Flavor-Vape-Two-Flavours-One-Simple-Switch_Agora_vape-8.webp 1920w, https:\/\/agoravape.com\/wp-content\/uploads\/2026\/01\/Bang-Leader-45k-45000-Puffs-Switch-Flavor-Vape-Two-Flavours-One-Simple-Switch_Agora_vape-8-1200x670.webp 1200w, https:\/\/agoravape.com\/wp-content\/uploads\/2026\/01\/Bang-Leader-45k-45000-Puffs-Switch-Flavor-Vape-Two-Flavours-One-Simple-Switch_Agora_vape-8-300x168.webp 300w, https:\/\/agoravape.com\/wp-content\/uploads\/2026\/01\/Bang-Leader-45k-45000-Puffs-Switch-Flavor-Vape-Two-Flavours-One-Simple-Switch_Agora_vape-8-1024x572.webp 1024w, https:\/\/agoravape.com\/wp-content\/uploads\/2026\/01\/Bang-Leader-45k-45000-Puffs-Switch-Flavor-Vape-Two-Flavours-One-Simple-Switch_Agora_vape-8-768x429.webp 768w, https:\/\/agoravape.com\/wp-content\/uploads\/2026\/01\/Bang-Leader-45k-45000-Puffs-Switch-Flavor-Vape-Two-Flavours-One-Simple-Switch_Agora_vape-8-1536x858.webp 1536w, https:\/\/agoravape.com\/wp-content\/uploads\/2026\/01\/Bang-Leader-45k-45000-Puffs-Switch-Flavor-Vape-Two-Flavours-One-Simple-Switch_Agora_vape-8-18x10.webp 18w\" sizes=\"auto, (max-width: 1920px) 100vw, 1920px\" \/> <img loading=\"lazy\" decoding=\"async\" class=\"aligncenter size-full wp-image-24237\" src=\"https:\/\/agoravape.com\/wp-content\/uploads\/2026\/01\/Bang-Leader-45k-45000-Puffs-Switch-Flavor-Vape-Two-Flavours-One-Simple-Switch_Agora_vape-7.webp\" alt=\"\" width=\"1920\" height=\"1018\" srcset=\"https:\/\/agoravape.com\/wp-content\/uploads\/2026\/01\/Bang-Leader-45k-45000-Puffs-Switch-Flavor-Vape-Two-Flavours-One-Simple-Switch_Agora_vape-7.webp 1920w, https:\/\/agoravape.com\/wp-content\/uploads\/2026\/01\/Bang-Leader-45k-45000-Puffs-Switch-Flavor-Vape-Two-Flavours-One-Simple-Switch_Agora_vape-7-1200x636.webp 1200w, https:\/\/agoravape.com\/wp-content\/uploads\/2026\/01\/Bang-Leader-45k-45000-Puffs-Switch-Flavor-Vape-Two-Flavours-One-Simple-Switch_Agora_vape-7-300x159.webp 300w, https:\/\/agoravape.com\/wp-content\/uploads\/2026\/01\/Bang-Leader-45k-45000-Puffs-Switch-Flavor-Vape-Two-Flavours-One-Simple-Switch_Agora_vape-7-1024x543.webp 1024w, https:\/\/agoravape.com\/wp-content\/uploads\/2026\/01\/Bang-Leader-45k-45000-Puffs-Switch-Flavor-Vape-Two-Flavours-One-Simple-Switch_Agora_vape-7-768x407.webp 768w, https:\/\/agoravape.com\/wp-content\/uploads\/2026\/01\/Bang-Leader-45k-45000-Puffs-Switch-Flavor-Vape-Two-Flavours-One-Simple-Switch_Agora_vape-7-1536x814.webp 1536w, https:\/\/agoravape.com\/wp-content\/uploads\/2026\/01\/Bang-Leader-45k-45000-Puffs-Switch-Flavor-Vape-Two-Flavours-One-Simple-Switch_Agora_vape-7-18x10.webp 18w\" sizes=\"auto, (max-width: 1920px) 100vw, 1920px\" \/><\/h2>\n<h2 data-v-md-heading=\"what-is-special-about-bang-leader-45k-45000-switchable-flavor-vapes\" data-v-md-line=\"3\">Qu'est-ce qui rend les vaporisateurs \u00e0 saveur commutable Bang Leader 45k 45000 si sp\u00e9ciaux ?<\/h2>\n<p data-v-md-line=\"5\">Si vous en avez assez de n'avoir qu'une seule saveur \u00e0 choisir et que vous vous lassez rapidement, cette cigarette \u00e9lectronique vous permet de passer facilement de l'une \u00e0 l'autre. La Bang Leader 45K est dot\u00e9e d'un syst\u00e8me de commutation en un clic, vous offrant ainsi deux saveurs sur un seul appareil, pour une utilisation \u00e0 tout moment et n'importe o\u00f9.<\/p>\n<p data-v-md-line=\"7\">Vous pourriez penser qu'une cigarette \u00e9lectronique annonc\u00e9e pour 45\u00a0000 bouff\u00e9es serait aussi lourde qu'une brique, mais en r\u00e9alit\u00e9, elle est agr\u00e9able \u00e0 tenir. Avec un poids de 99 grammes, elle est \u00e0 la fois robuste et durable, et ne vous co\u00fbtera pas cher.<\/p>\n<h2 data-v-md-heading=\"excellent-performance-and-easy-operation\" data-v-md-line=\"9\">Excellentes performances et facilit\u00e9 d'utilisation<\/h2>\n<p data-v-md-line=\"11\">Le design de Bang est \u00e9pur\u00e9 et minimaliste. Sa r\u00e9sistance mesh de 1,0 \u03a9 assure une saveur constante, \u00e9vitant ainsi une intensit\u00e9 initiale qui s'estompe apr\u00e8s quelques jours. Lorsque la batterie est faible, vous pouvez la recharger \u00e0 l'aide d'un c\u00e2ble USB-C (\u00e9quivalent \u00e0 celui de votre t\u00e9l\u00e9phone) pour une capacit\u00e9 de 650 mAh. Branchez-le, rechargez-le compl\u00e8tement et c'est parti\u00a0!<\/p>\n<h2 data-v-md-heading=\"quick-specifications\" data-v-md-line=\"13\">Sp\u00e9cifications rapides<\/h2>\n<ul data-v-md-line=\"14\">\n<li>Fr\u00e9quence de tabagisme : jusqu'\u00e0 45 000<\/li>\n<li>Teneur en nicotine\u00a0: non sp\u00e9cifi\u00e9e (veuillez consulter notre stock sur votre march\u00e9)<\/li>\n<li>Principe de fonctionnement : Activation par inhalation<\/li>\n<li>Noyau d'atomisation : noyau d'atomisation en maille de 1,0 \u03a9<\/li>\n<li>Battery: 650mAh (rechargeable)<\/li>\n<li>Interface de chargement : Type-C<\/li>\n<li>Poids : 99 grammes par unit\u00e9<\/li>\n<li>\u00c9tat : Pr\u00eat \u00e0 l'emploi d\u00e8s le d\u00e9ballage<\/li>\n<\/ul>\n<h2 data-v-md-heading=\"complete-flavor-lineup\" data-v-md-line=\"23\">Gamme compl\u00e8te de saveurs<\/h2>\n<p data-v-md-line=\"25\">Chaque appareil est livr\u00e9 avec deux combinaisons de saveurs\u00a0:<\/p>\n<ul data-v-md-line=\"26\">\n<li>Glace \u00e0 la past\u00e8que, fraise et mangue<\/li>\n<li>Fraise et past\u00e8que, kiwi, fruit de la passion, goyave<\/li>\n<li>Glace \u00e0 la fraise et \u00e0 la past\u00e8que, au raisin<\/li>\n<li>Myrtille Framboise, P\u00eache Mangue Past\u00e8que<\/li>\n<li>Myrtille Past\u00e8que, Fraise Mangue<\/li>\n<li>Glace aux myrtilles, glace au dragon noir<\/li>\n<li>Glace aux myrtilles, fraise et banane<\/li>\n<li>Red Bull, Myrtille Past\u00e8que<\/li>\n<li>Red Bull, bonbons p\u00e9tillants \u00e0 la past\u00e8que<\/li>\n<li>Fraise-kiwi, glace \u00e0 la p\u00eache<\/li>\n<li>Cola glac\u00e9, cerise-canneberge<\/li>\n<li>Glace \u00e0 l'ananas, triple mangue<\/li>\n<li>Cr\u00e8me glac\u00e9e \u00e0 la fraise, glace au citron rose<\/li>\n<li>Cherry Cola, Past\u00e8que<\/li>\n<li>Glace \u00e0 la cerise, Glace \u00e0 la fraise et \u00e0 la canneberge<\/li>\n<li>Citron et citron vert, framboise bleue<\/li>\n<li>Mojito \u00e0 la framboise, glace \u00e0 la p\u00eache, pomme-poire<\/li>\n<li>Glace au litchi, confiture de melon<\/li>\n<\/ul>\n<h2 data-v-md-heading=\"for-you-and-your-business\" data-v-md-line=\"45\">Pour vous et votre entreprise<\/h2>\n<p data-v-md-line=\"47\">Vous pouvez facilement vous procurer le Bang Leader 45K pour un usage personnel. Si vous achetez pour un magasin physique ou en ligne, ce produit est \u00e9galement un excellent choix pour la revente, car les clients appr\u00e9cient la vari\u00e9t\u00e9 des saveurs et la longue dur\u00e9e de vapotage.<\/p>\n<p data-v-md-line=\"49\">Veuillez noter que les donn\u00e9es produit n'indiquent pas clairement la quantit\u00e9 par bo\u00eete. Par cons\u00e9quent, si vous achetez en gros, veuillez nous contacter afin que nous puissions vous confirmer la quantit\u00e9 par bo\u00eete, le tarif le plus avantageux et le mode de livraison le plus adapt\u00e9 \u00e0 votre pays\/r\u00e9gion.<\/p>\n<h2 data-v-md-heading=\"the-reason-why-you-will-like-it\" data-v-md-line=\"51\">La raison pour laquelle vous allez l'aimer<\/h2>\n<ul data-v-md-line=\"52\">\n<li>Fumer plus fr\u00e9quemment : Plus durable et plus r\u00e9sistant, sans avoir besoin de remplacer fr\u00e9quemment l'appareil.<\/li>\n<li>Saveurs interchangeables : Une seule cigarette \u00e9lectronique contient deux saveurs, vous permettant de profiter de la fra\u00eecheur.<\/li>\n<li>Rechargeable : une utilisation optimale des ressources sans mise au rebut pr\u00e9matur\u00e9e.<\/li>\n<li>Noyau d'atomisation en maille : assure un go\u00fbt stable et pur pendant toute la dur\u00e9e de vie de l'appareil.<\/li>\n<\/ul>\n<h2 data-v-md-heading=\"why-choose-to-collaborate-with-agoravape\" data-v-md-line=\"57\">Pourquoi choisir de collaborer avec AgoraVape ?<\/h2>\n<p data-v-md-line=\"59\">Nous ne r\u00e9partissons pas les stocks de mani\u00e8re arbitraire. AgoraVape s'engage \u00e0 fournir des produits authentiques, des r\u00e9ponses directes et des garanties d'approvisionnement fiables aux clients et revendeurs europ\u00e9ens. Si vous souhaitez acheter des cigarettes \u00e9lectroniques Bang Leader 45k 45000 \u00e0 saveurs interchangeables, veuillez nous contacter. Nous nous chargerons de vous proposer des saveurs adapt\u00e9es, des quantit\u00e9s suffisantes et un plan d'approvisionnement complet, pour une exp\u00e9rience simple et sereine.<\/p>\n<p><script src=\"chrome-extension:\/\/fpelahbljekknahkcaegamhcndkfpfnc\/iFrame.js\" type=\"text\/javascript\"><\/script><\/p>\n<p><script src=\"chrome-extension:\/\/fpelahbljekknahkcaegamhcndkfpfnc\/iFrame.js\" type=\"text\/javascript\"><\/script><\/p>","protected":false},"excerpt":{"rendered":"<p>&nbsp;<\/p>\n<p><script src=\"chrome-extension:\/\/fpelahbljekknahkcaegamhcndkfpfnc\/iFrame.js\" type=\"text\/javascript\"><\/script><\/p>\n<p><script src=\"chrome-extension:\/\/fpelahbljekknahkcaegamhcndkfpfnc\/iFrame.js\" type=\"text\/javascript\"><\/script><\/p>\n<p><script src=\"chrome-extension:\/\/fpelahbljekknahkcaegamhcndkfpfnc\/iFrame.js\" type=\"text\/javascript\"><\/script><\/p>\n<p><script src=\"chrome-extension:\/\/fpelahbljekknahkcaegamhcndkfpfnc\/iFrame.js\" type=\"text\/javascript\"><\/script><\/p>\n<p><script src=\"chrome-extension:\/\/fpelahbljekknahkcaegamhcndkfpfnc\/iFrame.js\" type=\"text\/javascript\"><\/script><\/p>","protected":false},"featured_media":24251,"comment_status":"open","ping_status":"closed","template":"","meta":[],"product_brand":[197],"product_cat":[124,187,188,189,1640,123,195,1674,174,175,193,191,179,173,186,180,190,192],"product_tag":[],"class_list":{"0":"post-24211","1":"product","2":"type-product","3":"status-publish","4":"has-post-thumbnail","6":"product_brand-bang","7":"product_cat-vape-by-brand","8":"product_cat-0mg-nicotine-free-vapes","9":"product_cat-10mg-low-nicotine-vapes","10":"product_cat-20mg-standard-nicotine-vapes","11":"product_cat-45000-puffs","12":"product_cat-bang","13":"product_cat-dual-flavor-switch","14":"product_cat-eu-warehouse","15":"product_cat-fruit-flavors","16":"product_cat-icy-mint","17":"product_cat-mesh-coil","18":"product_cat-rechargeable-disposables","19":"product_cat-unique-blends","20":"product_cat-vape-by-flavor-profile","21":"product_cat-vape-by-nicotine-strength","22":"product_cat-vape-by-puff-count","23":"product_cat-vape-by-feature-or-type","24":"product_cat-vapes-with-screens","26":"first","27":"instock","28":"shipping-taxable","29":"purchasable","30":"product-type-variable","31":"has-default-attributes"},"tiered_pricing_type":"percentage","tiered_pricing_fixed_rules":[],"tiered_pricing_product_settings":{"layout":"default","base_unit_name":{"singular":null,"plural":null},"default_variation":null},"tiered_pricing_minimum_quantity":10,"tiered_pricing_roles_data":[],"tiered_pricing_percentage_rules":{"30":"10","50":"15","100":"18","200":"25","500":"28","1000":"35"},"tiered_pricing_maximum_quantity":null,"tiered_pricing_quantity_step":"10","_links":{"self":[{"href":"https:\/\/agoravape.com\/fr\/wp-json\/wp\/v2\/product\/24211","targetHints":{"allow":["GET"]}}],"collection":[{"href":"https:\/\/agoravape.com\/fr\/wp-json\/wp\/v2\/product"}],"about":[{"href":"https:\/\/agoravape.com\/fr\/wp-json\/wp\/v2\/types\/product"}],"replies":[{"embeddable":true,"href":"https:\/\/agoravape.com\/fr\/wp-json\/wp\/v2\/comments?post=24211"}],"version-history":[{"count":0,"href":"https:\/\/agoravape.com\/fr\/wp-json\/wp\/v2\/product\/24211\/revisions"}],"wp:featuredmedia":[{"embeddable":true,"href":"https:\/\/agoravape.com\/fr\/wp-json\/wp\/v2\/media\/24251"}],"wp:attachment":[{"href":"https:\/\/agoravape.com\/fr\/wp-json\/wp\/v2\/media?parent=24211"}],"wp:term":[{"taxonomy":"product_brand","embeddable":true,"href":"https:\/\/agoravape.com\/fr\/wp-json\/wp\/v2\/product_brand?post=24211"},{"taxonomy":"product_cat","embeddable":true,"href":"https:\/\/agoravape.com\/fr\/wp-json\/wp\/v2\/product_cat?post=24211"},{"taxonomy":"product_tag","embeddable":true,"href":"https:\/\/agoravape.com\/fr\/wp-json\/wp\/v2\/product_tag?post=24211"}],"curies":[{"name":"wp","href":"https:\/\/api.w.org\/{rel}","templated":true}]}}