{"id":24265,"date":"2026-01-26T19:56:40","date_gmt":"2026-01-26T11:56:40","guid":{"rendered":"https:\/\/agoravape.com\/?post_type=product&#038;p=24265"},"modified":"2026-02-22T15:13:12","modified_gmt":"2026-02-22T14:13:12","slug":"bang-leader-50k-50000-puffs","status":"publish","type":"product","link":"https:\/\/agoravape.com\/fr\/product\/bang-leader-50k-50000-puffs\/","title":{"rendered":"Bang Leader 50k 50000 bouff\u00e9es Double R\u00e9servoir Vape | Deux saveurs, un seul appareil, moins de tracas"},"content":{"rendered":"<h2 data-v-md-heading=\"what-is-special-about-bang-leader-s-50k-50000-pack-dual-compartment-vape\" data-v-md-line=\"3\"><img loading=\"lazy\" decoding=\"async\" class=\"aligncenter size-full wp-image-24294\" src=\"https:\/\/agoravape.com\/wp-content\/uploads\/2026\/01\/Bang-Leader-50k-50000-Puffs-Dual-Tank-Vape-Two-Flavours-One-Device-Less-Hassle_Agora_vape-7-scaled.webp\" alt=\"\" width=\"2560\" height=\"1434\" srcset=\"https:\/\/agoravape.com\/wp-content\/uploads\/2026\/01\/Bang-Leader-50k-50000-Puffs-Dual-Tank-Vape-Two-Flavours-One-Device-Less-Hassle_Agora_vape-7-scaled.webp 2560w, https:\/\/agoravape.com\/wp-content\/uploads\/2026\/01\/Bang-Leader-50k-50000-Puffs-Dual-Tank-Vape-Two-Flavours-One-Device-Less-Hassle_Agora_vape-7-scaled-1200x672.webp 1200w, https:\/\/agoravape.com\/wp-content\/uploads\/2026\/01\/Bang-Leader-50k-50000-Puffs-Dual-Tank-Vape-Two-Flavours-One-Device-Less-Hassle_Agora_vape-7-300x168.webp 300w, https:\/\/agoravape.com\/wp-content\/uploads\/2026\/01\/Bang-Leader-50k-50000-Puffs-Dual-Tank-Vape-Two-Flavours-One-Device-Less-Hassle_Agora_vape-7-1024x573.webp 1024w, https:\/\/agoravape.com\/wp-content\/uploads\/2026\/01\/Bang-Leader-50k-50000-Puffs-Dual-Tank-Vape-Two-Flavours-One-Device-Less-Hassle_Agora_vape-7-768x430.webp 768w, https:\/\/agoravape.com\/wp-content\/uploads\/2026\/01\/Bang-Leader-50k-50000-Puffs-Dual-Tank-Vape-Two-Flavours-One-Device-Less-Hassle_Agora_vape-7-1536x860.webp 1536w, https:\/\/agoravape.com\/wp-content\/uploads\/2026\/01\/Bang-Leader-50k-50000-Puffs-Dual-Tank-Vape-Two-Flavours-One-Device-Less-Hassle_Agora_vape-7-2048x1147.webp 2048w, https:\/\/agoravape.com\/wp-content\/uploads\/2026\/01\/Bang-Leader-50k-50000-Puffs-Dual-Tank-Vape-Two-Flavours-One-Device-Less-Hassle_Agora_vape-7-18x10.webp 18w\" sizes=\"auto, (max-width: 2560px) 100vw, 2560px\" \/> <img loading=\"lazy\" decoding=\"async\" class=\"aligncenter size-full wp-image-24296\" src=\"https:\/\/agoravape.com\/wp-content\/uploads\/2026\/01\/Bang-Leader-50k-50000-Puffs-Dual-Tank-Vape-Two-Flavours-One-Device-Less-Hassle_Agora_vape-9-scaled.webp\" alt=\"\" width=\"2560\" height=\"1167\" srcset=\"https:\/\/agoravape.com\/wp-content\/uploads\/2026\/01\/Bang-Leader-50k-50000-Puffs-Dual-Tank-Vape-Two-Flavours-One-Device-Less-Hassle_Agora_vape-9-scaled.webp 2560w, https:\/\/agoravape.com\/wp-content\/uploads\/2026\/01\/Bang-Leader-50k-50000-Puffs-Dual-Tank-Vape-Two-Flavours-One-Device-Less-Hassle_Agora_vape-9-scaled-1200x547.webp 1200w, https:\/\/agoravape.com\/wp-content\/uploads\/2026\/01\/Bang-Leader-50k-50000-Puffs-Dual-Tank-Vape-Two-Flavours-One-Device-Less-Hassle_Agora_vape-9-300x137.webp 300w, https:\/\/agoravape.com\/wp-content\/uploads\/2026\/01\/Bang-Leader-50k-50000-Puffs-Dual-Tank-Vape-Two-Flavours-One-Device-Less-Hassle_Agora_vape-9-1024x467.webp 1024w, https:\/\/agoravape.com\/wp-content\/uploads\/2026\/01\/Bang-Leader-50k-50000-Puffs-Dual-Tank-Vape-Two-Flavours-One-Device-Less-Hassle_Agora_vape-9-768x350.webp 768w, https:\/\/agoravape.com\/wp-content\/uploads\/2026\/01\/Bang-Leader-50k-50000-Puffs-Dual-Tank-Vape-Two-Flavours-One-Device-Less-Hassle_Agora_vape-9-1536x700.webp 1536w, https:\/\/agoravape.com\/wp-content\/uploads\/2026\/01\/Bang-Leader-50k-50000-Puffs-Dual-Tank-Vape-Two-Flavours-One-Device-Less-Hassle_Agora_vape-9-2048x934.webp 2048w, https:\/\/agoravape.com\/wp-content\/uploads\/2026\/01\/Bang-Leader-50k-50000-Puffs-Dual-Tank-Vape-Two-Flavours-One-Device-Less-Hassle_Agora_vape-9-18x8.webp 18w\" sizes=\"auto, (max-width: 2560px) 100vw, 2560px\" \/><\/h2>\n<h2 data-v-md-heading=\"what-is-special-about-bang-leader-s-50k-50000-pack-dual-compartment-vape\" data-v-md-line=\"3\"><img loading=\"lazy\" decoding=\"async\" class=\"size-full wp-image-24302 alignright\" src=\"https:\/\/agoravape.com\/wp-content\/uploads\/2026\/01\/Bang-Leader-50k-50000-Puffs-Dual-Tank-Vape-Two-Flavours-One-Device-Less-Hassle_Agora_vape-15-scaled.webp\" alt=\"\" width=\"1440\" height=\"2560\" srcset=\"https:\/\/agoravape.com\/wp-content\/uploads\/2026\/01\/Bang-Leader-50k-50000-Puffs-Dual-Tank-Vape-Two-Flavours-One-Device-Less-Hassle_Agora_vape-15-scaled.webp 1440w, https:\/\/agoravape.com\/wp-content\/uploads\/2026\/01\/Bang-Leader-50k-50000-Puffs-Dual-Tank-Vape-Two-Flavours-One-Device-Less-Hassle_Agora_vape-15-scaled-1200x2133.webp 1200w, https:\/\/agoravape.com\/wp-content\/uploads\/2026\/01\/Bang-Leader-50k-50000-Puffs-Dual-Tank-Vape-Two-Flavours-One-Device-Less-Hassle_Agora_vape-15-169x300.webp 169w, https:\/\/agoravape.com\/wp-content\/uploads\/2026\/01\/Bang-Leader-50k-50000-Puffs-Dual-Tank-Vape-Two-Flavours-One-Device-Less-Hassle_Agora_vape-15-576x1024.webp 576w, https:\/\/agoravape.com\/wp-content\/uploads\/2026\/01\/Bang-Leader-50k-50000-Puffs-Dual-Tank-Vape-Two-Flavours-One-Device-Less-Hassle_Agora_vape-15-768x1365.webp 768w, https:\/\/agoravape.com\/wp-content\/uploads\/2026\/01\/Bang-Leader-50k-50000-Puffs-Dual-Tank-Vape-Two-Flavours-One-Device-Less-Hassle_Agora_vape-15-864x1536.webp 864w, https:\/\/agoravape.com\/wp-content\/uploads\/2026\/01\/Bang-Leader-50k-50000-Puffs-Dual-Tank-Vape-Two-Flavours-One-Device-Less-Hassle_Agora_vape-15-1152x2048.webp 1152w, https:\/\/agoravape.com\/wp-content\/uploads\/2026\/01\/Bang-Leader-50k-50000-Puffs-Dual-Tank-Vape-Two-Flavours-One-Device-Less-Hassle_Agora_vape-15-7x12.webp 7w\" sizes=\"auto, (max-width: 1440px) 100vw, 1440px\" \/><\/h2>\n<h2 data-v-md-heading=\"what-is-special-about-bang-leader-s-50k-50000-pack-dual-compartment-vape\" data-v-md-line=\"3\">Qu'est-ce qui rend le vaporisateur \u00e0 double compartiment Bang Leader 50k 50000 si sp\u00e9cial ?<\/h2>\n<p data-v-md-line=\"5\">Si vous en avez assez des cigarettes \u00e9lectroniques jetables qui ne durent qu'une journ\u00e9e et perdent rapidement leur parfum, ce produit m\u00e9rite votre attention. La Bang Leader 50k est con\u00e7ue pour une utilisation prolong\u00e9e. Rechargeable, elle offre jusqu'\u00e0 50\u00a0000 bouff\u00e9es avec une seule charge, sans avoir besoin de la remplacer fr\u00e9quemment.<\/p>\n<p data-v-md-line=\"7\">L'\u00e9tape suivante est ce qui attire vraiment les gens. Elle adopte un double compartiment (<a class=\"wpil_keyword_link\" href=\"https:\/\/agoravape.com\/fr\/vaping-by-feature-or-type\/interrupteur-a-double-saveur\/\" target=\"_blank\" rel=\"noopener\" title=\"Dual Flavor Switch\" data-wpil-keyword-link=\"linked\" data-wpil-monitor-id=\"7186\">double saveur<\/a>Ce syst\u00e8me vous permet de savourer deux saveurs simultan\u00e9ment. On pourrait croire qu'un appareil offrant l'\u00e9quivalent de 50\u00a0000 cigarettes serait aussi lourd qu'une petite brique, mais en r\u00e9alit\u00e9, son poids et son volume sont \u00e9tonnamment l\u00e9gers et faciles \u00e0 transporter.<\/p>\n<h2 data-v-md-heading=\"excellent-performance-and-easy-operation\" data-v-md-line=\"9\">Excellentes performances et facilit\u00e9 d'utilisation<\/h2>\n<p data-v-md-line=\"11\">Bang mise sur la simplicit\u00e9 dans les domaines cl\u00e9s. La r\u00e9sistance mesh de 1,0 \u03a9 assure une saveur constante, pour une exp\u00e9rience sans frustration ni regrets. Lorsque la batterie est faible, vous pouvez la recharger via l'interface USB-C, compatible avec la plupart des c\u00e2bles de charge pour t\u00e9l\u00e9phone.<\/p>\n<h2 data-v-md-heading=\"quick-specifications\" data-v-md-line=\"13\">Sp\u00e9cifications rapides<\/h2>\n<ul data-v-md-line=\"14\">\n<li>Fr\u00e9quence de consommation : jusqu'\u00e0 50 000 bouff\u00e9es<\/li>\n<li>Capacit\u00e9 de la batterie : 650 mAh (rechargeable)<\/li>\n<li>Bobine\/R\u00e9sistance\u00a0: Bobine mesh de 1,0\u00a0\u03a9<\/li>\n<li>Utilisation : Inhaler pour activer<\/li>\n<li>Interface de chargement : Type-C<\/li>\n<li>Poids : 100 g par unit\u00e9<\/li>\n<li>\u00c9tat : Pr\u00eat \u00e0 l'emploi d\u00e8s la sortie de l'emballage<\/li>\n<\/ul>\n<h2 data-v-md-heading=\"complete-flavor-lineup\" data-v-md-line=\"22\">Gamme compl\u00e8te de saveurs<\/h2>\n<p data-v-md-line=\"24\">Chaque appareil est \u00e9quip\u00e9 d'une double combinaison de saveurs\u00a0:<\/p>\n<ul data-v-md-line=\"25\">\n<li>Glace \u00e0 la fraise, \u00e0 la framboise et \u00e0 la cerise \/ Cerise<\/li>\n<li>Past\u00e8que Fraise \/ Past\u00e8que<\/li>\n<li>Raisin noir \/ Raisin vert<\/li>\n<li>Pomme Poire \/ Kiwi Fruit de la passion Goyave<\/li>\n<li>Limonade acidul\u00e9e \u00e0 l'ananas \/ Citron vert<\/li>\n<li>Glace \u00e0 la banane \/ mangue<\/li>\n<li>Myrtille acidul\u00e9e \u00e0 la framboise \/ Myrtille<\/li>\n<li>Cola cerise \/ Limonade rose<\/li>\n<li>Limonade aux myrtilles et framboises \/ Glace aux fraises, framboises et cerises<\/li>\n<li>Fraise-kiwi \/ Glace \u00e0 la fraise<\/li>\n<li>Ananas et fruit de la passion \/ Glace \u00e0 l'ananas<\/li>\n<li>Mojito \u00e0 la framboise \/ Cerise framboise citron vert<\/li>\n<\/ul>\n<h2 data-v-md-heading=\"suitable-for-you-and-your-business\" data-v-md-line=\"38\">Adapt\u00e9 \u00e0 vous et \u00e0 votre entreprise<\/h2>\n<p data-v-md-line=\"40\">Le Bang Leader 50k est id\u00e9al pour un usage personnel, mais aussi pour les promotions en magasin. Son design \u00ab\u00a02 en 1\u00a0\u00bb est tr\u00e8s appr\u00e9ci\u00e9 car il \u00e9vite d'avoir \u00e0 acheter deux cigarettes \u00e9lectroniques pour changer de saveur.<\/p>\n<p data-v-md-line=\"42\">Pour la vente en gros, les produits sont exp\u00e9di\u00e9s par cartons de 200 pi\u00e8ces. Ces cartons mesurent 65 x 31 x 26 cm et p\u00e8sent 21,3 kg, ce qui facilite le stockage et la distribution.<\/p>\n<h2 data-v-md-heading=\"reasons-why-you-will-like-it\" data-v-md-line=\"44\">Reasons why you will like it<\/h2>\n<ul data-v-md-line=\"45\">\n<li>Longue dur\u00e9e de vie de la batterie\u00a0: Durable et r\u00e9sistante, plus besoin d\u2019acheter fr\u00e9quemment de nouvelles cartouches.<\/li>\n<li>Double r\u00e9glage des saveurs\u00a0: Une seule machine pour une double utilisation, r\u00e9pondant \u00e0 vos diff\u00e9rents besoins gustatifs.<\/li>\n<li>Rechargeable : Utilise efficacement les cartouches de fum\u00e9e pour \u00e9viter le gaspillage.<\/li>\n<li>Noyau d'atomisation en mesh : Durable et stable, offrant une saveur satisfaisante.<\/li>\n<\/ul>\n<h2 data-v-md-heading=\"why-choose-to-collaborate-with-agoravape\" data-v-md-line=\"50\">Pourquoi choisir de collaborer avec AgoraVape ?<\/h2>\n<p data-v-md-line=\"52\">AgoraVape se concentre sur ce qui compte vraiment pour vous\u00a0: une garantie d\u2019authenticit\u00e9 des produits, une logistique de gros transparente et un service apr\u00e8s-vente continu. Si vous souhaitez distribuer l\u2019atomiseur double Bang Leader 50k 50000, contactez-nous\u00a0; nous vous aiderons \u00e0 choisir la combinaison de saveurs la plus adapt\u00e9e et traiterons votre commande rapidement.<\/p>","protected":false},"excerpt":{"rendered":"<p>&nbsp;<\/p>","protected":false},"featured_media":24303,"comment_status":"open","ping_status":"closed","template":"","meta":[],"product_brand":[197],"product_cat":[124,187,188,189,1641,194,123,195,1674,174,175,193,191,179,173,186,180,190,192],"product_tag":[],"class_list":{"0":"post-24265","1":"product","2":"type-product","3":"status-publish","4":"has-post-thumbnail","6":"product_brand-bang","7":"product_cat-vape-by-brand","8":"product_cat-0mg-nicotine-free-vapes","9":"product_cat-10mg-low-nicotine-vapes","10":"product_cat-20mg-standard-nicotine-vapes","11":"product_cat-50000-puffs","12":"product_cat-adjustable-airflow","13":"product_cat-bang","14":"product_cat-dual-flavor-switch","15":"product_cat-eu-warehouse","16":"product_cat-fruit-flavors","17":"product_cat-icy-mint","18":"product_cat-mesh-coil","19":"product_cat-rechargeable-disposables","20":"product_cat-unique-blends","21":"product_cat-vape-by-flavor-profile","22":"product_cat-vape-by-nicotine-strength","23":"product_cat-vape-by-puff-count","24":"product_cat-vape-by-feature-or-type","25":"product_cat-vapes-with-screens","27":"first","28":"instock","29":"shipping-taxable","30":"purchasable","31":"product-type-variable","32":"has-default-attributes"},"tiered_pricing_type":"percentage","tiered_pricing_fixed_rules":[],"tiered_pricing_product_settings":{"layout":"default","base_unit_name":{"singular":null,"plural":null},"default_variation":null},"tiered_pricing_minimum_quantity":10,"tiered_pricing_roles_data":[],"tiered_pricing_percentage_rules":{"30":"9","50":"18","100":"26","200":"30","500":"32","1000":"38"},"tiered_pricing_maximum_quantity":null,"tiered_pricing_quantity_step":"10","_links":{"self":[{"href":"https:\/\/agoravape.com\/fr\/wp-json\/wp\/v2\/product\/24265","targetHints":{"allow":["GET"]}}],"collection":[{"href":"https:\/\/agoravape.com\/fr\/wp-json\/wp\/v2\/product"}],"about":[{"href":"https:\/\/agoravape.com\/fr\/wp-json\/wp\/v2\/types\/product"}],"replies":[{"embeddable":true,"href":"https:\/\/agoravape.com\/fr\/wp-json\/wp\/v2\/comments?post=24265"}],"version-history":[{"count":2,"href":"https:\/\/agoravape.com\/fr\/wp-json\/wp\/v2\/product\/24265\/revisions"}],"predecessor-version":[{"id":29879,"href":"https:\/\/agoravape.com\/fr\/wp-json\/wp\/v2\/product\/24265\/revisions\/29879"}],"wp:featuredmedia":[{"embeddable":true,"href":"https:\/\/agoravape.com\/fr\/wp-json\/wp\/v2\/media\/24303"}],"wp:attachment":[{"href":"https:\/\/agoravape.com\/fr\/wp-json\/wp\/v2\/media?parent=24265"}],"wp:term":[{"taxonomy":"product_brand","embeddable":true,"href":"https:\/\/agoravape.com\/fr\/wp-json\/wp\/v2\/product_brand?post=24265"},{"taxonomy":"product_cat","embeddable":true,"href":"https:\/\/agoravape.com\/fr\/wp-json\/wp\/v2\/product_cat?post=24265"},{"taxonomy":"product_tag","embeddable":true,"href":"https:\/\/agoravape.com\/fr\/wp-json\/wp\/v2\/product_tag?post=24265"}],"curies":[{"name":"wp","href":"https:\/\/api.w.org\/{rel}","templated":true}]}}